 {"id":206,"date":"2013-01-10T16:30:23","date_gmt":"2013-01-10T15:30:23","guid":{"rendered":"https:\/\/blogs.univ-tlse2.fr\/cerises\/?page_id=206"},"modified":"2019-04-03T17:19:12","modified_gmt":"2019-04-03T15:19:12","slug":"creer-une-activite","status":"publish","type":"page","link":"https:\/\/blogs.univ-tlse2.fr\/cerises\/formation\/creer-une-activite\/","title":{"rendered":"Cr\u00e9er une activit\u00e9"},"content":{"rendered":"<p>L&rsquo;\u00e9conomie sociale \u00e9tant ancr\u00e9e dans un territoire, les centres d&rsquo;int\u00e9r\u00eat des masters d&rsquo;\u00e9conomie sociale sont directement en lien avec les caract\u00e9ristiques de leur territoire d&rsquo;accueil. La cr\u00e9ation d&#8217;emplois pr\u00e9domine dans des r\u00e9gions en difficult\u00e9 \u00e9conomique. En Midi-Pyr\u00e9n\u00e9es, r\u00e9gion fortement marqu\u00e9e par l&rsquo;innovation technologique, l&rsquo;\u00e9conomie sociale r\u00e9pond par l&rsquo;innovation sociale.<\/p>\n<p>Les \u00e9tudiants cherchent \u00e0 monter <strong>des projets adapt\u00e9s aux territoires et \u00e0 promouvoir ainsi les formes les plus innovantes d&rsquo;\u00e9conomie sociale<\/strong>. Plus que par des statuts homog\u00e8nes, l&rsquo;\u00e9conomie sociale se caract\u00e9rise en effet par une grande flexibilit\u00e9 de ses formes organisationnelles, qui \u00ab\u00a0se lovent dans des histoires et des g\u00e9ographies particuli\u00e8res\u00a0\u00bb, comme le rappelle Jacques Prades.<\/p>\n<h1>Exemples de projets<\/h1>\n<p>Voici quelques exemples de projets dont des anciens du master ont \u00e9t\u00e9 porteurs ou initiateurs. cette liste t\u00e9moigne de l&rsquo;importance de la th\u00e9matique de la cr\u00e9ation d&rsquo;activit\u00e9s en \u00e9conomie sociale (coop\u00e9rative) dans la formation. Ajoutons que de nombreux anciens \u00e9tudiants travaillent \u00e9galement dans l&rsquo;accompagnement \u00e0 la cr\u00e9ation d&rsquo;activit\u00e9 (micro-finance, coop\u00e9ratives d&rsquo;activit\u00e9s et d&#8217;emplois, associations d&rsquo;accompagnement, etc). En 2011, un\u00a0<a href=\"https:\/\/blogs.univ-tlse2.fr\/cerises\/files\/creer-une-activite\/calendrier-bdef.pdf\">calendrier des initiatives du Master<\/a> reprenant certaines des initiatives ci-dessous a \u00e9t\u00e9 \u00e9dit\u00e9 pour permettre au Master et aux entreprises cr\u00e9\u00e9es par des anciens \u00e9tudiants de mutualiser leurs r\u00e9seaux de communication.<\/p>\n<ul>\n<li><a title=\"Atelier Blanc\" href=\"https:\/\/blogs.univ-tlse2.fr\/cerises\/experimentations\/principes-suivis-pour-lanalyse\/consommation-repartition-des-echanges-initiatives-solidaires\/atelier-blanc\/\">Atelier Blanc<\/a> : d\u00e9veloppe l&rsquo;auto-\u00e9coconstruction et l&rsquo;habitat collectif &#8211; Bruno Thouvenin (promotion Polanyi, 2003)<\/li>\n<li><a title=\"Mobilib (Autopartage \u00e0 Toulouse)\" href=\"https:\/\/blogs.univ-tlse2.fr\/cerises\/experimentations\/principes-suivis-pour-lanalyse\/consommation-repartition-des-echanges-initiatives-solidaires\/mobilib-autopartage-a-toulouse\/\">Mobilib<\/a>\u00a0&#8211; Citiz: autopartage &#8211; Dominique Platon (promotion Trevol, 2006), <a href=\"http:\/\/www.mobilib.fr\" target=\"_blank\" rel=\"noopener\">www.<strong>mobilib<\/strong>.fr<\/a><\/li>\n<li><a title=\"Domaine de Garabaud\" href=\"https:\/\/blogs.univ-tlse2.fr\/cerises\/experimentations\/principes-suivis-pour-lanalyse\/production-entreprises-sociales\/domaine-de-garabaud\/\">Domaine de Garabaud<\/a>, port\u00e9 au sein de l&rsquo;ensemblier d&rsquo;insertion H\u00e9risson Bellor par Jean-Luc Zabraniecki (promotion Polanyi, 2003)<\/li>\n<li><a title=\"Le Pot \u00c9thique\" href=\"https:\/\/blogs.univ-tlse2.fr\/cerises\/experimentations\/principes-suivis-pour-lanalyse\/consommation-repartition-des-echanges-initiatives-solidaires\/le-pot-ethique\/\">Le Pot Ethique<\/a> : caf\u00e9 culturel et promotion de l&rsquo;ESS &#8211; Edith Alquier (promotion H\u00e9risson-Bellor, 2005), <a href=\"http:\/\/www.lepotethique.org\/\" target=\"_blank\" rel=\"noopener\">www.le<strong>potethique<\/strong>.org<\/a><\/li>\n<li><a title=\"Via Brachy\" href=\"https:\/\/blogs.univ-tlse2.fr\/cerises\/experimentations\/principes-suivis-pour-lanalyse\/consommation-repartition-des-echanges-initiatives-solidaires\/via-brachy\/\">Via Brachy<\/a> : organisation de voyages solidaires &#8211; Florian Vair-Piova (promotion 2007, Ardelaine Moutons Rebelles), <a href=\"http:\/\/www.viabrachy.com\/\" target=\"_blank\" rel=\"noopener\">www.viabrachy.com<\/a><\/li>\n<li>Itin\u00e9rances culturelles, jardin m\u00e9di\u00e9val p\u00e9dagogique &#8211; Dominique Reffay (promotion Polanyi, 2003), <a href=\"http:\/\/itinerancesculturelles.asso.fr\" target=\"_blank\" rel=\"noopener\"><strong>itinerancesculturelles<\/strong>.asso.fr<\/a><\/li>\n<li>Crepi Toulouse, club d&rsquo;entreprises pour l&rsquo;insertion &#8211; Jean Arroucau (promotion Hasco\u00ebt, 2001)<\/li>\n<li>Brigade Papilles, animation, cuisine et ateliers culinaires &#8211; Elise Lagalle (promotion 2001, Guy Hasco\u00ebt), <a href=\"http:\/\/www.brigadepapilles.fr\" target=\"_blank\" rel=\"noopener\">www.brigadepapilles.fr<\/a><\/li>\n<li>Mondov\u00e9lo, 12 bvd Bonrepos \u00e0 Toulouse, pour des voyages solidaires \u00e0 v\u00e9lo &#8211; Anne Chauvard (promotion 2002, AZF)<\/li>\n<li>Le Bouche \u00e0 Oreille, caf\u00e9 restaurant culturel &#8211; Arthur Pailh\u00e8s (Promotion Travailler Autrement, 2008)<\/li>\n<li>Mitsa, pr\u00e9vention des d\u00e9chets couche-culottes, &#8211; Pauline Dournaux, Daniel Salazar (promotion Le Maquis, 2009)<\/li>\n<li>Etre mobile, c&rsquo;est permis &#8211;\u00a0Martin Dou\u00e7ot, Daniel Salazar (promotion Le Maquis, 2009)<\/li>\n<li>3PA, Penser, Parler, Partager, Agir &#8211; Eva Gionis-Pereire (promotion Ardelaine Moutons Rebelles, 2007), <a href=\"http:\/\/3pa.over-blog.org\" target=\"_blank\" rel=\"noopener\"><strong>3pa<\/strong>.over-blog.org<\/a><\/li>\n<li>Issoughan, commerce \u00e9quitable de bijoux &#8211; Sylvie Lesage (promotion Ardelaine Moutons Rebelles, 2007), <a href=\"http:\/\/www.issoughan.fr\" target=\"_blank\" rel=\"noopener\">www.<strong>issoughan<\/strong>.fr<\/a><\/li>\n<li>Extramuros 92, valorisation des d\u00e9chets &#8211; Nicolas Mangione (promotion Polanyi, 2003)<\/li>\n<li>Camino, appui \u00e0 la cr\u00e9ation d&rsquo;entreprises &#8211; Carolle Rio (promotion AZF, 2002), <a href=\"http:\/\/www.camino-mp.org\" target=\"_blank\" rel=\"noopener\">www.<strong>camino<\/strong>-mp.org<\/a><\/li>\n<li>Initiatives Environnement, SCIC \u00e0 Gourdon &#8211; Pascal Pavan (promotion Ardelaine Moutons Rebelles, 2007)<\/li>\n<li>Compagnie Soliloques &#8211; H\u00e9l\u00e8ne Tourmente (promotion H\u00e9risson, 2005)<\/li>\n<li>Les Clairons, commerce alimentaire en circuits courts &#8211; Chlo\u00e9 Grassi (promotion Courts Circuits, 2010)<\/li>\n<li>Resto Bio, restauration collective bio et locale &#8211; V\u00e9ronique Ducomps (promotion Ardelaine Moutons Rebelles, 2007)<\/li>\n<li>La Maison du V\u00e9lo &#8211; Jean Arroucau (promotion Hasco\u00ebt, 2001)<\/li>\n<li>Boulangerie coop\u00e9rative Ard\u00e8che &#8211; Armelle Gomez (promotion Ardelaine Moutons Rebelles, 2007)<\/li>\n<li>Z\u00e9co Plombiers, plombiers \u00e0 v\u00e9lo &#8211; Ludovic H\u00e9brard (promotion Travailler autrement, 2008), <a href=\"http:\/\/www.zecoplombiers.com\" target=\"_blank\" rel=\"noopener\">www.zeco<strong>plombiers<\/strong>.com<\/a><\/li>\n<li>L&rsquo;Atelier SCIC P\u00f4le \u00e9conomie sociale et solidaire \u00e0 Castres &#8211; Pierre Gout (promotion Courts Circuits, 2010)<\/li>\n<li>Les imaginations fertiles, PTCE Toulouse- Agn\u00e8s Gaigneux (promotion Courts Circuits, 2010)<\/li>\n<li>Recobrada Caz\u00e8re- M\u00e9lanie Bordes (promotion 2014)<\/li>\n<li>Curupira SCOP, Site Universit\u00e9 Toulouse Jean Jaur\u00e8s (promotion 2016)<\/li>\n<\/ul>\n<p>Dans le but de soutenir la cr\u00e9ativit\u00e9, la <a title=\"CERISOL\" href=\"https:\/\/blogs.univ-tlse2.fr\/cerises\/experimentations\/cerisol\/\">Cigales CERISOL<\/a> a \u00e9t\u00e9 sp\u00e9cialement cr\u00e9\u00e9e pour soutenir en capital les structures cr\u00e9\u00e9es. Mobilib, Issoughan, Le Pot Ethique et Mitsa ont b\u00e9n\u00e9fici\u00e9 de ce soutien de Cerisol.<\/p>\n","protected":false},"excerpt":{"rendered":"<p>L&rsquo;\u00e9conomie sociale \u00e9tant ancr\u00e9e dans un territoire, les centres d&rsquo;int\u00e9r\u00eat des masters d&rsquo;\u00e9conomie sociale sont directement en lien avec les caract\u00e9ristiques de leur territoire d&rsquo;accueil. La cr\u00e9ation d&#8217;emplois pr\u00e9domine dans des r\u00e9gions en difficult\u00e9 \u00e9conomique. En Midi-Pyr\u00e9n\u00e9es, r\u00e9gion fortement marqu\u00e9e par l&rsquo;innovation technologique, l&rsquo;\u00e9conomie sociale r\u00e9pond par l&rsquo;innovation sociale. Les \u00e9tudiants cherchent \u00e0 monter des [&hellip;]<\/p>\n","protected":false},"author":157,"featured_media":0,"parent":12,"menu_order":5,"comment_status":"closed","ping_status":"open","template":"","meta":{"footnotes":""},"class_list":["post-206","page","type-page","status-publish","hentry"],"_links":{"self":[{"href":"https:\/\/blogs.univ-tlse2.fr\/cerises\/wp-json\/wp\/v2\/pages\/206","targetHints":{"allow":["GET"]}}],"collection":[{"href":"https:\/\/blogs.univ-tlse2.fr\/cerises\/wp-json\/wp\/v2\/pages"}],"about":[{"href":"https:\/\/blogs.univ-tlse2.fr\/cerises\/wp-json\/wp\/v2\/types\/page"}],"author":[{"embeddable":true,"href":"https:\/\/blogs.univ-tlse2.fr\/cerises\/wp-json\/wp\/v2\/users\/157"}],"replies":[{"embeddable":true,"href":"https:\/\/blogs.univ-tlse2.fr\/cerises\/wp-json\/wp\/v2\/comments?post=206"}],"version-history":[{"count":8,"href":"https:\/\/blogs.univ-tlse2.fr\/cerises\/wp-json\/wp\/v2\/pages\/206\/revisions"}],"predecessor-version":[{"id":3816,"href":"https:\/\/blogs.univ-tlse2.fr\/cerises\/wp-json\/wp\/v2\/pages\/206\/revisions\/3816"}],"up":[{"embeddable":true,"href":"https:\/\/blogs.univ-tlse2.fr\/cerises\/wp-json\/wp\/v2\/pages\/12"}],"wp:attachment":[{"href":"https:\/\/blogs.univ-tlse2.fr\/cerises\/wp-json\/wp\/v2\/media?parent=206"}],"curies":[{"name":"wp","href":"https:\/\/api.w.org\/{rel}","templated":true}]}}