 {"id":208,"date":"2013-01-10T16:30:56","date_gmt":"2013-01-10T15:30:56","guid":{"rendered":"https:\/\/blogs.univ-tlse2.fr\/cerises\/?page_id=208"},"modified":"2016-12-21T07:35:11","modified_gmt":"2016-12-21T06:35:11","slug":"cerisol","status":"publish","type":"page","link":"https:\/\/blogs.univ-tlse2.fr\/cerises\/experimentations\/cerisol\/","title":{"rendered":"CERISOL"},"content":{"rendered":"<p>CERISOL s&rsquo;est d\u00e9finitivement \u00e9teinte le 22 d\u00e9cembre 2016. Etaient pr\u00e9sents : Dominique Platon, Anne Sauvageot, Bernadette Costa, Jeanne-Marie Cardon, Philippe Massot, Marie Valejo et Jacques Prades.<\/p>\n<p>Cerisol regroupait des \u00e9pargnants qui souhaitent <strong>soutenir la cr\u00e9ation d\u2019activit\u00e9s ou de micro-entreprises<\/strong> \u00e9manant d\u2019\u00e9tudiants issus du Master La Nouvelle Economie Sociale.<\/p>\n<p>Cerisol est une Cigales : <strong>un Club d\u2019Investissement pour la Gestion Alternative et Locale de l\u2019Epargne Solidaire<\/strong>.<\/p>\n<p>Elle a \u00e9t\u00e9 cr\u00e9\u00e9e en 2006 \u00e0 partir de plusieurs membres de l\u2019\u00e9quipe p\u00e9dagogique du master qui se pr\u00e9occupaient d\u00e9j\u00e0 de soutenir les \u00e9tudiants au-del\u00e0 de leur ann\u00e9e de master. Outre les membres de l\u2019\u00e9quipe p\u00e9dagogique, le groupe a \u00e9t\u00e9 rejoint par diverses personnes soucieuses de s\u2019impliquer dans l\u2019\u00e9conomie sociale et solidaire et de contribuer \u00e0 l\u2019insertion professionnelle des dipl\u00f4m\u00e9s.<br \/>\nLe groupe compte aujourd\u2019hui 15 membres qui se r\u00e9unissent 4 fois par an :<\/p>\n<ul>\n<li>Pascal Alige, Cadre a\u00e9ronautique<\/li>\n<li>Jean-Pierre Aza\u00efs, Consultant<\/li>\n<li>Marie-Jeanne Cardon, Charg\u00e9e de mission SGAR<\/li>\n<li>Marius Chevallier, Charg\u00e9 d&rsquo;\u00e9tudes<\/li>\n<li>Bernadette Costa, Journaliste<\/li>\n<li>Isabelle Gu\u00e9rin, Chercheur IRD<\/li>\n<li>Philippe Jeannin, Universit\u00e9 de Toulouse 3<\/li>\n<li>Arthur Pailh\u00e8s, Commer\u00e7ant<\/li>\n<li>Dominique Platon, Fondateur Mobilib<\/li>\n<li>Philippe Massot, Formateur<\/li>\n<li>Jacques Prades, Universit\u00e9 Toulouse 2<\/li>\n<li>Jean-Luc Prades, Universit\u00e9 Nice<\/li>\n<li>Anne Sauvageot, Universit\u00e9 de Toulouse 2<\/li>\n<li>Claude Serres, Enseignant<\/li>\n<li>Marie Val\u00e9jo, Psychiatre<\/li>\n<li>Chantal Verrey, Direction R\u00e9gionale des Sports<\/li>\n<li>8 entreprises ont \u00e9t\u00e9 auditionn\u00e9es, 6 ont \u00e9t\u00e9 financ\u00e9es. Les entreprises non financ\u00e9es ont \u00e9galement pu b\u00e9n\u00e9ficier de conseils et d\u2019appuis informels de membres du groupe.<\/li>\n<\/ul>\n<h2>Les associations et coop\u00e9ratives financ\u00e9es :<\/h2>\n<ul>\n<li><a href=\"http:\/\/www.lepotethique.org\/\" target=\"_blank\">LE POT ETHIQUE, caf\u00e9 cr\u00e9atif et r\u00e9cr\u00e9atif \u00e0 Mazamet (Tarn)<\/a>, association pilot\u00e9e par Edith Alqui\u00e9<\/li>\n<li><a href=\"http:\/\/www.mitsa.fr\/\" target=\"_blank\">MITSA, Pr\u00e9vention des d\u00e9chets<\/a>, projet SCIC pilot\u00e9 par Martin Doucot et Pauline Dournaut<\/li>\n<li><a href=\"http:\/\/www.mobilib.fr\/\" target=\"_blank\">MOBILIB, La voiture en libre-service \u00e0 Toulouse<\/a>, SCIC pilot\u00e9e par\u00a0Dominique Platon<\/li>\n<li><span class=\"Apple-style-span\" style=\"font-weight: bold;line-height: 25px\">ISSOUGHAN &#8211; Bijoux et artisanat d&rsquo;art touareg, association\u00a0<strong>pilot\u00e9e par Sylvie Lessage<\/strong><\/span><\/li>\n<li><span class=\"Apple-style-span\" style=\"font-weight: bold;line-height: 25px\">L&rsquo;ATELIER &#8211; Lieu d&rsquo;agglom\u00e9ration d&rsquo;activit\u00e9s solidaires \u00e0 Castres, SCIC pilot\u00e9e par Pierre Gout<\/span><\/li>\n<li><span class=\"Apple-style-span\" style=\"font-weight: bold;line-height: 25px\">\u00caTRE MOBILE, C&rsquo;EST PERMIS ! association pilot\u00e9e par Martin Doucot<\/span><\/li>\n<\/ul>\n","protected":false},"excerpt":{"rendered":"<p>CERISOL s&rsquo;est d\u00e9finitivement \u00e9teinte le 22 d\u00e9cembre 2016. Etaient pr\u00e9sents : Dominique Platon, Anne Sauvageot, Bernadette Costa, Jeanne-Marie Cardon, Philippe Massot, Marie Valejo et Jacques Prades. Cerisol regroupait des \u00e9pargnants qui souhaitent soutenir la cr\u00e9ation d\u2019activit\u00e9s ou de micro-entreprises \u00e9manant d\u2019\u00e9tudiants issus du Master La Nouvelle Economie Sociale. Cerisol est une Cigales : un Club [&hellip;]<\/p>\n","protected":false},"author":157,"featured_media":0,"parent":17,"menu_order":4,"comment_status":"closed","ping_status":"open","template":"","meta":{"footnotes":""},"class_list":["post-208","page","type-page","status-publish","hentry"],"_links":{"self":[{"href":"https:\/\/blogs.univ-tlse2.fr\/cerises\/wp-json\/wp\/v2\/pages\/208","targetHints":{"allow":["GET"]}}],"collection":[{"href":"https:\/\/blogs.univ-tlse2.fr\/cerises\/wp-json\/wp\/v2\/pages"}],"about":[{"href":"https:\/\/blogs.univ-tlse2.fr\/cerises\/wp-json\/wp\/v2\/types\/page"}],"author":[{"embeddable":true,"href":"https:\/\/blogs.univ-tlse2.fr\/cerises\/wp-json\/wp\/v2\/users\/157"}],"replies":[{"embeddable":true,"href":"https:\/\/blogs.univ-tlse2.fr\/cerises\/wp-json\/wp\/v2\/comments?post=208"}],"version-history":[{"count":17,"href":"https:\/\/blogs.univ-tlse2.fr\/cerises\/wp-json\/wp\/v2\/pages\/208\/revisions"}],"predecessor-version":[{"id":3727,"href":"https:\/\/blogs.univ-tlse2.fr\/cerises\/wp-json\/wp\/v2\/pages\/208\/revisions\/3727"}],"up":[{"embeddable":true,"href":"https:\/\/blogs.univ-tlse2.fr\/cerises\/wp-json\/wp\/v2\/pages\/17"}],"wp:attachment":[{"href":"https:\/\/blogs.univ-tlse2.fr\/cerises\/wp-json\/wp\/v2\/media?parent=208"}],"curies":[{"name":"wp","href":"https:\/\/api.w.org\/{rel}","templated":true}]}}