 {"id":211,"date":"2013-01-10T16:32:47","date_gmt":"2013-01-10T15:32:47","guid":{"rendered":"https:\/\/blogs.univ-tlse2.fr\/cerises\/?page_id=211"},"modified":"2014-03-16T07:12:04","modified_gmt":"2014-03-16T06:12:04","slug":"articles","status":"publish","type":"page","link":"https:\/\/blogs.univ-tlse2.fr\/cerises\/publications\/articles\/","title":{"rendered":"Articles"},"content":{"rendered":"\n<!-- Page-list plugin v.5.9 wordpress.org\/plugins\/page-list\/ -->\n<ul class=\"page-list \">\n<li class=\"page_item page-item-237 page_item_has_children\"><a href=\"https:\/\/blogs.univ-tlse2.fr\/cerises\/publications\/articles\/articles-parus-dans-des-revues-sans-comite-de-lecture\/\">Articles \u00e0 comit\u00e9 de lecture<\/a>\n<ul class='children'>\n\t<li class=\"page_item page-item-1091\"><a href=\"https:\/\/blogs.univ-tlse2.fr\/cerises\/publications\/articles\/articles-parus-dans-des-revues-sans-comite-de-lecture\/articles-2007\/\">Articles 2007-2008<\/a><\/li>\n\t<li class=\"page_item page-item-2600\"><a href=\"https:\/\/blogs.univ-tlse2.fr\/cerises\/publications\/articles\/articles-parus-dans-des-revues-sans-comite-de-lecture\/articles-2005\/\">Articles 2005<\/a><\/li>\n\t<li class=\"page_item page-item-1082\"><a href=\"https:\/\/blogs.univ-tlse2.fr\/cerises\/publications\/articles\/articles-parus-dans-des-revues-sans-comite-de-lecture\/articles-2004\/\">Articles 2004<\/a><\/li>\n\t<li class=\"page_item page-item-2590\"><a href=\"https:\/\/blogs.univ-tlse2.fr\/cerises\/publications\/articles\/articles-parus-dans-des-revues-sans-comite-de-lecture\/articles-2003\/\">Articles 2003<\/a><\/li>\n\t<li class=\"page_item page-item-1077\"><a href=\"https:\/\/blogs.univ-tlse2.fr\/cerises\/publications\/articles\/articles-parus-dans-des-revues-sans-comite-de-lecture\/articles-2000\/\">Articles 2000<\/a><\/li>\n\t<li class=\"page_item page-item-1058\"><a href=\"https:\/\/blogs.univ-tlse2.fr\/cerises\/publications\/articles\/articles-parus-dans-des-revues-sans-comite-de-lecture\/articles-1999\/\">Articles 1999<\/a><\/li>\n<\/ul>\n<\/li>\n<li class=\"page_item page-item-2517\"><a href=\"https:\/\/blogs.univ-tlse2.fr\/cerises\/publications\/articles\/diffusion-de-la-recherche\/\">Diffusion de la recherche<\/a><\/li>\n<li class=\"page_item page-item-239 page_item_has_children\"><a href=\"https:\/\/blogs.univ-tlse2.fr\/cerises\/publications\/articles\/contributions-a-des-ouvrages\/\">Contributions \u00e0 des ouvrages<\/a>\n<ul class='children'>\n\t<li class=\"page_item page-item-1223\"><a href=\"https:\/\/blogs.univ-tlse2.fr\/cerises\/publications\/articles\/contributions-a-des-ouvrages\/contributions-2009\/\">Contributions 2009<\/a><\/li>\n\t<li class=\"page_item page-item-1276\"><a href=\"https:\/\/blogs.univ-tlse2.fr\/cerises\/publications\/articles\/contributions-a-des-ouvrages\/contributions-2007-2008\/\">Contributions 2007-2008<\/a><\/li>\n\t<li class=\"page_item page-item-1107\"><a href=\"https:\/\/blogs.univ-tlse2.fr\/cerises\/publications\/articles\/contributions-a-des-ouvrages\/contributions-2000-2005\/\">Contributions 2000-2005<\/a><\/li>\n<\/ul>\n<\/li>\n\n<\/ul>\n<p>Pour les membres de Cerises, voir les activit\u00e9s et publications dans la fiche de pr\u00e9sentation de l&rsquo;\u00e9quipe (Taper Cerises-bouton en haut \u00e0 droite), puis Equipe, puis choisir le membre.<\/p>\n","protected":false},"excerpt":{"rendered":"<p>Pour les membres de Cerises, voir les activit\u00e9s et publications dans la fiche de pr\u00e9sentation de l&rsquo;\u00e9quipe (Taper Cerises-bouton en haut \u00e0 droite), puis Equipe, puis choisir le membre.<\/p>\n","protected":false},"author":157,"featured_media":0,"parent":14,"menu_order":2,"comment_status":"closed","ping_status":"open","template":"","meta":{"footnotes":""},"class_list":["post-211","page","type-page","status-publish","hentry"],"_links":{"self":[{"href":"https:\/\/blogs.univ-tlse2.fr\/cerises\/wp-json\/wp\/v2\/pages\/211","targetHints":{"allow":["GET"]}}],"collection":[{"href":"https:\/\/blogs.univ-tlse2.fr\/cerises\/wp-json\/wp\/v2\/pages"}],"about":[{"href":"https:\/\/blogs.univ-tlse2.fr\/cerises\/wp-json\/wp\/v2\/types\/page"}],"author":[{"embeddable":true,"href":"https:\/\/blogs.univ-tlse2.fr\/cerises\/wp-json\/wp\/v2\/users\/157"}],"replies":[{"embeddable":true,"href":"https:\/\/blogs.univ-tlse2.fr\/cerises\/wp-json\/wp\/v2\/comments?post=211"}],"version-history":[{"count":15,"href":"https:\/\/blogs.univ-tlse2.fr\/cerises\/wp-json\/wp\/v2\/pages\/211\/revisions"}],"predecessor-version":[{"id":3533,"href":"https:\/\/blogs.univ-tlse2.fr\/cerises\/wp-json\/wp\/v2\/pages\/211\/revisions\/3533"}],"up":[{"embeddable":true,"href":"https:\/\/blogs.univ-tlse2.fr\/cerises\/wp-json\/wp\/v2\/pages\/14"}],"wp:attachment":[{"href":"https:\/\/blogs.univ-tlse2.fr\/cerises\/wp-json\/wp\/v2\/media?parent=211"}],"curies":[{"name":"wp","href":"https:\/\/api.w.org\/{rel}","templated":true}]}}