 {"id":213,"date":"2013-01-10T16:33:31","date_gmt":"2013-01-10T15:33:31","guid":{"rendered":"https:\/\/blogs.univ-tlse2.fr\/cerises\/?page_id=213"},"modified":"2016-03-09T14:42:48","modified_gmt":"2016-03-09T13:42:48","slug":"documents-de-travail","status":"publish","type":"page","link":"https:\/\/blogs.univ-tlse2.fr\/cerises\/publications\/documents-de-travail\/","title":{"rendered":"Documents de travail"},"content":{"rendered":"<p>Textes non publi\u00e9s. Textes class\u00e9s du plus r\u00e9cent au plus ancien.<\/p>\n<h3><a href=\"https:\/\/blogs.univ-tlse2.fr\/cerises\/files\/documents-de-travail\/2014.-La-carpe-le-lapin-et-le-renard.pdf\" rel=\"\">2014. La carpe, le lapin et le renard<\/a><\/h3>\n<h3><a href=\"https:\/\/blogs.univ-tlse2.fr\/cerises\/files\/documents-de-travail\/MicrofinCriseTravailIRD090424-1.pdf\">Crise, microfinance et grand renversement<\/a><\/h3>\n<p><em>UNITE DEVELOPPEMENT ET SOCIETES<\/em><br \/>\n<em> UMR n\u00b0 201 IRD \/ Universit\u00e9 Paris 1<\/em><br \/>\n<em> AXE TRAVAIL ET MONDIALISATION<\/em><br \/>\n<em> Projet Travail en Crises<\/em><\/p>\n<p><em>Jean-Michel SERVET, IHEID, Gen\u00e8ve<\/em><\/p>\n<p>La crise ne pr\u00e9sente pas que des facettes n\u00e9gatives. Elle peut offrir au secteur de la microfinance des opportunit\u00e9s \u00e0 diff\u00e9rents points de vue :<\/p>\n<ul>\n<li>Elle peut favoriser un renforcement du cadre l\u00e9gal et r\u00e9glementaire afin de donner notamment plus de confiance et de garantie aux \u00e9pargnants.<\/li>\n<li>Elle peut aussi permettre de r\u00e9former par la contrainte des structures pour lesquelles politiquement les changements ont \u00e9t\u00e9 diff\u00e9r\u00e9s.<\/li>\n<li>Elle peut contribuer \u00e0 \u00e9liminer des acteurs peu efficients et par des op\u00e9rations de concentration autoriser une diversification de l\u2019offre pour mieux faire face ensemble. Le risque est aussi, \u00e0 l\u2019inverse, une concentration du secteur au d\u00e9triment de la diversit\u00e9 et la constitution ou le renforcement d\u2019oligopoles qui se traduisent souvent par une absence de concurrence sur les taux d\u2019int\u00e9r\u00eat.<\/li>\n<li>La n\u00e9cessit\u00e9 faisant vertu, le besoin d\u2019offres de services d\u2019\u00e9pargne et d\u2019assurance peut \u00eatre mieux pris en compte.<\/li>\n<li>Une extension de la client\u00e8le vers des emprunteurs d\u00e9bout\u00e9s par les banques ou par des clients qui avaient migr\u00e9 et qui reviennent avec des projets d\u2019investissement au pays. Mais le risque est bien s\u00fbr ici que la microfinance s\u2019\u00e9loigne plus encore des populations au niveau de la ligne de pauvret\u00e9 pour cibler ces nouveaux clients beaucoup plus rentables<\/li>\n<\/ul>\n<h3><a href=\"http:\/\/econpapers.repec.org\/paper\/grswpegrs\/2007-16.htm\" target=\"_blank\">Comprendre l&rsquo;organisation spatiale des groupes coop\u00e9ratifs fran\u00e7ais<\/a><\/h3>\n<p><em>2007 Maryline Filippi (Egerie-Gres); Olivier Frey (Inra-Sad); Pierre Triboulet (Inra-Sad)<\/em><\/p>\n<p>Ce texte propose deux indicateurs de mesure de l\u2019inscription spatiale des groupes en lien avec les activit\u00e9s d\u00e9velopp\u00e9es et les diff\u00e9rentes unit\u00e9s d\u2019analyse (\u00e9tablissement, entreprise, groupe). Les r\u00e9sultats montrent une forte concentration g\u00e9ographique des activit\u00e9s des groupes autour de la t\u00eate de groupe. Cette concentration traduit la sp\u00e9cificit\u00e9 de leur structure actionnariale influen\u00e7ant l\u2019association des fonctions productives et financi\u00e8res. Cependant le poids croissant des grands groupes coop\u00e9ratifs pourrait entra\u00eener de rapides modifications dans la gestion de leur organisation spatiale.<\/p>\n<h3><a href=\"https:\/\/blogs.univ-tlse2.fr\/cerises\/files\/documents-de-travail\/themes-halte-a-une-decr.pdf\">Halte \u00e0 une d\u00e9croissance insoutenable<\/a><\/h3>\n<p><em>2002 Jean-Michel Servet, Professeur \u00e0 l&rsquo;Institut Universitaire d&rsquo;Etudes du D\u00e9veloppement de Gen\u00e8ve, j&#x65;a&#110;&#x2d;m&#105;&#x63;h&#101;&#x6c;&#46;&#115;&#x65;r&#x76;&#x65;t&#x40;&#x69;u&#x65;d&#46;&#x75;n&#105;&#x67;e&#46;&#x63;h<\/em><\/p>\n<h3><a href=\"https:\/\/blogs.univ-tlse2.fr\/cerises\/files\/documents-de-travail\/themes-la-croissance-comme-presuppose.pdf\">La croissance \u00e9conomique comme pr\u00e9suppos\u00e9 du Syst\u00e8me de march\u00e9s et des technosciences<\/a><\/h3>\n<p><em>2002 Jacques Prades, Universit\u00e9 Toulouse 2 Le Mirail, Cerises<\/em><\/p>\n<p>Le d\u00e9veloppement des technosciences d&rsquo;une part et le d\u00e9veloppement du syst\u00e8me de march\u00e9s d&rsquo;autre part reposent sur une dynamique de croissance. Or, ce pr\u00e9supos\u00e9 m\u00e9rite une attention particuli\u00e8re qui peut \u00eatre d\u00e9clin\u00e9e \u00e0 trois niveaux de jugement : Un premier niveau vise \u00e0 rendre compte du manque d&rsquo;arguments qui alimente l&rsquo;id\u00e9e qu&rsquo;avec l&rsquo;arriv\u00e9e des TIC, se reproduirait le mod\u00e8le de croissance de la r\u00e9volution industrielle.<\/p>\n<p>Le deuxi\u00e8me niveau est plus normatif et cherche \u00e0 hierarchiser les jugements de valeurs que l&rsquo;on peut porter sur la croissance, sur sa signification et sa direction.<\/p>\n<p>Le troisi\u00e8me niveau est davantage anthropologique et tente d&rsquo;identifier des \u00e9l\u00e9ments de l&rsquo;imaginaire occidental qui expliquent la convergence de ce qui est au fondement du syst\u00e8me de march\u00e9 et du d\u00e9veloppement des technosciences, la croissance \u00e9conomique.<\/p>\n<h3><a href=\"https:\/\/blogs.univ-tlse2.fr\/cerises\/files\/documents-de-travail\/dim-soc-theorie-du-deversement.pdf\">Th\u00e9orie du d\u00e9versement et processus d&rsquo;informatisation, Eclairage sur le paradoxe de R. Solow<\/a><\/h3>\n<p><em>2002 Jacques Prades, Universite Toulouse 2 Le Mirail, Cerises<\/em><\/p>\n<p>L&rsquo;objet de cet article est de proposer un nouvel \u00e9clairage du paradoxe de R.Solow. En montrant l&rsquo;importance des innovations sociales (ici des innovations d&rsquo;organisation), l&rsquo;auteur explique ce paradoxe qui concerne la diffusion des innovations en informatique soit des innovations techniques: les innovations technologiques n&rsquo;ont pas d&rsquo;effets sur l&rsquo;\u00e9conomie si elles ne sont pas accompagn\u00e9es d&rsquo;innovations sociales.<\/p>\n<h3><a href=\"https:\/\/blogs.univ-tlse2.fr\/cerises\/files\/documents-de-travail\/expression-esl.pdf\">L&rsquo;expression \u00ab\u00a0\u00e9conomie solidaire\u00a0\u00bb<\/a><\/h3>\n<p><em>2002 Jean-Michel Servet, Professeur \u00e0 l&rsquo;Institut Universitaire d&rsquo;Etudes du D\u00e9veloppement de Gen\u00e8ve (Universit\u00e9 Lumi\u00e8re Lyon II, Centre Walras \u00e0 la publication de ce texte)<\/em><\/p>\n<p>L&rsquo;expression \u00e9conomie solidaire, \u00e9conomie alternative, \u00e9conomie plurielle ou nouvelle \u00e9conomie sociale recouvre un ensemble a priori assez disparate d&rsquo;activit\u00e9s. D&rsquo;o\u00f9 une certaine difficult\u00e9 \u00e0 les r\u00e9unir sous une appellation unique qui fasse consensus.<\/p>\n<h3><a href=\"https:\/\/blogs.univ-tlse2.fr\/cerises\/files\/documents-de-travail\/focus-circuit-court.pdf\">Circuit Court : Innovation ou R\u00e9habilitation ?<\/a><\/h3>\n<p><em>2000 Josette Combes, Responsable p\u00e9dagogique du Master Professionnel \u00ab\u00a0Nouvelle Economie Sociale\u00a0\u00bb<\/em><\/p>\n<p>R\u00e9alisation d&rsquo;un programme de d\u00e9veloppement de services de proximit\u00e9 petite enfance dans les quartiers d&rsquo;habitat social. Les objectifs directs de ce programme consistaient \u00e0 favoriser l&rsquo;organisation des habitants pour cr\u00e9er et administrer des lieux d&rsquo;accueil pour leurs jeunes enfants dans leurs quartiers. En veillant \u00e0 la mixit\u00e9 sociale et culturelle ces structures favorisent l&rsquo;entraide entre les familles et la responsabilit\u00e9 collective des adultes (parents, professionnels) aupr\u00e8s des enfants.<\/p>\n<h3><a href=\"https:\/\/blogs.univ-tlse2.fr\/cerises\/files\/documents-de-travail\/micro-en-quoi-la-micro-finance.pdf\">En quoi la microfinance participe au mouvement de mondialisation ?<\/a><\/h3>\n<p><em>2000 Jean-Michel Servet, Professeur \u00e0 l&rsquo;Institut Universitaire d&rsquo;Etudes du D\u00e9veloppement de Gen\u00e8ve, &#x6a;&#x65;&#x61;&#x6e;&#45;mich&#x65;&#x6c;&#x2e;&#x73;&#101;rvet&#x40;&#x69;&#x75;&#x65;&#100;&#46;uni&#x67;&#x65;&#x2e;&#x63;&#104;<\/em><\/p>\n<p>La microfinance qui offrent \u00e0 des populations consid\u00e9r\u00e9es comme exclus de la finance dite formalis\u00e9e des services d&rsquo;\u00e9pargne, de pr\u00eat, de transfert, d&rsquo;assurance et qui offrent des fonds de garantie pour la diffusion de ces services b\u00e9n\u00e9ficient tr\u00e8s largement de la sympathie que l&rsquo;on a pour les produits du terroir.<\/p>\n<h3><a href=\"https:\/\/blogs.univ-tlse2.fr\/cerises\/files\/documents-de-travail\/sens-la-nvlle-esc-devant-ses.pdf\">La nouvelle \u00e9conomie sociale devant ses pi\u00e8ges<\/a><\/h3>\n<p><em>2000 Jacques Prades, Universit\u00e9 Toulouse 2 Le Mirail<\/em><\/p>\n<p>Il est facile de d\u00e9crire l\u2019\u00e9conomie sociale d\u2019une part et l\u2019\u00e9conomie solidaire d\u2019autre part mais plus difficile de les interpr\u00e9ter commun\u00e9ment. L\u2019interpr\u00e9tation que nous proposons tient \u00e0 distance la banalisation de l\u2019\u00e9conomie sociale par le march\u00e9 et l\u2019instrumentalisation de l\u2019\u00e9conomie solidaire par l\u2019Etat qui nuiraient \u00e0 la recherche d\u2019une identit\u00e9 de \u00a0\u00bb la nouvelle \u00e9conomie sociale\u00a0\u00bb. Pour autant, cette recherche d\u2019 identit\u00e9 doit se garder de la tentation de cr\u00e9ation d\u2019un tiers secteur comme celle d\u2019une dilution de l\u2019\u00e9conomie sociale et solidaire dans le couple \u00a0\u00bb Etat-march\u00e9 \u00a0\u00bb qui constitue une forme de tra\u00eetrise.<\/p>\n","protected":false},"excerpt":{"rendered":"<p>Textes non publi\u00e9s. Textes class\u00e9s du plus r\u00e9cent au plus ancien. 2014. La carpe, le lapin et le renard Crise, microfinance et grand renversement UNITE DEVELOPPEMENT ET SOCIETES UMR n\u00b0 201 IRD \/ Universit\u00e9 Paris 1 AXE TRAVAIL ET MONDIALISATION Projet Travail en Crises Jean-Michel SERVET, IHEID, Gen\u00e8ve La crise ne pr\u00e9sente pas que des [&hellip;]<\/p>\n","protected":false},"author":157,"featured_media":0,"parent":14,"menu_order":3,"comment_status":"closed","ping_status":"open","template":"","meta":{"footnotes":""},"class_list":["post-213","page","type-page","status-publish","hentry"],"_links":{"self":[{"href":"https:\/\/blogs.univ-tlse2.fr\/cerises\/wp-json\/wp\/v2\/pages\/213","targetHints":{"allow":["GET"]}}],"collection":[{"href":"https:\/\/blogs.univ-tlse2.fr\/cerises\/wp-json\/wp\/v2\/pages"}],"about":[{"href":"https:\/\/blogs.univ-tlse2.fr\/cerises\/wp-json\/wp\/v2\/types\/page"}],"author":[{"embeddable":true,"href":"https:\/\/blogs.univ-tlse2.fr\/cerises\/wp-json\/wp\/v2\/users\/157"}],"replies":[{"embeddable":true,"href":"https:\/\/blogs.univ-tlse2.fr\/cerises\/wp-json\/wp\/v2\/comments?post=213"}],"version-history":[{"count":50,"href":"https:\/\/blogs.univ-tlse2.fr\/cerises\/wp-json\/wp\/v2\/pages\/213\/revisions"}],"predecessor-version":[{"id":3668,"href":"https:\/\/blogs.univ-tlse2.fr\/cerises\/wp-json\/wp\/v2\/pages\/213\/revisions\/3668"}],"up":[{"embeddable":true,"href":"https:\/\/blogs.univ-tlse2.fr\/cerises\/wp-json\/wp\/v2\/pages\/14"}],"wp:attachment":[{"href":"https:\/\/blogs.univ-tlse2.fr\/cerises\/wp-json\/wp\/v2\/media?parent=213"}],"curies":[{"name":"wp","href":"https:\/\/api.w.org\/{rel}","templated":true}]}}