 {"id":221,"date":"2013-01-10T16:35:04","date_gmt":"2013-01-10T15:35:04","guid":{"rendered":"https:\/\/blogs.univ-tlse2.fr\/cerises\/?page_id=221"},"modified":"2014-02-06T10:31:24","modified_gmt":"2014-02-06T09:31:24","slug":"journee-ess-nes-2010","status":"publish","type":"page","link":"https:\/\/blogs.univ-tlse2.fr\/cerises\/formation\/la-vie-du-master\/evenements\/journee-ess-nes-2010\/","title":{"rendered":"Journ\u00e9e ESS NES 2010"},"content":{"rendered":"<p style=\"text-align: center\"><strong>\u00ab\u00a0Ici et ailleurs\u00a0\u00bb<br \/>\nMardi 30 mars 2010 \u00e0 l\u2019Universit\u00e9 du Mirail, de 9h \u00e0 18h<\/strong><\/p>\n<p align=\"justify\">L\u2019association des \u00e9tudiants et anciens \u00e9tudiants du \u00ab\u00a0Master Innovation par l\u2019\u00e9conomie sociale\u00a0et solidaire\u00a0\u00bb\u00a0: Les NESSIES organise une journ\u00e9e de l\u2019\u00e9conomie sociale et solidaire.<\/p>\n<p align=\"center\"><img loading=\"lazy\" decoding=\"async\" class=\"aligncenter  wp-image-596\" src=\"https:\/\/blogs.univ-tlse2.fr\/cerises\/files\/journee-ess-nes-2010\/affiche-NES-2010.jpg\" alt=\"\" width=\"249\" height=\"352\" srcset=\"https:\/\/blogs.univ-tlse2.fr\/cerises\/files\/journee-ess-nes-2010\/affiche-NES-2010.jpg 964w, https:\/\/blogs.univ-tlse2.fr\/cerises\/files\/journee-ess-nes-2010\/affiche-NES-2010-212x300.jpg 212w, https:\/\/blogs.univ-tlse2.fr\/cerises\/files\/journee-ess-nes-2010\/affiche-NES-2010-353x500.jpg 353w, https:\/\/blogs.univ-tlse2.fr\/cerises\/files\/journee-ess-nes-2010\/affiche-NES-2010-624x881.jpg 624w\" sizes=\"auto, (max-width: 249px) 100vw, 249px\" \/><\/p>\n<h2 align=\"justify\">Pr\u00e9sentation<\/h2>\n<p align=\"justify\">L\u2019association des NESSIES a \u00e9t\u00e9 cr\u00e9\u00e9e en avril 2003, dans le but de r\u00e9unir les \u00e9tudiants et anciens \u00e9tudiants de ce Master qui forme les entrepreneurs sociaux de demain, elle a pour but de cr\u00e9er un r\u00e9seau collectif et solidaire.<\/p>\n<h2 align=\"justify\">Objet<\/h2>\n<p align=\"justify\">Un des objectifs de l\u2019association est d\u2019organiser sur la facult\u00e9 du Mirail une journ\u00e9e de promotion et de sensibilisation \u00e0 l\u2019\u00e9conomie sociale et solidaire. Lors de cette journ\u00e9e des conf\u00e9rences sont propos\u00e9es aux \u00e9tudiants, au personnel de l\u2019Universit\u00e9 mais aussi \u00e0 un public plus large. Pour ce faire, une communication \u00e0 l\u2019\u00e9chelle de la ville est d\u00e9velopp\u00e9e. Outre les conf\u00e9rences sur diff\u00e9rents th\u00e8mes de l\u2019\u00e9conomie sociale et solidaire, les NESSIES invitent des porteurs de projet et des institutionnels \u00e0 pr\u00e9senter leur activit\u00e9. Les \u00e9tudiants du Master pr\u00e9sentent leur formation et les projets dont ils sont eux-m\u00eames porteurs aussi bien \u00e0 l\u2019\u00e9chelle nationale (r\u00e9insertion, microcr\u00e9dit, habitat collectif et \u00e9cologique) qu\u2019internationale (coop\u00e9ration et solidarit\u00e9 internationale). Afin de rendre cette journ\u00e9e dynamique, des concerts, des spectacles, des expositions photos et des jeux collectifs sont propos\u00e9s.<\/p>\n<h2 align=\"justify\">8<sup>\u00e8me<\/sup> \u00e9dition<\/h2>\n<p align=\"justify\">Cette ann\u00e9e, les membres des NESSIES proposent une journ\u00e9e ayant pour th\u00e8me \u00ab\u00a0Ici et ailleurs\u00a0\u00bb, afin de pr\u00e9senter l\u2019\u00e9conomie sociale et solidaire comme cr\u00e9atrice de circuits courts mais \u00e9galement de circuits longs (coop\u00e9ration internationale). Les th\u00e9matiques retenues sont\u00a0: le tourisme solidaire, les coop\u00e9ratives d\u2019artisanat, la monnaie sociale, la pr\u00e9servation des savoirs ancestraux et la transmission de savoirs techniques,\u2026<\/p>\n<p align=\"justify\">Exemple de projets port\u00e9s par les \u00e9tudiants du Master : une coop\u00e9rative d\u2019artisanat en Guyane et en Arm\u00e9nie, une entreprise d\u2019insertion par la recyclerie \u00e0 Marmande, du tourisme solidaire en Sicile pour lutter contre la mafia, une passerelle de d\u00e9senclavement en Ha\u00efti, la cr\u00e9ation d\u2019une maison des jeunes entreprises en zone urbaine sensible \u00e0 Toulouse, un centre de documentation sur l\u2019habitat collectif en Aveyron, des microcr\u00e9dits pour les gens du voyage, un p\u00f4le de documentation sur l\u2019\u00e9conomie sociale et solidaire en R\u00e9publique tch\u00e8que, une coop\u00e9rative de femmes transformatrices de poisson au S\u00e9n\u00e9gal, un centre de formation au basket au Gabon, un p\u00f4le d\u2019\u00e9conomie sociale et solidaire \u00e0 Castres, des s\u00e9jours solidaires pour les jeunes au Maroc.<\/p>\n<h2 align=\"justify\">Contactez nous :<\/h2>\n<p><span><span>Nora Primus, pr\u00e9sidente des NESSIES t\u00e9l: 06.68.96.63.78, nora.primus[a]gmail.com <\/span><\/span><\/p>\n<p align=\"left\">Association NESSIES, dpt \u00e9co-gestion<br \/>\nUniversit\u00e9 Toulouse 2 le Mirail<br \/>\n31058 Toulouse Cedex 9<\/p>\n","protected":false},"excerpt":{"rendered":"<p>\u00ab\u00a0Ici et ailleurs\u00a0\u00bb Mardi 30 mars 2010 \u00e0 l\u2019Universit\u00e9 du Mirail, de 9h \u00e0 18h L\u2019association des \u00e9tudiants et anciens \u00e9tudiants du \u00ab\u00a0Master Innovation par l\u2019\u00e9conomie sociale\u00a0et solidaire\u00a0\u00bb\u00a0: Les NESSIES organise une journ\u00e9e de l\u2019\u00e9conomie sociale et solidaire. Pr\u00e9sentation L\u2019association des NESSIES a \u00e9t\u00e9 cr\u00e9\u00e9e en avril 2003, dans le but de r\u00e9unir les \u00e9tudiants [&hellip;]<\/p>\n","protected":false},"author":157,"featured_media":0,"parent":782,"menu_order":96,"comment_status":"closed","ping_status":"closed","template":"","meta":{"footnotes":""},"class_list":["post-221","page","type-page","status-publish","hentry"],"_links":{"self":[{"href":"https:\/\/blogs.univ-tlse2.fr\/cerises\/wp-json\/wp\/v2\/pages\/221","targetHints":{"allow":["GET"]}}],"collection":[{"href":"https:\/\/blogs.univ-tlse2.fr\/cerises\/wp-json\/wp\/v2\/pages"}],"about":[{"href":"https:\/\/blogs.univ-tlse2.fr\/cerises\/wp-json\/wp\/v2\/types\/page"}],"author":[{"embeddable":true,"href":"https:\/\/blogs.univ-tlse2.fr\/cerises\/wp-json\/wp\/v2\/users\/157"}],"replies":[{"embeddable":true,"href":"https:\/\/blogs.univ-tlse2.fr\/cerises\/wp-json\/wp\/v2\/comments?post=221"}],"version-history":[{"count":6,"href":"https:\/\/blogs.univ-tlse2.fr\/cerises\/wp-json\/wp\/v2\/pages\/221\/revisions"}],"predecessor-version":[{"id":2868,"href":"https:\/\/blogs.univ-tlse2.fr\/cerises\/wp-json\/wp\/v2\/pages\/221\/revisions\/2868"}],"up":[{"embeddable":true,"href":"https:\/\/blogs.univ-tlse2.fr\/cerises\/wp-json\/wp\/v2\/pages\/782"}],"wp:attachment":[{"href":"https:\/\/blogs.univ-tlse2.fr\/cerises\/wp-json\/wp\/v2\/media?parent=221"}],"curies":[{"name":"wp","href":"https:\/\/api.w.org\/{rel}","templated":true}]}}