 {"id":223,"date":"2013-01-10T16:35:23","date_gmt":"2013-01-10T15:35:23","guid":{"rendered":"https:\/\/blogs.univ-tlse2.fr\/cerises\/?page_id=223"},"modified":"2014-02-06T10:31:24","modified_gmt":"2014-02-06T09:31:24","slug":"journee-ess-nes-2009","status":"publish","type":"page","link":"https:\/\/blogs.univ-tlse2.fr\/cerises\/formation\/la-vie-du-master\/evenements\/journee-ess-nes-2009\/","title":{"rendered":"Journ\u00e9e ESS NES 2009"},"content":{"rendered":"<p align=\"justify\"><strong>L&rsquo;association des Nessies<\/strong>, rassemblant les \u00e9tudiants du Master 2 d&rsquo;Economie Sociale et Solidaire (Universit\u00e9 du Mirail) organise une journ\u00e9e de rencontres\/d\u00e9bats :<\/p>\n<p style=\"text-align: center\" align=\"center\"><strong>Le 29 avril 2009 de 11h \u00e0 19h<\/strong><br \/>\n<strong> sur le campus de l&rsquo;Universit\u00e9 Toulouse le Mirail<\/strong><\/p>\n<p style=\"text-align: center\" align=\"center\"><img loading=\"lazy\" decoding=\"async\" class=\" wp-image-580 aligncenter\" src=\"https:\/\/blogs.univ-tlse2.fr\/cerises\/files\/journee-ess-nes-2009\/flyerA5.jpg\" alt=\"\" width=\"315\" height=\"446\" srcset=\"https:\/\/blogs.univ-tlse2.fr\/cerises\/files\/journee-ess-nes-2009\/flyerA5.jpg 1240w, https:\/\/blogs.univ-tlse2.fr\/cerises\/files\/journee-ess-nes-2009\/flyerA5-212x300.jpg 212w, https:\/\/blogs.univ-tlse2.fr\/cerises\/files\/journee-ess-nes-2009\/flyerA5-353x500.jpg 353w, https:\/\/blogs.univ-tlse2.fr\/cerises\/files\/journee-ess-nes-2009\/flyerA5-624x882.jpg 624w\" sizes=\"auto, (max-width: 315px) 100vw, 315px\" \/><\/p>\n<p align=\"justify\"><strong>L&rsquo;objectif <\/strong>de la journ\u00e9e est de favoriser la rencontre et la mise en r\u00e9seau de structures du quartier et de l&rsquo;universit\u00e9 mais aussi d&rsquo;habitants et d&rsquo;\u00e9tudiants au travers, notamment, de ces structures.<\/p>\n<h2>Au programme :<\/h2>\n<ul>\n<li>\n<p align=\"justify\"><strong>Village associatif<\/strong> : les structures de l&rsquo;\u00e9conomie sociale et solidaire du quartier et de l&rsquo;universit\u00e9 pr\u00e9senteront leur projet.<\/p>\n<\/li>\n<li>\n<p align=\"justify\"><strong>Animations<\/strong> : Contes, th\u00e9\u00e2tre, ateliers, concerts, d\u00e9dicaces, randonn\u00e9e urbaine avec La Gargouille (14h30), &#8230;<\/p>\n<\/li>\n<li>\n<p align=\"justify\"><strong>D\u00e9bats<\/strong> (de 11h30 \u00e0 14h30) co-anim\u00e9s par des membres d&rsquo;une structure du quartier et de l&rsquo;universit\u00e9 :<\/p>\n<ul>\n<li>11h30 &#8211; L\u2019ouverture d&rsquo;une \u00e9picerie solidaire du quartier vers l&rsquo;universit\u00e9 est-elle pertinente?, Enract et Reset<\/li>\n<li>12h30 &#8211; Une femme sans homme c\u2019est comme un poisson sans bicyclette, Egalit\u00e8re et Artemesia<\/li>\n<li>13h30 &#8211; Le projet commun : vecteur d&rsquo;engagement b\u00e9n\u00e9vole des \u00e9tudiants ?, AFEV<\/li>\n<li>14h30 &#8211; Randonn\u00e9e urbaine dans le Mirail, La Gargouille<\/li>\n<\/ul>\n<\/li>\n<\/ul>\n<ul>\n<li><strong>Projection d\u00e9bat <\/strong>(17h) \u00abComment construire ensemble notre territoire ?\u00a0\u00bb<\/li>\n<li>Un point <strong>restauration\/buvette<\/strong> sera assur\u00e9 par une association locale.<\/li>\n<\/ul>\n<p>L&rsquo;ensemble des activit\u00e9s propos\u00e9es est <strong>ouvert \u00e0 tous et gratuit<\/strong>.<\/p>\n<p>Participants : La Gargouille, ADIGO, Egalit\u00e8re, Adepes, Diagonale, Mobilib, Andes, Entr&rsquo;act, SEL de Cocagne, Etymon, AFEV, Radio Campus, Palabres sans Fronti\u00e8res, Eco Campus, Cofrimi, Salamandre, Artemesia, R\u00e9gie de Quartier de la Reynerie, Maison de quartier de Bagatelle, Les Ateliers du Citoyen, Djamal r\u00e9alisateur, Jean-Paul Pla Mairie de Toulouse, St\u00e9phane Gruet architecte AERA, etc<\/p>\n<h2>Contact\u00a0:<\/h2>\n<ul>\n<li>Martin : 06 76 76 61 06 ou adressedecamille[a]gmail.com (Pr\u00e9sident de Nessies)<\/li>\n<li>Eliane : 06 32 67 95 40 ou : tillane[a]hotmail.fr (Membre de Nessies)<\/li>\n<\/ul>\n","protected":false},"excerpt":{"rendered":"<p>L&rsquo;association des Nessies, rassemblant les \u00e9tudiants du Master 2 d&rsquo;Economie Sociale et Solidaire (Universit\u00e9 du Mirail) organise une journ\u00e9e de rencontres\/d\u00e9bats : Le 29 avril 2009 de 11h \u00e0 19h sur le campus de l&rsquo;Universit\u00e9 Toulouse le Mirail L&rsquo;objectif de la journ\u00e9e est de favoriser la rencontre et la mise en r\u00e9seau de structures du [&hellip;]<\/p>\n","protected":false},"author":157,"featured_media":0,"parent":782,"menu_order":97,"comment_status":"closed","ping_status":"closed","template":"","meta":{"footnotes":""},"class_list":["post-223","page","type-page","status-publish","hentry"],"_links":{"self":[{"href":"https:\/\/blogs.univ-tlse2.fr\/cerises\/wp-json\/wp\/v2\/pages\/223","targetHints":{"allow":["GET"]}}],"collection":[{"href":"https:\/\/blogs.univ-tlse2.fr\/cerises\/wp-json\/wp\/v2\/pages"}],"about":[{"href":"https:\/\/blogs.univ-tlse2.fr\/cerises\/wp-json\/wp\/v2\/types\/page"}],"author":[{"embeddable":true,"href":"https:\/\/blogs.univ-tlse2.fr\/cerises\/wp-json\/wp\/v2\/users\/157"}],"replies":[{"embeddable":true,"href":"https:\/\/blogs.univ-tlse2.fr\/cerises\/wp-json\/wp\/v2\/comments?post=223"}],"version-history":[{"count":8,"href":"https:\/\/blogs.univ-tlse2.fr\/cerises\/wp-json\/wp\/v2\/pages\/223\/revisions"}],"predecessor-version":[{"id":2869,"href":"https:\/\/blogs.univ-tlse2.fr\/cerises\/wp-json\/wp\/v2\/pages\/223\/revisions\/2869"}],"up":[{"embeddable":true,"href":"https:\/\/blogs.univ-tlse2.fr\/cerises\/wp-json\/wp\/v2\/pages\/782"}],"wp:attachment":[{"href":"https:\/\/blogs.univ-tlse2.fr\/cerises\/wp-json\/wp\/v2\/media?parent=223"}],"curies":[{"name":"wp","href":"https:\/\/api.w.org\/{rel}","templated":true}]}}