 {"id":2263,"date":"2013-01-29T17:04:26","date_gmt":"2013-01-29T16:04:26","guid":{"rendered":"https:\/\/blogs.univ-tlse2.fr\/cerises\/?page_id=2263"},"modified":"2014-02-06T10:32:18","modified_gmt":"2014-02-06T09:32:18","slug":"movimento2","status":"publish","type":"page","link":"https:\/\/blogs.univ-tlse2.fr\/cerises\/experimentations\/principes-suivis-pour-lanalyse\/production-entreprises-sociales\/movimento2\/","title":{"rendered":"Movimento"},"content":{"rendered":"<h1>Contexte micro-social de l&rsquo;exp\u00e9rimentation :<\/h1>\n<p>L&rsquo;exp\u00e9rimentation se situe dans le champ des transport. Elle est fortement li\u00e9 \u00e0 un contexte sociologique. L&rsquo;automobile n&rsquo;est pas seulement un moyen de transport, elle est aussi symbole de libert\u00e9, de richesse et de r\u00e9ussite sociale. A Toulouse, 72% de la population n&rsquo;a pas un comportement rationnel dans ses choix modaux (Les citadins face \u00e0 l&rsquo;automobilit\u00e9, ADEME CERTU 1998). L&rsquo;action rel\u00e8ve donc \u00e0 la fois du d\u00e9veloppement d&rsquo;une solution de transport et d&rsquo;une action socio-\u00e9ducative.<\/p>\n<p>Pour la premi\u00e8re action de Movimento, nous avons choisi de nous adresser aux \u00e9tudiants Toulousains. Elle s&rsquo;est d\u00e9roul\u00e9e sur le campus de l&rsquo;universit\u00e9 des Sciences Sociales et se poursuit depuis le si\u00e8ge administratif de l&rsquo;association. Le v\u00e9lo permet aux \u00e9tudiants de se d\u00e9placer sans voiture sur le territoire de l&rsquo;agglom\u00e9ration Toulousaine.<\/p>\n<p>Movimento est aujourd&rsquo;hui une association loi 1901 de pr\u00e9figuration d&rsquo;une SCIC. Ses valeurs principales sont : le respect de l&rsquo;environnement et l&rsquo;\u00e9conomie solidaire. La notion de d\u00e9veloppement durable a trop galvaud\u00e9 ces derniers temps, les protagonistes mettant l&rsquo;accent sur le terme de d\u00e9veloppement qu&rsquo;ils associent souvent \u00e0 croissance du PIB. Or, selon nous, une organisation humaine bas\u00e9e sur une croissance perp\u00e9tuelle de la production et de la consommation est difficilement envisageable dans la dur\u00e9e. On lui pr\u00e9f\u00e8rera donc l&rsquo;expression de d\u00e9croissance soutenable.<\/p>\n<p>A ce jour la seule convention sign\u00e9e concerne une subvention de fonctionnement octroy\u00e9e par l&rsquo;ADEME dans le cadre de la promotion de modes alternatifs \u00e0 la voiture.<\/p>\n<p><a href=\"https:\/\/blogs.univ-tlse2.fr\/cerises\/files\/movimento\/movimento.pdf\">&gt; T\u00e9l\u00e9chargez la fiche compl\u00e8te Movimento<\/a><\/p>\n<h2>Autres fiches ressources :<\/h2>\n\n<!-- Page-list plugin v.5.9 wordpress.org\/plugins\/page-list\/ -->\n<ul class=\"page-list \">\n<li class=\"page_item page-item-278\"><a href=\"https:\/\/blogs.univ-tlse2.fr\/cerises\/experimentations\/principes-suivis-pour-lanalyse\/production-entreprises-sociales\/praksys\/\">Praksys<\/a><\/li>\n<li class=\"page_item page-item-280\"><a href=\"https:\/\/blogs.univ-tlse2.fr\/cerises\/experimentations\/principes-suivis-pour-lanalyse\/production-entreprises-sociales\/domaine-de-garabaud\/\">Domaine de Garabaud<\/a><\/li>\n<li class=\"page_item page-item-282\"><a href=\"https:\/\/blogs.univ-tlse2.fr\/cerises\/experimentations\/principes-suivis-pour-lanalyse\/production-entreprises-sociales\/mere-denys-production\/\">M\u00e8re Deny&rsquo;s Production<\/a><\/li>\n<li class=\"page_item page-item-284\"><a href=\"https:\/\/blogs.univ-tlse2.fr\/cerises\/experimentations\/principes-suivis-pour-lanalyse\/production-entreprises-sociales\/step-forward\/\">Step Forward<\/a><\/li>\n<li class=\"page_item page-item-286\"><a href=\"https:\/\/blogs.univ-tlse2.fr\/cerises\/experimentations\/principes-suivis-pour-lanalyse\/production-entreprises-sociales\/associations-daide-en-milieu-rural\/\">Associations d&rsquo;aide en milieu rural<\/a><\/li>\n<li class=\"page_item page-item-288\"><a href=\"https:\/\/blogs.univ-tlse2.fr\/cerises\/experimentations\/principes-suivis-pour-lanalyse\/production-entreprises-sociales\/essor\/\">Essor<\/a><\/li>\n<li class=\"page_item page-item-290\"><a href=\"https:\/\/blogs.univ-tlse2.fr\/cerises\/experimentations\/principes-suivis-pour-lanalyse\/production-entreprises-sociales\/scopados\/\">Scopados<\/a><\/li>\n\n<\/ul>\n","protected":false},"excerpt":{"rendered":"<p>Contexte micro-social de l&rsquo;exp\u00e9rimentation : L&rsquo;exp\u00e9rimentation se situe dans le champ des transport. Elle est fortement li\u00e9 \u00e0 un contexte sociologique. L&rsquo;automobile n&rsquo;est pas seulement un moyen de transport, elle est aussi symbole de libert\u00e9, de richesse et de r\u00e9ussite sociale. A Toulouse, 72% de la population n&rsquo;a pas un comportement rationnel dans ses choix [&hellip;]<\/p>\n","protected":false},"author":157,"featured_media":0,"parent":156,"menu_order":8,"comment_status":"closed","ping_status":"open","template":"","meta":{"footnotes":""},"class_list":["post-2263","page","type-page","status-publish","hentry"],"_links":{"self":[{"href":"https:\/\/blogs.univ-tlse2.fr\/cerises\/wp-json\/wp\/v2\/pages\/2263","targetHints":{"allow":["GET"]}}],"collection":[{"href":"https:\/\/blogs.univ-tlse2.fr\/cerises\/wp-json\/wp\/v2\/pages"}],"about":[{"href":"https:\/\/blogs.univ-tlse2.fr\/cerises\/wp-json\/wp\/v2\/types\/page"}],"author":[{"embeddable":true,"href":"https:\/\/blogs.univ-tlse2.fr\/cerises\/wp-json\/wp\/v2\/users\/157"}],"replies":[{"embeddable":true,"href":"https:\/\/blogs.univ-tlse2.fr\/cerises\/wp-json\/wp\/v2\/comments?post=2263"}],"version-history":[{"count":69,"href":"https:\/\/blogs.univ-tlse2.fr\/cerises\/wp-json\/wp\/v2\/pages\/2263\/revisions"}],"predecessor-version":[{"id":3014,"href":"https:\/\/blogs.univ-tlse2.fr\/cerises\/wp-json\/wp\/v2\/pages\/2263\/revisions\/3014"}],"up":[{"embeddable":true,"href":"https:\/\/blogs.univ-tlse2.fr\/cerises\/wp-json\/wp\/v2\/pages\/156"}],"wp:attachment":[{"href":"https:\/\/blogs.univ-tlse2.fr\/cerises\/wp-json\/wp\/v2\/media?parent=2263"}],"curies":[{"name":"wp","href":"https:\/\/api.w.org\/{rel}","templated":true}]}}