 {"id":227,"date":"2013-01-10T16:36:07","date_gmt":"2013-01-10T15:36:07","guid":{"rendered":"https:\/\/blogs.univ-tlse2.fr\/cerises\/?page_id=227"},"modified":"2014-02-06T10:31:40","modified_gmt":"2014-02-06T09:31:40","slug":"themes-de-recherche","status":"publish","type":"page","link":"https:\/\/blogs.univ-tlse2.fr\/cerises\/formation\/poursuivre-dans-la-recherche\/themes-de-recherche\/","title":{"rendered":"Th\u00e8mes de recherche"},"content":{"rendered":"<p>Propositions de th\u00e8mes de recherche propos\u00e9s les ann\u00e9es pr\u00e9c\u00e9dentes.<\/p>\n\n<!-- Page-list plugin v.5.9 wordpress.org\/plugins\/page-list\/ -->\n<ul class=\"page-list \">\n<li class=\"page_item page-item-651\"><a href=\"https:\/\/blogs.univ-tlse2.fr\/cerises\/formation\/poursuivre-dans-la-recherche\/themes-de-recherche\/histoire-de-leconomie-sociale\/\">Histoire de l\u2019\u00e9conomie sociale<\/a><\/li>\n<li class=\"page_item page-item-653\"><a href=\"https:\/\/blogs.univ-tlse2.fr\/cerises\/formation\/poursuivre-dans-la-recherche\/themes-de-recherche\/linnovation-sociale-et-la-propriete-collective\/\">L\u2019innovation sociale et la propri\u00e9t\u00e9 collective<\/a><\/li>\n<li class=\"page_item page-item-665\"><a href=\"https:\/\/blogs.univ-tlse2.fr\/cerises\/formation\/poursuivre-dans-la-recherche\/themes-de-recherche\/monnaies-finances-micro-credits\/\">Monnaies, finances, micro-cr\u00e9dits<\/a><\/li>\n<li class=\"page_item page-item-667\"><a href=\"https:\/\/blogs.univ-tlse2.fr\/cerises\/formation\/poursuivre-dans-la-recherche\/themes-de-recherche\/innovations-techniques-et-cultures-dusage\/\">Innovations techniques et cultures d\u2019usage<\/a><\/li>\n<li class=\"page_item page-item-673\"><a href=\"https:\/\/blogs.univ-tlse2.fr\/cerises\/formation\/poursuivre-dans-la-recherche\/themes-de-recherche\/innovations-et-dynamiques-territoriales\/\">Innovations et  dynamiques territoriales<\/a><\/li>\n<li class=\"page_item page-item-675\"><a href=\"https:\/\/blogs.univ-tlse2.fr\/cerises\/formation\/poursuivre-dans-la-recherche\/themes-de-recherche\/diffusion-des-informations-usages-et-obstacles-a-la-communication\/\">Diffusion des informations, usages et obstacles \u00e0 la communication<\/a><\/li>\n<li class=\"page_item page-item-677\"><a href=\"https:\/\/blogs.univ-tlse2.fr\/cerises\/formation\/poursuivre-dans-la-recherche\/themes-de-recherche\/economie-et-democratie\/\">Economie et d\u00e9mocratie<\/a><\/li>\n<li class=\"page_item page-item-684\"><a href=\"https:\/\/blogs.univ-tlse2.fr\/cerises\/formation\/poursuivre-dans-la-recherche\/themes-de-recherche\/developpement\/\">D\u00e9veloppement<\/a><\/li>\n<li class=\"page_item page-item-686\"><a href=\"https:\/\/blogs.univ-tlse2.fr\/cerises\/formation\/poursuivre-dans-la-recherche\/themes-de-recherche\/theories-economiques-et-solidarite\/\">Th\u00e9ories \u00e9conomiques et solidarit\u00e9<\/a><\/li>\n\n<\/ul>\n<h1 style=\"text-align: left\" align=\"center\">Pr\u00e9sentations d\u00e9taill\u00e9es<\/h1>\n<p align=\"justify\">Partant des exp\u00e9riences de nouvelles \u00e9conomies sociales, particuli\u00e8rement en Europe dans le champ associatif et coop\u00e9ratif (Jacques Prades), \u00e0 partir de la soci\u00e9t\u00e9 civile (G. Azam), les recherches s\u2019efforcent de tirer profit des enseignements d\u2019\u00e9conomie informelle d\u2019une part en Afrique ou en Inde (Isabelle Gu\u00e9rin) et des nouvelles technologies d\u2019autre part (Gilles Puel).<\/p>\n<ul>\n<li>Par \u00ab nouvelles \u00e9conomies sociales \u00bb il faut entendre l\u2019ensemble des exp\u00e9riences qui ne se situent pas exclusivement sur le march\u00e9 ou sur le champ de l\u2019Etat et des politiques publiques : il s\u2019agit de l\u2019\u00e9conomie solidaire \u00ab \u00e0 la fran\u00e7aise \u00bb mais \u00e9galement des exp\u00e9riences italiennes, espagnoles et Nord Am\u00e9ricaine.<\/li>\n<li>Par ailleurs, les tentatives de rapprocher les nouvelles technologies de l\u2019\u00e9conomie sociale en terme pratique (internet solidaire, internet citoyen) sont ici \u00e9tudi\u00e9es sous l\u2019aspect conceptuel : effet de r\u00e9putation, th\u00e9orie du bazar, th\u00e9orie de r\u00e9seaux, etc.<\/li>\n<\/ul>\n","protected":false},"excerpt":{"rendered":"<p>Propositions de th\u00e8mes de recherche propos\u00e9s les ann\u00e9es pr\u00e9c\u00e9dentes. Pr\u00e9sentations d\u00e9taill\u00e9es Partant des exp\u00e9riences de nouvelles \u00e9conomies sociales, particuli\u00e8rement en Europe dans le champ associatif et coop\u00e9ratif (Jacques Prades), \u00e0 partir de la soci\u00e9t\u00e9 civile (G. Azam), les recherches s\u2019efforcent de tirer profit des enseignements d\u2019\u00e9conomie informelle d\u2019une part en Afrique ou en Inde (Isabelle [&hellip;]<\/p>\n","protected":false},"author":157,"featured_media":0,"parent":203,"menu_order":1,"comment_status":"closed","ping_status":"open","template":"","meta":{"footnotes":""},"class_list":["post-227","page","type-page","status-publish","hentry"],"_links":{"self":[{"href":"https:\/\/blogs.univ-tlse2.fr\/cerises\/wp-json\/wp\/v2\/pages\/227","targetHints":{"allow":["GET"]}}],"collection":[{"href":"https:\/\/blogs.univ-tlse2.fr\/cerises\/wp-json\/wp\/v2\/pages"}],"about":[{"href":"https:\/\/blogs.univ-tlse2.fr\/cerises\/wp-json\/wp\/v2\/types\/page"}],"author":[{"embeddable":true,"href":"https:\/\/blogs.univ-tlse2.fr\/cerises\/wp-json\/wp\/v2\/users\/157"}],"replies":[{"embeddable":true,"href":"https:\/\/blogs.univ-tlse2.fr\/cerises\/wp-json\/wp\/v2\/comments?post=227"}],"version-history":[{"count":11,"href":"https:\/\/blogs.univ-tlse2.fr\/cerises\/wp-json\/wp\/v2\/pages\/227\/revisions"}],"predecessor-version":[{"id":2897,"href":"https:\/\/blogs.univ-tlse2.fr\/cerises\/wp-json\/wp\/v2\/pages\/227\/revisions\/2897"}],"up":[{"embeddable":true,"href":"https:\/\/blogs.univ-tlse2.fr\/cerises\/wp-json\/wp\/v2\/pages\/203"}],"wp:attachment":[{"href":"https:\/\/blogs.univ-tlse2.fr\/cerises\/wp-json\/wp\/v2\/media?parent=227"}],"curies":[{"name":"wp","href":"https:\/\/api.w.org\/{rel}","templated":true}]}}