 {"id":229,"date":"2013-01-10T16:36:26","date_gmt":"2013-01-10T15:36:26","guid":{"rendered":"https:\/\/blogs.univ-tlse2.fr\/cerises\/?page_id=229"},"modified":"2014-02-06T10:31:40","modified_gmt":"2014-02-06T09:31:40","slug":"champs-detudes","status":"publish","type":"page","link":"https:\/\/blogs.univ-tlse2.fr\/cerises\/formation\/poursuivre-dans-la-recherche\/champs-detudes\/","title":{"rendered":"Champs d&rsquo;\u00e9tudes"},"content":{"rendered":"<h1>Caract\u00e9risation de la nouvelle \u00e9conomie sociale<\/h1>\n<p align=\"justify\">Les pratiques \u00e9conomiques et sociales diverses qui rel\u00e8vent de cette appellation ont comme caract\u00e9ristiques communes :<\/p>\n<ul>\n<li>de se structurer de bas en haut \u00e0 partir d\u2019initiatives locales,<\/li>\n<li>de pouvoir associer des financements multiples (priv\u00e9, public et b\u00e9n\u00e9vole),<\/li>\n<li>de m\u00ealer des consid\u00e9rations sociales de justice et d\u2019\u00e9quit\u00e9 \u00e0 des imp\u00e9ratifs \u00e9conomiques de concurrence, de r\u00e9activit\u00e9, de solvabilisation de la demande et de professionnalisation de l\u2019offre,<\/li>\n<li>d\u2019ob\u00e9ir \u00e0 un projet \u00e9thique qui se manifeste par des chartes.<\/li>\n<\/ul>\n<h1>La nouvelle \u00e9conomie sociale p\u00e9n\u00e8tre tous les champs de la discipline<\/h1>\n<p align=\"justify\">La nouvelle \u00e9conomie sociale, qui repose sur la mutualisation des pratiques, la coop\u00e9ration et l\u2019association, peut \u00eatre divis\u00e9e en deux types de ressources et deux champs d\u2019utilisation.<\/p>\n<p align=\"justify\">Concernant le premier type de ressources, les investissements mutualisent des outils et des comp\u00e9tences, capitalisent des exp\u00e9riences, permettent d\u2019\u00e9changer des pratiques et d\u2019aider \u00e0 transf\u00e9rer des savoir-faire dans le domaine des outils de gestion et de d\u00e9marrage d\u2019entreprise. Ces ressources marquent la volont\u00e9 d\u2019assurer une veille sur les nouvelles formes de coop\u00e9ration, particuli\u00e8rement celles li\u00e9es au nouveau statut des SCIC ou sur la communication de ce qui se passe sur les diff\u00e9rentes r\u00e9gions dans ce domaine.<\/p>\n<p align=\"justify\">Le deuxi\u00e8me type de ressource concerne les diff\u00e9rents modes de micro-financement, des dispositifs de droit commun (EDEN, PCE, etc), des pr\u00eats solidaires aux pr\u00eats d\u2019honneur (ADIE, plate-forme, etc), aux participations et garanties (CIGALES, etc) jusqu\u2019aux cautionnements et aux diff\u00e9rents prets d\u2019honneur ou autres des banques coop\u00e9ratives.<\/p>\n<p align=\"justify\">Concernant les champs d\u2019utilisation de ces ressources, on peut rep\u00e9rer les champs de la production o\u00f9 l\u2019on trouve la philosophie de l\u2019aide au d\u00e9marrage proche du march\u00e9 (Union R\u00e9gionale des Entreprises d\u2019Insertion) jusqu\u2019\u00e0 la philosophie de l\u2019aide sociale (Comit\u00e9 d\u2019Organismes d\u2019aide aux ch\u00f4meurs) en passant par des formes interm\u00e9diaires (Groupement d\u2019employeurs pour l\u2019Insertion et la qualification ou les Club R\u00e9gionaux des Entreprises Pour l\u2019Insertion) et par les r\u00e9gies de quartiers. Mais on y trouve aussi les grandes enseignes de services de proximit\u00e9 et tout le champs des coop\u00e9ratives ;<\/p>\n<p align=\"justify\">Concernant le champ de la consommation, la r\u00e9partition et l\u2019\u00e9change, on peut regrouper les activit\u00e9s sur une base territoriale : la maisonn\u00e9e (les jardins familiaux), le quartier (les repas de quartier), la ville (les Syst\u00e8mes d\u2019Echanges Locaux), le pays (la d\u00e9mocratie locale) et le global (l\u2019\u00e9change \u00e9quitable).<\/p>\n<p align=\"justify\">Ce p\u00e9rim\u00e9trage doit s\u2019accompagner d\u2019un rep\u00e9rage des activit\u00e9s nouvelles dans le domaine de l\u2019\u00e9conomie sociale et solidaire, principalement au travers des services de proximit\u00e9.<\/p>\n<h1>La nature des innovations<\/h1>\n<p align=\"justify\">Au d\u00e9but des ann\u00e9es quatre-vingt, les mod\u00e8les de comp\u00e9tition technologique participaient \u00e0 l\u2019id\u00e9e que la technologie \u00e9tait devenue la nouvelle richesse des nations. Mais au m\u00eame moment, la fracture sociale progressive et la fracture digitale naissante, l\u2019effritement des espoirs que laissait sous-entendre un autre mod\u00e8le de soci\u00e9t\u00e9, poussaient \u00e0 d\u00e9celer les effets pervers de ces mod\u00e8les et certaines recherches se dirig\u00e8rent vers \u00ab l\u2019ombre \u00bb ou les interstices des soci\u00e9t\u00e9s riches. L\u00e0, on d\u00e9couvrait des modes de vie qui cherchaient \u00e0 marier une fa\u00e7on de produire la richesse sociale autrement que sur une base exclusivement mat\u00e9rielle et une r\u00e9partition du produit librement discut\u00e9e. Pourquoi alors ne pas utiliser la m\u00e9taphore de la veille technologique, comme processus cumulatif d\u2019exp\u00e9riences, appliqu\u00e9e au domaine social ? Pourquoi ne pas d\u00e9crire, observer, analyser ces bricolages \u00e9conomiques et sociaux, ces solidarit\u00e9s de proximit\u00e9, ces combinaisons de ressources financi\u00e8res, cette autre fa\u00e7on de structurer l\u2019activit\u00e9 \u00e9conomique en combinant l\u2019Etat et le march\u00e9 ? L\u2019hypoth\u00e8se retenue par un grand nombre de chercheurs et sur laquelle s\u2019appuie cette formation est que c\u2019est souvent aux marges que jaillissent les sources de l\u2019innovation.<\/p>\n<h1>Un domaine d\u2019\u00e9tude ouvert<\/h1>\n<p align=\"justify\">L\u2019\u00e9conomie sociale et solidaire n\u2019est pas \u00ab un tiers secteur \u00bb, si on con\u00e7oit ce terme comme signifiant un domaine \u00e9tanche, ferm\u00e9 sur lui-m\u00eame.<\/p>\n<p>L\u2019\u00e9conomie marchande non lucrative (qui ne signifie pas la gratuit\u00e9) est con\u00e7ue \u00e0 partir d\u2019une \u00e9conomie comp\u00e9titive, dot\u00e9e d\u2019un Etat fort. La question des <strong>externalit\u00e9s<\/strong> prend alors tout son sens.<\/p>\n<p align=\"justify\">Dans un contexte d\u2019\u00e9conomie mondialis\u00e9e, c\u2019est en comparant les co\u00fbts de coordination qui r\u00e9sultent souvent des \u00e9conomies d\u2019\u00e9chelle que l\u2019on peut mesurer <strong>les effets de proximit\u00e9<\/strong>.<\/p>\n<p align=\"justify\">La micro-finance, parce qu\u2019elle associe un accompagnement \u00e0 l\u2019obtention d\u2019un pr\u00eat d\u2019une personne en situation d\u2019exclusion, d\u00e9coule du ph\u00e9nom\u00e8ne de globalisation financi\u00e8re qui g\u00e8re statistiquement le risque. Le d\u00e9veloppement des syst\u00e8mes d\u2019\u00e9changes locaux met l\u2019accent sur la <strong>confiance<\/strong> qui est la premi\u00e8re dimension d\u2019une monnaie commune.<\/p>\n<p align=\"justify\">Le d\u00e9veloppement durable se con\u00e7oit \u00e0 l\u2019int\u00e9rieur d\u2019une observation critique du d\u00e9veloppement et de l\u2019id\u00e9e de progr\u00e8s. <strong>Le principe de pr\u00e9caution<\/strong> d\u00e9coule d\u2019une analyse des technosciences.<\/p>\n<p>A leur tour, externalit\u00e9s, effet de proximit\u00e9, confiance, principe de pr\u00e9caution alimentent le questionnement de l\u2019\u00e9conomie globale.<\/p>\n<h1>Un \u00e9largissement de l\u2019\u00e9conomie solidaire \u00e0 l\u2019\u00e9conomie informelle et populaire<\/h1>\n<p align=\"justify\">Du point de vue des politiques publiques, il s\u2019agit de bien mesurer le r\u00f4le que pourraient avoir les exclus de la croissance par une insertion \u00e9conomique au travers de l\u2019\u00e9conomie sociale et solidaire et non plus par une r\u00e9paration sociale de l\u2019Etat.<\/p>\n<h1 align=\"justify\">Autres sujets<\/h1>\n<p>Pour conna\u00eetre les centres d&rsquo;int\u00e9r\u00eat des chercheurs pr\u00e9sents \u00e0 l&rsquo;Universit\u00e9 du Mirail ou dans des universit\u00e9s partenaires, vous pouvez consulter cette liste de <a title=\"Th\u00e8mes de recherche\" href=\"https:\/\/blogs.univ-tlse2.fr\/cerises\/formation\/poursuivre-dans-la-recherche\/themes-de-recherche\/\">th\u00e8mes de recherche<\/a>.<\/p>\n","protected":false},"excerpt":{"rendered":"<p>Caract\u00e9risation de la nouvelle \u00e9conomie sociale Les pratiques \u00e9conomiques et sociales diverses qui rel\u00e8vent de cette appellation ont comme caract\u00e9ristiques communes : de se structurer de bas en haut \u00e0 partir d\u2019initiatives locales, de pouvoir associer des financements multiples (priv\u00e9, public et b\u00e9n\u00e9vole), de m\u00ealer des consid\u00e9rations sociales de justice et d\u2019\u00e9quit\u00e9 \u00e0 des imp\u00e9ratifs [&hellip;]<\/p>\n","protected":false},"author":157,"featured_media":0,"parent":203,"menu_order":2,"comment_status":"closed","ping_status":"open","template":"","meta":{"footnotes":""},"class_list":["post-229","page","type-page","status-publish","hentry"],"_links":{"self":[{"href":"https:\/\/blogs.univ-tlse2.fr\/cerises\/wp-json\/wp\/v2\/pages\/229","targetHints":{"allow":["GET"]}}],"collection":[{"href":"https:\/\/blogs.univ-tlse2.fr\/cerises\/wp-json\/wp\/v2\/pages"}],"about":[{"href":"https:\/\/blogs.univ-tlse2.fr\/cerises\/wp-json\/wp\/v2\/types\/page"}],"author":[{"embeddable":true,"href":"https:\/\/blogs.univ-tlse2.fr\/cerises\/wp-json\/wp\/v2\/users\/157"}],"replies":[{"embeddable":true,"href":"https:\/\/blogs.univ-tlse2.fr\/cerises\/wp-json\/wp\/v2\/comments?post=229"}],"version-history":[{"count":6,"href":"https:\/\/blogs.univ-tlse2.fr\/cerises\/wp-json\/wp\/v2\/pages\/229\/revisions"}],"predecessor-version":[{"id":2904,"href":"https:\/\/blogs.univ-tlse2.fr\/cerises\/wp-json\/wp\/v2\/pages\/229\/revisions\/2904"}],"up":[{"embeddable":true,"href":"https:\/\/blogs.univ-tlse2.fr\/cerises\/wp-json\/wp\/v2\/pages\/203"}],"wp:attachment":[{"href":"https:\/\/blogs.univ-tlse2.fr\/cerises\/wp-json\/wp\/v2\/media?parent=229"}],"curies":[{"name":"wp","href":"https:\/\/api.w.org\/{rel}","templated":true}]}}