 {"id":231,"date":"2013-01-10T16:36:44","date_gmt":"2013-01-10T15:36:44","guid":{"rendered":"https:\/\/blogs.univ-tlse2.fr\/cerises\/?page_id=231"},"modified":"2014-02-06T10:31:40","modified_gmt":"2014-02-06T09:31:40","slug":"debouches","status":"publish","type":"page","link":"https:\/\/blogs.univ-tlse2.fr\/cerises\/formation\/poursuivre-dans-la-recherche\/debouches\/","title":{"rendered":"D\u00e9bouch\u00e9s"},"content":{"rendered":"<p><span>Trois cat\u00e9gories de d\u00e9bouch\u00e9s peuvent \u00eatre identifi\u00e9s.<\/span><\/p>\n<p>Le master recherche est rattache \u00e0 l\u2019\u00c9cole doctorale \u00ab Temps, Espace, Soci\u00e9t\u00e9, Cultures (TESC)\u00bb. Le master recherche \u00ab E.I.D\u00bb rassemble divers champs disciplinaires : science \u00e9conomique, socio-\u00e9conomie, \u00e9conomie sociale et solidaire, \u00e9conomie spatiale et l\u2019anthropologie \u00e9conomique. Partant de l\u2019\u00e9conomie solidaire, les recherches s\u2019efforcent de tirer profit des enseignements d\u2019\u00e9conomie informelle d\u2019une part et des nouvelles technologies d\u2019autre part.<\/p>\n<ul>\n<li>Par \u00ab nouvelles \u00e9conomies sociales \u00bb il faut entendre l\u2019ensemble des exp\u00e9riences qui ne se situent pas exclusivement sur le march\u00e9 ou sur le champ de l\u2019Etat et des politiques publiques : il s\u2019agit de l\u2019\u00e9conomie solidaire \u00ab \u00e0 la fran\u00e7aise \u00bb mais \u00e9galement de l\u2019\u00e9conomie populaire (Am\u00e9rique latine et Afrique) et aussi de l\u2019\u00e9conomie informelle (Indes et \u00e9conomie des transactions non r\u00e9glement\u00e9es).<\/li>\n<li>Par ailleurs, les tentatives de rapprocher les nouvelles technologies de l\u2019\u00e9conomie sociale en terme pratique (internet solidaire, internet citoyen) sont ici \u00e9tudi\u00e9es sous l\u2019aspect conceptuel : effet de r\u00e9putation, th\u00e9orie du bazar, th\u00e9orie de r\u00e9seaux, etc.<\/li>\n<\/ul>\n<p>Ce renouveau de l\u2019\u00e9conomie sociale depuis vingt ans en France est un fait largement reconnu.<br \/>\nLa caract\u00e9risation de l\u2019\u00e9conomie solidaire, sa p\u00e9n\u00e9tration dans tous les champs de la discipline \u00e9conomique, la nature des innovations et les interactions avec l\u2019\u00e9conomie globale permettent de mieux cerner l\u2019ancrage th\u00e9orique et analytique du domaine \u00e9tudi\u00e9.<\/p>\n<p>Elle permet d\u2019identifier certains <strong>d\u00e9bouch\u00e9s professionnels<\/strong> pour les \u00e9tudiants de ce master recherche.<\/p>\n<h2>1 Les activit\u00e9s d\u2019enseignement et de recherche dans le monde universitaire<\/h2>\n<p>La discipline \u00e9conomique a connu au cours des derni\u00e8res ann\u00e9es un enrichissement profond au contact d\u2019autres disciplines comme la sociologie (sociologie des normes, sociologie de l\u2019innovation), la g\u00e9ographie (les districts) ou l\u2019anthropologie (th\u00e9orie des conventions, th\u00e9ories du don, etc). L\u2019approche socio-\u00e9conomique, d\u00e9velopp\u00e9e depuis longtemps dans le monde scientifique anglophone, a un fort potentiel de d\u00e9veloppement dans les universit\u00e9s francophones. Plusieurs universit\u00e9s se sont lanc\u00e9es dans des programmes de formations similaires.<\/p>\n<h2>2 Les activit\u00e9s de recherche, d&rsquo;expertise et de conseil aupr\u00e8s des organismes nationaux, locaux et r\u00e9gionaux de soutien \u00e0 l&rsquo;\u00e9conomie sociale et solidaire.<\/h2>\n<p>Les acteurs institutionnels (Administrations centrales ou d\u00e9centralis\u00e9es, collectivit\u00e9s territoriales, organismes consulaires, soci\u00e9t\u00e9s d\u2019\u00e9conomie mixte, certaines entreprises priv\u00e9es) sont aujourd\u2019hui \u00e0 la recherche de comp\u00e9tences pour pouvoir ma\u00eetriser la conception et la mise en oeuvre des politiques publiques dans ce domaine : il s\u2019agit d\u2019une part d\u2019\u00e9valuer les crit\u00e8res permettant de montrer qu\u2019une structure ob\u00e9it \u00e0 des chartes particuli\u00e8res, d\u2019autre part d\u2019expertiser ces exp\u00e9rimentations.<\/p>\n<h2>3 Les activit\u00e9s de coop\u00e9ration en vue d\u2019un d\u00e9veloppement \u00e9conomique et social solidaire dans les pays du Sud<\/h2>\n<p>Cela appara\u00eet comme une issue possible au maintien des populations autochtones dans le sud.<\/p>\n<p>Plusieurs exp\u00e9riences de micro-financement se sont d\u00e9velopp\u00e9es de fa\u00e7on identique. L\u2019urgence est maintenant au regroupement de ces activit\u00e9s et \u00e0 l\u2019analyse des r\u00e9sultats que l\u2019on peut en tirer.<\/p>\n","protected":false},"excerpt":{"rendered":"<p>Trois cat\u00e9gories de d\u00e9bouch\u00e9s peuvent \u00eatre identifi\u00e9s. Le master recherche est rattache \u00e0 l\u2019\u00c9cole doctorale \u00ab Temps, Espace, Soci\u00e9t\u00e9, Cultures (TESC)\u00bb. Le master recherche \u00ab E.I.D\u00bb rassemble divers champs disciplinaires : science \u00e9conomique, socio-\u00e9conomie, \u00e9conomie sociale et solidaire, \u00e9conomie spatiale et l\u2019anthropologie \u00e9conomique. Partant de l\u2019\u00e9conomie solidaire, les recherches s\u2019efforcent de tirer profit des enseignements [&hellip;]<\/p>\n","protected":false},"author":157,"featured_media":0,"parent":203,"menu_order":3,"comment_status":"closed","ping_status":"open","template":"","meta":{"footnotes":""},"class_list":["post-231","page","type-page","status-publish","hentry"],"_links":{"self":[{"href":"https:\/\/blogs.univ-tlse2.fr\/cerises\/wp-json\/wp\/v2\/pages\/231","targetHints":{"allow":["GET"]}}],"collection":[{"href":"https:\/\/blogs.univ-tlse2.fr\/cerises\/wp-json\/wp\/v2\/pages"}],"about":[{"href":"https:\/\/blogs.univ-tlse2.fr\/cerises\/wp-json\/wp\/v2\/types\/page"}],"author":[{"embeddable":true,"href":"https:\/\/blogs.univ-tlse2.fr\/cerises\/wp-json\/wp\/v2\/users\/157"}],"replies":[{"embeddable":true,"href":"https:\/\/blogs.univ-tlse2.fr\/cerises\/wp-json\/wp\/v2\/comments?post=231"}],"version-history":[{"count":5,"href":"https:\/\/blogs.univ-tlse2.fr\/cerises\/wp-json\/wp\/v2\/pages\/231\/revisions"}],"predecessor-version":[{"id":2905,"href":"https:\/\/blogs.univ-tlse2.fr\/cerises\/wp-json\/wp\/v2\/pages\/231\/revisions\/2905"}],"up":[{"embeddable":true,"href":"https:\/\/blogs.univ-tlse2.fr\/cerises\/wp-json\/wp\/v2\/pages\/203"}],"wp:attachment":[{"href":"https:\/\/blogs.univ-tlse2.fr\/cerises\/wp-json\/wp\/v2\/media?parent=231"}],"curies":[{"name":"wp","href":"https:\/\/api.w.org\/{rel}","templated":true}]}}