 {"id":244,"date":"2013-01-10T16:39:28","date_gmt":"2013-01-10T15:39:28","guid":{"rendered":"https:\/\/blogs.univ-tlse2.fr\/cerises\/?page_id=244"},"modified":"2014-02-06T10:31:56","modified_gmt":"2014-02-06T09:31:56","slug":"rencontres-interuniversitaires-de-leconomie-sociale-et-solidaire","status":"publish","type":"page","link":"https:\/\/blogs.univ-tlse2.fr\/cerises\/publications\/conferences-colloques\/rencontres-interuniversitaires-de-leconomie-sociale-et-solidaire\/","title":{"rendered":"Rencontres Interuniversitaires de l&rsquo;Economie Sociale et Solidaire"},"content":{"rendered":"<p><em>Les premi\u00e8res Rencontres ont eu lieu en 2001 \u00e0 Valenciennes, suivies de Lyon en 2002, Toulouse en 2003, Paris en 2004, Marseille en 2005, Grenoble en 2006, Rennes en 2007, Barcelone en 2008, etc : la suite sur <a href=\"http:\/\/www.riuess.org\/\" target=\"_blank\">www.riuess.org<\/a> !<!--more--><\/em><\/p>\n<p>Le R\u00e9seau Inter Universitaire de l&rsquo;Economie Sociale et Solidaire de langue fran\u00e7aise lanc\u00e9 en 2000 autour des Universit\u00e9s de Lyon 2 (Centre Walras), de la M\u00e9diterran\u00e9e, de Toulouse le Mirail (Cerises), de Valenciennes (R\u00e9seau 21), et du CRIDA \u00e0 Paris regroupe en outre aujourd&rsquo;hui l&rsquo;IEP de Grenoble, les Universit\u00e9s 1 et 2 de Rennes, l&rsquo;Universit\u00e9 de Saint-Etienne, l&rsquo;Universit\u00e9 de Louvain, l&rsquo;UQAM \u00e0 Montr\u00e9al, l&rsquo;Institut Universitaire d&rsquo;Etudes sur le D\u00e9veloppement \u00e0 Gen\u00e8ve.<\/p>\n<p>Depuis 2001, les membres du r\u00e9seau organisent \u00e0 leur tour chaque ann\u00e9e les Rencontres Inter Universitaires de l&rsquo;Economie Sociale et Solidaire, autour d&rsquo;un th\u00e8me choisi.<\/p>\n<h3>Premi\u00e8res Rencontres, Valenciennes, 28 f\u00e9vrier, 1-2 mars 2001, organisation R\u00e9seau 21<\/h3>\n<p>Nous n&rsquo;avons pas de textes issus de cette Rencontre<\/p>\n<h3>Deuxi\u00e8mes Rencontres, Lyon &#8211; 4, 5,6 et 7 Fevrier 2002, \u00ab\u00a0Sens et Port\u00e9e de l&rsquo;Economie Solidaire\u00a0\u00bb, organisation Centre Walras, Lyon 2<\/h3>\n<p>Actes du colloque. Une dizaine de texte sont disponibles sur notre site : Sens et Port\u00e9e de l&rsquo;\u00c9conomie Solidaire &#8211; 2\u00e8mes Rencontres<\/p>\n<h3>Troisi\u00e8mes Rencontres, Toulouse &#8211; 4,5 et 6 Mars 2003, \u00ab\u00a0Economie Sociale et Solidaire et Innovations\u00a0\u00bb, organisation Cerises-Gresoc<\/h3>\n<p>L&rsquo;innovation en \u00e9conomie solidaire &#8211; 3\u00e8mes Rencontres : les actes<\/p>\n<h3>Quatri\u00e8mes Rencontres, Paris, 14-15 avril 2004, \u00ab\u00a0Economie Sociale et Solidaire et D\u00e9mocratie\u00a0\u00bb, organisation Crida-Cnam<\/h3>\n<p>Nous n&rsquo;avons que deux textes de cette Rencontre :<\/p>\n<h4><a href=\"https:\/\/blogs.univ-tlse2.fr\/cerises\/files\/rencontres-interuniversitaires-de-leconomie-sociale-et-solidaire\/dim-soc-la-vulnerabilite.pdf\">La vuln\u00e9rabilit\u00e9 comme source de l&rsquo;innovation sociale au Nord et au Sud 4\u00e8mes Rencontres Interuniversitaires de l&rsquo;Economie Sociale et Solidaire, Paris, CNAM<\/a><\/h4>\n<p>Odile Castel, Universit\u00e9 de Rennes 1, &#111;d&#x69;l&#x65;&#46;&#x63;&#97;&#x73;&#116;e&#x6c;&#64;&#x75;n&#x69;v&#x2d;&#114;&#x65;&#110;n&#x65;s&#x31;&#46;&#x66;&#114;<br \/>\nJacques Prades, Cerises, Universit\u00e9 de Toulouse 2-Le-Mirail, &#x70;&#x72;&#x61;&#x64;&#x65;&#x73;&#x40;&#x75;&#x6e;&#x69;&#x76;&#45;&#116;&#108;&#115;e2&#46;fr<\/p>\n<p>La th\u00e9orie \u00e9conomique a retenu de Schumpeter l&rsquo;\u00e9tude des d\u00e9terminants \u00e9conomiques de l&rsquo;innovation technologique. Elle n&rsquo;a pas approfondi une autre orientation, celle des innovations d&rsquo;organisation. En prolongeant cette voie d\u00e9laiss\u00e9e, l&rsquo;innovation sociale appara\u00eet comme une r\u00e9ponse solidaire, coop\u00e9rative et relevant d&rsquo;initiatives locales l\u00e0 o\u00f9 l&rsquo;innovation d&rsquo;organisation ne faisait le plus souvent qu&rsquo;accompagner l&rsquo;innovation technologique. L&rsquo;innovation sociale renvoie \u00e0 une conception de la richesse qui repose davantage sur la densit\u00e9 du lien social que sur le strict accroissement des valeurs marchandes. Vu sous cet angle, les pays du sud apparaissent souvent comme les initiateurs de l&rsquo;innovation, de la m\u00eame mani\u00e8re que l&rsquo;on a pu constat\u00e9 que beaucoup d&rsquo;initiatives dans les pays \u00ab\u00a0riches\u00a0\u00bb proviennent des milieux les plus vuln\u00e9rables. C&rsquo;est alors qu&rsquo;on se dirige vers la g\u00e9ographie \u00e9conomique.<\/p>\n<h4><a href=\"https:\/\/blogs.univ-tlse2.fr\/cerises\/files\/rencontres-interuniversitaires-de-leconomie-sociale-et-solidaire\/eco-sol-allers-retours-Nord-Sud.pdf\">L&rsquo;\u00e9conomie solidaire et ses allers-retours du Nord au Sud: du Grand Soir aux petits matins<\/a><\/h4>\n<p>4\u00e8mes Rencontres Interuniversitaires de l&rsquo;Economie Sociale et Solidaire, Paris, CNAM Jean-Michel Servet, Professeur \u00e0 l&rsquo;Institut Universitaire d&rsquo;Etudes du D\u00e9veloppement de Gen\u00e8ve<\/p>\n<p>La force d&rsquo;innovation de l&rsquo;\u00e9conomie sociale et solidaire vient de sa capacit\u00e9 \u00e0 puiser son inspiration au-del\u00e0 de la culture \u00e9conomique du Nord. Les allers-retours d&rsquo;acteurs entre le Nord et le Sud permettent \u00e0 chacun d&rsquo;\u00e9largir son champ de vision et de d\u00e9couvrir les r\u00e9ponses les plus pertinentes aux d\u00e9fis socio-\u00e9conomiques rencontr\u00e9s. La dimension d\u00e9mocratique de l&rsquo;\u00e9conomie sociale et solidaire fournit alors la flexibilit\u00e9 n\u00e9cessaire \u00e0 une adaptation aux contextes.<\/p>\n<h3>Cinqui\u00e8mes Rencontres, Marseille, 11-12 mai 2005, \u00ab\u00a0Economie Sociale et Solidaire et Territoires\u00a0\u00bb, organisation Universit\u00e9 de la M\u00e9diterran\u00e9e<\/h3>\n<p>Actes du colloque \u00e0 t\u00e9l\u00e9charger sur www.univ-cefi.fr (rubrique colloque).<\/p>\n<h3>Sixi\u00e8mes Rencontres, Grenoble, 1-2 juin 2006, \u00ab\u00a0Economie Sociale et Solidaire et Europe: quel avenir \u00ab\u00a0&#8211; Organisation Institut d&rsquo;Etudes Poliques de Grenoble<\/h3>\n<p>Actes du colloque<\/p>\n<h3>Septi\u00e8mes Rencontres, Rennes, 23-24 mai 2007, \u00ab\u00a0Economie Sociale et Solidaire et ses responsabilit\u00e9s \u00ab\u00a0&#8211; Universit\u00e9 de Rennes<\/h3>\n<p>CD disponible \u00e0 Cerises<\/p>\n<h3>Huiti\u00e8mes Rencontres, Barcelone, 8-9 mai 2008, \u00ab\u00a0Economie Sociale et Solidaire, d\u00e9veloppement, mobilit\u00e9 et relocalisations\u00a0\u00bb- Universitat Abat Oliva CEU<\/h3>\n<p><a href=\"http:\/\/halshs.archives-ouvertes.fr\/RIUESS2008\" target=\"_blank\">Textes en ligne<\/a><\/p>\n<p>&nbsp;<\/p>\n","protected":false},"excerpt":{"rendered":"<p>Les premi\u00e8res Rencontres ont eu lieu en 2001 \u00e0 Valenciennes, suivies de Lyon en 2002, Toulouse en 2003, Paris en 2004, Marseille en 2005, Grenoble en 2006, Rennes en 2007, Barcelone en 2008, etc : la suite sur www.riuess.org !<\/p>\n","protected":false},"author":157,"featured_media":0,"parent":215,"menu_order":1,"comment_status":"closed","ping_status":"open","template":"","meta":{"footnotes":""},"class_list":["post-244","page","type-page","status-publish","hentry"],"_links":{"self":[{"href":"https:\/\/blogs.univ-tlse2.fr\/cerises\/wp-json\/wp\/v2\/pages\/244","targetHints":{"allow":["GET"]}}],"collection":[{"href":"https:\/\/blogs.univ-tlse2.fr\/cerises\/wp-json\/wp\/v2\/pages"}],"about":[{"href":"https:\/\/blogs.univ-tlse2.fr\/cerises\/wp-json\/wp\/v2\/types\/page"}],"author":[{"embeddable":true,"href":"https:\/\/blogs.univ-tlse2.fr\/cerises\/wp-json\/wp\/v2\/users\/157"}],"replies":[{"embeddable":true,"href":"https:\/\/blogs.univ-tlse2.fr\/cerises\/wp-json\/wp\/v2\/comments?post=244"}],"version-history":[{"count":10,"href":"https:\/\/blogs.univ-tlse2.fr\/cerises\/wp-json\/wp\/v2\/pages\/244\/revisions"}],"predecessor-version":[{"id":2952,"href":"https:\/\/blogs.univ-tlse2.fr\/cerises\/wp-json\/wp\/v2\/pages\/244\/revisions\/2952"}],"up":[{"embeddable":true,"href":"https:\/\/blogs.univ-tlse2.fr\/cerises\/wp-json\/wp\/v2\/pages\/215"}],"wp:attachment":[{"href":"https:\/\/blogs.univ-tlse2.fr\/cerises\/wp-json\/wp\/v2\/media?parent=244"}],"curies":[{"name":"wp","href":"https:\/\/api.w.org\/{rel}","templated":true}]}}