 {"id":2487,"date":"2013-01-30T18:16:46","date_gmt":"2013-01-30T17:16:46","guid":{"rendered":"https:\/\/blogs.univ-tlse2.fr\/cerises\/?page_id=2487"},"modified":"2014-02-06T10:32:18","modified_gmt":"2014-02-06T09:32:18","slug":"jean-pierre-azais","status":"publish","type":"page","link":"https:\/\/blogs.univ-tlse2.fr\/cerises\/experimentations\/coopatoit\/projets-de-co-habitat\/jean-pierre-azais\/","title":{"rendered":"Jean-Pierre Aza\u00efs"},"content":{"rendered":"<p>Juriste, Administrateur de l&rsquo;URSCOP Midi-Pyr\u00e9n\u00e9es, Co-dirigeant de la SCOP Orques, Co-fondateur de Cerises et Pr\u00e9sident de la commission arbitrale de la CGSCOP, conseiller coll\u00e8ge Economie sociale Tribunal des Prudhommes.<\/p>\n<h1>Autres membres de l\u2019\u00e9quipe<\/h1>\n<p><a title=\"Isabelle Matt\u00e9i\" href=\"https:\/\/blogs.univ-tlse2.fr\/cerises\/cerises\/lequipe\/isabelle-mattei\/\">Isabelle Matt\u00e9i, Tr\u00e9sori\u00e8re<\/a><\/p>\n<p><a title=\"Catherine Dehureau\" href=\"https:\/\/blogs.univ-tlse2.fr\/cerises\/experimentations\/coopatoit\/projets-de-co-habitat\/catherine-dehureau\/\">Catherine Dehureau, Correspondante<\/a><\/p>\n<p>Hubert Delanne, Architecte<\/p>\n<p><a title=\"Solen Martin\" href=\"https:\/\/blogs.univ-tlse2.fr\/cerises\/experimentations\/coopatoit\/projets-de-co-habitat\/solen-martin\/\">Solen Martin, stagiaire<\/a><\/p>\n<p><a title=\"Jacques Prades\" href=\"https:\/\/blogs.univ-tlse2.fr\/cerises\/experimentations\/coopatoit\/projets-de-co-habitat\/jacques-prades\/\">Jacques Prades, Chef de projet<\/a><\/p>\n","protected":false},"excerpt":{"rendered":"<p>Juriste, Administrateur de l&rsquo;URSCOP Midi-Pyr\u00e9n\u00e9es, Co-dirigeant de la SCOP Orques, Co-fondateur de Cerises et Pr\u00e9sident de la commission arbitrale de la CGSCOP, conseiller coll\u00e8ge Economie sociale Tribunal des Prudhommes. Autres membres de l\u2019\u00e9quipe Isabelle Matt\u00e9i, Tr\u00e9sori\u00e8re Catherine Dehureau, Correspondante Hubert Delanne, Architecte Solen Martin, stagiaire Jacques Prades, Chef de projet<\/p>\n","protected":false},"author":166,"featured_media":0,"parent":146,"menu_order":0,"comment_status":"closed","ping_status":"open","template":"","meta":{"footnotes":""},"class_list":["post-2487","page","type-page","status-publish","hentry"],"_links":{"self":[{"href":"https:\/\/blogs.univ-tlse2.fr\/cerises\/wp-json\/wp\/v2\/pages\/2487","targetHints":{"allow":["GET"]}}],"collection":[{"href":"https:\/\/blogs.univ-tlse2.fr\/cerises\/wp-json\/wp\/v2\/pages"}],"about":[{"href":"https:\/\/blogs.univ-tlse2.fr\/cerises\/wp-json\/wp\/v2\/types\/page"}],"author":[{"embeddable":true,"href":"https:\/\/blogs.univ-tlse2.fr\/cerises\/wp-json\/wp\/v2\/users\/166"}],"replies":[{"embeddable":true,"href":"https:\/\/blogs.univ-tlse2.fr\/cerises\/wp-json\/wp\/v2\/comments?post=2487"}],"version-history":[{"count":6,"href":"https:\/\/blogs.univ-tlse2.fr\/cerises\/wp-json\/wp\/v2\/pages\/2487\/revisions"}],"predecessor-version":[{"id":3035,"href":"https:\/\/blogs.univ-tlse2.fr\/cerises\/wp-json\/wp\/v2\/pages\/2487\/revisions\/3035"}],"up":[{"embeddable":true,"href":"https:\/\/blogs.univ-tlse2.fr\/cerises\/wp-json\/wp\/v2\/pages\/146"}],"wp:attachment":[{"href":"https:\/\/blogs.univ-tlse2.fr\/cerises\/wp-json\/wp\/v2\/media?parent=2487"}],"curies":[{"name":"wp","href":"https:\/\/api.w.org\/{rel}","templated":true}]}}