 {"id":2492,"date":"2013-01-30T18:34:52","date_gmt":"2013-01-30T17:34:52","guid":{"rendered":"https:\/\/blogs.univ-tlse2.fr\/cerises\/?page_id=2492"},"modified":"2014-02-06T10:32:18","modified_gmt":"2014-02-06T09:32:18","slug":"jacques-prades","status":"publish","type":"page","link":"https:\/\/blogs.univ-tlse2.fr\/cerises\/experimentations\/coopatoit\/projets-de-co-habitat\/jacques-prades\/","title":{"rendered":"Jacques Prades"},"content":{"rendered":"<div><span class=\"Apple-style-span\" style=\"line-height: 24px\">Chef de projet depuis 2000<\/span><\/div>\n<ul>\n<li><b><strong>2000-2001-2002 :\u00a0<\/strong>Rapport d\u2019expertises au SGAR Midi-Pyr\u00e9n\u00e9es\u00a0<\/b>: Expertise de 170 projets d\u2019\u00e9conomie sociale de l\u2019appel \u00e0 projets Dynamiques solidaires .<\/li>\n<li><strong>2001<\/strong> : Contrat Conseil R\u00e9gional Midi-Pyr\u00e9n\u00e9es\u00a0: <b>\u00ab L\u2019\u00e9tat des lieux de l\u2019\u00e9conomie solidaire en r\u00e9gion Midi-Pyr\u00e9n\u00e9es \u00bb.<\/b>\u2028 Chef de projet : J.Prades. Equipe : Th Servet, C. Bernard, C. Elbaz, J. Sabatier, J. F Bajodek.<\/li>\n<li><b>2003 : Rapport d\u2019\u00e9valuation<\/b> au SGAR Midi-Pyr\u00e9n\u00e9es : Expertise de 25 r\u00e9alisations en r\u00e9gion<strong><br \/>\n<\/strong><\/li>\n<li><b><\/b><b>2003-2006 :\u00a0<\/b>Contrat Caisse des D\u00e9p\u00f4ts et Consignations\u00a0: \u00ab Etude comparative de quatre formes coop\u00e9ratives : les CDC canadiens, les SCIC fran\u00e7aises, la Banca Etica italienne et la Corporation de Mondragon du pays basque espagnol. Chef de projet : J. Prades. Equipe : Josette Combes, Thomas Petit-Pszenny, Isabelle Matt\u00e9i, j<strong>anvier 2004- janvier 2006.<\/strong><\/li>\n<li><b><\/b><b>2005 :\u00a0<\/b>Contrat Plaine commune, communaut\u00e9 d\u2019agglom\u00e9ration \u00a0(Aubervilliers, Epinay-sur-Seine, Saint-Denis, Stains, Villetaneuse) : \u00ab Comment mobiliser des acteurs de l\u2019\u00e9conomie sociale en faveur du territoire communautaire ? \u00bb\u2028 Chef de projet : J. Prades. Equipe : Marius Chevallier, Yamina Mamou, Pierre Georges, Thomas Petit-Pszenny, B\u00e9renice Alcade, janvier 2005-janvier 2006<\/li>\n<li><b><\/b><b>2005-2007 :\u00a0<\/b>Contrat Fondation Andalouse\u00a0:<b>\u00a0<\/b>Les bonnes pratiques d\u2019appui \u00e0 l&rsquo;\u00e9mergence et au d\u00e9veloppement d&rsquo;id\u00e9es entrepreneuriales en \u00e9conomie sociale dans le Sud-Ouest Europ\u00e9en\u2028Jacques Prades et Marius Chevallier<\/li>\n<li><b><\/b><b>2006 :\u00a0<\/b>Contrat Plaine Commune :\u00a0&#8211; Pour un d\u00e9veloppement du territoire par la cr\u00e9ation de coop\u00e9ratives d\u2019habitation\u00a0: the gated communauty, la coop\u00e9rative int\u00e9gr\u00e9e, la coop\u00e9rative de logement non lucratif.<\/li>\n<li><b><\/b><b>2006 :\u00a0<\/b>Contrat Plaine Commune \u00a0&#8211; Rapport final sur les services de proximit\u00e9\u00a0: d\u00e9placement, logement, circuits courts.<\/li>\n<li><b><\/b><b>2006-2007 :\u00a0<\/b>Contrat Midi-Pyr\u00e9n\u00e9es \u00a0\u00ab\u00a0Strat\u00e9gies pour le d\u00e9veloppement de l\u2019\u00e9conomie locale\u00a0\u00bb<\/li>\n<li><b><\/b><b>2009 :\u00a0<\/b>Contrat Midi-Pyr\u00e9n\u00e9es\u00a0: cartographie des entreprises sociales et des initiatives solidaire.<\/li>\n<li><strong><\/strong><strong>2010-2012 :\u00a0<\/strong>Contrat europ\u00e9en\u00a0: \u00ab\u00a0Etude comparative France-Italie sur les formes coop\u00e9ratives au regard de l&rsquo;exclusion du travail\u00a0\u00bb.<\/li>\n<li><strong>\u00a0<\/strong><strong>2010-2011 :\u00a0<\/strong>Contrat Mimizan\u00a0: construction d&rsquo;une coop\u00e9rative de logements avec foncier appartenant \u00e0 la collectivit\u00e9. Statut SCIA<\/li>\n<li><strong><\/strong><strong>2012-2013 :\u00a0<\/strong>Contrat B\u00e8gles : construction d&rsquo;une coop\u00e9rative de logements avec foncier appartenant \u00e0 la collectivit\u00e9 et ma\u00eetrise d&rsquo;ouvrage par op\u00e9rateur HLM.<\/li>\n<\/ul>\n<h1>Autres membres de l\u2019\u00e9quipe<\/h1>\n<p><a title=\"Jean-Pierre Aza\u00efs\" href=\"https:\/\/blogs.univ-tlse2.fr\/cerises\/experimentations\/coopatoit\/projets-de-co-habitat\/jean-pierre-azais\/\">Jean-Pierre Aza\u00efs, Juriste<\/a><\/p>\n<p><a title=\"Isabelle Matt\u00e9i\" href=\"https:\/\/blogs.univ-tlse2.fr\/cerises\/cerises\/lequipe\/isabelle-mattei\/\">Isabelle Matt\u00e9i, Tr\u00e9sori\u00e8re<\/a><\/p>\n<p><a title=\"Catherine Dehureau\" href=\"https:\/\/blogs.univ-tlse2.fr\/cerises\/experimentations\/coopatoit\/projets-de-co-habitat\/catherine-dehureau\/\">Catherine Dehureau, Correspondante<\/a><\/p>\n<p>Hubert Delanne, Architecte<\/p>\n<p><a title=\"Solen Martin\" href=\"https:\/\/blogs.univ-tlse2.fr\/cerises\/experimentations\/coopatoit\/projets-de-co-habitat\/solen-martin\/\">Solen Martin, stagiaire<\/a><\/p>\n","protected":false},"excerpt":{"rendered":"<p>Chef de projet depuis 2000 2000-2001-2002 :\u00a0Rapport d\u2019expertises au SGAR Midi-Pyr\u00e9n\u00e9es\u00a0: Expertise de 170 projets d\u2019\u00e9conomie sociale de l\u2019appel \u00e0 projets Dynamiques solidaires . 2001 : Contrat Conseil R\u00e9gional Midi-Pyr\u00e9n\u00e9es\u00a0: \u00ab L\u2019\u00e9tat des lieux de l\u2019\u00e9conomie solidaire en r\u00e9gion Midi-Pyr\u00e9n\u00e9es \u00bb.\u2028 Chef de projet : J.Prades. Equipe : Th Servet, C. Bernard, C. Elbaz, J. [&hellip;]<\/p>\n","protected":false},"author":166,"featured_media":0,"parent":146,"menu_order":4,"comment_status":"closed","ping_status":"open","template":"","meta":{"footnotes":""},"class_list":["post-2492","page","type-page","status-publish","hentry"],"_links":{"self":[{"href":"https:\/\/blogs.univ-tlse2.fr\/cerises\/wp-json\/wp\/v2\/pages\/2492","targetHints":{"allow":["GET"]}}],"collection":[{"href":"https:\/\/blogs.univ-tlse2.fr\/cerises\/wp-json\/wp\/v2\/pages"}],"about":[{"href":"https:\/\/blogs.univ-tlse2.fr\/cerises\/wp-json\/wp\/v2\/types\/page"}],"author":[{"embeddable":true,"href":"https:\/\/blogs.univ-tlse2.fr\/cerises\/wp-json\/wp\/v2\/users\/166"}],"replies":[{"embeddable":true,"href":"https:\/\/blogs.univ-tlse2.fr\/cerises\/wp-json\/wp\/v2\/comments?post=2492"}],"version-history":[{"count":29,"href":"https:\/\/blogs.univ-tlse2.fr\/cerises\/wp-json\/wp\/v2\/pages\/2492\/revisions"}],"predecessor-version":[{"id":3440,"href":"https:\/\/blogs.univ-tlse2.fr\/cerises\/wp-json\/wp\/v2\/pages\/2492\/revisions\/3440"}],"up":[{"embeddable":true,"href":"https:\/\/blogs.univ-tlse2.fr\/cerises\/wp-json\/wp\/v2\/pages\/146"}],"wp:attachment":[{"href":"https:\/\/blogs.univ-tlse2.fr\/cerises\/wp-json\/wp\/v2\/media?parent=2492"}],"curies":[{"name":"wp","href":"https:\/\/api.w.org\/{rel}","templated":true}]}}