 {"id":2590,"date":"2013-02-07T19:30:37","date_gmt":"2013-02-07T18:30:37","guid":{"rendered":"https:\/\/blogs.univ-tlse2.fr\/cerises\/?page_id=2590"},"modified":"2014-02-06T10:31:41","modified_gmt":"2014-02-06T09:31:41","slug":"articles-2003","status":"publish","type":"page","link":"https:\/\/blogs.univ-tlse2.fr\/cerises\/publications\/articles\/articles-parus-dans-des-revues-sans-comite-de-lecture\/articles-2003\/","title":{"rendered":"Articles 2003"},"content":{"rendered":"<h3><a href=\"https:\/\/blogs.univ-tlse2.fr\/cerises\/files\/publications-issues-des-travaux-de-cerises\/vues-une-coupe-transversale.pdf\">Une coupe transversale de l\u2019\u00e9conomie solidaire en r\u00e9gion Midi-Pyr\u00e9n\u00e9es RERU<\/a><\/h3>\n<p><em>2003-2,<br \/>\nJacques Prades<\/em><\/p>\n<p>L\u2019objet de cette note de recherche est de proposer une \u00e9valuation quantitative du poids respectif des diff\u00e9rentes structures relevant de l\u2019\u00e9conomie solidaire en r\u00e9gion Midi Pyr\u00e9n\u00e9es. Le choix d\u2019un angle d\u2019\u00e9tude \u00e0 partir de donn\u00e9es r\u00e9gionales est dict\u00e9 par la structuration de ce domaine d\u2019activit\u00e9 qui \u00e9mane d\u2019initiatives locales. Comme ce processus est encore h\u00e9sitant et incertain, il convient de s\u00e9rier au plus pr\u00e8s les pratiques \u00e9mergentes<\/p>\n<h3><a href=\"https:\/\/blogs.univ-tlse2.fr\/cerises\/files\/articles-2003\/IG-RECMA.pdf\">Economie Solidaire et in\u00e9galit\u00e9s de genre : une approche en terme de justice sociale RECMA<\/a><\/h3>\n<p><em>n\u00b0289 juillet 2003<\/em><br \/>\n<em> Isabelle Gu\u00e9rin (LPED-IFP Pondich\u00e9ry)<\/em><\/p>\n<p>En nous appuyant sur deux \u00e9tudes de cas emprunt\u00e9es \u00e0 des contextes aussi vari\u00e9s que la France et le S\u00e9n\u00e9gal, nous sugg\u00e9rons les hypoth\u00e8ses suivantes. L\u2019\u00e9conomie solidaire, de par sa capacit\u00e9 \u00e0 repenser l\u2019articulation entre famille, \u00ab march\u00e9 \u00bb, autorit\u00e9s publiques et soci\u00e9t\u00e9 civile, offre une opportunit\u00e9 in\u00e9dite pour penser la lutte contre les in\u00e9galit\u00e9s de genre.<\/p>\n<h3><a href=\"https:\/\/blogs.univ-tlse2.fr\/cerises\/files\/articles-parus-dans-des-revues-a-comite-de-lecture\/Prades-v-finale2.pdf\">De la mesure de la richesse \u00e9conomique RES<\/a><\/h3>\n<p><em>n\u00b02 -vol 35 2003<\/em><br \/>\n<em> Jacques Prades<\/em><\/p>\n<p>Les indicateurs de performance sont l\u2019objet en France de r\u00e9serves r\u00e9p\u00e9t\u00e9es. L\u2019objet de cet article est d\u2019\u00e9claircir les concepts de productivit\u00e9 et de PIB puis d\u2019\u00e9voquer les difficult\u00e9s que rencontre cette conceptualisation de la croissance dans des domaines particuliers. En dissipant quelques malentendus, l\u2019article en tire des conclusions sur l\u2019\u00e9conomie sociale et solidaire.<\/p>\n","protected":false},"excerpt":{"rendered":"<p>Une coupe transversale de l\u2019\u00e9conomie solidaire en r\u00e9gion Midi-Pyr\u00e9n\u00e9es RERU 2003-2, Jacques Prades L\u2019objet de cette note de recherche est de proposer une \u00e9valuation quantitative du poids respectif des diff\u00e9rentes structures relevant de l\u2019\u00e9conomie solidaire en r\u00e9gion Midi Pyr\u00e9n\u00e9es. Le choix d\u2019un angle d\u2019\u00e9tude \u00e0 partir de donn\u00e9es r\u00e9gionales est dict\u00e9 par la structuration de [&hellip;]<\/p>\n","protected":false},"author":157,"featured_media":0,"parent":237,"menu_order":28,"comment_status":"closed","ping_status":"open","template":"","meta":{"footnotes":""},"class_list":["post-2590","page","type-page","status-publish","hentry"],"_links":{"self":[{"href":"https:\/\/blogs.univ-tlse2.fr\/cerises\/wp-json\/wp\/v2\/pages\/2590","targetHints":{"allow":["GET"]}}],"collection":[{"href":"https:\/\/blogs.univ-tlse2.fr\/cerises\/wp-json\/wp\/v2\/pages"}],"about":[{"href":"https:\/\/blogs.univ-tlse2.fr\/cerises\/wp-json\/wp\/v2\/types\/page"}],"author":[{"embeddable":true,"href":"https:\/\/blogs.univ-tlse2.fr\/cerises\/wp-json\/wp\/v2\/users\/157"}],"replies":[{"embeddable":true,"href":"https:\/\/blogs.univ-tlse2.fr\/cerises\/wp-json\/wp\/v2\/comments?post=2590"}],"version-history":[{"count":8,"href":"https:\/\/blogs.univ-tlse2.fr\/cerises\/wp-json\/wp\/v2\/pages\/2590\/revisions"}],"predecessor-version":[{"id":2939,"href":"https:\/\/blogs.univ-tlse2.fr\/cerises\/wp-json\/wp\/v2\/pages\/2590\/revisions\/2939"}],"up":[{"embeddable":true,"href":"https:\/\/blogs.univ-tlse2.fr\/cerises\/wp-json\/wp\/v2\/pages\/237"}],"wp:attachment":[{"href":"https:\/\/blogs.univ-tlse2.fr\/cerises\/wp-json\/wp\/v2\/media?parent=2590"}],"curies":[{"name":"wp","href":"https:\/\/api.w.org\/{rel}","templated":true}]}}