 {"id":2600,"date":"2013-02-07T19:40:33","date_gmt":"2013-02-07T18:40:33","guid":{"rendered":"https:\/\/blogs.univ-tlse2.fr\/cerises\/?page_id=2600"},"modified":"2014-02-06T10:31:41","modified_gmt":"2014-02-06T09:31:41","slug":"articles-2005","status":"publish","type":"page","link":"https:\/\/blogs.univ-tlse2.fr\/cerises\/publications\/articles\/articles-parus-dans-des-revues-sans-comite-de-lecture\/articles-2005\/","title":{"rendered":"Articles 2005"},"content":{"rendered":"<h3><a href=\"https:\/\/blogs.univ-tlse2.fr\/cerises\/files\/articles-parus-dans-des-revues-a-comite-de-lecture\/guerin-MicrofiLocGlob-version-courte.pdf\">L&rsquo;\u00e9conomie sociale et solidaire entre le local et le global : l&rsquo;exemple de la microfinance<\/a><\/h3>\n<p><em>RECMA, n\u00b0296 mai 2005<\/em><br \/>\n<em> Isabelle Gu\u00e9rin (LPED-IFP Pondich\u00e9ry)<\/em><br \/>\n<em> Jean-Michel Servet (IUED Gen\u00e8ve)<\/em><\/p>\n<p>La microfinance, au coeur de cet article, recouvre des services financiers destin\u00e9s \u00e0 des populations en marge de la finance dite formelle, caract\u00e9ristis\u00e9s par des montants unitaires faibles, qui sont souvent envisag\u00e9s dans leur dimension locale. A l\u2019instar de l\u2019ensemble des initiatives d\u2019\u00e9conomie solidaire, la l\u00e9gitimit\u00e9 et l\u2019efficacit\u00e9 de la microfinance supposent un ancrage territorial fort. Les auteurs montrent toutefois que, plus que d\u2019autres \u00e9l\u00e9ments constitutifs de l\u2019\u00e9conomie solidaire, la microfinance est mondialis\u00e9e, au sens o\u00f9 des mod\u00e8les analogues se rencontrent dans les r\u00e9gions les plus diverses du globe. Les dispositifs de microfinance sont \u00e0 l\u2019\u00e9chelle plan\u00e9taire des supports de flux de techniques, d\u2019informations et de capitaux qui relient des instances et des institutions diverses. ONG locales, ONG internationales, fondations et groupes de pression institu\u00e9s, gouvernements locaux, nationaux et f\u00e9d\u00e9raux et institutions de coop\u00e9ration bilat\u00e9rales et multilat\u00e9rales contribuent \u00e0 une dynamique d\u2019hybridation des ressources.<\/p>\n<h3><a href=\"https:\/\/blogs.univ-tlse2.fr\/cerises\/files\/publications-issues-des-travaux-de-cerises\/2005-mondragon.pdf\">L\u2019\u00e9nigme de Mondragon, comprendre le sens de l\u2019exp\u00e9rience<\/a><\/h3>\n<p><em>RECMA, n\u00b0296, 2005<\/em><br \/>\n<em> Jacques Prades, Universit\u00e9 Toulouse 2 Le Mirail, Cerises, &#x70;&#114;ad&#x65;&#x73;&#64;u&#x6e;&#x69;&#118;-t&#x6c;&#115;e2&#x2e;&#x66;&#114;<\/em><\/p>\n<p>Cet article cherche \u00e0 \u00e9clairer le contexte historique dans lequel s\u2019est d\u00e9velopp\u00e9 le district coop\u00e9ratif de Mondragon et \u00e0 comprendre ce qu\u2019est aujourd\u2019hui Mondragon Corporacion Cooperativa (MCC), \u00e0 la veille de son cinquanti\u00e8me anniversaire. D\u2019une strat\u00e9gie parfois contest\u00e9e \u00e0 la question sociale, de nombreuses facettes de cette exp\u00e9rience sont explor\u00e9es. La dimension du territoire est ici centrale. L\u2019auteur d\u00e9fend la th\u00e8se selon laquelle la coop\u00e9ration r\u00e9sulte du territoire et non l\u2019inverse, ce qui confirme l\u2019id\u00e9e selon laquelle l\u2019\u00e9conomie sociale se love dans une histoire et une g\u00e9ographie sp\u00e9cifiques. De l\u2019exp\u00e9rience de Mondragon peuvent \u00eatre tir\u00e9s un certain nombre d\u2019enseignements, parfois inattendus.<\/p>\n","protected":false},"excerpt":{"rendered":"<p>L&rsquo;\u00e9conomie sociale et solidaire entre le local et le global : l&rsquo;exemple de la microfinance RECMA, n\u00b0296 mai 2005 Isabelle Gu\u00e9rin (LPED-IFP Pondich\u00e9ry) Jean-Michel Servet (IUED Gen\u00e8ve) La microfinance, au coeur de cet article, recouvre des services financiers destin\u00e9s \u00e0 des populations en marge de la finance dite formelle, caract\u00e9ristis\u00e9s par des montants unitaires faibles, [&hellip;]<\/p>\n","protected":false},"author":157,"featured_media":0,"parent":237,"menu_order":26,"comment_status":"closed","ping_status":"open","template":"","meta":{"footnotes":""},"class_list":["post-2600","page","type-page","status-publish","hentry"],"_links":{"self":[{"href":"https:\/\/blogs.univ-tlse2.fr\/cerises\/wp-json\/wp\/v2\/pages\/2600","targetHints":{"allow":["GET"]}}],"collection":[{"href":"https:\/\/blogs.univ-tlse2.fr\/cerises\/wp-json\/wp\/v2\/pages"}],"about":[{"href":"https:\/\/blogs.univ-tlse2.fr\/cerises\/wp-json\/wp\/v2\/types\/page"}],"author":[{"embeddable":true,"href":"https:\/\/blogs.univ-tlse2.fr\/cerises\/wp-json\/wp\/v2\/users\/157"}],"replies":[{"embeddable":true,"href":"https:\/\/blogs.univ-tlse2.fr\/cerises\/wp-json\/wp\/v2\/comments?post=2600"}],"version-history":[{"count":6,"href":"https:\/\/blogs.univ-tlse2.fr\/cerises\/wp-json\/wp\/v2\/pages\/2600\/revisions"}],"predecessor-version":[{"id":2937,"href":"https:\/\/blogs.univ-tlse2.fr\/cerises\/wp-json\/wp\/v2\/pages\/2600\/revisions\/2937"}],"up":[{"embeddable":true,"href":"https:\/\/blogs.univ-tlse2.fr\/cerises\/wp-json\/wp\/v2\/pages\/237"}],"wp:attachment":[{"href":"https:\/\/blogs.univ-tlse2.fr\/cerises\/wp-json\/wp\/v2\/media?parent=2600"}],"curies":[{"name":"wp","href":"https:\/\/api.w.org\/{rel}","templated":true}]}}