 {"id":262,"date":"2013-01-11T11:39:39","date_gmt":"2013-01-11T10:39:39","guid":{"rendered":"https:\/\/blogs.univ-tlse2.fr\/cerises\/?page_id=262"},"modified":"2014-02-06T10:31:56","modified_gmt":"2014-02-06T09:31:56","slug":"methode-de-classification-en-4-categories","status":"publish","type":"page","link":"https:\/\/blogs.univ-tlse2.fr\/cerises\/experimentations\/principes-suivis-pour-lanalyse\/methode-de-classification-en-4-categories\/","title":{"rendered":"M\u00e9thode de classification en 4 cat\u00e9gories"},"content":{"rendered":"<div><span>Pour une pr\u00e9sentation d\u00e9taill\u00e9e, voir les documents suivants:<\/span><\/div>\n<p><a href=\"https:\/\/blogs.univ-tlse2.fr\/cerises\/files\/publications-issues-des-travaux-de-cerises\/methodo-presentation-11-janvier.pdf\">M\u00e9thodologie Etat des lieux<\/a><br \/>\n<a href=\"https:\/\/blogs.univ-tlse2.fr\/cerises\/files\/publications-issues-des-travaux-de-cerises\/methodo-resumes-en-diapos.pdf\">M\u00e9thodologie \u00e9tat des lieux &#8211; r\u00e9sum\u00e9s en diapositives<\/a><\/p>\n<p>Au fur et \u00e0 mesure des <a title=\"Les expertises de Cerises\" href=\"https:\/\/blogs.univ-tlse2.fr\/cerises\/experimentations\/les-expertises-de-cerises\/\">expertises r\u00e9alis\u00e9es sur plusieurs territoires fran\u00e7ais, europ\u00e9ens et qu\u00e9b\u00e9cois<\/a>, Cerises a mis en place une m\u00e9thodologie d&rsquo;\u00e9tat des lieux dans une perspective d&rsquo;agglom\u00e9ration des activit\u00e9s.<\/p>\n<p>La classification en 4 cat\u00e9gories (<a title=\"Ressources informationnelles\" href=\"https:\/\/blogs.univ-tlse2.fr\/cerises\/experimentations\/ressources-informationnelles\/\">ressources informationnelles<\/a>, <a title=\"Ressources financi\u00e8res\" href=\"https:\/\/blogs.univ-tlse2.fr\/cerises\/experimentations\/ressources-financieres\/\">ressources financi\u00e8res<\/a>, <a title=\"Production \u2013 Entreprises sociales\" href=\"https:\/\/blogs.univ-tlse2.fr\/cerises\/experimentations\/production-entreprises-sociales\/\">production<\/a>, <a title=\"Consommation \u2013 R\u00e9partition des \u00e9changes \u2013 Initiatives solidaires\" href=\"https:\/\/blogs.univ-tlse2.fr\/cerises\/experimentations\/consommation-repartition-des-echanges-initiatives-solidaires\/\">consommation<\/a>) des initiatives \u00e9tudi\u00e9es a pour principale fonction de toujours rappeler que le d\u00e9veloppement d&rsquo;une \u00e9conomie sociale et solidaire ne peut se faire que si l&rsquo;on s&rsquo;appuie sur la compl\u00e9mentarit\u00e9 de toutes ces initiatives pour agglom\u00e9rer leurs activit\u00e9s.<\/p>\n<h1>LES 4 CATEGORIES<\/h1>\n<p>Les initiatives solidaires et les entreprises sociales sont des structures \u00e9conomiques \u00e0 finalit\u00e9 politique ou sociale. Cerises met tout particuli\u00e8rement l\u2019accent sur le maillage (l&rsquo;agglom\u00e9ration d&rsquo;activit\u00e9s) constitu\u00e9 des relations entre structures, dans lequel l\u2019exp\u00e9rience \u00e9tudi\u00e9e est incluse. En effet, la r\u00e9ussite d\u2019une initiative \u00e9conomique d\u00e9pend largement des relations compl\u00e9mentaires avec les autres structures d\u2019un territoire.<\/p>\n<p>Ainsi Cerises classe les initiatives dans les 4 cat\u00e9gories qui constituent cette rubrique \u00ab\u00a0initiatives\u00a0\u00bb et identifie les liens qui sont mis en \u0153uvre entre la structure \u00e9tudi\u00e9e et d\u2019autres structures relevant de cat\u00e9gories distinctes :<\/p>\n<ul>\n<li><a title=\"Ressources informationnelles\" href=\"https:\/\/blogs.univ-tlse2.fr\/cerises\/experimentations\/ressources-informationnelles\/\">ressources informationnelles<\/a><\/li>\n<li><a title=\"Ressources financi\u00e8res\" href=\"https:\/\/blogs.univ-tlse2.fr\/cerises\/experimentations\/ressources-financieres\/\">ressources financi\u00e8res<\/a><\/li>\n<li><a title=\"Production \u2013 Entreprises sociales\" href=\"https:\/\/blogs.univ-tlse2.fr\/cerises\/experimentations\/production-entreprises-sociales\/\">entreprises sociales<\/a> : structures mobilisant des ressources financi\u00e8res et informationnelles pour produire<\/li>\n<li><a title=\"Consommation \u2013 R\u00e9partition des \u00e9changes \u2013 Initiatives solidaires\" href=\"https:\/\/blogs.univ-tlse2.fr\/cerises\/experimentations\/consommation-repartition-des-echanges-initiatives-solidaires\/\">initiatives solidaires<\/a> : structures mobilisant des ressources financi\u00e8res et informationnelles pour organiser la consommation.<\/li>\n<\/ul>\n<p>Ce qui distingue ces deux derni\u00e8res cat\u00e9gories est couramment \u00e9voqu\u00e9 par la diff\u00e9rence conceptuelle entre la \u00ab cr\u00e9ation d&rsquo;entreprises \u00bb et la \u00ab cr\u00e9ation d&rsquo;activit\u00e9 \u00bb (initiatives non entrepreneuriales : les deux peuvent g\u00e9n\u00e9rer de l&#8217;emploi mais la cr\u00e9ation d&rsquo;entreprise n\u00e9cessite une gestion pouvant glisser vers la lucrativit\u00e9 (c&rsquo;est la raison pour laquelle des chartes parcourent tout le champ de l&rsquo;\u00e9conomie solidaire) alors que la cr\u00e9ation d&rsquo;activit\u00e9 cherche \u00e0 assurer une gestion d\u00e9sint\u00e9ress\u00e9e et \u00e9quilibr\u00e9e des budgets. Une autre mani\u00e8re de distinguer les activit\u00e9s sur un autre r\u00e9f\u00e9rentiel est de s\u00e9parer celles qui rel\u00e8vent des valeurs d&rsquo;\u00e9change et celles qui rel\u00e8vent des valeurs d&rsquo;usage.<\/p>\n<h2>ECONOMIE SOCIALE ET SOLIDAIRE &amp; TRIANGLE DES ENTREPRISES SOCIALES ET DES INITIATIVES SOLIDAIRES<\/h2>\n<p>M\u00eame si nous nous pla\u00e7ons d\u00e9lib\u00e9r\u00e9ment dans un refus d&rsquo;opposer l&rsquo;\u00e9conomie sociale et l&rsquo;\u00e9conomie solidaire, des diff\u00e9rences existent et le r\u00e9alisme m\u00e9thodologique n\u00e9cessite d&rsquo;analyser ces deux champs s\u00e9par\u00e9ment. Notamment il est ais\u00e9 de rep\u00e9rer les structures de l&rsquo;\u00e9conomie sociale puisqu&rsquo;elles sont statutairement d\u00e9finies (mutuelles, coop\u00e9ratives, associations de production) et identifi\u00e9es dans les bases de donn\u00e9es de l&rsquo;INSEE), tandis que les structures dites d&rsquo;\u00e9conomie solidaire sont plus difficilement identifiables.<\/p>\n<p>De nombreux d\u00e9bats se posent la question d&rsquo;une d\u00e9finition de cette \u00e9conomie solidaire. Nous proposons de donner une d\u00e9finition tr\u00e8s g\u00e9n\u00e9rale et de la compl\u00e9ter par une repr\u00e9sentation graphique. Notre souci est de ne pas bloquer le d\u00e9veloppement des initiatives solidaires et des entreprises sociales par une d\u00e9finition trop pr\u00e9cise et donc excluante.<\/p>\n<p>Pour \u00e9viter de devoir donner une unique d\u00e9finition id\u00e9al-typique de l&rsquo;\u00e9conomie solidaire, Cerises propose le triangle ci-dessous (exemple pris dans le rapport r\u00e9alis\u00e9 lors de l&rsquo;\u00e9tat des lieux Midi Pyr\u00e9n\u00e9es). Le principe est de consid\u00e9rer un continuum de structures de l&rsquo;\u00e9conomie solidaire. <strong>Une structure rel\u00e8ve de l&rsquo;\u00e9conomie solidaire lorsqu&rsquo;elle est \u00e9conomique et qu&rsquo;elle a un ou plusieurs mobiles politiques<\/strong>. La <strong>dimension \u00e9conomique<\/strong> se retrouve sur l&rsquo;axe horizontal selon que la structure fait plus appel \u00e0 des ressources publiques ou des ressources priv\u00e9es. La <strong>dimension politique<\/strong> se retrouve sur l&rsquo;axe horizontale selon que l&rsquo;on consid\u00e8re l&rsquo;\u00e9conomie solidaire plut\u00f4t dans un r\u00f4le social d&rsquo;insertion ou dans son r\u00f4le de r\u00e9sistance au mod\u00e8le \u00e9conomique dominant. La repr\u00e9sentation ci-dessous n&rsquo;est pas rigide: il ne s&rsquo;agissait pas de quitter un probl\u00e8me de d\u00e9finition pour tomber dans un probl\u00e8me de repr\u00e9sentation mais de proposer une outil de repr\u00e9sentation que les acteurs puissent r\u00e9utiliser.<\/p>\n<p>Cette rubrique n&rsquo;a pas vocation \u00e0 d\u00e9crire un unique territoire et ne peut donc donner une perspective compl\u00e8te d&rsquo;agglom\u00e9ration d&rsquo;activit\u00e9s. Pour obtenir de tels exemples, vous pouvez t\u00e9l\u00e9charger le rapport \u00ab\u00a0Comment mobiliser les acteurs de l&rsquo;\u00e9conomie sociale et solidaire en faveur de leur territoire de Plaine Commune?\u00a0\u00bb<\/p>\n","protected":false},"excerpt":{"rendered":"<p>Pour une pr\u00e9sentation d\u00e9taill\u00e9e, voir les documents suivants: M\u00e9thodologie Etat des lieux M\u00e9thodologie \u00e9tat des lieux &#8211; r\u00e9sum\u00e9s en diapositives Au fur et \u00e0 mesure des expertises r\u00e9alis\u00e9es sur plusieurs territoires fran\u00e7ais, europ\u00e9ens et qu\u00e9b\u00e9cois, Cerises a mis en place une m\u00e9thodologie d&rsquo;\u00e9tat des lieux dans une perspective d&rsquo;agglom\u00e9ration des activit\u00e9s. La classification en 4 [&hellip;]<\/p>\n","protected":false},"author":157,"featured_media":0,"parent":150,"menu_order":2,"comment_status":"closed","ping_status":"open","template":"","meta":{"footnotes":""},"class_list":["post-262","page","type-page","status-publish","hentry"],"_links":{"self":[{"href":"https:\/\/blogs.univ-tlse2.fr\/cerises\/wp-json\/wp\/v2\/pages\/262","targetHints":{"allow":["GET"]}}],"collection":[{"href":"https:\/\/blogs.univ-tlse2.fr\/cerises\/wp-json\/wp\/v2\/pages"}],"about":[{"href":"https:\/\/blogs.univ-tlse2.fr\/cerises\/wp-json\/wp\/v2\/types\/page"}],"author":[{"embeddable":true,"href":"https:\/\/blogs.univ-tlse2.fr\/cerises\/wp-json\/wp\/v2\/users\/157"}],"replies":[{"embeddable":true,"href":"https:\/\/blogs.univ-tlse2.fr\/cerises\/wp-json\/wp\/v2\/comments?post=262"}],"version-history":[{"count":4,"href":"https:\/\/blogs.univ-tlse2.fr\/cerises\/wp-json\/wp\/v2\/pages\/262\/revisions"}],"predecessor-version":[{"id":2993,"href":"https:\/\/blogs.univ-tlse2.fr\/cerises\/wp-json\/wp\/v2\/pages\/262\/revisions\/2993"}],"up":[{"embeddable":true,"href":"https:\/\/blogs.univ-tlse2.fr\/cerises\/wp-json\/wp\/v2\/pages\/150"}],"wp:attachment":[{"href":"https:\/\/blogs.univ-tlse2.fr\/cerises\/wp-json\/wp\/v2\/media?parent=262"}],"curies":[{"name":"wp","href":"https:\/\/api.w.org\/{rel}","templated":true}]}}