 {"id":264,"date":"2013-01-11T11:40:00","date_gmt":"2013-01-11T10:40:00","guid":{"rendered":"https:\/\/blogs.univ-tlse2.fr\/cerises\/?page_id=264"},"modified":"2014-02-06T10:31:56","modified_gmt":"2014-02-06T09:31:56","slug":"etymon","status":"publish","type":"page","link":"https:\/\/blogs.univ-tlse2.fr\/cerises\/experimentations\/principes-suivis-pour-lanalyse\/ressources-informationnelles\/etymon\/","title":{"rendered":"Etym\u00f4n"},"content":{"rendered":"<p>Etym\u00f4n, une couveuse d&rsquo;activit\u00e9 et un outil de micro-financement pour des jeunes porteurs de projet d&rsquo;activit\u00e9 \u00e9conomique.<br \/>\nInformations de fin 2003.<\/p>\n<p><a href=\"https:\/\/blogs.univ-tlse2.fr\/cerises\/files\/etymon\/etymon.pdf\">T\u00e9l\u00e9charger la fiche compl\u00e8te Etym\u00f4n<\/a><\/p>\n<h2>Autres fiches ressources :<\/h2>\n\n<!-- Page-list plugin v.5.9 wordpress.org\/plugins\/page-list\/ -->\n<ul class=\"page-list \">\n<li class=\"page_item page-item-266\"><a href=\"https:\/\/blogs.univ-tlse2.fr\/cerises\/experimentations\/principes-suivis-pour-lanalyse\/ressources-informationnelles\/naje\/\">NAJE<\/a><\/li>\n<li class=\"page_item page-item-268\"><a href=\"https:\/\/blogs.univ-tlse2.fr\/cerises\/experimentations\/principes-suivis-pour-lanalyse\/ressources-informationnelles\/expressions\/\">ExpressionS<\/a><\/li>\n<li class=\"page_item page-item-270\"><a href=\"https:\/\/blogs.univ-tlse2.fr\/cerises\/experimentations\/principes-suivis-pour-lanalyse\/ressources-informationnelles\/espace-multimedia-au-sein-de-lassociation-anse\/\">Espace multim\u00e9dia au sein de l&rsquo;association ANSE<\/a><\/li>\n<li class=\"page_item page-item-272\"><a href=\"https:\/\/blogs.univ-tlse2.fr\/cerises\/experimentations\/principes-suivis-pour-lanalyse\/ressources-informationnelles\/principe-actif\/\">Principe Actif<\/a><\/li>\n\n<\/ul>\n","protected":false},"excerpt":{"rendered":"<p>Etym\u00f4n, une couveuse d&rsquo;activit\u00e9 et un outil de micro-financement pour des jeunes porteurs de projet d&rsquo;activit\u00e9 \u00e9conomique. Informations de fin 2003. T\u00e9l\u00e9charger la fiche compl\u00e8te Etym\u00f4n Autres fiches ressources :<\/p>\n","protected":false},"author":157,"featured_media":0,"parent":152,"menu_order":1,"comment_status":"closed","ping_status":"open","template":"","meta":{"footnotes":""},"class_list":["post-264","page","type-page","status-publish","hentry"],"_links":{"self":[{"href":"https:\/\/blogs.univ-tlse2.fr\/cerises\/wp-json\/wp\/v2\/pages\/264","targetHints":{"allow":["GET"]}}],"collection":[{"href":"https:\/\/blogs.univ-tlse2.fr\/cerises\/wp-json\/wp\/v2\/pages"}],"about":[{"href":"https:\/\/blogs.univ-tlse2.fr\/cerises\/wp-json\/wp\/v2\/types\/page"}],"author":[{"embeddable":true,"href":"https:\/\/blogs.univ-tlse2.fr\/cerises\/wp-json\/wp\/v2\/users\/157"}],"replies":[{"embeddable":true,"href":"https:\/\/blogs.univ-tlse2.fr\/cerises\/wp-json\/wp\/v2\/comments?post=264"}],"version-history":[{"count":6,"href":"https:\/\/blogs.univ-tlse2.fr\/cerises\/wp-json\/wp\/v2\/pages\/264\/revisions"}],"predecessor-version":[{"id":2995,"href":"https:\/\/blogs.univ-tlse2.fr\/cerises\/wp-json\/wp\/v2\/pages\/264\/revisions\/2995"}],"up":[{"embeddable":true,"href":"https:\/\/blogs.univ-tlse2.fr\/cerises\/wp-json\/wp\/v2\/pages\/152"}],"wp:attachment":[{"href":"https:\/\/blogs.univ-tlse2.fr\/cerises\/wp-json\/wp\/v2\/media?parent=264"}],"curies":[{"name":"wp","href":"https:\/\/api.w.org\/{rel}","templated":true}]}}