 {"id":2647,"date":"2013-02-07T20:24:09","date_gmt":"2013-02-07T19:24:09","guid":{"rendered":"https:\/\/blogs.univ-tlse2.fr\/cerises\/?page_id=2647"},"modified":"2014-02-06T10:31:56","modified_gmt":"2014-02-06T09:31:56","slug":"textes-de-conferences-2007","status":"publish","type":"page","link":"https:\/\/blogs.univ-tlse2.fr\/cerises\/publications\/conferences-colloques\/textes-de-conferences-2007\/","title":{"rendered":"Textes de conf\u00e9rences 2007"},"content":{"rendered":"<h3><a href=\"https:\/\/blogs.univ-tlse2.fr\/cerises\/files\/textes-de-conferences-2007-2009\/25janvier.pdf\">Journ\u00e9e culture et \u00e9conomie solidaire<\/a><\/h3>\n<p>25 janvier 2007 UFISC \u2013 CNAM \u2013 OPALE<br \/>\nPr\u00e9sentation du Manifeste de l\u2019UFISC pour une autre \u00e9conomie de l\u2019art et de la culture.<\/p>\n<p>Quelles richesses produisent nos activit\u00e9s artistiques et culturelles ? contribution au d\u00e9bat par Philippe Henry, ma\u00eetre de conf\u00e9rence au d\u00e9partement d\u2019\u00e9tudes th\u00e9\u00e2trales de l\u2019universit\u00e9 Paris R\u00e9flexions introductives sur les richesses g\u00e9n\u00e9r\u00e9es par les compagnies de cr\u00e9ation et les lieux de diffusion par Bruno Cochet, metteur en sc\u00e8ne et membre du Synavi (Syndicat national des arts vivants) et Laetitia Boulle, metteur en sc\u00e8ne et membre du Citi (Centre international du th\u00e9\u00e2tre itin\u00e9rant) Mise en perspective \u00e0 partir d\u2019une critique des indicateurs de richesse par Patrick Viveret, philosophe, magistrat \u00e0 la cour des comptes, fondateur du projet SOL<\/p>\n<h3><a href=\"https:\/\/blogs.univ-tlse2.fr\/cerises\/files\/textes-de-conferences-2007-2009\/fonds-de-garantie-internationaux.pdf\">Fonds de garantie internationaux<\/a><\/h3>\n<p>Xe journ\u00e9es scientifiques R\u00e9seau Entrepreneuriat<br \/>\nAntananarivo \u2013 23-26 mai 2007<br \/>\nJean-Michel Servet, Professeur \u00e0 l\u2019Institut Universitaire d\u2019Etudes du D\u00e9veloppement de Gen\u00e8ve<\/p>\n<p>Une vision simpliste du financement du microentrepreneuriat a consist\u00e9 \u00e0 affirmer que les institutions financi\u00e8res du Sud manquaient de fonds \u00e0 pr\u00eater. Par cons\u00e9quent, des lignes de cr\u00e9dit ou des placements venus du Nord devaient y suppl\u00e9er. De ce point de vue, le microcr\u00e9dit ne rompt pas avec la logique de l\u2019aide et du pr\u00e9jug\u00e9 d\u2019une faiblesse de l\u2019\u00e9pargne au Sud. Ce sch\u00e9ma n\u2019int\u00e8gre pas le fait que nombre de pays en d\u00e9veloppement sont en situation de surliquidit\u00e9. C\u2019est le cas de 40 pays africains sur 44 d\u2019apr\u00e8s une \u00e9tude du FMI en 2004. Il convient donc moins d\u2019op\u00e9rer des transferts Nord Sud de capitaux \u00e0 pr\u00eater que de cr\u00e9er des m\u00e9canismes permettant aux institutions microfinanci\u00e8res du Sud de mobiliser les ressources locales.<\/p>\n","protected":false},"excerpt":{"rendered":"<p>Journ\u00e9e culture et \u00e9conomie solidaire 25 janvier 2007 UFISC \u2013 CNAM \u2013 OPALE Pr\u00e9sentation du Manifeste de l\u2019UFISC pour une autre \u00e9conomie de l\u2019art et de la culture. Quelles richesses produisent nos activit\u00e9s artistiques et culturelles ? contribution au d\u00e9bat par Philippe Henry, ma\u00eetre de conf\u00e9rence au d\u00e9partement d\u2019\u00e9tudes th\u00e9\u00e2trales de l\u2019universit\u00e9 Paris R\u00e9flexions introductives [&hellip;]<\/p>\n","protected":false},"author":157,"featured_media":0,"parent":215,"menu_order":27,"comment_status":"closed","ping_status":"open","template":"","meta":{"footnotes":""},"class_list":["post-2647","page","type-page","status-publish","hentry"],"_links":{"self":[{"href":"https:\/\/blogs.univ-tlse2.fr\/cerises\/wp-json\/wp\/v2\/pages\/2647","targetHints":{"allow":["GET"]}}],"collection":[{"href":"https:\/\/blogs.univ-tlse2.fr\/cerises\/wp-json\/wp\/v2\/pages"}],"about":[{"href":"https:\/\/blogs.univ-tlse2.fr\/cerises\/wp-json\/wp\/v2\/types\/page"}],"author":[{"embeddable":true,"href":"https:\/\/blogs.univ-tlse2.fr\/cerises\/wp-json\/wp\/v2\/users\/157"}],"replies":[{"embeddable":true,"href":"https:\/\/blogs.univ-tlse2.fr\/cerises\/wp-json\/wp\/v2\/comments?post=2647"}],"version-history":[{"count":3,"href":"https:\/\/blogs.univ-tlse2.fr\/cerises\/wp-json\/wp\/v2\/pages\/2647\/revisions"}],"predecessor-version":[{"id":2972,"href":"https:\/\/blogs.univ-tlse2.fr\/cerises\/wp-json\/wp\/v2\/pages\/2647\/revisions\/2972"}],"up":[{"embeddable":true,"href":"https:\/\/blogs.univ-tlse2.fr\/cerises\/wp-json\/wp\/v2\/pages\/215"}],"wp:attachment":[{"href":"https:\/\/blogs.univ-tlse2.fr\/cerises\/wp-json\/wp\/v2\/media?parent=2647"}],"curies":[{"name":"wp","href":"https:\/\/api.w.org\/{rel}","templated":true}]}}