 {"id":268,"date":"2013-01-11T11:40:43","date_gmt":"2013-01-11T10:40:43","guid":{"rendered":"https:\/\/blogs.univ-tlse2.fr\/cerises\/?page_id=268"},"modified":"2014-02-06T10:31:56","modified_gmt":"2014-02-06T09:31:56","slug":"expressions","status":"publish","type":"page","link":"https:\/\/blogs.univ-tlse2.fr\/cerises\/experimentations\/principes-suivis-pour-lanalyse\/ressources-informationnelles\/expressions\/","title":{"rendered":"ExpressionS"},"content":{"rendered":"<p>Cette initiative est pr\u00e9sent\u00e9e \u00e0 l&rsquo;\u00e9tat de projet.<\/p>\n<h1>La gen\u00e8se du projet :<\/h1>\n<p>Ce projet est n\u00e9 de la volont\u00e9 de mettre les comp\u00e9tences des personnes au premier plan et de les d\u00e9velopper. Ceci au travers d&rsquo;une structure de type \u00ab\u00a0maison de ch\u00f4meurs\u00a0\u00bb associ\u00e9 \u00e0 un r\u00e9seau d&rsquo;\u00e9changes de savoirs.<\/p>\n<p>Je souhaite d\u00e9velopper une structure d&rsquo;insertion bas\u00e9e sur le partenariat.<\/p>\n<h1>Id\u00e9es phares :<\/h1>\n<p>&#8211; favoriser l&rsquo;\u00e9mergence des talents, savoir-faire, savoir \u00eatre.<\/p>\n<p>-faire \u00e9voluer la r\u00e9flexion et la pratique sur les modalit\u00e9s de la formation et de l&rsquo;insertion.<\/p>\n<p>-d\u00e9velopper un r\u00e9seau d&rsquo;insertion<\/p>\n<p>-d\u00e9fendre les droits des usagers<\/p>\n<p>L&rsquo;objectif premier est de sortir de l&rsquo;exclusion en permettant d&rsquo;offrir quelque chose et non seulement demander.<\/p>\n<h1>\u00c8xpressionS est destin\u00e9 :<\/h1>\n<p>Aux sans emploi<\/p>\n<p>B\u00e9n\u00e9ficiaire du RMI<\/p>\n<p>Personnes \u00e0 faible ou sans revenus<\/p>\n<p>Sans domicile fixe<\/p>\n<p>Etudiants \u00e0 faible revenus<\/p>\n<p>Salari\u00e9s<\/p>\n<p><a href=\"https:\/\/blogs.univ-tlse2.fr\/cerises\/files\/expressions\/expressions.pdf\">T\u00e9l\u00e9charger la fiche compl\u00e8te ExpressionS<\/a><\/p>\n<h2>Autres fiches ressources :<\/h2>\n\n<!-- Page-list plugin v.5.9 wordpress.org\/plugins\/page-list\/ -->\n<ul class=\"page-list \">\n<li class=\"page_item page-item-264\"><a href=\"https:\/\/blogs.univ-tlse2.fr\/cerises\/experimentations\/principes-suivis-pour-lanalyse\/ressources-informationnelles\/etymon\/\">Etym\u00f4n<\/a><\/li>\n<li class=\"page_item page-item-266\"><a href=\"https:\/\/blogs.univ-tlse2.fr\/cerises\/experimentations\/principes-suivis-pour-lanalyse\/ressources-informationnelles\/naje\/\">NAJE<\/a><\/li>\n<li class=\"page_item page-item-270\"><a href=\"https:\/\/blogs.univ-tlse2.fr\/cerises\/experimentations\/principes-suivis-pour-lanalyse\/ressources-informationnelles\/espace-multimedia-au-sein-de-lassociation-anse\/\">Espace multim\u00e9dia au sein de l&rsquo;association ANSE<\/a><\/li>\n<li class=\"page_item page-item-272\"><a href=\"https:\/\/blogs.univ-tlse2.fr\/cerises\/experimentations\/principes-suivis-pour-lanalyse\/ressources-informationnelles\/principe-actif\/\">Principe Actif<\/a><\/li>\n\n<\/ul>\n<p>&nbsp;<\/p>\n","protected":false},"excerpt":{"rendered":"<p>Cette initiative est pr\u00e9sent\u00e9e \u00e0 l&rsquo;\u00e9tat de projet. La gen\u00e8se du projet : Ce projet est n\u00e9 de la volont\u00e9 de mettre les comp\u00e9tences des personnes au premier plan et de les d\u00e9velopper. Ceci au travers d&rsquo;une structure de type \u00ab\u00a0maison de ch\u00f4meurs\u00a0\u00bb associ\u00e9 \u00e0 un r\u00e9seau d&rsquo;\u00e9changes de savoirs. Je souhaite d\u00e9velopper une structure [&hellip;]<\/p>\n","protected":false},"author":157,"featured_media":0,"parent":152,"menu_order":3,"comment_status":"closed","ping_status":"open","template":"","meta":{"footnotes":""},"class_list":["post-268","page","type-page","status-publish","hentry"],"_links":{"self":[{"href":"https:\/\/blogs.univ-tlse2.fr\/cerises\/wp-json\/wp\/v2\/pages\/268","targetHints":{"allow":["GET"]}}],"collection":[{"href":"https:\/\/blogs.univ-tlse2.fr\/cerises\/wp-json\/wp\/v2\/pages"}],"about":[{"href":"https:\/\/blogs.univ-tlse2.fr\/cerises\/wp-json\/wp\/v2\/types\/page"}],"author":[{"embeddable":true,"href":"https:\/\/blogs.univ-tlse2.fr\/cerises\/wp-json\/wp\/v2\/users\/157"}],"replies":[{"embeddable":true,"href":"https:\/\/blogs.univ-tlse2.fr\/cerises\/wp-json\/wp\/v2\/comments?post=268"}],"version-history":[{"count":5,"href":"https:\/\/blogs.univ-tlse2.fr\/cerises\/wp-json\/wp\/v2\/pages\/268\/revisions"}],"predecessor-version":[{"id":2997,"href":"https:\/\/blogs.univ-tlse2.fr\/cerises\/wp-json\/wp\/v2\/pages\/268\/revisions\/2997"}],"up":[{"embeddable":true,"href":"https:\/\/blogs.univ-tlse2.fr\/cerises\/wp-json\/wp\/v2\/pages\/152"}],"wp:attachment":[{"href":"https:\/\/blogs.univ-tlse2.fr\/cerises\/wp-json\/wp\/v2\/media?parent=268"}],"curies":[{"name":"wp","href":"https:\/\/api.w.org\/{rel}","templated":true}]}}