 {"id":270,"date":"2013-01-11T11:41:08","date_gmt":"2013-01-11T10:41:08","guid":{"rendered":"https:\/\/blogs.univ-tlse2.fr\/cerises\/?page_id=270"},"modified":"2014-02-06T10:32:18","modified_gmt":"2014-02-06T09:32:18","slug":"espace-multimedia-au-sein-de-lassociation-anse","status":"publish","type":"page","link":"https:\/\/blogs.univ-tlse2.fr\/cerises\/experimentations\/principes-suivis-pour-lanalyse\/ressources-informationnelles\/espace-multimedia-au-sein-de-lassociation-anse\/","title":{"rendered":"Espace multim\u00e9dia au sein de l&rsquo;association ANSE"},"content":{"rendered":"<p>Cette initiative est \u00e0 l&rsquo;\u00e9tat de projet.<\/p>\n<p>Les informations datent de 2002.<\/p>\n<p>Cr\u00e9ation d&rsquo;un espace multim\u00e9dia au sein de l&rsquo;association ANSE (Association pour de Nouvelles Solidarit\u00e9s Economiques) &#8211; Jardins de Cocagne de Saint Urcisse<\/p>\n<p>R\u00e9gion Midi Pyr\u00e9n\u00e9es \u2013 Tarn 81<\/p>\n<p>Nom et pr\u00e9nom du porteur de projet : Monsieur Matthieu FORMOND<br \/>\nMail : &#x66;&#x6f;&#x72;&#x6d;&#x6f;&#x6e;&#x64;&#x40;&#x66;&#x72;&#x65;&#x65;&#x2e;&#x66;&#x72;<br \/>\nT\u00e9l\u00e9phone : 05 63 40 56 38<\/p>\n<p>Nom de l\u2019organisme ANSE \u2013 Jardins de Cocagne<br \/>\nStatut Association<br \/>\nAdresse Le Bascoulet 81 630 SAINT URCISSE<br \/>\nMail a&#110;&#x73;e8&#x31;&#x40;wa&#x6e;&#x61;do&#x6f;&#x2e;f&#114;<\/p>\n<p><a href=\"https:\/\/blogs.univ-tlse2.fr\/cerises\/files\/espace-multimedia-au-sein-de-lassociation-anse\/espace-multim-anse.pdf\">T\u00e9l\u00e9charger la fiche compl\u00e8te Espace multim\u00e9dia au sein de l&rsquo;association ANSE<\/a><\/p>\n<h2>Autres fiches ressources :<\/h2>\n\n<!-- Page-list plugin v.5.9 wordpress.org\/plugins\/page-list\/ -->\n<ul class=\"page-list \">\n<li class=\"page_item page-item-264\"><a href=\"https:\/\/blogs.univ-tlse2.fr\/cerises\/experimentations\/principes-suivis-pour-lanalyse\/ressources-informationnelles\/etymon\/\">Etym\u00f4n<\/a><\/li>\n<li class=\"page_item page-item-266\"><a href=\"https:\/\/blogs.univ-tlse2.fr\/cerises\/experimentations\/principes-suivis-pour-lanalyse\/ressources-informationnelles\/naje\/\">NAJE<\/a><\/li>\n<li class=\"page_item page-item-268\"><a href=\"https:\/\/blogs.univ-tlse2.fr\/cerises\/experimentations\/principes-suivis-pour-lanalyse\/ressources-informationnelles\/expressions\/\">ExpressionS<\/a><\/li>\n<li class=\"page_item page-item-272\"><a href=\"https:\/\/blogs.univ-tlse2.fr\/cerises\/experimentations\/principes-suivis-pour-lanalyse\/ressources-informationnelles\/principe-actif\/\">Principe Actif<\/a><\/li>\n\n<\/ul>\n<p>&nbsp;<\/p>\n","protected":false},"excerpt":{"rendered":"<p>Cette initiative est \u00e0 l&rsquo;\u00e9tat de projet. Les informations datent de 2002. Cr\u00e9ation d&rsquo;un espace multim\u00e9dia au sein de l&rsquo;association ANSE (Association pour de Nouvelles Solidarit\u00e9s Economiques) &#8211; Jardins de Cocagne de Saint Urcisse R\u00e9gion Midi Pyr\u00e9n\u00e9es \u2013 Tarn 81 Nom et pr\u00e9nom du porteur de projet : Monsieur Matthieu FORMOND Mail : &#102;&#x6f;&#114;&#x6d;&#111;&#x6e;&#100;&#x40;&#102;&#x72;&#101;&#x65;&#46;&#x66;&#114; T\u00e9l\u00e9phone [&hellip;]<\/p>\n","protected":false},"author":157,"featured_media":0,"parent":152,"menu_order":4,"comment_status":"closed","ping_status":"open","template":"","meta":{"footnotes":""},"class_list":["post-270","page","type-page","status-publish","hentry"],"_links":{"self":[{"href":"https:\/\/blogs.univ-tlse2.fr\/cerises\/wp-json\/wp\/v2\/pages\/270","targetHints":{"allow":["GET"]}}],"collection":[{"href":"https:\/\/blogs.univ-tlse2.fr\/cerises\/wp-json\/wp\/v2\/pages"}],"about":[{"href":"https:\/\/blogs.univ-tlse2.fr\/cerises\/wp-json\/wp\/v2\/types\/page"}],"author":[{"embeddable":true,"href":"https:\/\/blogs.univ-tlse2.fr\/cerises\/wp-json\/wp\/v2\/users\/157"}],"replies":[{"embeddable":true,"href":"https:\/\/blogs.univ-tlse2.fr\/cerises\/wp-json\/wp\/v2\/comments?post=270"}],"version-history":[{"count":5,"href":"https:\/\/blogs.univ-tlse2.fr\/cerises\/wp-json\/wp\/v2\/pages\/270\/revisions"}],"predecessor-version":[{"id":2998,"href":"https:\/\/blogs.univ-tlse2.fr\/cerises\/wp-json\/wp\/v2\/pages\/270\/revisions\/2998"}],"up":[{"embeddable":true,"href":"https:\/\/blogs.univ-tlse2.fr\/cerises\/wp-json\/wp\/v2\/pages\/152"}],"wp:attachment":[{"href":"https:\/\/blogs.univ-tlse2.fr\/cerises\/wp-json\/wp\/v2\/media?parent=270"}],"curies":[{"name":"wp","href":"https:\/\/api.w.org\/{rel}","templated":true}]}}