 {"id":272,"date":"2013-01-11T11:41:27","date_gmt":"2013-01-11T10:41:27","guid":{"rendered":"https:\/\/blogs.univ-tlse2.fr\/cerises\/?page_id=272"},"modified":"2014-02-06T10:32:18","modified_gmt":"2014-02-06T09:32:18","slug":"principe-actif","status":"publish","type":"page","link":"https:\/\/blogs.univ-tlse2.fr\/cerises\/experimentations\/principes-suivis-pour-lanalyse\/ressources-informationnelles\/principe-actif\/","title":{"rendered":"Principe Actif"},"content":{"rendered":"<p>Projet d&rsquo;initiative.<br \/>\nInformations de 2002.<\/p>\n<h1>Contexte<\/h1>\n<p>Le projet port\u00e9 par l&rsquo;association PRINCIPE ACTIF, association \u00e0 but non lucratif cr\u00e9e en d\u00e9cembre 2001, est de d\u00e9velopper des outils de communication de proximit\u00e9 pour les habitants, les associations et les acteurs de la soci\u00e9t\u00e9 civile. Les deux actions que pr\u00e9sente l&rsquo;association sont d&rsquo;une part la cr\u00e9ation d&rsquo;une radio associative de proximit\u00e9 et d&rsquo;autre part la mise en ligne d&rsquo;un site Internet portail de l&rsquo;agglom\u00e9ration. Ainsi, l&rsquo;association situe son action dans le secteur de l&rsquo;animation territoriale socioculturelle.<\/p>\n<p>Dans la d\u00e9claration en pr\u00e9fecture, l&rsquo;objet de l&rsquo;association a \u00e9t\u00e9 situ\u00e9 sur la r\u00e9gion Haute Normandie. L&rsquo;action principale de l&rsquo;association se situe plus pr\u00e9cis\u00e9ment sur le territoire de la Communaut\u00e9 d&rsquo;Agglom\u00e9ration d&rsquo;Evreux, qui regroupe 31 communes pour une population totale de 81000 habitants.<\/p>\n<p>N\u00e9anmoins, l&rsquo;association envisage de porter des projets ponctuels hors de l&rsquo;agglom\u00e9ration, principalement sur le d\u00e9partement de l&rsquo;Eure.<\/p>\n<p>Au niveau des m\u00e9dias de l&rsquo;agglom\u00e9ration d&rsquo;Evreux, outre la presse locale et France 3 Haute Normandie, il existe une seule radio associative et \u00e9vang\u00e9liste Radio Plus, une antenne de France Bleue Haute Normandie et une radio commerciale locale Radio Cristal. Il n&rsquo;existe, par ailleurs, aucun autre m\u00e9dia associatif.<\/p>\n<p>Sur Internet, il n&rsquo;existe aucun site v\u00e9ritablement repr\u00e9sentatif de l&rsquo;agglom\u00e9ration.<\/p>\n<p><a href=\"https:\/\/blogs.univ-tlse2.fr\/cerises\/files\/principe-actif\/principe-actif.pdf\">T\u00e9l\u00e9charger la fiche compl\u00e8te Principe Actif<\/a><\/p>\n<h2>Autres fiches ressources :<\/h2>\n\n<!-- Page-list plugin v.5.9 wordpress.org\/plugins\/page-list\/ -->\n<ul class=\"page-list \">\n<li class=\"page_item page-item-264\"><a href=\"https:\/\/blogs.univ-tlse2.fr\/cerises\/experimentations\/principes-suivis-pour-lanalyse\/ressources-informationnelles\/etymon\/\">Etym\u00f4n<\/a><\/li>\n<li class=\"page_item page-item-266\"><a href=\"https:\/\/blogs.univ-tlse2.fr\/cerises\/experimentations\/principes-suivis-pour-lanalyse\/ressources-informationnelles\/naje\/\">NAJE<\/a><\/li>\n<li class=\"page_item page-item-268\"><a href=\"https:\/\/blogs.univ-tlse2.fr\/cerises\/experimentations\/principes-suivis-pour-lanalyse\/ressources-informationnelles\/expressions\/\">ExpressionS<\/a><\/li>\n<li class=\"page_item page-item-270\"><a href=\"https:\/\/blogs.univ-tlse2.fr\/cerises\/experimentations\/principes-suivis-pour-lanalyse\/ressources-informationnelles\/espace-multimedia-au-sein-de-lassociation-anse\/\">Espace multim\u00e9dia au sein de l&rsquo;association ANSE<\/a><\/li>\n\n<\/ul>\n<p>&nbsp;<\/p>\n","protected":false},"excerpt":{"rendered":"<p>Projet d&rsquo;initiative. Informations de 2002. Contexte Le projet port\u00e9 par l&rsquo;association PRINCIPE ACTIF, association \u00e0 but non lucratif cr\u00e9e en d\u00e9cembre 2001, est de d\u00e9velopper des outils de communication de proximit\u00e9 pour les habitants, les associations et les acteurs de la soci\u00e9t\u00e9 civile. Les deux actions que pr\u00e9sente l&rsquo;association sont d&rsquo;une part la cr\u00e9ation d&rsquo;une [&hellip;]<\/p>\n","protected":false},"author":157,"featured_media":0,"parent":152,"menu_order":5,"comment_status":"closed","ping_status":"open","template":"","meta":{"footnotes":""},"class_list":["post-272","page","type-page","status-publish","hentry"],"_links":{"self":[{"href":"https:\/\/blogs.univ-tlse2.fr\/cerises\/wp-json\/wp\/v2\/pages\/272","targetHints":{"allow":["GET"]}}],"collection":[{"href":"https:\/\/blogs.univ-tlse2.fr\/cerises\/wp-json\/wp\/v2\/pages"}],"about":[{"href":"https:\/\/blogs.univ-tlse2.fr\/cerises\/wp-json\/wp\/v2\/types\/page"}],"author":[{"embeddable":true,"href":"https:\/\/blogs.univ-tlse2.fr\/cerises\/wp-json\/wp\/v2\/users\/157"}],"replies":[{"embeddable":true,"href":"https:\/\/blogs.univ-tlse2.fr\/cerises\/wp-json\/wp\/v2\/comments?post=272"}],"version-history":[{"count":6,"href":"https:\/\/blogs.univ-tlse2.fr\/cerises\/wp-json\/wp\/v2\/pages\/272\/revisions"}],"predecessor-version":[{"id":2999,"href":"https:\/\/blogs.univ-tlse2.fr\/cerises\/wp-json\/wp\/v2\/pages\/272\/revisions\/2999"}],"up":[{"embeddable":true,"href":"https:\/\/blogs.univ-tlse2.fr\/cerises\/wp-json\/wp\/v2\/pages\/152"}],"wp:attachment":[{"href":"https:\/\/blogs.univ-tlse2.fr\/cerises\/wp-json\/wp\/v2\/media?parent=272"}],"curies":[{"name":"wp","href":"https:\/\/api.w.org\/{rel}","templated":true}]}}