 {"id":274,"date":"2013-01-11T11:41:50","date_gmt":"2013-01-11T10:41:50","guid":{"rendered":"https:\/\/blogs.univ-tlse2.fr\/cerises\/?page_id=274"},"modified":"2014-02-06T10:32:18","modified_gmt":"2014-02-06T09:32:18","slug":"la-bourse-aux-financements-solidaires","status":"publish","type":"page","link":"https:\/\/blogs.univ-tlse2.fr\/cerises\/experimentations\/principes-suivis-pour-lanalyse\/ressources-financieres\/la-bourse-aux-financements-solidaires\/","title":{"rendered":"La Bourse aux Financements Solidaires"},"content":{"rendered":"<h1>Contexte Socio-\u00e9conomique global<\/h1>\n<p>La BFS est n\u00e9e d&rsquo;un double constat. D&rsquo;une part, le parcours d&rsquo;un cr\u00e9ateur d&rsquo;entreprise ou d&rsquo;activit\u00e9 est difficile, particuli\u00e8rement au moment de la recherche de financements. Difficult\u00e9 encore aggrav\u00e9e lorsque son activit\u00e9 rel\u00e8ve de l&rsquo;\u00e9conomie sociale et solidaire (micro projets, secteurs innovants, peu de capitaux propres). En effet, le cr\u00e9ateur ne trouve pas syst\u00e9matiquement de soutien du c\u00f4t\u00e9 des banques classiques et n&rsquo;a pas toujours connaissance des r\u00e9seaux de financements alternatifs. Cela ne signifie pas pour autant une insuffisance de l&rsquo;offre : les outils financiers existent ; dans certaines r\u00e9gions, l&rsquo;offre est m\u00eame riche et diversifi\u00e9e. Il s&rsquo;agit plut\u00f4t d&rsquo;un manque de lisibilit\u00e9 et d&rsquo;accessibilit\u00e9 qui peut \u00eatre li\u00e9 \u00e0 la diversit\u00e9 des organismes et des outils financiers, \u00e0 l&rsquo;absence d&rsquo;un organisme local ou r\u00e9gional de pr\u00e9-orientation, \u00e0 la multiplicit\u00e9 des dossiers et des d\u00e9marches \u00e0 effectuer&#8230;<\/p>\n<p>D&rsquo;autre part, il existe une r\u00e9elle volont\u00e9 des organismes financiers solidaires eux-m\u00eames de cr\u00e9er des outils et des m\u00e9thodes pour favoriser la mutualisation de leurs pratiques professionnelles, cr\u00e9er des synergies entre leurs activit\u00e9s et favoriser les cofinancements. Cette volont\u00e9 s&rsquo;est notamment traduite par la cr\u00e9ation, en 1995, du collectif FINANSOL qui a pour objectif la sensibilisation du grand public et des pouvoirs publics \u00e0 la finance solidaire et plus particuli\u00e8rement de la labellisation et la promotion des produits d&rsquo;\u00e9pargne solidaire.<\/p>\n<p>C&rsquo;est donc face \u00e0 ces constats que l&rsquo;association Bourse aux Financements Solidaires (BFS) a \u00e9t\u00e9 cr\u00e9\u00e9e : il s&rsquo;agit d&rsquo;un outil de mutualisation pour am\u00e9liorer l&rsquo;acc\u00e8s aux financements, favoriser le cofinancement des projets et, de mani\u00e8re g\u00e9n\u00e9rale, faciliter la communication entre les financeurs autour des projets. Elle a travaill\u00e9, d\u00e8s 2001, sur un outil technique de pr\u00e9-validation et de pr\u00e9-orientation des dossiers de demandes de financements solidaires et en a test\u00e9 une version pilote au sein de ses r\u00e9seaux fondateurs avant que celui-ci ne soit op\u00e9rationnel en d\u00e9cembre 2003.<\/p>\n<p>D\u00e8s sa cr\u00e9ation, l&rsquo;association a pu b\u00e9n\u00e9ficier du soutien et des politiques d&rsquo;aide \u00e0 l&rsquo;innovation et \u00e0 la mise en r\u00e9seau du Secr\u00e9tariat d&rsquo;\u00e9tat \u00e0 l&rsquo;\u00e9conomie sociale et solidaire et d&rsquo;une convention pluriannuelle avec la D\u00e9l\u00e9gation Interminist\u00e9rielle \u00e0 l&rsquo;Innovation sociale et \u00e0 l&rsquo;Economie Sociale (DIES). Elle s&rsquo;est ensuite tourn\u00e9e vers les collectivit\u00e9s territoriales afin d&rsquo;assurer un maillage plus serr\u00e9 du territoire national. Enfin, s&rsquo;il n&rsquo;existe pas de programme europ\u00e9en d\u00e9di\u00e9 \u00e0 la finance solidaire, la BFS a n\u00e9anmoins obtenu une subvention europ\u00e9enne dans le cadre du Fonds Social Europ\u00e9en.<\/p>\n<p><a href=\"https:\/\/blogs.univ-tlse2.fr\/cerises\/files\/la-bourse-aux-financements-solidaires\/bfs.pdf\">T\u00e9l\u00e9charger la fiche compl\u00e8te de la Bourse aux financements solidaires<\/a><\/p>\n<h2>Autre fiche ressource :<\/h2>\n\n<!-- Page-list plugin v.5.9 wordpress.org\/plugins\/page-list\/ -->\n<ul class=\"page-list \">\n<li class=\"page_item page-item-276\"><a href=\"https:\/\/blogs.univ-tlse2.fr\/cerises\/experimentations\/principes-suivis-pour-lanalyse\/ressources-financieres\/livret-agir\/\">Livret Agir<\/a><\/li>\n\n<\/ul>\n<p>&nbsp;<\/p>\n","protected":false},"excerpt":{"rendered":"<p>Contexte Socio-\u00e9conomique global La BFS est n\u00e9e d&rsquo;un double constat. D&rsquo;une part, le parcours d&rsquo;un cr\u00e9ateur d&rsquo;entreprise ou d&rsquo;activit\u00e9 est difficile, particuli\u00e8rement au moment de la recherche de financements. Difficult\u00e9 encore aggrav\u00e9e lorsque son activit\u00e9 rel\u00e8ve de l&rsquo;\u00e9conomie sociale et solidaire (micro projets, secteurs innovants, peu de capitaux propres). En effet, le cr\u00e9ateur ne trouve [&hellip;]<\/p>\n","protected":false},"author":157,"featured_media":0,"parent":154,"menu_order":1,"comment_status":"closed","ping_status":"open","template":"","meta":{"footnotes":""},"class_list":["post-274","page","type-page","status-publish","hentry"],"_links":{"self":[{"href":"https:\/\/blogs.univ-tlse2.fr\/cerises\/wp-json\/wp\/v2\/pages\/274","targetHints":{"allow":["GET"]}}],"collection":[{"href":"https:\/\/blogs.univ-tlse2.fr\/cerises\/wp-json\/wp\/v2\/pages"}],"about":[{"href":"https:\/\/blogs.univ-tlse2.fr\/cerises\/wp-json\/wp\/v2\/types\/page"}],"author":[{"embeddable":true,"href":"https:\/\/blogs.univ-tlse2.fr\/cerises\/wp-json\/wp\/v2\/users\/157"}],"replies":[{"embeddable":true,"href":"https:\/\/blogs.univ-tlse2.fr\/cerises\/wp-json\/wp\/v2\/comments?post=274"}],"version-history":[{"count":5,"href":"https:\/\/blogs.univ-tlse2.fr\/cerises\/wp-json\/wp\/v2\/pages\/274\/revisions"}],"predecessor-version":[{"id":3001,"href":"https:\/\/blogs.univ-tlse2.fr\/cerises\/wp-json\/wp\/v2\/pages\/274\/revisions\/3001"}],"up":[{"embeddable":true,"href":"https:\/\/blogs.univ-tlse2.fr\/cerises\/wp-json\/wp\/v2\/pages\/154"}],"wp:attachment":[{"href":"https:\/\/blogs.univ-tlse2.fr\/cerises\/wp-json\/wp\/v2\/media?parent=274"}],"curies":[{"name":"wp","href":"https:\/\/api.w.org\/{rel}","templated":true}]}}