 {"id":276,"date":"2013-01-11T11:42:10","date_gmt":"2013-01-11T10:42:10","guid":{"rendered":"https:\/\/blogs.univ-tlse2.fr\/cerises\/?page_id=276"},"modified":"2014-02-06T10:32:18","modified_gmt":"2014-02-06T09:32:18","slug":"livret-agir","status":"publish","type":"page","link":"https:\/\/blogs.univ-tlse2.fr\/cerises\/experimentations\/principes-suivis-pour-lanalyse\/ressources-financieres\/livret-agir\/","title":{"rendered":"Livret Agir"},"content":{"rendered":"<p>Initiative du Cr\u00e9dit Coop\u00e9ratif (informations de fin 2004).<\/p>\n<h1>Contexte socio-\u00e9conomique<\/h1>\n<p>Les associations humanitaires sont confront\u00e9es depuis quelques ann\u00e9es \u00e0 trois difficult\u00e9s : un vieillissement du parc des donateurs, une difficult\u00e9 majeure de trouver des donateurs plus jeunes qui procurent une stabilit\u00e9 des dons et une baisse du volume des dons priv\u00e9s.<\/p>\n<p>Dans le m\u00eame temps, le co\u00fbt unitaire des missions s&rsquo;est accru alors que les subventions publics sont en baisse.<\/p>\n<p>Par ailleurs, la soci\u00e9t\u00e9 fran\u00e7aise se dirige peu \u00e0 peu vers la consomm&rsquo;action, c&rsquo;est-\u00e0-dire une consommation davantage en phase avec des valeurs humaines, de solidarit\u00e9 et dont l&rsquo;acteur est le consommateur lui -m\u00eame.<\/p>\n<p>La cr\u00e9ation du livret Agir, dans la logique des actions solidaires depuis 20 ans effectu\u00e9es par le Cr\u00e9dit Coop\u00e9ratif, a pour objectif de proposer aux fran\u00e7ais une m\u00e9thode d&rsquo;aide aux ONG simple et facile d&rsquo;acc\u00e8s. La m\u00e9thode du partage des int\u00e9r\u00eats annuels automatique permet de donner \u00e0 l\u2019\u00e9pargne un caract\u00e8re humanitaire.<\/p>\n<p><a href=\"https:\/\/blogs.univ-tlse2.fr\/cerises\/files\/livret-agir\/livret-agir.pdf\">T\u00e9l\u00e9charger la fiche compl\u00e8te du Livret Agir<\/a><\/p>\n<h2>Autre fiche ressource :<\/h2>\n\n<!-- Page-list plugin v.5.9 wordpress.org\/plugins\/page-list\/ -->\n<ul class=\"page-list \">\n<li class=\"page_item page-item-274\"><a href=\"https:\/\/blogs.univ-tlse2.fr\/cerises\/experimentations\/principes-suivis-pour-lanalyse\/ressources-financieres\/la-bourse-aux-financements-solidaires\/\">La Bourse aux Financements Solidaires<\/a><\/li>\n\n<\/ul>\n","protected":false},"excerpt":{"rendered":"<p>Initiative du Cr\u00e9dit Coop\u00e9ratif (informations de fin 2004). Contexte socio-\u00e9conomique Les associations humanitaires sont confront\u00e9es depuis quelques ann\u00e9es \u00e0 trois difficult\u00e9s : un vieillissement du parc des donateurs, une difficult\u00e9 majeure de trouver des donateurs plus jeunes qui procurent une stabilit\u00e9 des dons et une baisse du volume des dons priv\u00e9s. Dans le m\u00eame temps, [&hellip;]<\/p>\n","protected":false},"author":157,"featured_media":0,"parent":154,"menu_order":2,"comment_status":"closed","ping_status":"open","template":"","meta":{"footnotes":""},"class_list":["post-276","page","type-page","status-publish","hentry"],"_links":{"self":[{"href":"https:\/\/blogs.univ-tlse2.fr\/cerises\/wp-json\/wp\/v2\/pages\/276","targetHints":{"allow":["GET"]}}],"collection":[{"href":"https:\/\/blogs.univ-tlse2.fr\/cerises\/wp-json\/wp\/v2\/pages"}],"about":[{"href":"https:\/\/blogs.univ-tlse2.fr\/cerises\/wp-json\/wp\/v2\/types\/page"}],"author":[{"embeddable":true,"href":"https:\/\/blogs.univ-tlse2.fr\/cerises\/wp-json\/wp\/v2\/users\/157"}],"replies":[{"embeddable":true,"href":"https:\/\/blogs.univ-tlse2.fr\/cerises\/wp-json\/wp\/v2\/comments?post=276"}],"version-history":[{"count":6,"href":"https:\/\/blogs.univ-tlse2.fr\/cerises\/wp-json\/wp\/v2\/pages\/276\/revisions"}],"predecessor-version":[{"id":3002,"href":"https:\/\/blogs.univ-tlse2.fr\/cerises\/wp-json\/wp\/v2\/pages\/276\/revisions\/3002"}],"up":[{"embeddable":true,"href":"https:\/\/blogs.univ-tlse2.fr\/cerises\/wp-json\/wp\/v2\/pages\/154"}],"wp:attachment":[{"href":"https:\/\/blogs.univ-tlse2.fr\/cerises\/wp-json\/wp\/v2\/media?parent=276"}],"curies":[{"name":"wp","href":"https:\/\/api.w.org\/{rel}","templated":true}]}}