 {"id":278,"date":"2013-01-11T11:42:29","date_gmt":"2013-01-11T10:42:29","guid":{"rendered":"https:\/\/blogs.univ-tlse2.fr\/cerises\/?page_id=278"},"modified":"2014-02-06T10:32:18","modified_gmt":"2014-02-06T09:32:18","slug":"praksys","status":"publish","type":"page","link":"https:\/\/blogs.univ-tlse2.fr\/cerises\/experimentations\/principes-suivis-pour-lanalyse\/production-entreprises-sociales\/praksys\/","title":{"rendered":"Praksys"},"content":{"rendered":"<h1>Contexte socio-\u00e9conomique global<\/h1>\n<p>Les logiciels libres existent depuis les d\u00e9buts de l&rsquo;outil informatique.<\/p>\n<p>Cependant, au d\u00e9but des ann\u00e9es 80, de plus en plus d&rsquo;entreprises informatiques font appel aux brevets logiciels pour tenter de p\u00e9renniser leurs rentr\u00e9es financi\u00e8res. Elles y parviennent d&rsquo;ailleurs fort bien mais au d\u00e9triment de la coop\u00e9ration entre les informaticiens qui ne peuvent plus profiter librement des travaux des autres.<\/p>\n<p>Certains, dont le tr\u00e8s m\u00e9diatique Richard Stallman, tentent de sauvegarder un \u00eelot de libert\u00e9 et d&rsquo;\u00e9changes entre les d\u00e9veloppeurs informaticiens. Il s&rsquo;agit pour eux de redonner aux logiciels ce qu&rsquo;ils ont perdu : la libert\u00e9 d&rsquo;\u00eatre copi\u00e9s, modifi\u00e9s, int\u00e9gr\u00e9s dans des d\u00e9veloppements plus vastes, sans autre contrainte que celle de la qualit\u00e9 et de l&rsquo;ad\u00e9quation aux besoins des utilisateurs. Ils \u00e9crivent pour cel\u00e0 la Licence Publique G\u00e9n\u00e9rale \u00e0 laquelle ils d\u00e9cident de soumettre toutes leurs cr\u00e9ations logicielles. Ainsi est n\u00e9e la Fondation des Logiciels Libres, garante de la s\u00e9curit\u00e9 juridique offerte par la Licence. Nous sommes en 1984.<\/p>\n<p>D\u00e8s lors que l&rsquo;environnement contractuel est en place, de nombreux groupes de travail collaboratifs se mettent en place de par le monde et g\u00e9n\u00e8rent quantit\u00e9 de logiciels. Leurs qualit\u00e9s et l&rsquo;absence de limite dans leur utilisation imposent rapidement les logiciels libres comme des standards incontournables pour des utilisations complexes. Pour \u00e9clairer le lecteur sur l&rsquo;utilisation des logiciels libres, citons quelques faits marquants :<\/p>\n<ul>\n<li>Il existe quelques 10 000 logiciels libres<\/li>\n<li>Plus de 60% des serveurs fonctionnent avec des logiciels libres<\/li>\n<li>Les logiciels libres repr\u00e9sentent le plus grand transfert de technologie Nord\/Sud<\/li>\n<li>Le plus utilis\u00e9 des moteurs de recherche, \u00ab\u00a0google\u00a0\u00bb, est enti\u00e8rement libre<\/li>\n<\/ul>\n<p><a href=\"https:\/\/blogs.univ-tlse2.fr\/cerises\/files\/praksys\/praksys.pdf\">&gt; T\u00e9l\u00e9chargez la fiche compl\u00e8te Praksys<\/a><\/p>\n<h2>Autres fiches ressources :<\/h2>\n\n<!-- Page-list plugin v.5.9 wordpress.org\/plugins\/page-list\/ -->\n<ul class=\"page-list \">\n<li class=\"page_item page-item-280\"><a href=\"https:\/\/blogs.univ-tlse2.fr\/cerises\/experimentations\/principes-suivis-pour-lanalyse\/production-entreprises-sociales\/domaine-de-garabaud\/\">Domaine de Garabaud<\/a><\/li>\n<li class=\"page_item page-item-282\"><a href=\"https:\/\/blogs.univ-tlse2.fr\/cerises\/experimentations\/principes-suivis-pour-lanalyse\/production-entreprises-sociales\/mere-denys-production\/\">M\u00e8re Deny&rsquo;s Production<\/a><\/li>\n<li class=\"page_item page-item-284\"><a href=\"https:\/\/blogs.univ-tlse2.fr\/cerises\/experimentations\/principes-suivis-pour-lanalyse\/production-entreprises-sociales\/step-forward\/\">Step Forward<\/a><\/li>\n<li class=\"page_item page-item-286\"><a href=\"https:\/\/blogs.univ-tlse2.fr\/cerises\/experimentations\/principes-suivis-pour-lanalyse\/production-entreprises-sociales\/associations-daide-en-milieu-rural\/\">Associations d&rsquo;aide en milieu rural<\/a><\/li>\n<li class=\"page_item page-item-288\"><a href=\"https:\/\/blogs.univ-tlse2.fr\/cerises\/experimentations\/principes-suivis-pour-lanalyse\/production-entreprises-sociales\/essor\/\">Essor<\/a><\/li>\n<li class=\"page_item page-item-290\"><a href=\"https:\/\/blogs.univ-tlse2.fr\/cerises\/experimentations\/principes-suivis-pour-lanalyse\/production-entreprises-sociales\/scopados\/\">Scopados<\/a><\/li>\n<li class=\"page_item page-item-2263\"><a href=\"https:\/\/blogs.univ-tlse2.fr\/cerises\/experimentations\/principes-suivis-pour-lanalyse\/production-entreprises-sociales\/movimento2\/\">Movimento<\/a><\/li>\n\n<\/ul>\n","protected":false},"excerpt":{"rendered":"<p>Contexte socio-\u00e9conomique global Les logiciels libres existent depuis les d\u00e9buts de l&rsquo;outil informatique. Cependant, au d\u00e9but des ann\u00e9es 80, de plus en plus d&rsquo;entreprises informatiques font appel aux brevets logiciels pour tenter de p\u00e9renniser leurs rentr\u00e9es financi\u00e8res. Elles y parviennent d&rsquo;ailleurs fort bien mais au d\u00e9triment de la coop\u00e9ration entre les informaticiens qui ne peuvent [&hellip;]<\/p>\n","protected":false},"author":157,"featured_media":0,"parent":156,"menu_order":1,"comment_status":"closed","ping_status":"open","template":"","meta":{"footnotes":""},"class_list":["post-278","page","type-page","status-publish","hentry"],"_links":{"self":[{"href":"https:\/\/blogs.univ-tlse2.fr\/cerises\/wp-json\/wp\/v2\/pages\/278","targetHints":{"allow":["GET"]}}],"collection":[{"href":"https:\/\/blogs.univ-tlse2.fr\/cerises\/wp-json\/wp\/v2\/pages"}],"about":[{"href":"https:\/\/blogs.univ-tlse2.fr\/cerises\/wp-json\/wp\/v2\/types\/page"}],"author":[{"embeddable":true,"href":"https:\/\/blogs.univ-tlse2.fr\/cerises\/wp-json\/wp\/v2\/users\/157"}],"replies":[{"embeddable":true,"href":"https:\/\/blogs.univ-tlse2.fr\/cerises\/wp-json\/wp\/v2\/comments?post=278"}],"version-history":[{"count":5,"href":"https:\/\/blogs.univ-tlse2.fr\/cerises\/wp-json\/wp\/v2\/pages\/278\/revisions"}],"predecessor-version":[{"id":3004,"href":"https:\/\/blogs.univ-tlse2.fr\/cerises\/wp-json\/wp\/v2\/pages\/278\/revisions\/3004"}],"up":[{"embeddable":true,"href":"https:\/\/blogs.univ-tlse2.fr\/cerises\/wp-json\/wp\/v2\/pages\/156"}],"wp:attachment":[{"href":"https:\/\/blogs.univ-tlse2.fr\/cerises\/wp-json\/wp\/v2\/media?parent=278"}],"curies":[{"name":"wp","href":"https:\/\/api.w.org\/{rel}","templated":true}]}}