 {"id":282,"date":"2013-01-11T11:43:16","date_gmt":"2013-01-11T10:43:16","guid":{"rendered":"https:\/\/blogs.univ-tlse2.fr\/cerises\/?page_id=282"},"modified":"2014-02-06T10:32:18","modified_gmt":"2014-02-06T09:32:18","slug":"mere-denys-production","status":"publish","type":"page","link":"https:\/\/blogs.univ-tlse2.fr\/cerises\/experimentations\/principes-suivis-pour-lanalyse\/production-entreprises-sociales\/mere-denys-production\/","title":{"rendered":"M\u00e8re Deny&rsquo;s Production"},"content":{"rendered":"<h1>Contexte socio-\u00e9conomique global<\/h1>\n<p>L&rsquo;\u00e9conomie de la culture est une \u00e9conomie pr\u00e9caire par la nature m\u00eame de son activit\u00e9. En effet la vocation premi\u00e8re de la culture n&rsquo;est pas la rentabilit\u00e9. Le plus souvent elle trouve son \u00e9quilibre avec la vente de spectacles, concerts&#8230;, le r\u00e9gime d&rsquo;intermittents du spectacle, les subventions et le b\u00e9n\u00e9volat.<\/p>\n<p>En ce qui concerne les subventions, la difficult\u00e9 vient du fait qu&rsquo;il y a peu d&rsquo;aide \u00e0 la cr\u00e9ation et que les pouvoirs publics donnent la priorit\u00e9 aux projets socioculturels.<\/p>\n<p>Le contexte \u00e9conomique de la culture est particulier car il y coexiste 2 r\u00e9alit\u00e9s. D&rsquo;un c\u00f4t\u00e9 une culture tr\u00e8s rentable o\u00f9 les produits sont trait\u00e9s comme des marchandises (superproductions cin\u00e9matographiques, majors pour les disques). Et parall\u00e8lement, de jeunes cr\u00e9ateurs qui ne rentrent pas forcement dans le moule et qui offrent la diversit\u00e9 que nous pouvons voir autour de nous. Pour ceux l\u00e0, l&rsquo;\u00e9conomie est beaucoup plus difficile et risqu\u00e9e. Heureusement, il existe encore en France la notion \u00ab\u00a0d&rsquo;exception culturelle\u00a0\u00bb mais nous ne savons pas\u00a0 jusqu&rsquo;\u00e0 quand nous r\u00e9ussirons \u00e0 la sauvegarder.<\/p>\n<p><a href=\"https:\/\/blogs.univ-tlse2.fr\/cerises\/files\/mere-denys-production\/MereDenys.pdf\">&gt; T\u00e9l\u00e9chargez la fiche compl\u00e8te M\u00e8re Deny&rsquo;s production<\/a><\/p>\n<h2>Autres fiches ressources :<\/h2>\n\n<!-- Page-list plugin v.5.9 wordpress.org\/plugins\/page-list\/ -->\n<ul class=\"page-list \">\n<li class=\"page_item page-item-278\"><a href=\"https:\/\/blogs.univ-tlse2.fr\/cerises\/experimentations\/principes-suivis-pour-lanalyse\/production-entreprises-sociales\/praksys\/\">Praksys<\/a><\/li>\n<li class=\"page_item page-item-280\"><a href=\"https:\/\/blogs.univ-tlse2.fr\/cerises\/experimentations\/principes-suivis-pour-lanalyse\/production-entreprises-sociales\/domaine-de-garabaud\/\">Domaine de Garabaud<\/a><\/li>\n<li class=\"page_item page-item-284\"><a href=\"https:\/\/blogs.univ-tlse2.fr\/cerises\/experimentations\/principes-suivis-pour-lanalyse\/production-entreprises-sociales\/step-forward\/\">Step Forward<\/a><\/li>\n<li class=\"page_item page-item-286\"><a href=\"https:\/\/blogs.univ-tlse2.fr\/cerises\/experimentations\/principes-suivis-pour-lanalyse\/production-entreprises-sociales\/associations-daide-en-milieu-rural\/\">Associations d&rsquo;aide en milieu rural<\/a><\/li>\n<li class=\"page_item page-item-288\"><a href=\"https:\/\/blogs.univ-tlse2.fr\/cerises\/experimentations\/principes-suivis-pour-lanalyse\/production-entreprises-sociales\/essor\/\">Essor<\/a><\/li>\n<li class=\"page_item page-item-290\"><a href=\"https:\/\/blogs.univ-tlse2.fr\/cerises\/experimentations\/principes-suivis-pour-lanalyse\/production-entreprises-sociales\/scopados\/\">Scopados<\/a><\/li>\n<li class=\"page_item page-item-2263\"><a href=\"https:\/\/blogs.univ-tlse2.fr\/cerises\/experimentations\/principes-suivis-pour-lanalyse\/production-entreprises-sociales\/movimento2\/\">Movimento<\/a><\/li>\n\n<\/ul>\n","protected":false},"excerpt":{"rendered":"<p>Contexte socio-\u00e9conomique global L&rsquo;\u00e9conomie de la culture est une \u00e9conomie pr\u00e9caire par la nature m\u00eame de son activit\u00e9. En effet la vocation premi\u00e8re de la culture n&rsquo;est pas la rentabilit\u00e9. Le plus souvent elle trouve son \u00e9quilibre avec la vente de spectacles, concerts&#8230;, le r\u00e9gime d&rsquo;intermittents du spectacle, les subventions et le b\u00e9n\u00e9volat. En ce [&hellip;]<\/p>\n","protected":false},"author":157,"featured_media":0,"parent":156,"menu_order":3,"comment_status":"closed","ping_status":"open","template":"","meta":{"footnotes":""},"class_list":["post-282","page","type-page","status-publish","hentry"],"_links":{"self":[{"href":"https:\/\/blogs.univ-tlse2.fr\/cerises\/wp-json\/wp\/v2\/pages\/282","targetHints":{"allow":["GET"]}}],"collection":[{"href":"https:\/\/blogs.univ-tlse2.fr\/cerises\/wp-json\/wp\/v2\/pages"}],"about":[{"href":"https:\/\/blogs.univ-tlse2.fr\/cerises\/wp-json\/wp\/v2\/types\/page"}],"author":[{"embeddable":true,"href":"https:\/\/blogs.univ-tlse2.fr\/cerises\/wp-json\/wp\/v2\/users\/157"}],"replies":[{"embeddable":true,"href":"https:\/\/blogs.univ-tlse2.fr\/cerises\/wp-json\/wp\/v2\/comments?post=282"}],"version-history":[{"count":5,"href":"https:\/\/blogs.univ-tlse2.fr\/cerises\/wp-json\/wp\/v2\/pages\/282\/revisions"}],"predecessor-version":[{"id":3006,"href":"https:\/\/blogs.univ-tlse2.fr\/cerises\/wp-json\/wp\/v2\/pages\/282\/revisions\/3006"}],"up":[{"embeddable":true,"href":"https:\/\/blogs.univ-tlse2.fr\/cerises\/wp-json\/wp\/v2\/pages\/156"}],"wp:attachment":[{"href":"https:\/\/blogs.univ-tlse2.fr\/cerises\/wp-json\/wp\/v2\/media?parent=282"}],"curies":[{"name":"wp","href":"https:\/\/api.w.org\/{rel}","templated":true}]}}