 {"id":284,"date":"2013-01-11T11:43:47","date_gmt":"2013-01-11T10:43:47","guid":{"rendered":"https:\/\/blogs.univ-tlse2.fr\/cerises\/?page_id=284"},"modified":"2014-02-06T10:32:18","modified_gmt":"2014-02-06T09:32:18","slug":"step-forward","status":"publish","type":"page","link":"https:\/\/blogs.univ-tlse2.fr\/cerises\/experimentations\/principes-suivis-pour-lanalyse\/production-entreprises-sociales\/step-forward\/","title":{"rendered":"Step Forward"},"content":{"rendered":"<p>Partant du constat des difficult\u00e9s rencontr\u00e9es par les jeunes artistes pour faire leurs premiers pas dans le milieu musical, l&rsquo;association \u00ab\u00a0STEP FORWARD\u00a0\u00bb, qui g\u00e8re le studio du m\u00eame nom, entend donner aux jeunes artistes, essentiellement dans le milieu Reggae, la chance de travailler dans les meilleurs conditions possibles.<\/p>\n<p>L&rsquo;absence de politiques d&rsquo;accompagnement \u00e0 la cr\u00e9ation artistique, et notamment musicale, conduit les jeunes artistes \u00e0 s&rsquo;auto-organiser. Pourtant la lourdeur de l&rsquo;\u00e9quipement n\u00e9cessaire \u00e0 un travail correct, les difficult\u00e9s de promotion et de diffusion, peuvent en d\u00e9courager certain. \u00ab\u00a0STEP FORWARD\u00a0\u00bb a \u00e9t\u00e9 con\u00e7u comme un lieux de synergie entre les diff\u00e9rents acteurs de sc\u00e8ne musicale (artistes -d\u00e9butants ou confirm\u00e9s- ing\u00e9nieurs du son, organisateurs d&rsquo;\u00e9v\u00e8nements&#8230;) permettant aux jeunes artistes de se confronter aux conditions d&rsquo;enregistrement professionnelles, leurs assurant un suivi tout en conservant leur libert\u00e9 de cr\u00e9ation. L&rsquo;id\u00e9e est de permettre aux artistes qui se lancent de profiter d&rsquo;une premi\u00e8re exp\u00e9rience que se soit en studio ou en \u00ab\u00a0live\u00a0\u00bb, de leur permettre de se familiariser avec le mat\u00e9riel, de leur servir de tremplin.<\/p>\n<p><a href=\"https:\/\/blogs.univ-tlse2.fr\/cerises\/files\/step-forward\/stepforward.pdf\">&gt; T\u00e9l\u00e9chargez la fiche compl\u00e8te Step Forward<\/a><\/p>\n<h2>Autres fiches ressources :<\/h2>\n\n<!-- Page-list plugin v.5.9 wordpress.org\/plugins\/page-list\/ -->\n<ul class=\"page-list \">\n<li class=\"page_item page-item-278\"><a href=\"https:\/\/blogs.univ-tlse2.fr\/cerises\/experimentations\/principes-suivis-pour-lanalyse\/production-entreprises-sociales\/praksys\/\">Praksys<\/a><\/li>\n<li class=\"page_item page-item-280\"><a href=\"https:\/\/blogs.univ-tlse2.fr\/cerises\/experimentations\/principes-suivis-pour-lanalyse\/production-entreprises-sociales\/domaine-de-garabaud\/\">Domaine de Garabaud<\/a><\/li>\n<li class=\"page_item page-item-282\"><a href=\"https:\/\/blogs.univ-tlse2.fr\/cerises\/experimentations\/principes-suivis-pour-lanalyse\/production-entreprises-sociales\/mere-denys-production\/\">M\u00e8re Deny&rsquo;s Production<\/a><\/li>\n<li class=\"page_item page-item-286\"><a href=\"https:\/\/blogs.univ-tlse2.fr\/cerises\/experimentations\/principes-suivis-pour-lanalyse\/production-entreprises-sociales\/associations-daide-en-milieu-rural\/\">Associations d&rsquo;aide en milieu rural<\/a><\/li>\n<li class=\"page_item page-item-288\"><a href=\"https:\/\/blogs.univ-tlse2.fr\/cerises\/experimentations\/principes-suivis-pour-lanalyse\/production-entreprises-sociales\/essor\/\">Essor<\/a><\/li>\n<li class=\"page_item page-item-290\"><a href=\"https:\/\/blogs.univ-tlse2.fr\/cerises\/experimentations\/principes-suivis-pour-lanalyse\/production-entreprises-sociales\/scopados\/\">Scopados<\/a><\/li>\n<li class=\"page_item page-item-2263\"><a href=\"https:\/\/blogs.univ-tlse2.fr\/cerises\/experimentations\/principes-suivis-pour-lanalyse\/production-entreprises-sociales\/movimento2\/\">Movimento<\/a><\/li>\n\n<\/ul>\n","protected":false},"excerpt":{"rendered":"<p>Partant du constat des difficult\u00e9s rencontr\u00e9es par les jeunes artistes pour faire leurs premiers pas dans le milieu musical, l&rsquo;association \u00ab\u00a0STEP FORWARD\u00a0\u00bb, qui g\u00e8re le studio du m\u00eame nom, entend donner aux jeunes artistes, essentiellement dans le milieu Reggae, la chance de travailler dans les meilleurs conditions possibles. L&rsquo;absence de politiques d&rsquo;accompagnement \u00e0 la cr\u00e9ation [&hellip;]<\/p>\n","protected":false},"author":157,"featured_media":0,"parent":156,"menu_order":4,"comment_status":"closed","ping_status":"open","template":"","meta":{"footnotes":""},"class_list":["post-284","page","type-page","status-publish","hentry"],"_links":{"self":[{"href":"https:\/\/blogs.univ-tlse2.fr\/cerises\/wp-json\/wp\/v2\/pages\/284","targetHints":{"allow":["GET"]}}],"collection":[{"href":"https:\/\/blogs.univ-tlse2.fr\/cerises\/wp-json\/wp\/v2\/pages"}],"about":[{"href":"https:\/\/blogs.univ-tlse2.fr\/cerises\/wp-json\/wp\/v2\/types\/page"}],"author":[{"embeddable":true,"href":"https:\/\/blogs.univ-tlse2.fr\/cerises\/wp-json\/wp\/v2\/users\/157"}],"replies":[{"embeddable":true,"href":"https:\/\/blogs.univ-tlse2.fr\/cerises\/wp-json\/wp\/v2\/comments?post=284"}],"version-history":[{"count":5,"href":"https:\/\/blogs.univ-tlse2.fr\/cerises\/wp-json\/wp\/v2\/pages\/284\/revisions"}],"predecessor-version":[{"id":3007,"href":"https:\/\/blogs.univ-tlse2.fr\/cerises\/wp-json\/wp\/v2\/pages\/284\/revisions\/3007"}],"up":[{"embeddable":true,"href":"https:\/\/blogs.univ-tlse2.fr\/cerises\/wp-json\/wp\/v2\/pages\/156"}],"wp:attachment":[{"href":"https:\/\/blogs.univ-tlse2.fr\/cerises\/wp-json\/wp\/v2\/media?parent=284"}],"curies":[{"name":"wp","href":"https:\/\/api.w.org\/{rel}","templated":true}]}}