 {"id":286,"date":"2013-01-11T11:44:11","date_gmt":"2013-01-11T10:44:11","guid":{"rendered":"https:\/\/blogs.univ-tlse2.fr\/cerises\/?page_id=286"},"modified":"2014-02-06T10:32:18","modified_gmt":"2014-02-06T09:32:18","slug":"associations-daide-en-milieu-rural","status":"publish","type":"page","link":"https:\/\/blogs.univ-tlse2.fr\/cerises\/experimentations\/principes-suivis-pour-lanalyse\/production-entreprises-sociales\/associations-daide-en-milieu-rural\/","title":{"rendered":"Associations d&rsquo;aide en milieu rural"},"content":{"rendered":"<p><!--\n@page { margin: 2cm }\nTD P { margin-bottom: 0cm }\nP { margin-bottom: 0.21cm }\n-->Informations et conseils pour monter une association d&rsquo;aide en milieu rural.<\/p>\n<p>Les informations ci-apr\u00e8s, de 2003, ne pr\u00e9sentent pas une initiative pr\u00e9cise.<\/p>\n<p><a href=\"https:\/\/blogs.univ-tlse2.fr\/cerises\/files\/associations-daide-en-milieu-rural\/associationsaidemilieurural.pdf\">&gt; T\u00e9l\u00e9chargez la fiche Associations d&rsquo;aide en milieu rural<\/a><\/p>\n<h2>Autres fiches ressources :<\/h2>\n\n<!-- Page-list plugin v.5.9 wordpress.org\/plugins\/page-list\/ -->\n<ul class=\"page-list \">\n<li class=\"page_item page-item-278\"><a href=\"https:\/\/blogs.univ-tlse2.fr\/cerises\/experimentations\/principes-suivis-pour-lanalyse\/production-entreprises-sociales\/praksys\/\">Praksys<\/a><\/li>\n<li class=\"page_item page-item-280\"><a href=\"https:\/\/blogs.univ-tlse2.fr\/cerises\/experimentations\/principes-suivis-pour-lanalyse\/production-entreprises-sociales\/domaine-de-garabaud\/\">Domaine de Garabaud<\/a><\/li>\n<li class=\"page_item page-item-282\"><a href=\"https:\/\/blogs.univ-tlse2.fr\/cerises\/experimentations\/principes-suivis-pour-lanalyse\/production-entreprises-sociales\/mere-denys-production\/\">M\u00e8re Deny&rsquo;s Production<\/a><\/li>\n<li class=\"page_item page-item-284\"><a href=\"https:\/\/blogs.univ-tlse2.fr\/cerises\/experimentations\/principes-suivis-pour-lanalyse\/production-entreprises-sociales\/step-forward\/\">Step Forward<\/a><\/li>\n<li class=\"page_item page-item-288\"><a href=\"https:\/\/blogs.univ-tlse2.fr\/cerises\/experimentations\/principes-suivis-pour-lanalyse\/production-entreprises-sociales\/essor\/\">Essor<\/a><\/li>\n<li class=\"page_item page-item-290\"><a href=\"https:\/\/blogs.univ-tlse2.fr\/cerises\/experimentations\/principes-suivis-pour-lanalyse\/production-entreprises-sociales\/scopados\/\">Scopados<\/a><\/li>\n<li class=\"page_item page-item-2263\"><a href=\"https:\/\/blogs.univ-tlse2.fr\/cerises\/experimentations\/principes-suivis-pour-lanalyse\/production-entreprises-sociales\/movimento2\/\">Movimento<\/a><\/li>\n\n<\/ul>\n","protected":false},"excerpt":{"rendered":"<p>Informations et conseils pour monter une association d&rsquo;aide en milieu rural. Les informations ci-apr\u00e8s, de 2003, ne pr\u00e9sentent pas une initiative pr\u00e9cise. &gt; T\u00e9l\u00e9chargez la fiche Associations d&rsquo;aide en milieu rural Autres fiches ressources :<\/p>\n","protected":false},"author":157,"featured_media":0,"parent":156,"menu_order":5,"comment_status":"closed","ping_status":"open","template":"","meta":{"footnotes":""},"class_list":["post-286","page","type-page","status-publish","hentry"],"_links":{"self":[{"href":"https:\/\/blogs.univ-tlse2.fr\/cerises\/wp-json\/wp\/v2\/pages\/286","targetHints":{"allow":["GET"]}}],"collection":[{"href":"https:\/\/blogs.univ-tlse2.fr\/cerises\/wp-json\/wp\/v2\/pages"}],"about":[{"href":"https:\/\/blogs.univ-tlse2.fr\/cerises\/wp-json\/wp\/v2\/types\/page"}],"author":[{"embeddable":true,"href":"https:\/\/blogs.univ-tlse2.fr\/cerises\/wp-json\/wp\/v2\/users\/157"}],"replies":[{"embeddable":true,"href":"https:\/\/blogs.univ-tlse2.fr\/cerises\/wp-json\/wp\/v2\/comments?post=286"}],"version-history":[{"count":5,"href":"https:\/\/blogs.univ-tlse2.fr\/cerises\/wp-json\/wp\/v2\/pages\/286\/revisions"}],"predecessor-version":[{"id":3008,"href":"https:\/\/blogs.univ-tlse2.fr\/cerises\/wp-json\/wp\/v2\/pages\/286\/revisions\/3008"}],"up":[{"embeddable":true,"href":"https:\/\/blogs.univ-tlse2.fr\/cerises\/wp-json\/wp\/v2\/pages\/156"}],"wp:attachment":[{"href":"https:\/\/blogs.univ-tlse2.fr\/cerises\/wp-json\/wp\/v2\/media?parent=286"}],"curies":[{"name":"wp","href":"https:\/\/api.w.org\/{rel}","templated":true}]}}