 {"id":288,"date":"2013-01-11T11:44:36","date_gmt":"2013-01-11T10:44:36","guid":{"rendered":"https:\/\/blogs.univ-tlse2.fr\/cerises\/?page_id=288"},"modified":"2014-02-06T10:32:18","modified_gmt":"2014-02-06T09:32:18","slug":"essor","status":"publish","type":"page","link":"https:\/\/blogs.univ-tlse2.fr\/cerises\/experimentations\/principes-suivis-pour-lanalyse\/production-entreprises-sociales\/essor\/","title":{"rendered":"Essor"},"content":{"rendered":"<h1>Environnement politique europ\u00e9en<\/h1>\n<p>La Guin\u00e9e, pays de l\u2019ouest africain de plus de 7 000 000 d\u2019habitants, pour une superficie de 250 000 km2, a souffert d\u2019une orientation collectiviste instaur\u00e9e par le r\u00e9gime de S\u00e9kou Tour\u00e9 de 1958 \u00e0 1984, date de sa mort. Pendant toute cette p\u00e9riode elle avait re\u00e7u l\u2019aide de pays du bloc socialiste. Les orientations qui en d\u00e9coul\u00e8rent laiss\u00e8rent l\u2019agriculture au second plan.<\/p>\n<p>L\u2019agriculture ne dispose, \u00e0 part le riz que les chinois d\u00e9velopp\u00e8rent dans la zone des Mangroves, et l\u2019ananas qui est la culture la plus r\u00e9mun\u00e9ratrice, d\u2019aucun point d\u2019ancrage fort. Les pratiques des paysans, in\u00e9gales selon les r\u00e9gions sont les m\u00eames qu\u2019il y a 30 ou 40 ans. Quelques plantations industrielles r\u00e9centes, telles que celle de Farmoreah en Guin\u00e9e maritime o\u00f9 sont produits des melons pour l\u2019exportation, b\u00e9n\u00e9ficient de moyens technologiques inhabituels pour l\u2019ensemble du pays.<\/p>\n<p>Ainsi dans le Fouta Djalon, massif cristallin constituant l\u2019une des quatre r\u00e9gions naturelles, si les paysans utilisent couramment la moto pour leur d\u00e9placement, la culture attel\u00e9e n\u2019existe toujours pas. La plupart des champs cultiv\u00e9s par des petits propri\u00e9taires paysans, ou par des paysans sans terre, sont encore soumis au r\u00e9gime des jach\u00e8res. Dans cette \u00e9conomie peu mon\u00e9taris\u00e9e qu\u2019est l\u2019agriculture traditionnelle, la faiblesse des amendements, organique ou de synth\u00e8se, ne permet pas d\u2019\u00e9quilibrer les pr\u00e9l\u00e8vements occasionn\u00e9s par les cultures ; 7 \u00e0 8 ans de jach\u00e8re sont un repos du sol indispensable.<\/p>\n<p>L\u2019Etat Guin\u00e9en comme tous les pays tr\u00e8s pauvres a d\u00fb accepter des plans de restructuration de son \u00e9conomie pour obtenir les cr\u00e9dits dont il avait besoin.<\/p>\n<p>L\u2019investissement de l\u2019Etat sur son agriculture est concentr\u00e9 sur les cultures permettant soit de procurer des devises au pays, soit de nourrir la population urbaine. Les r\u00e9gions \u00e0 faible production, o\u00f9 domine une agriculture vivri\u00e8re, p\u00e2tissent d\u2019un manque de moyens. Les cadres et techniciens des administrations guin\u00e9ennes sont de bonne volont\u00e9, mais souvent d\u00e9pourvus de moyens d\u2019intervention. Une bonne part du conseil agricole est assur\u00e9 par des programmes mis en place et conduits par des ONG, et financ\u00e9s par les bailleurs de fonds caritatifs ou institutionnels des pays d\u00e9velopp\u00e9s.<\/p>\n<p><a href=\"https:\/\/blogs.univ-tlse2.fr\/cerises\/files\/essor\/essor.pdf\">&gt; T\u00e9l\u00e9chargez la fiche compl\u00e8te Essor<\/a><\/p>\n<h2>Autres fiches ressources :<\/h2>\n\n<!-- Page-list plugin v.5.9 wordpress.org\/plugins\/page-list\/ -->\n<ul class=\"page-list \">\n<li class=\"page_item page-item-278\"><a href=\"https:\/\/blogs.univ-tlse2.fr\/cerises\/experimentations\/principes-suivis-pour-lanalyse\/production-entreprises-sociales\/praksys\/\">Praksys<\/a><\/li>\n<li class=\"page_item page-item-280\"><a href=\"https:\/\/blogs.univ-tlse2.fr\/cerises\/experimentations\/principes-suivis-pour-lanalyse\/production-entreprises-sociales\/domaine-de-garabaud\/\">Domaine de Garabaud<\/a><\/li>\n<li class=\"page_item page-item-282\"><a href=\"https:\/\/blogs.univ-tlse2.fr\/cerises\/experimentations\/principes-suivis-pour-lanalyse\/production-entreprises-sociales\/mere-denys-production\/\">M\u00e8re Deny&rsquo;s Production<\/a><\/li>\n<li class=\"page_item page-item-284\"><a href=\"https:\/\/blogs.univ-tlse2.fr\/cerises\/experimentations\/principes-suivis-pour-lanalyse\/production-entreprises-sociales\/step-forward\/\">Step Forward<\/a><\/li>\n<li class=\"page_item page-item-286\"><a href=\"https:\/\/blogs.univ-tlse2.fr\/cerises\/experimentations\/principes-suivis-pour-lanalyse\/production-entreprises-sociales\/associations-daide-en-milieu-rural\/\">Associations d&rsquo;aide en milieu rural<\/a><\/li>\n<li class=\"page_item page-item-290\"><a href=\"https:\/\/blogs.univ-tlse2.fr\/cerises\/experimentations\/principes-suivis-pour-lanalyse\/production-entreprises-sociales\/scopados\/\">Scopados<\/a><\/li>\n<li class=\"page_item page-item-2263\"><a href=\"https:\/\/blogs.univ-tlse2.fr\/cerises\/experimentations\/principes-suivis-pour-lanalyse\/production-entreprises-sociales\/movimento2\/\">Movimento<\/a><\/li>\n\n<\/ul>\n","protected":false},"excerpt":{"rendered":"<p>Environnement politique europ\u00e9en La Guin\u00e9e, pays de l\u2019ouest africain de plus de 7 000 000 d\u2019habitants, pour une superficie de 250 000 km2, a souffert d\u2019une orientation collectiviste instaur\u00e9e par le r\u00e9gime de S\u00e9kou Tour\u00e9 de 1958 \u00e0 1984, date de sa mort. Pendant toute cette p\u00e9riode elle avait re\u00e7u l\u2019aide de pays du bloc [&hellip;]<\/p>\n","protected":false},"author":157,"featured_media":0,"parent":156,"menu_order":6,"comment_status":"closed","ping_status":"open","template":"","meta":{"footnotes":""},"class_list":["post-288","page","type-page","status-publish","hentry"],"_links":{"self":[{"href":"https:\/\/blogs.univ-tlse2.fr\/cerises\/wp-json\/wp\/v2\/pages\/288","targetHints":{"allow":["GET"]}}],"collection":[{"href":"https:\/\/blogs.univ-tlse2.fr\/cerises\/wp-json\/wp\/v2\/pages"}],"about":[{"href":"https:\/\/blogs.univ-tlse2.fr\/cerises\/wp-json\/wp\/v2\/types\/page"}],"author":[{"embeddable":true,"href":"https:\/\/blogs.univ-tlse2.fr\/cerises\/wp-json\/wp\/v2\/users\/157"}],"replies":[{"embeddable":true,"href":"https:\/\/blogs.univ-tlse2.fr\/cerises\/wp-json\/wp\/v2\/comments?post=288"}],"version-history":[{"count":5,"href":"https:\/\/blogs.univ-tlse2.fr\/cerises\/wp-json\/wp\/v2\/pages\/288\/revisions"}],"predecessor-version":[{"id":3012,"href":"https:\/\/blogs.univ-tlse2.fr\/cerises\/wp-json\/wp\/v2\/pages\/288\/revisions\/3012"}],"up":[{"embeddable":true,"href":"https:\/\/blogs.univ-tlse2.fr\/cerises\/wp-json\/wp\/v2\/pages\/156"}],"wp:attachment":[{"href":"https:\/\/blogs.univ-tlse2.fr\/cerises\/wp-json\/wp\/v2\/media?parent=288"}],"curies":[{"name":"wp","href":"https:\/\/api.w.org\/{rel}","templated":true}]}}