 {"id":294,"date":"2013-01-11T11:45:47","date_gmt":"2013-01-11T10:45:47","guid":{"rendered":"https:\/\/blogs.univ-tlse2.fr\/cerises\/?page_id=294"},"modified":"2014-02-06T10:32:18","modified_gmt":"2014-02-06T09:32:18","slug":"cooperatives-dhabitants","status":"publish","type":"page","link":"https:\/\/blogs.univ-tlse2.fr\/cerises\/experimentations\/principes-suivis-pour-lanalyse\/consommation-repartition-des-echanges-initiatives-solidaires\/cooperatives-dhabitants\/","title":{"rendered":"Coop\u00e9ratives d&rsquo;habitants"},"content":{"rendered":"<p>Synth\u00e8se de la rencontre du 31 mai 2007 \u00e0 Lyon<\/p>\n<p><a href=\"https:\/\/blogs.univ-tlse2.fr\/cerises\/files\/cooperatives-dhabitants\/habicoop.pdf\">Synth\u00e8se en libre t\u00e9l\u00e9chargement : Habicoop<\/a><\/p>\n<p><strong>Sommaire<\/strong><\/p>\n<p><strong>Ouverture :<\/strong> Le renouveau de la coop\u00e9ration par Jacques PRADES, universit\u00e9 Toulouse 2 &#8211; CERISES<\/p>\n<p><strong>Tour de table des groupes projet<\/strong><\/p>\n<ul>\n<li>principaux objectifs et valeurs<\/li>\n<li>besoins : accompagnement ? informations ?<\/li>\n<\/ul>\n<p><strong>Intervention d\u2019Habicoop sur les coop\u00e9ratives d\u2019habitants<\/strong><\/p>\n<ul>\n<li>la d\u00e9finition d\u2019une coop\u00e9rative d\u2019habitants<\/li>\n<li>les d\u00e9fis soulev\u00e9s en terme juridique, financier etc.<\/li>\n<li>les premi\u00e8res pistes de solutions<\/li>\n<\/ul>\n<p><strong>Ateliers<\/strong><\/p>\n<ul>\n<li>les statuts juridiques<\/li>\n<li>les finances<\/li>\n<li>la communication politique et l\u2019utilit\u00e9 sociale<\/li>\n<li>la qualit\u00e9 environnementale et architecturale<\/li>\n<li>la communication interne<\/li>\n<\/ul>\n<h2>Autres fiches ressources :<\/h2>\n\n<!-- Page-list plugin v.5.9 wordpress.org\/plugins\/page-list\/ -->\n<ul class=\"page-list \">\n<li class=\"page_item page-item-296\"><a href=\"https:\/\/blogs.univ-tlse2.fr\/cerises\/experimentations\/principes-suivis-pour-lanalyse\/consommation-repartition-des-echanges-initiatives-solidaires\/projet-vietnam-ong-villes-en-transition\/\">Projet \u00ab\u00a0VietNam\u00a0\u00bb &#8211; ONG Villes en Transition<\/a><\/li>\n<li class=\"page_item page-item-298\"><a href=\"https:\/\/blogs.univ-tlse2.fr\/cerises\/experimentations\/principes-suivis-pour-lanalyse\/consommation-repartition-des-echanges-initiatives-solidaires\/atelier-blanc\/\">Atelier Blanc<\/a><\/li>\n<li class=\"page_item page-item-300\"><a href=\"https:\/\/blogs.univ-tlse2.fr\/cerises\/experimentations\/principes-suivis-pour-lanalyse\/consommation-repartition-des-echanges-initiatives-solidaires\/accompagnement-a-la-scolarite\/\">Accompagnement \u00e0 la scolarit\u00e9 et \u00e0 l&rsquo;int\u00e9gration des Enfants Nouvellement Arriv\u00e9s en France<\/a><\/li>\n<li class=\"page_item page-item-302\"><a href=\"https:\/\/blogs.univ-tlse2.fr\/cerises\/experimentations\/principes-suivis-pour-lanalyse\/consommation-repartition-des-echanges-initiatives-solidaires\/nomad-rsi\/\">NOMAD RSI<\/a><\/li>\n<li class=\"page_item page-item-304\"><a href=\"https:\/\/blogs.univ-tlse2.fr\/cerises\/experimentations\/principes-suivis-pour-lanalyse\/consommation-repartition-des-echanges-initiatives-solidaires\/global-ecovillage\/\">Global Ecovillage<\/a><\/li>\n<li class=\"page_item page-item-306\"><a href=\"https:\/\/blogs.univ-tlse2.fr\/cerises\/experimentations\/principes-suivis-pour-lanalyse\/consommation-repartition-des-echanges-initiatives-solidaires\/creches-parentales\/\">Cr\u00e8ches parentales<\/a><\/li>\n<li class=\"page_item page-item-308\"><a href=\"https:\/\/blogs.univ-tlse2.fr\/cerises\/experimentations\/principes-suivis-pour-lanalyse\/consommation-repartition-des-echanges-initiatives-solidaires\/systemes-dechanges-locaux\/\">Syst\u00e8mes d&rsquo;Echanges Locaux<\/a><\/li>\n<li class=\"page_item page-item-310\"><a href=\"https:\/\/blogs.univ-tlse2.fr\/cerises\/experimentations\/principes-suivis-pour-lanalyse\/consommation-repartition-des-echanges-initiatives-solidaires\/acteurs-territoires-en-prospectives\/\">Acteurs Territoires en Prospectives<\/a><\/li>\n<li class=\"page_item page-item-160\"><a href=\"https:\/\/blogs.univ-tlse2.fr\/cerises\/experimentations\/principes-suivis-pour-lanalyse\/consommation-repartition-des-echanges-initiatives-solidaires\/mobilib-autopartage-a-toulouse\/\">Mobilib (Autopartage \u00e0 Toulouse)<\/a><\/li>\n<li class=\"page_item page-item-162\"><a href=\"https:\/\/blogs.univ-tlse2.fr\/cerises\/experimentations\/principes-suivis-pour-lanalyse\/consommation-repartition-des-echanges-initiatives-solidaires\/le-pot-ethique\/\">Le Pot \u00c9thique<\/a><\/li>\n<li class=\"page_item page-item-312\"><a href=\"https:\/\/blogs.univ-tlse2.fr\/cerises\/experimentations\/principes-suivis-pour-lanalyse\/consommation-repartition-des-echanges-initiatives-solidaires\/via-brachy\/\">Via Brachy<\/a><\/li>\n\n<\/ul>\n","protected":false},"excerpt":{"rendered":"<p>Synth\u00e8se de la rencontre du 31 mai 2007 \u00e0 Lyon Synth\u00e8se en libre t\u00e9l\u00e9chargement : Habicoop Sommaire Ouverture : Le renouveau de la coop\u00e9ration par Jacques PRADES, universit\u00e9 Toulouse 2 &#8211; CERISES Tour de table des groupes projet principaux objectifs et valeurs besoins : accompagnement ? informations ? Intervention d\u2019Habicoop sur les coop\u00e9ratives d\u2019habitants la [&hellip;]<\/p>\n","protected":false},"author":157,"featured_media":0,"parent":158,"menu_order":1,"comment_status":"closed","ping_status":"open","template":"","meta":{"footnotes":""},"class_list":["post-294","page","type-page","status-publish","hentry"],"_links":{"self":[{"href":"https:\/\/blogs.univ-tlse2.fr\/cerises\/wp-json\/wp\/v2\/pages\/294","targetHints":{"allow":["GET"]}}],"collection":[{"href":"https:\/\/blogs.univ-tlse2.fr\/cerises\/wp-json\/wp\/v2\/pages"}],"about":[{"href":"https:\/\/blogs.univ-tlse2.fr\/cerises\/wp-json\/wp\/v2\/types\/page"}],"author":[{"embeddable":true,"href":"https:\/\/blogs.univ-tlse2.fr\/cerises\/wp-json\/wp\/v2\/users\/157"}],"replies":[{"embeddable":true,"href":"https:\/\/blogs.univ-tlse2.fr\/cerises\/wp-json\/wp\/v2\/comments?post=294"}],"version-history":[{"count":6,"href":"https:\/\/blogs.univ-tlse2.fr\/cerises\/wp-json\/wp\/v2\/pages\/294\/revisions"}],"predecessor-version":[{"id":3016,"href":"https:\/\/blogs.univ-tlse2.fr\/cerises\/wp-json\/wp\/v2\/pages\/294\/revisions\/3016"}],"up":[{"embeddable":true,"href":"https:\/\/blogs.univ-tlse2.fr\/cerises\/wp-json\/wp\/v2\/pages\/158"}],"wp:attachment":[{"href":"https:\/\/blogs.univ-tlse2.fr\/cerises\/wp-json\/wp\/v2\/media?parent=294"}],"curies":[{"name":"wp","href":"https:\/\/api.w.org\/{rel}","templated":true}]}}