 {"id":300,"date":"2013-01-11T11:47:09","date_gmt":"2013-01-11T10:47:09","guid":{"rendered":"https:\/\/blogs.univ-tlse2.fr\/cerises\/?page_id=300"},"modified":"2014-02-06T10:32:18","modified_gmt":"2014-02-06T09:32:18","slug":"accompagnement-a-la-scolarite","status":"publish","type":"page","link":"https:\/\/blogs.univ-tlse2.fr\/cerises\/experimentations\/principes-suivis-pour-lanalyse\/consommation-repartition-des-echanges-initiatives-solidaires\/accompagnement-a-la-scolarite\/","title":{"rendered":"Accompagnement \u00e0 la scolarit\u00e9 et \u00e0 l&rsquo;int\u00e9gration des Enfants Nouvellement Arriv\u00e9s en France"},"content":{"rendered":"<p>Informations de 2003<\/p>\n<h1>Contexte micro-social de l&rsquo;exp\u00e9rimentation<\/h1>\n<h2>Champ d&rsquo;activit\u00e9<\/h2>\n<p>Education populaire, accompagnement \u00e0 la scolarit\u00e9 de jeunes en difficult\u00e9s scolaire, citoyennet\u00e9 active<\/p>\n<h2>Localisation<\/h2>\n<p>Toulouse, sur le coll\u00e8ge Bellefontaine situ\u00e9 en Zone d&rsquo;Education Prioritaire.<\/p>\n<h2>Projet<\/h2>\n<p>Comme pour toute action \u00e9ducative ou sociale, la difficult\u00e9 est de mener un projet qui ne soit pas \u00e0 terme une simple prestation de service mais un r\u00e9el moyen de permettre l&rsquo;acquisition de rep\u00e8res et d&rsquo;informations qui rendent autonomes. L&rsquo;accompagnement \u00e0 la scolarit\u00e9 \u00ab\u00a0classique\u00a0\u00bb mise en place par l&rsquo;association s&rsquo;est r\u00e9v\u00e9l\u00e9e inadapt\u00e9e \u00e0 la situation qui n\u00e9cessite des comp\u00e9tences particuli\u00e8res. En effet la question qu&rsquo;am\u00e8ne \u00e0 se poser les ENAF est celle de l&rsquo;accueil.<\/p>\n<p>Il s&rsquo;agit de pouvoir rendre visible et compr\u00e9hensible la soci\u00e9t\u00e9 d&rsquo;accueil, avec ses diff\u00e9rents codes, et \u00e0 la fois reconna\u00eetre le nouvel arrivant et \u00e9couter ses envies et son projet individuel pour l&rsquo;accompagner dans son insertion dans la soci\u00e9t\u00e9 d&rsquo;accueil. L&rsquo;intervention d&rsquo;un b\u00e9n\u00e9vole \u00e9tudiant qui poss\u00e8de son environnement social et culturel, en lien avec les professionnels \u00e9ducatifs, sociaux, institutionnels, peut permettre la mise en place d&rsquo;un accueil global et personnalis\u00e9 \u00e0 la fois.<\/p>\n<p>Le projet s&rsquo;inscrit en conformit\u00e9 avec la charte nationale de l&rsquo;accompagnement \u00e0 la scolarit\u00e9 sign\u00e9e par l&rsquo;AFEV qui offre un cadre de r\u00e9f\u00e9rence et constitue pour l&rsquo;accompagnement \u00e0 la scolarit\u00e9 une exigence de qualit\u00e9 au service des enfants et des jeunes les plus d\u00e9favoris\u00e9s. Se sont port\u00e9s \u00e9galement signataires \u00e0 cette charte entre autre\u00a0:<\/p>\n<ul>\n<li>le Ministre de l&rsquo;\u00c9ducation Nationale,<\/li>\n<li>le Ministre de la Jeunesse et des Sports,<\/li>\n<li>le Ministre d\u00e9l\u00e9gu\u00e9 \u00e0 la Ville,<\/li>\n<li>le Ministre de l&rsquo;Emploi et de la Solidarit\u00e9,<\/li>\n<li>le Pr\u00e9sident du conseil d&rsquo;administration du Fonds d&rsquo;Action Sociale.<\/li>\n<\/ul>\n<p><a href=\"https:\/\/blogs.univ-tlse2.fr\/cerises\/files\/accompagnement-a-la-scolarite\/enaf.pdf\">&gt; T\u00e9l\u00e9chargez la fiche compl\u00e8te ENAF<\/a><\/p>\n<h2>Autres fiches ressources :<\/h2>\n\n<!-- Page-list plugin v.5.9 wordpress.org\/plugins\/page-list\/ -->\n<ul class=\"page-list \">\n<li class=\"page_item page-item-294\"><a href=\"https:\/\/blogs.univ-tlse2.fr\/cerises\/experimentations\/principes-suivis-pour-lanalyse\/consommation-repartition-des-echanges-initiatives-solidaires\/cooperatives-dhabitants\/\">Coop\u00e9ratives d&rsquo;habitants<\/a><\/li>\n<li class=\"page_item page-item-296\"><a href=\"https:\/\/blogs.univ-tlse2.fr\/cerises\/experimentations\/principes-suivis-pour-lanalyse\/consommation-repartition-des-echanges-initiatives-solidaires\/projet-vietnam-ong-villes-en-transition\/\">Projet \u00ab\u00a0VietNam\u00a0\u00bb &#8211; ONG Villes en Transition<\/a><\/li>\n<li class=\"page_item page-item-298\"><a href=\"https:\/\/blogs.univ-tlse2.fr\/cerises\/experimentations\/principes-suivis-pour-lanalyse\/consommation-repartition-des-echanges-initiatives-solidaires\/atelier-blanc\/\">Atelier Blanc<\/a><\/li>\n<li class=\"page_item page-item-302\"><a href=\"https:\/\/blogs.univ-tlse2.fr\/cerises\/experimentations\/principes-suivis-pour-lanalyse\/consommation-repartition-des-echanges-initiatives-solidaires\/nomad-rsi\/\">NOMAD RSI<\/a><\/li>\n<li class=\"page_item page-item-304\"><a href=\"https:\/\/blogs.univ-tlse2.fr\/cerises\/experimentations\/principes-suivis-pour-lanalyse\/consommation-repartition-des-echanges-initiatives-solidaires\/global-ecovillage\/\">Global Ecovillage<\/a><\/li>\n<li class=\"page_item page-item-306\"><a href=\"https:\/\/blogs.univ-tlse2.fr\/cerises\/experimentations\/principes-suivis-pour-lanalyse\/consommation-repartition-des-echanges-initiatives-solidaires\/creches-parentales\/\">Cr\u00e8ches parentales<\/a><\/li>\n<li class=\"page_item page-item-308\"><a href=\"https:\/\/blogs.univ-tlse2.fr\/cerises\/experimentations\/principes-suivis-pour-lanalyse\/consommation-repartition-des-echanges-initiatives-solidaires\/systemes-dechanges-locaux\/\">Syst\u00e8mes d&rsquo;Echanges Locaux<\/a><\/li>\n<li class=\"page_item page-item-310\"><a href=\"https:\/\/blogs.univ-tlse2.fr\/cerises\/experimentations\/principes-suivis-pour-lanalyse\/consommation-repartition-des-echanges-initiatives-solidaires\/acteurs-territoires-en-prospectives\/\">Acteurs Territoires en Prospectives<\/a><\/li>\n<li class=\"page_item page-item-160\"><a href=\"https:\/\/blogs.univ-tlse2.fr\/cerises\/experimentations\/principes-suivis-pour-lanalyse\/consommation-repartition-des-echanges-initiatives-solidaires\/mobilib-autopartage-a-toulouse\/\">Mobilib (Autopartage \u00e0 Toulouse)<\/a><\/li>\n<li class=\"page_item page-item-162\"><a href=\"https:\/\/blogs.univ-tlse2.fr\/cerises\/experimentations\/principes-suivis-pour-lanalyse\/consommation-repartition-des-echanges-initiatives-solidaires\/le-pot-ethique\/\">Le Pot \u00c9thique<\/a><\/li>\n<li class=\"page_item page-item-312\"><a href=\"https:\/\/blogs.univ-tlse2.fr\/cerises\/experimentations\/principes-suivis-pour-lanalyse\/consommation-repartition-des-echanges-initiatives-solidaires\/via-brachy\/\">Via Brachy<\/a><\/li>\n\n<\/ul>\n","protected":false},"excerpt":{"rendered":"<p>Informations de 2003 Contexte micro-social de l&rsquo;exp\u00e9rimentation Champ d&rsquo;activit\u00e9 Education populaire, accompagnement \u00e0 la scolarit\u00e9 de jeunes en difficult\u00e9s scolaire, citoyennet\u00e9 active Localisation Toulouse, sur le coll\u00e8ge Bellefontaine situ\u00e9 en Zone d&rsquo;Education Prioritaire. Projet Comme pour toute action \u00e9ducative ou sociale, la difficult\u00e9 est de mener un projet qui ne soit pas \u00e0 terme une [&hellip;]<\/p>\n","protected":false},"author":157,"featured_media":0,"parent":158,"menu_order":4,"comment_status":"closed","ping_status":"open","template":"","meta":{"footnotes":""},"class_list":["post-300","page","type-page","status-publish","hentry"],"_links":{"self":[{"href":"https:\/\/blogs.univ-tlse2.fr\/cerises\/wp-json\/wp\/v2\/pages\/300","targetHints":{"allow":["GET"]}}],"collection":[{"href":"https:\/\/blogs.univ-tlse2.fr\/cerises\/wp-json\/wp\/v2\/pages"}],"about":[{"href":"https:\/\/blogs.univ-tlse2.fr\/cerises\/wp-json\/wp\/v2\/types\/page"}],"author":[{"embeddable":true,"href":"https:\/\/blogs.univ-tlse2.fr\/cerises\/wp-json\/wp\/v2\/users\/157"}],"replies":[{"embeddable":true,"href":"https:\/\/blogs.univ-tlse2.fr\/cerises\/wp-json\/wp\/v2\/comments?post=300"}],"version-history":[{"count":6,"href":"https:\/\/blogs.univ-tlse2.fr\/cerises\/wp-json\/wp\/v2\/pages\/300\/revisions"}],"predecessor-version":[{"id":3019,"href":"https:\/\/blogs.univ-tlse2.fr\/cerises\/wp-json\/wp\/v2\/pages\/300\/revisions\/3019"}],"up":[{"embeddable":true,"href":"https:\/\/blogs.univ-tlse2.fr\/cerises\/wp-json\/wp\/v2\/pages\/158"}],"wp:attachment":[{"href":"https:\/\/blogs.univ-tlse2.fr\/cerises\/wp-json\/wp\/v2\/media?parent=300"}],"curies":[{"name":"wp","href":"https:\/\/api.w.org\/{rel}","templated":true}]}}