 {"id":302,"date":"2013-01-11T11:47:32","date_gmt":"2013-01-11T10:47:32","guid":{"rendered":"https:\/\/blogs.univ-tlse2.fr\/cerises\/?page_id=302"},"modified":"2014-02-06T10:32:18","modified_gmt":"2014-02-06T09:32:18","slug":"nomad-rsi","status":"publish","type":"page","link":"https:\/\/blogs.univ-tlse2.fr\/cerises\/experimentations\/principes-suivis-pour-lanalyse\/consommation-repartition-des-echanges-initiatives-solidaires\/nomad-rsi\/","title":{"rendered":"NOMAD RSI"},"content":{"rendered":"<h1>Contexte micro-social de l&rsquo;exp\u00e9rimentation :<\/h1>\n<h2>Champ d&rsquo;activit\u00e9 : Secteur, branche, fili\u00e8re, niche, etc.<\/h2>\n<p>Nomad RSI est une organisation de solidarit\u00e9 internationale r\u00e9gie par le loi du 1er juillet 1901. Elle travaille autour du th\u00e8me g\u00e9n\u00e9ral de la sant\u00e9 en alliant recherche en sciences sociales et soutien aux m\u00e9decines traditionnelles. Elle intervient principalement dans les pays du Sud, aupr\u00e8s des minorit\u00e9s ethniques et dans les zones isol\u00e9es.<\/p>\n<p>Nomad RSI veille \u00e0 apporter de nouvelles r\u00e9ponses en d\u00e9veloppement international et \u00e0 renforcer les politiques nationales de sant\u00e9 par une mise en relief de leurs dynamiques sociales, de leur ancrage, ou non, au sein des communaut\u00e9s et de la fa\u00e7on dont elles sont r\u00e9-interpr\u00e9t\u00e9es par les populations en terme de sant\u00e9. Pour cela, l&rsquo;approche unique de Nomad est d&rsquo;int\u00e9grer au sein d&rsquo;une m\u00eame structure des chercheurs en sciences humaines et des agents de d\u00e9veloppement. L&rsquo;objet et d&rsquo;int\u00e9grer les activit\u00e9s \u00e0 la r\u00e9alit\u00e9 sociale et \u00e0 la dynamique qui dessine son \u00e9volution. Les \u00e9quipes sont pluridisciplinaires. Anthropologues, ethnopharmacologues, environnementalistes, avocats, agronomes, sociologues, etc., travaillent ensemble et b\u00e9n\u00e9ficient des comp\u00e9tences plurielles du groupe dans un \u00e9lan r\u00e9flexif commun. L&rsquo;abolition des barri\u00e8res inter- et intra- disciplinaires s&rsquo;int\u00e8gre \u00e0 la d\u00e9marche heuristique de Nomad qui, en multipliant ses angles de regards, permet une connaissance d\u00e9sectoris\u00e9e des multiples visages de chaque objet \u00e9tudi\u00e9.<\/p>\n<h2>Localisation : R\u00e9gion, pays, canton<\/h2>\n<p>Toulouse, France, si\u00e8ge social dans un local associatif.<br \/>\nLadakh, Inde<br \/>\nProvince de Mondulkiri, Cambodge<br \/>\nHaute Casamance, S\u00e9n\u00e9gal<\/p>\n<h2>Projet : Charte, valeurs, conventions<\/h2>\n<p>Nomad RSI souhaite favoriser l&rsquo;utilisation des ressources naturelles, contribuer \u00e0 la protection de l&rsquo;environnement et au d\u00e9veloppement des syst\u00e8mes traditionnels de sant\u00e9. L&rsquo;association consid\u00e8re les traditions m\u00e9dicales \u00e0 la fois comme des recours pertinents \u00e0 certains probl\u00e8mes de sant\u00e9 mais \u00e9galement comme point d&rsquo;ancrage des soci\u00e9t\u00e9s qui les utilisent. La revitalisation des traditions m\u00e9dicales, en raison de leur position m\u00e9diane au sein de l&rsquo;\u00e9quilibre social, corporel et psychique de la communaut\u00e9, s&rsquo;inscrit \u00e9galement comme agent promoteur de l&rsquo;identit\u00e9 et de la culture locale. Les m\u00e9decines traditionnelles font partie du patrimoine des populations. Elles replacent les individus dans un contexte m\u00e9dical qui appartient \u00e0 leur culture. Elles sont l&rsquo;expression de leur vision du monde et poss\u00e8dent les moyens de pr\u00e9venir, soulager ou gu\u00e9rir leur mal.<\/p>\n<p>Le lien propos\u00e9 entre recherche appliqu\u00e9e et d\u00e9veloppement inscrit les projets dans la trajectoire \u00e9volutive des populations h\u00f4tes et facilite la mise en place d&rsquo;actions dont la nature est r\u00e9interpr\u00e9t\u00e9e par les communaut\u00e9s autochtones. Ce concept, sensible \u00e0 l&rsquo;environnement naturel et social, facilite l&rsquo;adaptation des programmes et refuse l&rsquo;incompatibilit\u00e9 pr\u00e9suppos\u00e9e entre tradition et modernit\u00e9.<\/p>\n<p><a href=\"https:\/\/blogs.univ-tlse2.fr\/cerises\/files\/nomad-rsi\/nomad-rsi.pdf\">&gt; T\u00e9l\u00e9chargez la fiche compl\u00e8te Nomad RSI<\/a><\/p>\n<h2>Autres fiches ressources :<\/h2>\n\n<!-- Page-list plugin v.5.9 wordpress.org\/plugins\/page-list\/ -->\n<ul class=\"page-list \">\n<li class=\"page_item page-item-294\"><a href=\"https:\/\/blogs.univ-tlse2.fr\/cerises\/experimentations\/principes-suivis-pour-lanalyse\/consommation-repartition-des-echanges-initiatives-solidaires\/cooperatives-dhabitants\/\">Coop\u00e9ratives d&rsquo;habitants<\/a><\/li>\n<li class=\"page_item page-item-296\"><a href=\"https:\/\/blogs.univ-tlse2.fr\/cerises\/experimentations\/principes-suivis-pour-lanalyse\/consommation-repartition-des-echanges-initiatives-solidaires\/projet-vietnam-ong-villes-en-transition\/\">Projet \u00ab\u00a0VietNam\u00a0\u00bb &#8211; ONG Villes en Transition<\/a><\/li>\n<li class=\"page_item page-item-298\"><a href=\"https:\/\/blogs.univ-tlse2.fr\/cerises\/experimentations\/principes-suivis-pour-lanalyse\/consommation-repartition-des-echanges-initiatives-solidaires\/atelier-blanc\/\">Atelier Blanc<\/a><\/li>\n<li class=\"page_item page-item-300\"><a href=\"https:\/\/blogs.univ-tlse2.fr\/cerises\/experimentations\/principes-suivis-pour-lanalyse\/consommation-repartition-des-echanges-initiatives-solidaires\/accompagnement-a-la-scolarite\/\">Accompagnement \u00e0 la scolarit\u00e9 et \u00e0 l&rsquo;int\u00e9gration des Enfants Nouvellement Arriv\u00e9s en France<\/a><\/li>\n<li class=\"page_item page-item-304\"><a href=\"https:\/\/blogs.univ-tlse2.fr\/cerises\/experimentations\/principes-suivis-pour-lanalyse\/consommation-repartition-des-echanges-initiatives-solidaires\/global-ecovillage\/\">Global Ecovillage<\/a><\/li>\n<li class=\"page_item page-item-306\"><a href=\"https:\/\/blogs.univ-tlse2.fr\/cerises\/experimentations\/principes-suivis-pour-lanalyse\/consommation-repartition-des-echanges-initiatives-solidaires\/creches-parentales\/\">Cr\u00e8ches parentales<\/a><\/li>\n<li class=\"page_item page-item-308\"><a href=\"https:\/\/blogs.univ-tlse2.fr\/cerises\/experimentations\/principes-suivis-pour-lanalyse\/consommation-repartition-des-echanges-initiatives-solidaires\/systemes-dechanges-locaux\/\">Syst\u00e8mes d&rsquo;Echanges Locaux<\/a><\/li>\n<li class=\"page_item page-item-310\"><a href=\"https:\/\/blogs.univ-tlse2.fr\/cerises\/experimentations\/principes-suivis-pour-lanalyse\/consommation-repartition-des-echanges-initiatives-solidaires\/acteurs-territoires-en-prospectives\/\">Acteurs Territoires en Prospectives<\/a><\/li>\n<li class=\"page_item page-item-160\"><a href=\"https:\/\/blogs.univ-tlse2.fr\/cerises\/experimentations\/principes-suivis-pour-lanalyse\/consommation-repartition-des-echanges-initiatives-solidaires\/mobilib-autopartage-a-toulouse\/\">Mobilib (Autopartage \u00e0 Toulouse)<\/a><\/li>\n<li class=\"page_item page-item-162\"><a href=\"https:\/\/blogs.univ-tlse2.fr\/cerises\/experimentations\/principes-suivis-pour-lanalyse\/consommation-repartition-des-echanges-initiatives-solidaires\/le-pot-ethique\/\">Le Pot \u00c9thique<\/a><\/li>\n<li class=\"page_item page-item-312\"><a href=\"https:\/\/blogs.univ-tlse2.fr\/cerises\/experimentations\/principes-suivis-pour-lanalyse\/consommation-repartition-des-echanges-initiatives-solidaires\/via-brachy\/\">Via Brachy<\/a><\/li>\n\n<\/ul>\n","protected":false},"excerpt":{"rendered":"<p>Contexte micro-social de l&rsquo;exp\u00e9rimentation : Champ d&rsquo;activit\u00e9 : Secteur, branche, fili\u00e8re, niche, etc. Nomad RSI est une organisation de solidarit\u00e9 internationale r\u00e9gie par le loi du 1er juillet 1901. Elle travaille autour du th\u00e8me g\u00e9n\u00e9ral de la sant\u00e9 en alliant recherche en sciences sociales et soutien aux m\u00e9decines traditionnelles. Elle intervient principalement dans les pays [&hellip;]<\/p>\n","protected":false},"author":157,"featured_media":0,"parent":158,"menu_order":5,"comment_status":"closed","ping_status":"open","template":"","meta":{"footnotes":""},"class_list":["post-302","page","type-page","status-publish","hentry"],"_links":{"self":[{"href":"https:\/\/blogs.univ-tlse2.fr\/cerises\/wp-json\/wp\/v2\/pages\/302","targetHints":{"allow":["GET"]}}],"collection":[{"href":"https:\/\/blogs.univ-tlse2.fr\/cerises\/wp-json\/wp\/v2\/pages"}],"about":[{"href":"https:\/\/blogs.univ-tlse2.fr\/cerises\/wp-json\/wp\/v2\/types\/page"}],"author":[{"embeddable":true,"href":"https:\/\/blogs.univ-tlse2.fr\/cerises\/wp-json\/wp\/v2\/users\/157"}],"replies":[{"embeddable":true,"href":"https:\/\/blogs.univ-tlse2.fr\/cerises\/wp-json\/wp\/v2\/comments?post=302"}],"version-history":[{"count":6,"href":"https:\/\/blogs.univ-tlse2.fr\/cerises\/wp-json\/wp\/v2\/pages\/302\/revisions"}],"predecessor-version":[{"id":3020,"href":"https:\/\/blogs.univ-tlse2.fr\/cerises\/wp-json\/wp\/v2\/pages\/302\/revisions\/3020"}],"up":[{"embeddable":true,"href":"https:\/\/blogs.univ-tlse2.fr\/cerises\/wp-json\/wp\/v2\/pages\/158"}],"wp:attachment":[{"href":"https:\/\/blogs.univ-tlse2.fr\/cerises\/wp-json\/wp\/v2\/media?parent=302"}],"curies":[{"name":"wp","href":"https:\/\/api.w.org\/{rel}","templated":true}]}}