 {"id":304,"date":"2013-01-11T11:47:55","date_gmt":"2013-01-11T10:47:55","guid":{"rendered":"https:\/\/blogs.univ-tlse2.fr\/cerises\/?page_id=304"},"modified":"2014-02-06T10:32:18","modified_gmt":"2014-02-06T09:32:18","slug":"global-ecovillage","status":"publish","type":"page","link":"https:\/\/blogs.univ-tlse2.fr\/cerises\/experimentations\/principes-suivis-pour-lanalyse\/consommation-repartition-des-echanges-initiatives-solidaires\/global-ecovillage\/","title":{"rendered":"Global Ecovillage"},"content":{"rendered":"<p>Informations 2004. Fiche incompl\u00e8te.<\/p>\n<h1>Contexte micro-social de l&rsquo;exp\u00e9rimentation :<\/h1>\n<h2>Champ d&rsquo;activit\u00e9 : Secteur, branche, fili\u00e8re, niche, etc.<\/h2>\n<p>Les champs d\u2019activit\u00e9s du GEN Europe sont les suivants\u00a0:<\/p>\n<ul>\n<li>mettre en application l&rsquo;Agenda 21 de la conf\u00e9rence de RIO,<\/li>\n<li>r\u00e9pandre l&rsquo;information sur le mouvement des \u00e9covillages<\/li>\n<li>repr\u00e9senter les \u00e9covillages europ\u00e9ens dans les diff\u00e9rentes rencontres, s\u00e9minaires ou forums, impliquant des personnes \u00e9lues, des administrateurs, ou\u00a0 des personnes priv\u00e9es.<\/li>\n<\/ul>\n<h2>Localisation :<\/h2>\n<p>Le si\u00e8ge de l&rsquo;association est situ\u00e9 actuellement \u00e0\u00a0: Torri &#8211; r\u00e9gion de Vintimille &#8211; Italie<\/p>\n<h2>Projet : Charte, valeurs, conventions<\/h2>\n<ul>\n<li>Vision\u00a0: nous envisageons une plan\u00e8te compos\u00e9e de cultures diverses et de communaut\u00e9s en harmonie avec les autres et avec la Terre , en r\u00e9pondant aux besoins des g\u00e9n\u00e9rations actuelles et futures.<\/li>\n<li>Mission\u00a0: nous cr\u00e9ons un avenir durable, en identifiant, en aidant, et en coordonnant les efforts des communaut\u00e9s, afin d&rsquo;arriver \u00e0 une harmonie sociale, spirituelle, \u00e9cologique et \u00e9conomique.<\/li>\n<\/ul>\n<p><a href=\"https:\/\/blogs.univ-tlse2.fr\/cerises\/files\/global-ecovillage\/Global-Ecovillage.pdf\">&gt; T\u00e9l\u00e9chargez la fiche Global Ecovillage<\/a><\/p>\n<h2>Autres fiches ressources :<\/h2>\n\n<!-- Page-list plugin v.5.9 wordpress.org\/plugins\/page-list\/ -->\n<ul class=\"page-list \">\n<li class=\"page_item page-item-294\"><a href=\"https:\/\/blogs.univ-tlse2.fr\/cerises\/experimentations\/principes-suivis-pour-lanalyse\/consommation-repartition-des-echanges-initiatives-solidaires\/cooperatives-dhabitants\/\">Coop\u00e9ratives d&rsquo;habitants<\/a><\/li>\n<li class=\"page_item page-item-296\"><a href=\"https:\/\/blogs.univ-tlse2.fr\/cerises\/experimentations\/principes-suivis-pour-lanalyse\/consommation-repartition-des-echanges-initiatives-solidaires\/projet-vietnam-ong-villes-en-transition\/\">Projet \u00ab\u00a0VietNam\u00a0\u00bb &#8211; ONG Villes en Transition<\/a><\/li>\n<li class=\"page_item page-item-298\"><a href=\"https:\/\/blogs.univ-tlse2.fr\/cerises\/experimentations\/principes-suivis-pour-lanalyse\/consommation-repartition-des-echanges-initiatives-solidaires\/atelier-blanc\/\">Atelier Blanc<\/a><\/li>\n<li class=\"page_item page-item-300\"><a href=\"https:\/\/blogs.univ-tlse2.fr\/cerises\/experimentations\/principes-suivis-pour-lanalyse\/consommation-repartition-des-echanges-initiatives-solidaires\/accompagnement-a-la-scolarite\/\">Accompagnement \u00e0 la scolarit\u00e9 et \u00e0 l&rsquo;int\u00e9gration des Enfants Nouvellement Arriv\u00e9s en France<\/a><\/li>\n<li class=\"page_item page-item-302\"><a href=\"https:\/\/blogs.univ-tlse2.fr\/cerises\/experimentations\/principes-suivis-pour-lanalyse\/consommation-repartition-des-echanges-initiatives-solidaires\/nomad-rsi\/\">NOMAD RSI<\/a><\/li>\n<li class=\"page_item page-item-306\"><a href=\"https:\/\/blogs.univ-tlse2.fr\/cerises\/experimentations\/principes-suivis-pour-lanalyse\/consommation-repartition-des-echanges-initiatives-solidaires\/creches-parentales\/\">Cr\u00e8ches parentales<\/a><\/li>\n<li class=\"page_item page-item-308\"><a href=\"https:\/\/blogs.univ-tlse2.fr\/cerises\/experimentations\/principes-suivis-pour-lanalyse\/consommation-repartition-des-echanges-initiatives-solidaires\/systemes-dechanges-locaux\/\">Syst\u00e8mes d&rsquo;Echanges Locaux<\/a><\/li>\n<li class=\"page_item page-item-310\"><a href=\"https:\/\/blogs.univ-tlse2.fr\/cerises\/experimentations\/principes-suivis-pour-lanalyse\/consommation-repartition-des-echanges-initiatives-solidaires\/acteurs-territoires-en-prospectives\/\">Acteurs Territoires en Prospectives<\/a><\/li>\n<li class=\"page_item page-item-160\"><a href=\"https:\/\/blogs.univ-tlse2.fr\/cerises\/experimentations\/principes-suivis-pour-lanalyse\/consommation-repartition-des-echanges-initiatives-solidaires\/mobilib-autopartage-a-toulouse\/\">Mobilib (Autopartage \u00e0 Toulouse)<\/a><\/li>\n<li class=\"page_item page-item-162\"><a href=\"https:\/\/blogs.univ-tlse2.fr\/cerises\/experimentations\/principes-suivis-pour-lanalyse\/consommation-repartition-des-echanges-initiatives-solidaires\/le-pot-ethique\/\">Le Pot \u00c9thique<\/a><\/li>\n<li class=\"page_item page-item-312\"><a href=\"https:\/\/blogs.univ-tlse2.fr\/cerises\/experimentations\/principes-suivis-pour-lanalyse\/consommation-repartition-des-echanges-initiatives-solidaires\/via-brachy\/\">Via Brachy<\/a><\/li>\n\n<\/ul>\n","protected":false},"excerpt":{"rendered":"<p>Informations 2004. Fiche incompl\u00e8te. Contexte micro-social de l&rsquo;exp\u00e9rimentation : Champ d&rsquo;activit\u00e9 : Secteur, branche, fili\u00e8re, niche, etc. Les champs d\u2019activit\u00e9s du GEN Europe sont les suivants\u00a0: mettre en application l&rsquo;Agenda 21 de la conf\u00e9rence de RIO, r\u00e9pandre l&rsquo;information sur le mouvement des \u00e9covillages repr\u00e9senter les \u00e9covillages europ\u00e9ens dans les diff\u00e9rentes rencontres, s\u00e9minaires ou forums, impliquant [&hellip;]<\/p>\n","protected":false},"author":157,"featured_media":0,"parent":158,"menu_order":6,"comment_status":"closed","ping_status":"open","template":"","meta":{"footnotes":""},"class_list":["post-304","page","type-page","status-publish","hentry"],"_links":{"self":[{"href":"https:\/\/blogs.univ-tlse2.fr\/cerises\/wp-json\/wp\/v2\/pages\/304","targetHints":{"allow":["GET"]}}],"collection":[{"href":"https:\/\/blogs.univ-tlse2.fr\/cerises\/wp-json\/wp\/v2\/pages"}],"about":[{"href":"https:\/\/blogs.univ-tlse2.fr\/cerises\/wp-json\/wp\/v2\/types\/page"}],"author":[{"embeddable":true,"href":"https:\/\/blogs.univ-tlse2.fr\/cerises\/wp-json\/wp\/v2\/users\/157"}],"replies":[{"embeddable":true,"href":"https:\/\/blogs.univ-tlse2.fr\/cerises\/wp-json\/wp\/v2\/comments?post=304"}],"version-history":[{"count":7,"href":"https:\/\/blogs.univ-tlse2.fr\/cerises\/wp-json\/wp\/v2\/pages\/304\/revisions"}],"predecessor-version":[{"id":3021,"href":"https:\/\/blogs.univ-tlse2.fr\/cerises\/wp-json\/wp\/v2\/pages\/304\/revisions\/3021"}],"up":[{"embeddable":true,"href":"https:\/\/blogs.univ-tlse2.fr\/cerises\/wp-json\/wp\/v2\/pages\/158"}],"wp:attachment":[{"href":"https:\/\/blogs.univ-tlse2.fr\/cerises\/wp-json\/wp\/v2\/media?parent=304"}],"curies":[{"name":"wp","href":"https:\/\/api.w.org\/{rel}","templated":true}]}}