 {"id":3077,"date":"2013-02-13T17:54:36","date_gmt":"2013-02-13T16:54:36","guid":{"rendered":"https:\/\/blogs.univ-tlse2.fr\/cerises\/?page_id=3077"},"modified":"2014-02-06T10:32:18","modified_gmt":"2014-02-06T09:32:18","slug":"catherine-dehureau","status":"publish","type":"page","link":"https:\/\/blogs.univ-tlse2.fr\/cerises\/cerises\/lequipe\/catherine-dehureau\/","title":{"rendered":"Catherine Dehureau"},"content":{"rendered":"<div>\n<p>mail : d&#x65;h&#117;&#x72;e&#x61;&#x75;&#64;&#x67;m&#97;&#x69;l&#46;&#x63;o&#x6d;\u2028N\u00e9e le 29 juin 1950\u2028\u00a0<a href=\"https:\/\/blogs.univ-tlse2.fr\/cerises\/files\/catherine-dehureau\/Copie-de-Cerises.jpg\"><img loading=\"lazy\" decoding=\"async\" class=\"alignright size-thumbnail wp-image-3078\" alt=\"Copie de Cerises\" src=\"https:\/\/blogs.univ-tlse2.fr\/cerises\/files\/catherine-dehureau\/Copie-de-Cerises-150x120.jpg\" width=\"150\" height=\"120\" srcset=\"https:\/\/blogs.univ-tlse2.fr\/cerises\/files\/catherine-dehureau\/Copie-de-Cerises-150x120.jpg 150w, https:\/\/blogs.univ-tlse2.fr\/cerises\/files\/catherine-dehureau\/Copie-de-Cerises-300x240.jpg 300w, https:\/\/blogs.univ-tlse2.fr\/cerises\/files\/catherine-dehureau\/Copie-de-Cerises-623x500.jpg 623w, https:\/\/blogs.univ-tlse2.fr\/cerises\/files\/catherine-dehureau\/Copie-de-Cerises-624x500.jpg 624w, https:\/\/blogs.univ-tlse2.fr\/cerises\/files\/catherine-dehureau\/Copie-de-Cerises.jpg 748w\" sizes=\"auto, (max-width: 150px) 100vw, 150px\" \/><\/a><\/p>\n<p>Retrait\u00e9e depuis 2010<\/p>\n<p><b>EXPERIENCE PROFESSIONNELLE<\/b><\/p>\n<p><b>2003 \u2013 2010 \u00a0Charg\u00e9e de mission\u00a0 \u2013 <\/b>Communaut\u00e9 de communes de Mimizan \u2013<\/p>\n<p><b>Responsable des affaires \u00e9conomiques.<\/b> <span style=\"text-decoration: underline\">Principaux r\u00e9sultats<\/span> : gestion du projet d\u2019habitat coop\u00e9ratif\u00a0: fondamentaux, co-animation du groupe d\u2019habitants, charte, principes juridiques,\u00a0 financiers et architecturaux ; Etude de programmation et ma\u00eetrise d\u2019\u0153uvre du Centre d\u2019interpr\u00e9tation du Pin des Landes \u00ab\u00a0Cit\u00e9 du Bois\u00a0\u00bb ; Gestion de la p\u00e9pini\u00e8re d\u2019entreprises adh\u00e9rente du R\u00e9seau aquitain des p\u00e9pini\u00e8res d\u2019entreprises, Implantation d\u2019entreprises, ex. production d\u2019\u00e9lectricit\u00e9 par ressource photovolta\u00efque ; Organisation \u00e9v\u00e9nementiel, Mise en place des base du club d\u2019entreprise.<\/p>\n<p>&nbsp;<\/p>\n<p>&nbsp;<\/p>\n<p><b>\u00a0Charg\u00e9e de mission\u00a0 \u2013 <\/b>Comit\u00e9 DURENNE,<b> <\/b>mission pour le SGAR et R\u00e9gion Champagne Ardenne, R\u00e9gion Lorraine, D\u00e9partements Haute-Marne, Meuse<\/p>\n<p><b>\u00a0\u00a0\u00a0\u00a0\u00a0\u00a0\u00a0\u00a0\u00a0\u00a0\u00a0\u00a0\u00a0\u00a0\u00a0\u00a0\u00a0\u00a0\u00a0\u00a0\u00a0\u00a0\u00a0\u00a0\u00a0\u00a0\u00a0\u00a0\u00a0\u00a0\u00a0\u00a0\u00a0\u00a0\u00a0\u00a0\u00a0\u00a0\u00a0\u00a0\u00a0\u00a0<\/b><\/p>\n<p><b>Gestion de projet P\u00f4le d\u2019Economie du Patrimoine de la m\u00e9tallurgie et de la fonte d\u2019art (agr\u00e9ment DATAR) \u00ab\u00a0Vall\u00e9es du fer et de la fonte\u00a0\u00bb. <\/b>Organisation<b> <\/b>scientifique, technique, financi\u00e8re<b>. <\/b><span style=\"text-decoration: underline\">R\u00e9sultats<\/span> : animation d\u2019un territoire inter-r\u00e9gional de cinq vall\u00e9es et 200 communes, montage des partenariats publics-priv\u00e9s\u00a0; structuration du Comit\u00e9 Durenne, association loi 1901 f\u00e9d\u00e9ratrice de 4 associations de sauvegarde du patrimoine (adh\u00e9sions organismes publics et priv\u00e9s X 3), pr\u00e9figuration et lancement du Pays Nord Haut-marnais\u00a0; \u00e9tude de programmation\u00a0architectural et sc\u00e9nographique : 2 sites centres de la culture m\u00e9tallurgique et 5 sites d\u2019illustration, classement monument historique du dernier haut fourneau circulaire.<\/p>\n<p>&nbsp;<\/p>\n<p><b>1992 \u2013 1998\u00a0\u00a0\u00a0\u00a0\u00a0\u00a0\u00a0\u00a0\u00a0\u00a0\u00a0\u00a0\u00a0\u00a0\u00a0\u00a0\u00a0\u00a0 Charg\u00e9e de mission \u00ab\u00a0mer\u00a0\u00bb \u2013 <\/b>Agence de d\u00e9veloppement \u00e9conomique du pays de Lorient \u2013 56104 Lorient \u2013 Association loi 1901 de 15 communes et de 120 entreprises.<\/p>\n<p><b>Appui \u00e0 l\u2019\u00e9volution des activit\u00e9s traditionnelles des fili\u00e8res maritimes<\/b>. <span style=\"text-decoration: underline\">R\u00e9sultats<\/span> : cr\u00e9ation d\u2019un r\u00e9seau public\/priv\u00e9 emploi-formation et conseil\u00a0; actions vers les entreprises\u00a0: regroupements strat\u00e9giques, formations sur mesure, ex. initiation des conjointes de patrons de p\u00eache \u00e0 la comptabilit\u00e9-gestion, recrutement de cadres en r\u00e9paration navale\u00a0; \u00e9tudes : fili\u00e8re p\u00eache et ressources humaines, technop\u00f4le de la p\u00eache et des produits de la mer\u00a0; dossiers fonds structurels europ\u00e9ens (FEDER, FSE)\u00a0; Programmes d\u2019Initiatives Communautaires Pesca, Konver, Adapt, etc\u00a0; coop\u00e9ration fili\u00e8res p\u00eaches Lorient\/Maroc.<\/p>\n<p>&nbsp;<\/p>\n<p>Analyse et synth\u00e8se, conception et organisation, gestion de projets et animation \u2013 Collaboration entreprises, organisations professionnelles et consulaires, Etat, collectivit\u00e9s territoriales, Directions de l\u2019Union Europ\u00e9enne.<\/p>\n<p><b>\u00a0<\/b><\/p>\n<p><b>1990 \u00e0 1994\u00a0\u00a0\u00a0\u00a0\u00a0\u00a0\u00a0\u00a0\u00a0\u00a0\u00a0\u00a0\u00a0\u00a0\u00a0\u00a0\u00a0 Associ\u00e9e du cabinet de conseil en organisation\u00a0 \u2013 <\/b>METROSYSTEM \u2013 av. Gambetta 75020 Paris.<\/p>\n<p>&nbsp;<\/p>\n<p><b>Cr\u00e9ation et d\u00e9veloppement de la soci\u00e9t\u00e9<\/b>. Chantiers d\u2019organisation priv\u00e9s et publics.<\/p>\n<p><b>\u00a0<\/b><\/p>\n<p><b>1990 \u2013 1991\u00a0\u00a0\u00a0\u00a0\u00a0\u00a0\u00a0\u00a0\u00a0\u00a0\u00a0\u00a0\u00a0\u00a0\u00a0\u00a0\u00a0\u00a0 Charg\u00e9e de mission d\u00e9veloppement <\/b>(CDD) ASEPT \u2013 53020 Laval -Association loi 1901 de 45 entreprises pour la ma\u00eetrise de la qualit\u00e9 (industries agroalimentaires, industries de la pharmacie et des cosm\u00e9tiques, mat\u00e9riels, \u00e9quipements et fournitures industrielles).<\/p>\n<p><b>D\u00e9veloppement de l\u2019activit\u00e9 de l\u2019association. <\/b><span style=\"text-decoration: underline\">R\u00e9sultats<\/span> : 100% de renouvellement des adh\u00e9sions, cr\u00e9ation d\u2019ateliers de travail th\u00e9matiques (ex. process et hygi\u00e8ne) repr\u00e9sentation et promotion de l\u2019association aupr\u00e8s des organismes priv\u00e9s et publics en France et en Europe.<\/p>\n<p><b>Organisation d\u2019un service formation<\/b> : 6 ateliers de 40 \u00e0 90 personnes, 10 stages de 10 personnes.<\/p>\n<p><b>1989 \u2013 1990\u00a0\u00a0\u00a0\u00a0\u00a0\u00a0\u00a0\u00a0\u00a0\u00a0\u00a0\u00a0 Ing\u00e9nieur d\u2019affaires en organisation\u00a0 \u2013 <\/b>SERTAG\u00a0 S.A \u2013 92120 \u2013 Montrouge \u2013 Ing\u00e9nierie agroalimentaire fili\u00e8re viande.<\/p>\n<p>(stage IESTO)\u00a0\u00a0\u00a0\u00a0\u00a0\u00a0\u00a0 \u00a0\u00a0\u00a0\u00a0\u00a0\u00a0\u00a0\u00a0\u00a0\u00a0\u00a0\u00a0\u00a0\u00a0\u00a0\u00a0\u00a0\u00a0 <b>Organisation de la Qualit\u00e9 du bureau d\u2019\u00e9tudes<\/b>\u00a0 \u2013 ISO 9001<\/p>\n<p><b>R\u00e9alisation de 7 chantiers d\u2019organisation dans le secteur industriel<\/b>, ex. : orienter la politique commerciale d\u2019une entreprise agroalimentaire de Normandie vers un partenariat de fili\u00e8re, d\u00e9veloppement d\u2019un produit de charcuterie en Italie.<\/p>\n<p><b>\u00a0<\/b><\/p>\n<p><b>1984 \u2013 1989\u00a0\u00a0\u00a0\u00a0\u00a0\u00a0\u00a0\u00a0\u00a0\u00a0\u00a0\u00a0 Chef de Projet de diversification \u2013 <\/b>Laiterie TRIBALLAT \u2013 35530 Noyal sur Vilaine \u2013 Fabrication de produits laitiers, marque RIANS.<\/p>\n<p><b>Cr\u00e9ation d\u2019une collecte de 2,5 millions de lait de ch\u00e8vre. <\/b>Conception et r\u00e9alisation d\u2019un\u00a0 syst\u00e8me d\u2019approvisionnement (travaux de recherche men\u00e9s en France, en Grande Bretagne, aux<b> <\/b>Pays Bas<b> <\/b>et en<b> <\/b>Isra\u00ebl). <b>\u00a0<\/b><span style=\"text-decoration: underline\">R\u00e9sultats<\/span><b> : <\/b>24 producteurs,<b> <\/b>qualit\u00e9 du lait 16% de plus-value sur le prix moyen national, produit \u00ab\u00a0Le petit Billy\u00a0\u00bb m\u00e9daille d\u2019or<b> <\/b>au Concours G\u00e9n\u00e9ral Agricole de Paris 1989 dans la cat\u00e9gorie fromage de ch\u00e8vre laitier.<\/p>\n<p><b>1983 \u2013 1984\u00a0\u00a0 \u00a0\u00a0\u00a0\u00a0\u00a0\u00a0\u00a0\u00a0\u00a0 Charg\u00e9e d\u2019\u00e9tudes <\/b>(stage BTS) \u00ab\u00a0Economie de la collecte industrielle du lait en zone d\u00e9favoris\u00e9e<b> <\/b>\u00ab\u00a0<b> \u2013 <\/b>Laboratoire de Technologie Laiti\u00e8re \u2013 INRA \u2013 35000 Rennes<\/p>\n<p><b>Cr\u00e9ation d\u2019un centre de traitement biotechnologique du lait <\/b>en Bretagne, programme financ\u00e9 par la CEE et la DATAR.<\/p>\n<p>&nbsp;<\/p>\n<p>Avant 1983, exp\u00e9riences et responsabilit\u00e9s professionnelles dans le secteur agricole : production, transformation, commercialisation, d\u00e9veloppement d\u2019une politique r\u00e9gionale de commercialisation et de distribution des produits fermiers \u2013 Participation \u00e0 un projet de d\u00e9veloppement d\u2019un canton du Sud Ouest de la France (classes vertes, \u00e9changes villes-campagnes, base de loisirs nautiques, restaurant communal\u2026).<\/p>\n<p>&nbsp;<\/p>\n<\/div>\n","protected":false},"excerpt":{"rendered":"<p>mail : &#x64;&#x65;&#104;ur&#x65;&#x61;&#x75;&#64;gm&#x61;&#x69;&#x6c;&#46;co&#x6d;\u2028N\u00e9e le 29 juin 1950\u2028\u00a0 Retrait\u00e9e depuis 2010 EXPERIENCE PROFESSIONNELLE 2003 \u2013 2010 \u00a0Charg\u00e9e de mission\u00a0 \u2013 Communaut\u00e9 de communes de Mimizan \u2013 Responsable des affaires \u00e9conomiques. Principaux r\u00e9sultats : gestion du projet d\u2019habitat coop\u00e9ratif\u00a0: fondamentaux, co-animation du groupe d\u2019habitants, charte, principes juridiques,\u00a0 financiers et architecturaux ; Etude de programmation et ma\u00eetrise d\u2019\u0153uvre [&hellip;]<\/p>\n","protected":false},"author":166,"featured_media":0,"parent":316,"menu_order":0,"comment_status":"closed","ping_status":"open","template":"","meta":{"footnotes":""},"class_list":["post-3077","page","type-page","status-publish","hentry"],"_links":{"self":[{"href":"https:\/\/blogs.univ-tlse2.fr\/cerises\/wp-json\/wp\/v2\/pages\/3077","targetHints":{"allow":["GET"]}}],"collection":[{"href":"https:\/\/blogs.univ-tlse2.fr\/cerises\/wp-json\/wp\/v2\/pages"}],"about":[{"href":"https:\/\/blogs.univ-tlse2.fr\/cerises\/wp-json\/wp\/v2\/types\/page"}],"author":[{"embeddable":true,"href":"https:\/\/blogs.univ-tlse2.fr\/cerises\/wp-json\/wp\/v2\/users\/166"}],"replies":[{"embeddable":true,"href":"https:\/\/blogs.univ-tlse2.fr\/cerises\/wp-json\/wp\/v2\/comments?post=3077"}],"version-history":[{"count":2,"href":"https:\/\/blogs.univ-tlse2.fr\/cerises\/wp-json\/wp\/v2\/pages\/3077\/revisions"}],"predecessor-version":[{"id":3080,"href":"https:\/\/blogs.univ-tlse2.fr\/cerises\/wp-json\/wp\/v2\/pages\/3077\/revisions\/3080"}],"up":[{"embeddable":true,"href":"https:\/\/blogs.univ-tlse2.fr\/cerises\/wp-json\/wp\/v2\/pages\/316"}],"wp:attachment":[{"href":"https:\/\/blogs.univ-tlse2.fr\/cerises\/wp-json\/wp\/v2\/media?parent=3077"}],"curies":[{"name":"wp","href":"https:\/\/api.w.org\/{rel}","templated":true}]}}