 {"id":310,"date":"2013-01-11T11:49:02","date_gmt":"2013-01-11T10:49:02","guid":{"rendered":"https:\/\/blogs.univ-tlse2.fr\/cerises\/?page_id=310"},"modified":"2014-02-06T10:32:18","modified_gmt":"2014-02-06T09:32:18","slug":"acteurs-territoires-en-prospectives","status":"publish","type":"page","link":"https:\/\/blogs.univ-tlse2.fr\/cerises\/experimentations\/principes-suivis-pour-lanalyse\/consommation-repartition-des-echanges-initiatives-solidaires\/acteurs-territoires-en-prospectives\/","title":{"rendered":"Acteurs Territoires en Prospectives"},"content":{"rendered":"<p><!--\n@page { margin: 2cm }\nTD P { margin-bottom: 0cm }\nP { margin-bottom: 0.21cm }\n-->Informations de 2002<\/p>\n<p>Des stages de formation \u00ab\u00e9coute qualitative et prospective\u00bb restitu\u00e9s aux habitants, pour impulser des ateliers de citoyennet\u00e9 au service des projets de territoires ruraux ou des pays.<\/p>\n<p><a href=\"https:\/\/blogs.univ-tlse2.fr\/cerises\/files\/acteurs-territoires-en-prospectives\/acteurs-territoires-en-prospectives.pdf\">&gt; T\u00e9l\u00e9chargez la fiche Acteurs Territoires en prospectives<\/a><\/p>\n<h2>Autres fiches ressources :<\/h2>\n\n<!-- Page-list plugin v.5.9 wordpress.org\/plugins\/page-list\/ -->\n<ul class=\"page-list \">\n<li class=\"page_item page-item-294\"><a href=\"https:\/\/blogs.univ-tlse2.fr\/cerises\/experimentations\/principes-suivis-pour-lanalyse\/consommation-repartition-des-echanges-initiatives-solidaires\/cooperatives-dhabitants\/\">Coop\u00e9ratives d&rsquo;habitants<\/a><\/li>\n<li class=\"page_item page-item-296\"><a href=\"https:\/\/blogs.univ-tlse2.fr\/cerises\/experimentations\/principes-suivis-pour-lanalyse\/consommation-repartition-des-echanges-initiatives-solidaires\/projet-vietnam-ong-villes-en-transition\/\">Projet \u00ab\u00a0VietNam\u00a0\u00bb &#8211; ONG Villes en Transition<\/a><\/li>\n<li class=\"page_item page-item-298\"><a href=\"https:\/\/blogs.univ-tlse2.fr\/cerises\/experimentations\/principes-suivis-pour-lanalyse\/consommation-repartition-des-echanges-initiatives-solidaires\/atelier-blanc\/\">Atelier Blanc<\/a><\/li>\n<li class=\"page_item page-item-300\"><a href=\"https:\/\/blogs.univ-tlse2.fr\/cerises\/experimentations\/principes-suivis-pour-lanalyse\/consommation-repartition-des-echanges-initiatives-solidaires\/accompagnement-a-la-scolarite\/\">Accompagnement \u00e0 la scolarit\u00e9 et \u00e0 l&rsquo;int\u00e9gration des Enfants Nouvellement Arriv\u00e9s en France<\/a><\/li>\n<li class=\"page_item page-item-302\"><a href=\"https:\/\/blogs.univ-tlse2.fr\/cerises\/experimentations\/principes-suivis-pour-lanalyse\/consommation-repartition-des-echanges-initiatives-solidaires\/nomad-rsi\/\">NOMAD RSI<\/a><\/li>\n<li class=\"page_item page-item-304\"><a href=\"https:\/\/blogs.univ-tlse2.fr\/cerises\/experimentations\/principes-suivis-pour-lanalyse\/consommation-repartition-des-echanges-initiatives-solidaires\/global-ecovillage\/\">Global Ecovillage<\/a><\/li>\n<li class=\"page_item page-item-306\"><a href=\"https:\/\/blogs.univ-tlse2.fr\/cerises\/experimentations\/principes-suivis-pour-lanalyse\/consommation-repartition-des-echanges-initiatives-solidaires\/creches-parentales\/\">Cr\u00e8ches parentales<\/a><\/li>\n<li class=\"page_item page-item-308\"><a href=\"https:\/\/blogs.univ-tlse2.fr\/cerises\/experimentations\/principes-suivis-pour-lanalyse\/consommation-repartition-des-echanges-initiatives-solidaires\/systemes-dechanges-locaux\/\">Syst\u00e8mes d&rsquo;Echanges Locaux<\/a><\/li>\n<li class=\"page_item page-item-160\"><a href=\"https:\/\/blogs.univ-tlse2.fr\/cerises\/experimentations\/principes-suivis-pour-lanalyse\/consommation-repartition-des-echanges-initiatives-solidaires\/mobilib-autopartage-a-toulouse\/\">Mobilib (Autopartage \u00e0 Toulouse)<\/a><\/li>\n<li class=\"page_item page-item-162\"><a href=\"https:\/\/blogs.univ-tlse2.fr\/cerises\/experimentations\/principes-suivis-pour-lanalyse\/consommation-repartition-des-echanges-initiatives-solidaires\/le-pot-ethique\/\">Le Pot \u00c9thique<\/a><\/li>\n<li class=\"page_item page-item-312\"><a href=\"https:\/\/blogs.univ-tlse2.fr\/cerises\/experimentations\/principes-suivis-pour-lanalyse\/consommation-repartition-des-echanges-initiatives-solidaires\/via-brachy\/\">Via Brachy<\/a><\/li>\n\n<\/ul>\n","protected":false},"excerpt":{"rendered":"<p>Informations de 2002 Des stages de formation \u00ab\u00e9coute qualitative et prospective\u00bb restitu\u00e9s aux habitants, pour impulser des ateliers de citoyennet\u00e9 au service des projets de territoires ruraux ou des pays. &gt; T\u00e9l\u00e9chargez la fiche Acteurs Territoires en prospectives Autres fiches ressources :<\/p>\n","protected":false},"author":157,"featured_media":0,"parent":158,"menu_order":9,"comment_status":"closed","ping_status":"open","template":"","meta":{"footnotes":""},"class_list":["post-310","page","type-page","status-publish","hentry"],"_links":{"self":[{"href":"https:\/\/blogs.univ-tlse2.fr\/cerises\/wp-json\/wp\/v2\/pages\/310","targetHints":{"allow":["GET"]}}],"collection":[{"href":"https:\/\/blogs.univ-tlse2.fr\/cerises\/wp-json\/wp\/v2\/pages"}],"about":[{"href":"https:\/\/blogs.univ-tlse2.fr\/cerises\/wp-json\/wp\/v2\/types\/page"}],"author":[{"embeddable":true,"href":"https:\/\/blogs.univ-tlse2.fr\/cerises\/wp-json\/wp\/v2\/users\/157"}],"replies":[{"embeddable":true,"href":"https:\/\/blogs.univ-tlse2.fr\/cerises\/wp-json\/wp\/v2\/comments?post=310"}],"version-history":[{"count":5,"href":"https:\/\/blogs.univ-tlse2.fr\/cerises\/wp-json\/wp\/v2\/pages\/310\/revisions"}],"predecessor-version":[{"id":3024,"href":"https:\/\/blogs.univ-tlse2.fr\/cerises\/wp-json\/wp\/v2\/pages\/310\/revisions\/3024"}],"up":[{"embeddable":true,"href":"https:\/\/blogs.univ-tlse2.fr\/cerises\/wp-json\/wp\/v2\/pages\/158"}],"wp:attachment":[{"href":"https:\/\/blogs.univ-tlse2.fr\/cerises\/wp-json\/wp\/v2\/media?parent=310"}],"curies":[{"name":"wp","href":"https:\/\/api.w.org\/{rel}","templated":true}]}}