 {"id":312,"date":"2013-01-11T11:49:25","date_gmt":"2013-01-11T10:49:25","guid":{"rendered":"https:\/\/blogs.univ-tlse2.fr\/cerises\/?page_id=312"},"modified":"2014-02-06T10:32:18","modified_gmt":"2014-02-06T09:32:18","slug":"via-brachy","status":"publish","type":"page","link":"https:\/\/blogs.univ-tlse2.fr\/cerises\/experimentations\/principes-suivis-pour-lanalyse\/consommation-repartition-des-echanges-initiatives-solidaires\/via-brachy\/","title":{"rendered":"Via Brachy"},"content":{"rendered":"<p>La caravane est un projet de l&rsquo;association Via Brachy. C&rsquo;est un voyage itin\u00e9rant (en v\u00e9hicules 4X4) effectu\u00e9 \u00e0 travers l\u2019Espagne, le Maroc, la Mauritanie et le Mali (aller et retour).<\/p>\n<p>Lors de ce s\u00e9jour, nous r\u00e9aliserons des projets d\u2019aide au d\u00e9veloppement avec nos partenaires du Maroc et du Mali. Les s\u00e9jours sont pr\u00e9par\u00e9s dans le cadre d&rsquo;un programme de formation.<\/p>\n<p>Via Brachy est une association loi 1901 cr\u00e9\u00e9e en 1998 par des personnes ayant de nombreuses exp\u00e9riences de voyages, particuli\u00e8rement en Afrique de l\u2019ouest. L\u2019association privil\u00e9gie une forme de voyage qui soit, solidaire, proche des populations amenant des personnes aux parcours diff\u00e9rent \u00e0 se rencontrer&#8230;<\/p>\n<p>Plus d&rsquo;informations : <a href=\"http:\/\/www.viabrachy.com\" target=\"_blank\">www.viabrachy.com<\/a><\/p>\n<h2>Autres fiches ressources :<\/h2>\n\n<!-- Page-list plugin v.5.9 wordpress.org\/plugins\/page-list\/ -->\n<ul class=\"page-list \">\n<li class=\"page_item page-item-294\"><a href=\"https:\/\/blogs.univ-tlse2.fr\/cerises\/experimentations\/principes-suivis-pour-lanalyse\/consommation-repartition-des-echanges-initiatives-solidaires\/cooperatives-dhabitants\/\">Coop\u00e9ratives d&rsquo;habitants<\/a><\/li>\n<li class=\"page_item page-item-296\"><a href=\"https:\/\/blogs.univ-tlse2.fr\/cerises\/experimentations\/principes-suivis-pour-lanalyse\/consommation-repartition-des-echanges-initiatives-solidaires\/projet-vietnam-ong-villes-en-transition\/\">Projet \u00ab\u00a0VietNam\u00a0\u00bb &#8211; ONG Villes en Transition<\/a><\/li>\n<li class=\"page_item page-item-298\"><a href=\"https:\/\/blogs.univ-tlse2.fr\/cerises\/experimentations\/principes-suivis-pour-lanalyse\/consommation-repartition-des-echanges-initiatives-solidaires\/atelier-blanc\/\">Atelier Blanc<\/a><\/li>\n<li class=\"page_item page-item-300\"><a href=\"https:\/\/blogs.univ-tlse2.fr\/cerises\/experimentations\/principes-suivis-pour-lanalyse\/consommation-repartition-des-echanges-initiatives-solidaires\/accompagnement-a-la-scolarite\/\">Accompagnement \u00e0 la scolarit\u00e9 et \u00e0 l&rsquo;int\u00e9gration des Enfants Nouvellement Arriv\u00e9s en France<\/a><\/li>\n<li class=\"page_item page-item-302\"><a href=\"https:\/\/blogs.univ-tlse2.fr\/cerises\/experimentations\/principes-suivis-pour-lanalyse\/consommation-repartition-des-echanges-initiatives-solidaires\/nomad-rsi\/\">NOMAD RSI<\/a><\/li>\n<li class=\"page_item page-item-304\"><a href=\"https:\/\/blogs.univ-tlse2.fr\/cerises\/experimentations\/principes-suivis-pour-lanalyse\/consommation-repartition-des-echanges-initiatives-solidaires\/global-ecovillage\/\">Global Ecovillage<\/a><\/li>\n<li class=\"page_item page-item-306\"><a href=\"https:\/\/blogs.univ-tlse2.fr\/cerises\/experimentations\/principes-suivis-pour-lanalyse\/consommation-repartition-des-echanges-initiatives-solidaires\/creches-parentales\/\">Cr\u00e8ches parentales<\/a><\/li>\n<li class=\"page_item page-item-308\"><a href=\"https:\/\/blogs.univ-tlse2.fr\/cerises\/experimentations\/principes-suivis-pour-lanalyse\/consommation-repartition-des-echanges-initiatives-solidaires\/systemes-dechanges-locaux\/\">Syst\u00e8mes d&rsquo;Echanges Locaux<\/a><\/li>\n<li class=\"page_item page-item-310\"><a href=\"https:\/\/blogs.univ-tlse2.fr\/cerises\/experimentations\/principes-suivis-pour-lanalyse\/consommation-repartition-des-echanges-initiatives-solidaires\/acteurs-territoires-en-prospectives\/\">Acteurs Territoires en Prospectives<\/a><\/li>\n<li class=\"page_item page-item-160\"><a href=\"https:\/\/blogs.univ-tlse2.fr\/cerises\/experimentations\/principes-suivis-pour-lanalyse\/consommation-repartition-des-echanges-initiatives-solidaires\/mobilib-autopartage-a-toulouse\/\">Mobilib (Autopartage \u00e0 Toulouse)<\/a><\/li>\n<li class=\"page_item page-item-162\"><a href=\"https:\/\/blogs.univ-tlse2.fr\/cerises\/experimentations\/principes-suivis-pour-lanalyse\/consommation-repartition-des-echanges-initiatives-solidaires\/le-pot-ethique\/\">Le Pot \u00c9thique<\/a><\/li>\n\n<\/ul>\n","protected":false},"excerpt":{"rendered":"<p>La caravane est un projet de l&rsquo;association Via Brachy. C&rsquo;est un voyage itin\u00e9rant (en v\u00e9hicules 4X4) effectu\u00e9 \u00e0 travers l\u2019Espagne, le Maroc, la Mauritanie et le Mali (aller et retour). Lors de ce s\u00e9jour, nous r\u00e9aliserons des projets d\u2019aide au d\u00e9veloppement avec nos partenaires du Maroc et du Mali. Les s\u00e9jours sont pr\u00e9par\u00e9s dans le [&hellip;]<\/p>\n","protected":false},"author":157,"featured_media":0,"parent":158,"menu_order":12,"comment_status":"closed","ping_status":"open","template":"","meta":{"footnotes":""},"class_list":["post-312","page","type-page","status-publish","hentry"],"_links":{"self":[{"href":"https:\/\/blogs.univ-tlse2.fr\/cerises\/wp-json\/wp\/v2\/pages\/312","targetHints":{"allow":["GET"]}}],"collection":[{"href":"https:\/\/blogs.univ-tlse2.fr\/cerises\/wp-json\/wp\/v2\/pages"}],"about":[{"href":"https:\/\/blogs.univ-tlse2.fr\/cerises\/wp-json\/wp\/v2\/types\/page"}],"author":[{"embeddable":true,"href":"https:\/\/blogs.univ-tlse2.fr\/cerises\/wp-json\/wp\/v2\/users\/157"}],"replies":[{"embeddable":true,"href":"https:\/\/blogs.univ-tlse2.fr\/cerises\/wp-json\/wp\/v2\/comments?post=312"}],"version-history":[{"count":6,"href":"https:\/\/blogs.univ-tlse2.fr\/cerises\/wp-json\/wp\/v2\/pages\/312\/revisions"}],"predecessor-version":[{"id":3027,"href":"https:\/\/blogs.univ-tlse2.fr\/cerises\/wp-json\/wp\/v2\/pages\/312\/revisions\/3027"}],"up":[{"embeddable":true,"href":"https:\/\/blogs.univ-tlse2.fr\/cerises\/wp-json\/wp\/v2\/pages\/158"}],"wp:attachment":[{"href":"https:\/\/blogs.univ-tlse2.fr\/cerises\/wp-json\/wp\/v2\/media?parent=312"}],"curies":[{"name":"wp","href":"https:\/\/api.w.org\/{rel}","templated":true}]}}