 {"id":314,"date":"2013-01-11T11:52:32","date_gmt":"2013-01-11T10:52:32","guid":{"rendered":"https:\/\/blogs.univ-tlse2.fr\/cerises\/?page_id=314"},"modified":"2015-06-28T06:50:12","modified_gmt":"2015-06-28T04:50:12","slug":"contacts","status":"publish","type":"page","link":"https:\/\/blogs.univ-tlse2.fr\/cerises\/cerises\/contacts\/","title":{"rendered":"Coordonn\u00e9es"},"content":{"rendered":"<p>Contact e-mail: cerises[a]univ-tlse2.fr<br \/>\n<strong>T\u00e9l : 33 (0)5 61 50 45 00<!--more--><br \/>\n<a title=\"Contact\" href=\"https:\/\/blogs.univ-tlse2.fr\/cerises\/contact\/\">&gt; Pour contacter Cerises, vous pouvez aussi utiliser le formulaire de contact<\/a><br \/>\n<\/strong><\/p>\n<p>Dpt Economie-Gestion Universit\u00e9 Toulouse 2 Le Mirail<br \/>\n5, all\u00e9e Antonio Machado<br \/>\n31058 Toulouse cedex 9<br \/>\nB\u00e2timent Olympe de Gouge, bureau 3 \u00e8me \u00e9tage 268<\/p>\n<p>APE 913E<br \/>\nSIRET 433 482 114 000 17<\/p>\n<p>&nbsp;<\/p>\n<h2>Consultez aussi :<\/h2>\n\n<!-- Page-list plugin v.5.9 wordpress.org\/plugins\/page-list\/ -->\n<ul class=\"page-list \">\n<li class=\"page_item page-item-316 page_item_has_children\"><a href=\"https:\/\/blogs.univ-tlse2.fr\/cerises\/cerises\/lequipe\/\">L&rsquo;\u00e9quipe<\/a><\/li>\n<li class=\"page_item page-item-338\"><a href=\"https:\/\/blogs.univ-tlse2.fr\/cerises\/cerises\/origines-et-evolutions-de-cerises\/\">Origines et \u00e9volutions de Cerises<\/a><\/li>\n<li class=\"page_item page-item-340\"><a href=\"https:\/\/blogs.univ-tlse2.fr\/cerises\/cerises\/charte-scientifique\/\">Charte scientifique<\/a><\/li>\n<li class=\"page_item page-item-342\"><a href=\"https:\/\/blogs.univ-tlse2.fr\/cerises\/cerises\/groupe-de-praticiens-chercheurs\/\">Groupe praticiens-chercheurs<\/a><\/li>\n\n<\/ul>\n","protected":false},"excerpt":{"rendered":"<p>Contact e-mail: cerises[a]univ-tlse2.fr T\u00e9l : 33 (0)5 61 50 45 00<\/p>\n","protected":false},"author":157,"featured_media":0,"parent":19,"menu_order":1,"comment_status":"closed","ping_status":"open","template":"","meta":{"footnotes":""},"class_list":["post-314","page","type-page","status-publish","hentry"],"_links":{"self":[{"href":"https:\/\/blogs.univ-tlse2.fr\/cerises\/wp-json\/wp\/v2\/pages\/314","targetHints":{"allow":["GET"]}}],"collection":[{"href":"https:\/\/blogs.univ-tlse2.fr\/cerises\/wp-json\/wp\/v2\/pages"}],"about":[{"href":"https:\/\/blogs.univ-tlse2.fr\/cerises\/wp-json\/wp\/v2\/types\/page"}],"author":[{"embeddable":true,"href":"https:\/\/blogs.univ-tlse2.fr\/cerises\/wp-json\/wp\/v2\/users\/157"}],"replies":[{"embeddable":true,"href":"https:\/\/blogs.univ-tlse2.fr\/cerises\/wp-json\/wp\/v2\/comments?post=314"}],"version-history":[{"count":10,"href":"https:\/\/blogs.univ-tlse2.fr\/cerises\/wp-json\/wp\/v2\/pages\/314\/revisions"}],"predecessor-version":[{"id":3608,"href":"https:\/\/blogs.univ-tlse2.fr\/cerises\/wp-json\/wp\/v2\/pages\/314\/revisions\/3608"}],"up":[{"embeddable":true,"href":"https:\/\/blogs.univ-tlse2.fr\/cerises\/wp-json\/wp\/v2\/pages\/19"}],"wp:attachment":[{"href":"https:\/\/blogs.univ-tlse2.fr\/cerises\/wp-json\/wp\/v2\/media?parent=314"}],"curies":[{"name":"wp","href":"https:\/\/api.w.org\/{rel}","templated":true}]}}