 {"id":316,"date":"2013-01-11T11:52:57","date_gmt":"2013-01-11T10:52:57","guid":{"rendered":"https:\/\/blogs.univ-tlse2.fr\/cerises\/?page_id=316"},"modified":"2014-02-06T10:32:35","modified_gmt":"2014-02-06T09:32:35","slug":"lequipe","status":"publish","type":"page","link":"https:\/\/blogs.univ-tlse2.fr\/cerises\/cerises\/lequipe\/","title":{"rendered":"L&rsquo;\u00e9quipe"},"content":{"rendered":"<p><span>Elle rassemble des universitaires, des entrepreneurs et des \u00e9tudiants.<\/span><\/p>\n<p>L&rsquo;\u00e9quipe est compos\u00e9e de 4 groupes :<!--more--><\/p>\n<ul>\n<li><strong>une \u00e9quipe fonctionnelle<\/strong> dont la finalit\u00e9 est de g\u00e9rer de mani\u00e8re permanente le centre. Elle est compos\u00e9e de b\u00e9n\u00e9voles et d&rsquo;un charg\u00e9 d&rsquo;\u00e9tudes\u00a0 de d\u00e9veloppement : <a title=\"Jacques Prades\" href=\"https:\/\/blogs.univ-tlse2.fr\/cerises\/cerises\/lequipe\/jacques-prades\/\">Jacques Prades<\/a>, <a title=\"Isabelle Matt\u00e9i\" href=\"https:\/\/blogs.univ-tlse2.fr\/cerises\/cerises\/lequipe\/isabelle-mattei\/\">Isabelle Matt\u00e9i<\/a>, <a title=\"Jean-Pierre Azais\" href=\"https:\/\/blogs.univ-tlse2.fr\/cerises\/cerises\/lequipe\/jean-pierre-azais\/\">Jean-Pierre Azais<\/a>, <a title=\"Carolle Rio\" href=\"https:\/\/blogs.univ-tlse2.fr\/cerises\/cerises\/lequipe\/carolle-rio\/\">Carolle Rio<\/a>, <a title=\"Marius Chevallier\" href=\"https:\/\/blogs.univ-tlse2.fr\/cerises\/cerises\/lequipe\/marius-chevallier\/\">Marius Chevallier<\/a><\/li>\n<li><strong>une \u00e9quipe scientifique<\/strong> compos\u00e9e de directeurs de recherches et de charg\u00e9s de recherches et de formations : <a title=\"Jacques Prades\" href=\"https:\/\/blogs.univ-tlse2.fr\/cerises\/cerises\/lequipe\/jacques-prades\/\">Jacques Prades<\/a>, Gilles Puel, Jean-Louis Darr\u00e9on, Alain Alcouffe, <a title=\"Marius Chevallier\" href=\"https:\/\/blogs.univ-tlse2.fr\/cerises\/cerises\/lequipe\/marius-chevallier\/\">Marius Chevallier<\/a>, Omer Kouakou<\/li>\n<li><strong>des r\u00e9f\u00e9rents professionnels<\/strong> : <a title=\"Carolle Rio\" href=\"https:\/\/blogs.univ-tlse2.fr\/cerises\/cerises\/lequipe\/carolle-rio\/\">Carolle Rio<\/a>, Martine Vard, Dominique Platon, <a title=\"Jean-Pierre Azais\" href=\"https:\/\/blogs.univ-tlse2.fr\/cerises\/cerises\/lequipe\/jean-pierre-azais\/\">Jean-Pierre Azais<\/a>, Berenice Alcalde, Catherine Dehureau.<\/li>\n<li><strong>des \u00e9tudiants<\/strong> accueillis \u00e0 Cerises dans le cadre de leur master<\/li>\n<\/ul>\n<p align=\"center\"><img loading=\"lazy\" decoding=\"async\" class=\"aligncenter size-full wp-image-516\" alt=\"\" src=\"https:\/\/blogs.univ-tlse2.fr\/cerises\/files\/lequipe\/AG_cerises_2008001.jpg\" width=\"2202\" height=\"1446\" srcset=\"https:\/\/blogs.univ-tlse2.fr\/cerises\/files\/lequipe\/AG_cerises_2008001.jpg 2202w, https:\/\/blogs.univ-tlse2.fr\/cerises\/files\/lequipe\/AG_cerises_2008001-300x197.jpg 300w, https:\/\/blogs.univ-tlse2.fr\/cerises\/files\/lequipe\/AG_cerises_2008001-700x459.jpg 700w, https:\/\/blogs.univ-tlse2.fr\/cerises\/files\/lequipe\/AG_cerises_2008001-624x409.jpg 624w\" sizes=\"auto, (max-width: 2202px) 100vw, 2202px\" \/><\/p>\n<p align=\"center\"><em><span style=\"font-size: small\">Assembl\u00e9e G\u00e9n\u00e9rale de Cerises &#8211; mai 2008<\/span><\/em><\/p>\n<p><a title=\"Contact\" href=\"https:\/\/blogs.univ-tlse2.fr\/cerises\/contact\/\">Vous souhaitez rejoindre notre collectif d&rsquo;\u00e9tudes et de recherches en \u00e9conomie sociale ?<\/a><br \/>\n<a title=\"Contact\" href=\"https:\/\/blogs.univ-tlse2.fr\/cerises\/contact\/\">&gt; Contactez-nous<\/a><\/p>\n<h2>Les membres de l&rsquo;\u00e9quipe :<\/h2>\n\n<!-- Page-list plugin v.5.9 wordpress.org\/plugins\/page-list\/ -->\n<ul class=\"page-list \">\n<li class=\"page_item page-item-3077\"><a href=\"https:\/\/blogs.univ-tlse2.fr\/cerises\/cerises\/lequipe\/catherine-dehureau\/\">Catherine Dehureau<\/a><\/li>\n<li class=\"page_item page-item-3069\"><a href=\"https:\/\/blogs.univ-tlse2.fr\/cerises\/cerises\/lequipe\/julien-milanesi\/\">Julien Milanesi<\/a><\/li>\n<li class=\"page_item page-item-318\"><a href=\"https:\/\/blogs.univ-tlse2.fr\/cerises\/cerises\/lequipe\/jean-pierre-azais\/\">Jean-Pierre Azais<\/a><\/li>\n<li class=\"page_item page-item-320 page_item_has_children\"><a href=\"https:\/\/blogs.univ-tlse2.fr\/cerises\/cerises\/lequipe\/jacques-prades\/\">Jacques Prades<\/a><\/li>\n<li class=\"page_item page-item-330\"><a href=\"https:\/\/blogs.univ-tlse2.fr\/cerises\/cerises\/lequipe\/isabelle-mattei\/\">Isabelle Matt\u00e9i<\/a><\/li>\n<li class=\"page_item page-item-332\"><a href=\"https:\/\/blogs.univ-tlse2.fr\/cerises\/cerises\/lequipe\/carolle-rio\/\">Carolle Rio<\/a><\/li>\n<li class=\"page_item page-item-334\"><a href=\"https:\/\/blogs.univ-tlse2.fr\/cerises\/cerises\/lequipe\/marius-chevallier\/\">Marius Chevallier<\/a><\/li>\n<li class=\"page_item page-item-336\"><a href=\"https:\/\/blogs.univ-tlse2.fr\/cerises\/cerises\/lequipe\/stephane-henin\/\">St\u00e9phane H\u00e9nin<\/a><\/li>\n<li class=\"page_item page-item-2041\"><a href=\"https:\/\/blogs.univ-tlse2.fr\/cerises\/cerises\/lequipe\/kouakou\/\">Omer Kouakou<\/a><\/li>\n\n<\/ul>\n<h2>Consultez aussi :<\/h2>\n\n<!-- Page-list plugin v.5.9 wordpress.org\/plugins\/page-list\/ -->\n<ul class=\"page-list \">\n<li class=\"page_item page-item-314\"><a href=\"https:\/\/blogs.univ-tlse2.fr\/cerises\/cerises\/contacts\/\">Coordonn\u00e9es<\/a><\/li>\n<li class=\"page_item page-item-338\"><a href=\"https:\/\/blogs.univ-tlse2.fr\/cerises\/cerises\/origines-et-evolutions-de-cerises\/\">Origines et \u00e9volutions de Cerises<\/a><\/li>\n<li class=\"page_item page-item-340\"><a href=\"https:\/\/blogs.univ-tlse2.fr\/cerises\/cerises\/charte-scientifique\/\">Charte scientifique<\/a><\/li>\n<li class=\"page_item page-item-342\"><a href=\"https:\/\/blogs.univ-tlse2.fr\/cerises\/cerises\/groupe-de-praticiens-chercheurs\/\">Groupe praticiens-chercheurs<\/a><\/li>\n\n<\/ul>\n","protected":false},"excerpt":{"rendered":"<p>Elle rassemble des universitaires, des entrepreneurs et des \u00e9tudiants. L&rsquo;\u00e9quipe est compos\u00e9e de 4 groupes :<\/p>\n","protected":false},"author":157,"featured_media":0,"parent":19,"menu_order":2,"comment_status":"closed","ping_status":"open","template":"","meta":{"footnotes":""},"class_list":["post-316","page","type-page","status-publish","hentry"],"_links":{"self":[{"href":"https:\/\/blogs.univ-tlse2.fr\/cerises\/wp-json\/wp\/v2\/pages\/316","targetHints":{"allow":["GET"]}}],"collection":[{"href":"https:\/\/blogs.univ-tlse2.fr\/cerises\/wp-json\/wp\/v2\/pages"}],"about":[{"href":"https:\/\/blogs.univ-tlse2.fr\/cerises\/wp-json\/wp\/v2\/types\/page"}],"author":[{"embeddable":true,"href":"https:\/\/blogs.univ-tlse2.fr\/cerises\/wp-json\/wp\/v2\/users\/157"}],"replies":[{"embeddable":true,"href":"https:\/\/blogs.univ-tlse2.fr\/cerises\/wp-json\/wp\/v2\/comments?post=316"}],"version-history":[{"count":11,"href":"https:\/\/blogs.univ-tlse2.fr\/cerises\/wp-json\/wp\/v2\/pages\/316\/revisions"}],"predecessor-version":[{"id":515,"href":"https:\/\/blogs.univ-tlse2.fr\/cerises\/wp-json\/wp\/v2\/pages\/316\/revisions\/515"}],"up":[{"embeddable":true,"href":"https:\/\/blogs.univ-tlse2.fr\/cerises\/wp-json\/wp\/v2\/pages\/19"}],"wp:attachment":[{"href":"https:\/\/blogs.univ-tlse2.fr\/cerises\/wp-json\/wp\/v2\/media?parent=316"}],"curies":[{"name":"wp","href":"https:\/\/api.w.org\/{rel}","templated":true}]}}