 {"id":34,"date":"2013-01-09T16:42:41","date_gmt":"2013-01-09T15:42:41","guid":{"rendered":"https:\/\/blogs.univ-tlse2.fr\/cerises\/?page_id=34"},"modified":"2014-02-06T10:32:35","modified_gmt":"2014-02-06T09:32:35","slug":"mentions-legales","status":"publish","type":"page","link":"https:\/\/blogs.univ-tlse2.fr\/cerises\/mentions-legales\/","title":{"rendered":"Mentions l\u00e9gales"},"content":{"rendered":"<h1>Editeur<\/h1>\n<p><strong>Cerises<\/strong><span><br \/>\nDpt Economie-Gestion Universit\u00e9 Toulouse 2 Le Mirail<br \/>\n5, all\u00e9e Antonio Machado<br \/>\n31058 Toulouse cedex 9<br \/>\ncerises[a]univ-tlse2.fr<br \/>\nT\u00e9l : 33 (0)5 61 50 45 00<br \/>\nRepr\u00e9sentant : M. Prades<br \/>\nAPE 913E<br \/>\nSIRET 433 482 114 000 17<\/span><\/p>\n<h1>Concepteur<\/h1>\n<p><strong>Simplissite<\/strong><br \/>\ncontact[a]simplissite.com<br \/>\nRepr\u00e9sentante : Delphine TABARD<br \/>\nSIRET : 525 025 003 00035<br \/>\n<a href=\"http:\/\/www.simplissite.com\" target=\"_blank\">http:\/\/www.simplissite.com<\/a><\/p>\n<h1>H\u00e9bergeur<\/h1>\n<p>ADIM | Direction TICE | Universit\u00e9 de Toulouse II-Le Mirail<br \/>\n5, all\u00e9es Antonio Machado<br \/>\n31058 TOULOUSE cedex 9<br \/>\nT\u00e9l : 33 (0)5 61 50 40 36<\/p>\n<h1>Droits de reproduction<\/h1>\n<p>L&rsquo;ensemble de ce site rel\u00e8ve des l\u00e9gislations fran\u00e7aise et internationale sur le droit d&rsquo;auteur et la propri\u00e9t\u00e9 intellectuelle. Tous les droits de reproduction sont r\u00e9serv\u00e9s, y compris pour les documents iconographiques et photographiques.<\/p>\n<h1>Donn\u00e9es personnelles et confidentialit\u00e9<\/h1>\n<p>D&rsquo;une fa\u00e7on g\u00e9n\u00e9rale, vous pouvez visiter notre site sur Internet sans avoir \u00e0 d\u00e9cliner votre identit\u00e9 et \u00e0 fournir des informations personnelles vous concernant. Cependant, nous pouvons parfois vous demander des informations, par exemple, pour \u00e9tablir une correspondance.<\/p>\n<p>Conform\u00e9ment \u00e0 la loi du 6 janvier 1978 relative \u00e0 l&rsquo;informatique, aux fichiers et aux libert\u00e9s, vous disposez d&rsquo;un droit d&rsquo;acc\u00e9s, de modification, de rectification et de suppression des donn\u00e9es qui vous concernent.<\/p>\n","protected":false},"excerpt":{"rendered":"<p>Editeur Cerises Dpt Economie-Gestion Universit\u00e9 Toulouse 2 Le Mirail 5, all\u00e9e Antonio Machado 31058 Toulouse cedex 9 cerises[a]univ-tlse2.fr T\u00e9l : 33 (0)5 61 50 45 00 Repr\u00e9sentant : M. Prades APE 913E SIRET 433 482 114 000 17 Concepteur Simplissite contact[a]simplissite.com Repr\u00e9sentante : Delphine TABARD SIRET : 525 025 003 00035 http:\/\/www.simplissite.com H\u00e9bergeur ADIM | [&hellip;]<\/p>\n","protected":false},"author":157,"featured_media":0,"parent":0,"menu_order":16,"comment_status":"closed","ping_status":"closed","template":"page-templates\/page-sans-sousmenu.php","meta":{"footnotes":""},"class_list":["post-34","page","type-page","status-publish","hentry"],"_links":{"self":[{"href":"https:\/\/blogs.univ-tlse2.fr\/cerises\/wp-json\/wp\/v2\/pages\/34","targetHints":{"allow":["GET"]}}],"collection":[{"href":"https:\/\/blogs.univ-tlse2.fr\/cerises\/wp-json\/wp\/v2\/pages"}],"about":[{"href":"https:\/\/blogs.univ-tlse2.fr\/cerises\/wp-json\/wp\/v2\/types\/page"}],"author":[{"embeddable":true,"href":"https:\/\/blogs.univ-tlse2.fr\/cerises\/wp-json\/wp\/v2\/users\/157"}],"replies":[{"embeddable":true,"href":"https:\/\/blogs.univ-tlse2.fr\/cerises\/wp-json\/wp\/v2\/comments?post=34"}],"version-history":[{"count":6,"href":"https:\/\/blogs.univ-tlse2.fr\/cerises\/wp-json\/wp\/v2\/pages\/34\/revisions"}],"predecessor-version":[{"id":376,"href":"https:\/\/blogs.univ-tlse2.fr\/cerises\/wp-json\/wp\/v2\/pages\/34\/revisions\/376"}],"wp:attachment":[{"href":"https:\/\/blogs.univ-tlse2.fr\/cerises\/wp-json\/wp\/v2\/media?parent=34"}],"curies":[{"name":"wp","href":"https:\/\/api.w.org\/{rel}","templated":true}]}}