 {"id":39,"date":"2013-01-09T16:56:06","date_gmt":"2013-01-09T15:56:06","guid":{"rendered":"https:\/\/blogs.univ-tlse2.fr\/cerises\/?page_id=39"},"modified":"2014-02-06T10:32:35","modified_gmt":"2014-02-06T09:32:35","slug":"comprendre-et-connaitre-leconomie-sociale-et-solidaire","status":"publish","type":"page","link":"https:\/\/blogs.univ-tlse2.fr\/cerises\/liens\/comprendre-et-connaitre-leconomie-sociale-et-solidaire\/","title":{"rendered":"Comprendre et conna\u00eetre l&rsquo;Economie Sociale et Solidaire"},"content":{"rendered":"<h2><a href=\"http:\/\/www.avise.org\/\" target=\"_blank\">Agence de Valorisation des Initiatives Socio-Economiques<\/a><\/h2>\n<p>Faire conna\u00eetre les initiatives entrepreneuriales qui conjuguent dimension \u00e9conomique et finalit\u00e9 sociale. Contient une base de donn\u00e9es d&rsquo;initiatives et une biblioth\u00e8que en ligne.<\/p>\n<h2><a href=\"http:\/\/www.addes.asso.fr\/\" target=\"_blank\">Association pour le D\u00e9veloppement de la Documentation en Economie Sociale<\/a><\/h2>\n<p>L\u2019activit\u00e9 scientifique proprement dite de l\u2019ADDES s\u2019est d\u2019abord centr\u00e9e sur la collecte de donn\u00e9es et l\u2019articulation de celles-ci avec le corpus g\u00e9naral de la Comptabilit\u00e9 Nationale. Elle s\u2019est ensuite \u00e9tendue aux sciences humaines, notamment \u00e0 l\u2019histoir<\/p>\n<h2><a href=\"http:\/\/www.cerises.univ-tlse2.fr\" target=\"_blank\">Cerises<\/a><\/h2>\n<p>Vous y \u00eates!<\/p>\n<h2><a href=\"http:\/\/www.ressources-solidaires.org\/\" target=\"_blank\">Coop\u00e9rative Ressources Solidaires<\/a><\/h2>\n<p>Contient une liste d&rsquo;organismes de l&rsquo;\u00e9conomie sociale et solidaire par secteurs d&rsquo;activit\u00e9. La coop\u00e9rative Ressources Solidaires diffusent des offres et demandes d&#8217;emplois en \u00e9conomie sociale et solidaire.<\/p>\n<h2><a href=\"http:\/\/www.crida-fr.org\/\" target=\"_blank\">CRIDA<\/a><\/h2>\n<p>Centre de Recherche et d&rsquo;Information sur la D\u00e9mocratie et l&rsquo;Autonomie. Quelques publications en ligne.<\/p>\n<h2><em>EPICES<\/em><\/h2>\n<p><em>Cette agence de presse et d&rsquo;information sur l&rsquo;\u00e9conomie sociale et solidaire propose notamment cette base de donn\u00e9es d&rsquo;initiatives d&rsquo;auto-organisation.<\/em><\/p>\n<h2><a href=\"http:\/\/www.karlpolanyi.org\/\" target=\"_blank\">Institut Karl Polanyi<\/a><\/h2>\n<p>Les membres europ\u00e9ens de l&rsquo;Institut Karl Polanyi proposent des publications qui \u00e9largissent la perception de l&rsquo;\u00e9conomie au-del\u00e0 de son seul aspect marchand.<\/p>\n<h2><a href=\"http:\/\/www.les-scic.coop\" target=\"_blank\">Les SCIC<\/a><\/h2>\n<p>Ce site h\u00e9berg\u00e9 par le site des SCOP propose une vitrine compl\u00e8te sur les SCIC int\u00e9grant notamment les principaux textes les concernant.<\/p>\n<h2><em>PADES<\/em><\/h2>\n<p><em>Le Programme autoproduction et d\u00e9veloppement social : sa finalit\u00e9 est de favoriser l\u2019acc\u00e8s de tous aux ressources de l\u2019autoproduction et d\u2019en faire un outil de d\u00e9velopppement social.<\/em><\/p>\n<h2><a href=\"http:\/\/pekea-fr.org\/\" target=\"_blank\">PEKEA<\/a><\/h2>\n<p>Pekea regroupe des universitaires autour de l&rsquo;objectif \u00a0\u00bb favoriser l&rsquo;av\u00e8nement d&rsquo;une civilisation fraternelle o\u00f9 la coop\u00e9ration est plus importante que la comp\u00e9tition.\u00a0\u00bb<\/p>\n<p>Les Actes des colloques sont en libre t\u00e9l\u00e9chargement<\/p>\n<h2><a href=\"http:\/\/www.emes.net\" target=\"_blank\">R\u00e9seau EMES<\/a><\/h2>\n<p>Economie sociale, \u00e9conomie solidaire, entreprises sociales, third sector, non-profit organisations&#8230; : Des centres de recherche universitaires ont d\u00e9cid\u00e9 de s&rsquo;associer pour construire un corpus europ\u00e9en de connaissances th\u00e9oriques et empiriques.<\/p>\n<h2><em>R\u00e9seau qu\u00e9b\u00e9cois de recherche partenariale en \u00e9conomie sociale<\/em><\/h2>\n<p><em>Le carrefour des chercheurs, des praticiens et des \u00e9tudiants actifs dans le champ de l&rsquo;\u00e9conomie sociale. Nombreux textes en t\u00e9l\u00e9chargement.<\/em><\/p>\n<h2><a href=\"http:\/\/www.coop.org\/publications\/\" target=\"_blank\">Review of International Cooperation<\/a><\/h2>\n<p>La revue de l&rsquo;Alliance Coop\u00e9rative Internationale, librement t\u00e9l\u00e9chargeable.<\/p>\n<h2><em>Universit\u00e9 Marne la Vall\u00e9e<\/em><\/h2>\n<p><em>Liste de newsletters en lien avec l&rsquo;\u00e9conomie sociale et solidaire. Le site contient beaucoup d&rsquo;autres informations importantes pour s&rsquo;ins\u00e9rer dans le champ professionnel de l&rsquo;\u00e9conomie sociale et solidaire: pr\u00e9sentation d&rsquo;acteurs, appels \u00e0 projets, etc<\/em><\/p>\n<h2><a href=\"http:\/\/www.plunkett.co.uk\/\" target=\"_blank\">www.plunkett.co.uk<\/a><\/h2>\n<p>Institution sp\u00e9cialis\u00e9e sur les coop\u00e9ratives agricoles en Grand Bretagne et sur les entreprises collectives de d\u00e9veloppement rural.<\/p>\n","protected":false},"excerpt":{"rendered":"<p>Agence de Valorisation des Initiatives Socio-Economiques Faire conna\u00eetre les initiatives entrepreneuriales qui conjuguent dimension \u00e9conomique et finalit\u00e9 sociale. Contient une base de donn\u00e9es d&rsquo;initiatives et une biblioth\u00e8que en ligne. Association pour le D\u00e9veloppement de la Documentation en Economie Sociale L\u2019activit\u00e9 scientifique proprement dite de l\u2019ADDES s\u2019est d\u2019abord centr\u00e9e sur la collecte de donn\u00e9es et l\u2019articulation [&hellip;]<\/p>\n","protected":false},"author":157,"featured_media":0,"parent":32,"menu_order":1,"comment_status":"closed","ping_status":"open","template":"page-templates\/page-sans-sousmenu.php","meta":{"footnotes":""},"class_list":["post-39","page","type-page","status-publish","hentry"],"_links":{"self":[{"href":"https:\/\/blogs.univ-tlse2.fr\/cerises\/wp-json\/wp\/v2\/pages\/39","targetHints":{"allow":["GET"]}}],"collection":[{"href":"https:\/\/blogs.univ-tlse2.fr\/cerises\/wp-json\/wp\/v2\/pages"}],"about":[{"href":"https:\/\/blogs.univ-tlse2.fr\/cerises\/wp-json\/wp\/v2\/types\/page"}],"author":[{"embeddable":true,"href":"https:\/\/blogs.univ-tlse2.fr\/cerises\/wp-json\/wp\/v2\/users\/157"}],"replies":[{"embeddable":true,"href":"https:\/\/blogs.univ-tlse2.fr\/cerises\/wp-json\/wp\/v2\/comments?post=39"}],"version-history":[{"count":6,"href":"https:\/\/blogs.univ-tlse2.fr\/cerises\/wp-json\/wp\/v2\/pages\/39\/revisions"}],"predecessor-version":[{"id":3065,"href":"https:\/\/blogs.univ-tlse2.fr\/cerises\/wp-json\/wp\/v2\/pages\/39\/revisions\/3065"}],"up":[{"embeddable":true,"href":"https:\/\/blogs.univ-tlse2.fr\/cerises\/wp-json\/wp\/v2\/pages\/32"}],"wp:attachment":[{"href":"https:\/\/blogs.univ-tlse2.fr\/cerises\/wp-json\/wp\/v2\/media?parent=39"}],"curies":[{"name":"wp","href":"https:\/\/api.w.org\/{rel}","templated":true}]}}