 {"id":42,"date":"2013-01-09T16:57:18","date_gmt":"2013-01-09T15:57:18","guid":{"rendered":"https:\/\/blogs.univ-tlse2.fr\/cerises\/?page_id=42"},"modified":"2014-02-06T10:32:35","modified_gmt":"2014-02-06T09:32:35","slug":"medias-citoyens-et-observatoires-thematiques","status":"publish","type":"page","link":"https:\/\/blogs.univ-tlse2.fr\/cerises\/liens\/medias-citoyens-et-observatoires-thematiques\/","title":{"rendered":"M\u00e9dias citoyens et Observatoires th\u00e9matiques"},"content":{"rendered":"<h2><em>EPICES<\/em><\/h2>\n<p><em>Agence de presse consacr\u00e9e \u00e0 l&rsquo;\u00e9conomie sociale et solidaire et \u00e0 la lutte contre l&rsquo;exclusion<\/em><\/p>\n<h2><a href=\"http:\/\/www.frituremag.info\/\" target=\"_blank\">Friture Mag&rsquo;<\/a><\/h2>\n<p>Le m\u00e9dia des possibles du Grand Sud est un site internet qui va chercher les causes des crises actuelles, et met en avant toutes les solutions pour y rem\u00e9dier. Ici, pr\u00e8s de chez vous, ou plus loin.<\/p>\n<h2><a href=\"http:\/\/www.grainesdechangement.com\/\" target=\"_blank\">Graines de Changement<\/a><\/h2>\n<p>Graines de Changement est une agence d&rsquo;information qui a pour mission de partir en qu\u00eate des \u00ab\u00a0entrepreneurs du meilleur\u00a0\u00bb, ceux qui se sont donn\u00e9 pour r\u00f4le de transformer positivement leur soci\u00e9t\u00e9, leur entreprise, leur vie.<\/p>\n<h2><em>L&rsquo;\u00e2ge de faire<\/em><\/h2>\n<p><em>Libre de toute confession, id\u00e9ologie ou d\u00e9pendance financi\u00e8re, l\u2019\u00e2ge de faire est un mensuel national tir\u00e9 \u00e0 40 000 exemplaires en moyenne et port\u00e9 par notre association.<\/em> <em>Notre priorit\u00e9 est de rendre l\u2019information accessible.<\/em><\/p>\n<h2><a href=\"http:\/\/www.territorial.fr\/866-lettre-tessolidaire.htm\" target=\"_blank\">L&rsquo;ESSentiel<\/a><\/h2>\n<p>Lettre \u00e9lectronique mensuelle et gratuite sur l&rsquo;\u00e9conomie sociale et solidaire, avec TESS et R\u00e9seau Territorial.<\/p>\n<h2><a href=\"http:\/\/www.inegalites.fr\/\" target=\"_blank\">Observatoire des In\u00e9galit\u00e9s<\/a><\/h2>\n<p>Des articles synth\u00e9tiques et des statistiques exhaustives sur toutes les formes d&rsquo;in\u00e9galit\u00e9.<\/p>\n<h2><a href=\"http:\/\/www.revuesilence.net\/\" target=\"_blank\">Silence<\/a><\/h2>\n<p>Contient un annuaire de la presse ind\u00e9pendante<\/p>\n<h2><em>Veille ES<\/em><\/h2>\n<p><em>Site de veille informative sur l&rsquo;\u00e9conomie sociale.<\/em><br \/>\n<em>Bases de donn\u00e9es des acteurs et des institutions. Agendas. Forum. Panoramas des secteurs d&rsquo;activit\u00e9. Actualit\u00e9s.<\/em><\/p>\n","protected":false},"excerpt":{"rendered":"<p>EPICES Agence de presse consacr\u00e9e \u00e0 l&rsquo;\u00e9conomie sociale et solidaire et \u00e0 la lutte contre l&rsquo;exclusion Friture Mag&rsquo; Le m\u00e9dia des possibles du Grand Sud est un site internet qui va chercher les causes des crises actuelles, et met en avant toutes les solutions pour y rem\u00e9dier. Ici, pr\u00e8s de chez vous, ou plus loin. [&hellip;]<\/p>\n","protected":false},"author":157,"featured_media":0,"parent":32,"menu_order":2,"comment_status":"closed","ping_status":"open","template":"page-templates\/page-sans-sousmenu.php","meta":{"footnotes":""},"class_list":["post-42","page","type-page","status-publish","hentry"],"_links":{"self":[{"href":"https:\/\/blogs.univ-tlse2.fr\/cerises\/wp-json\/wp\/v2\/pages\/42","targetHints":{"allow":["GET"]}}],"collection":[{"href":"https:\/\/blogs.univ-tlse2.fr\/cerises\/wp-json\/wp\/v2\/pages"}],"about":[{"href":"https:\/\/blogs.univ-tlse2.fr\/cerises\/wp-json\/wp\/v2\/types\/page"}],"author":[{"embeddable":true,"href":"https:\/\/blogs.univ-tlse2.fr\/cerises\/wp-json\/wp\/v2\/users\/157"}],"replies":[{"embeddable":true,"href":"https:\/\/blogs.univ-tlse2.fr\/cerises\/wp-json\/wp\/v2\/comments?post=42"}],"version-history":[{"count":8,"href":"https:\/\/blogs.univ-tlse2.fr\/cerises\/wp-json\/wp\/v2\/pages\/42\/revisions"}],"predecessor-version":[{"id":3066,"href":"https:\/\/blogs.univ-tlse2.fr\/cerises\/wp-json\/wp\/v2\/pages\/42\/revisions\/3066"}],"up":[{"embeddable":true,"href":"https:\/\/blogs.univ-tlse2.fr\/cerises\/wp-json\/wp\/v2\/pages\/32"}],"wp:attachment":[{"href":"https:\/\/blogs.univ-tlse2.fr\/cerises\/wp-json\/wp\/v2\/media?parent=42"}],"curies":[{"name":"wp","href":"https:\/\/api.w.org\/{rel}","templated":true}]}}