 {"id":52,"date":"2013-01-10T14:46:32","date_gmt":"2013-01-10T13:46:32","guid":{"rendered":"https:\/\/blogs.univ-tlse2.fr\/cerises\/?page_id=52"},"modified":"2019-06-29T17:18:13","modified_gmt":"2019-06-29T15:18:13","slug":"master-et-doctorat-deconomie-sociale","status":"publish","type":"page","link":"https:\/\/blogs.univ-tlse2.fr\/cerises\/formation\/master-et-doctorat-deconomie-sociale\/","title":{"rendered":"Master et doctorat d&rsquo;\u00e9conomie sociale"},"content":{"rendered":"<h3><span style=\"color: #ff0000\"><strong>\u00a0Promotion 2020 :\u00a0<\/strong><\/span><span><strong><span style=\"color: #ff0000\">20 \u00e8me promotion (voir liste\u00a0<span>\u00e9tudiants<\/span>\u00a0retenus \u00e0 Recrutement)<\/span><\/strong><\/span><\/h3>\n<p>T\u00e9l\u00e9charger directement sur la plate-forme en ligne sur le site du d\u00e9partement Sciences \u00e9conomiques et Gestion, Master Nouvelle Economie Sociale.<\/p>\n<p><!-- [if gte mso 9]&gt;--><\/p>\n<table>\n<tbody>\n<tr>\n<td colspan=\"4\" width=\"460\"><\/td>\n<\/tr>\n<\/tbody>\n<\/table>\n<p>&nbsp;<\/p>\n<p>Dossier M1 et M2 : se renseigner aupr\u00e8s d&rsquo;Aur\u00e9lie Douay (05 61 50 41 79)<\/p>\n<p>&nbsp;<\/p>\n<p><img loading=\"lazy\" decoding=\"async\" class=\"alignright wp-image-390\" src=\"https:\/\/blogs.univ-tlse2.fr\/cerises\/files\/master-et-doctorat-deconomie-sociale\/IESlogo-266x300.png\" alt=\"\" width=\"227\" height=\"256\" srcset=\"https:\/\/blogs.univ-tlse2.fr\/cerises\/files\/master-et-doctorat-deconomie-sociale\/IESlogo-266x300.png 266w, https:\/\/blogs.univ-tlse2.fr\/cerises\/files\/master-et-doctorat-deconomie-sociale\/IESlogo-444x500.png 444w, https:\/\/blogs.univ-tlse2.fr\/cerises\/files\/master-et-doctorat-deconomie-sociale\/IESlogo-624x701.png 624w, https:\/\/blogs.univ-tlse2.fr\/cerises\/files\/master-et-doctorat-deconomie-sociale\/IESlogo.png 828w\" sizes=\"auto, (max-width: 227px) 100vw, 227px\" \/>L&rsquo;UFR Sciences Espaces et Soci\u00e9t\u00e9s de Toulouse 2 Le Mirail comprend l&rsquo;une des seules licences bi-disciplinaires \u00e9conomie-sociologie, en France. Cette licence est une pr\u00e9paration id\u00e9ale au master La Nouvelle Economie Sociale en deux ans. Le master 1 est socio-\u00e9conomique et constitue la suite logique de la fili\u00e8re bi-disciplinaire. Le Master 2 La Nouvelle Economie Sociale a deux d\u00e9bouch\u00e9s : Premi\u00e8rement, il forme des cadres et dirigeants d&rsquo;entreprises de l&rsquo;\u00e9conomie sociale et solidaire depuis plus de 13 ans et a \u00e9t\u00e9 l&rsquo;un des premiers du genre, en France. Deuxi\u00e8mement, il peut \u00a0d\u00e9boucher sur un doctorat en \u00e9conomie sociale.<\/p>\n<p>Ce Master 2 fonctionne en lien avec le Master 1 Nouvelle Economie Sociale<\/p>\n<p style=\"text-align: center\"><a href=\"https:\/\/blogs.univ-tlse2.fr\/cerises\/files\/master-et-doctorat-deconomie-sociale\/SchemaSocio-Eco.jpg\"><img loading=\"lazy\" decoding=\"async\" class=\"aligncenter size-large wp-image-2101\" src=\"https:\/\/blogs.univ-tlse2.fr\/cerises\/files\/master-et-doctorat-deconomie-sociale\/SchemaSocio-Eco-666x500.jpg\" alt=\"\" width=\"625\" height=\"469\" srcset=\"https:\/\/blogs.univ-tlse2.fr\/cerises\/files\/master-et-doctorat-deconomie-sociale\/SchemaSocio-Eco-666x500.jpg 666w, https:\/\/blogs.univ-tlse2.fr\/cerises\/files\/master-et-doctorat-deconomie-sociale\/SchemaSocio-Eco-300x225.jpg 300w, https:\/\/blogs.univ-tlse2.fr\/cerises\/files\/master-et-doctorat-deconomie-sociale\/SchemaSocio-Eco-624x468.jpg 624w, https:\/\/blogs.univ-tlse2.fr\/cerises\/files\/master-et-doctorat-deconomie-sociale\/SchemaSocio-Eco.jpg 960w\" sizes=\"auto, (max-width: 625px) 100vw, 625px\" \/><\/a><\/p>\n<h1>OBJECTIFS<\/h1>\n<p>Parcours professionnel : Former, accompagner, sp\u00e9cialiser les promoteurs, les cadres, les consultants de l\u2019\u00e9conomie sociale et solidaire et permettre aux \u00e9tudiants de devenir des experts de haut niveau ma\u00eetrisant les connaissances les plus r\u00e9centes dans le domaine de l\u2019\u00e9conomie sociale.<\/p>\n<p>Parcours recherche : D\u00e9velopper une r\u00e9flexion critique sur le domaine et contribuer \u00e0 la conceptualisation du champ d&rsquo;activit\u00e9.<\/p>\n<p>La formation n\u00e9cessite des <strong>qualit\u00e9s de synth\u00e8se<\/strong> et <strong>d\u2019analyse<\/strong>, un <strong>go\u00fbt pour la lecture<\/strong> et une <strong>capacit\u00e9 \u00e0 r\u00e9diger<\/strong> av\u00e9r\u00e9s mais aussi une <strong>curiosit\u00e9 de terrain<\/strong>.<\/p>\n<h1>LA FORMATION<\/h1>\n<p>La formation se compose de trois blocs :<\/p>\n<p>&#8211; des <strong>enseignements universitaires<\/strong> : histoire de l&rsquo;\u00e9conomie sociale, anthropologie \u00e9conomique, philosophie politique, \u00e9conomie \u00e9cologique, \u00e9conomie et sociologie du travail<\/p>\n<p>&#8211; des <strong>apprentissage techniques<\/strong> : gestion comptable, m\u00e9thodologie de projets, droit coop\u00e9ratif, informatique de r\u00e9seaux<\/p>\n<p>&#8211;\u00a0des <strong>conf\u00e9rences d&rsquo;acteurs de terrain<\/strong> : r\u00e9gie de quartiers, entreprises d&rsquo;insertion, SCOP, SCIC, jardins familiaux, ressourcerie, banques \u00e9thiques, etc&#8230;<\/p>\n<p>Ces trois blocs sont prolong\u00e9s par un <a title=\"Stage\" href=\"https:\/\/blogs.univ-tlse2.fr\/cerises\/formation\/master-et-doctorat-deconomie-sociale\/stage\/\">stage<\/a> de 500 heures.<\/p>\n<p>Pour le parcours recherche, peu de s\u00e9minaires sont organis\u00e9s mais le m\u00e9moire doit \u00eatre plus cons\u00e9quent.<\/p>\n<p>La formation se cl\u00f4t par la <a title=\"Projets personnels et m\u00e9moires de recherche\" href=\"https:\/\/blogs.univ-tlse2.fr\/cerises\/formation\/master-et-doctorat-deconomie-sociale\/projets-personnels-et-memoires-de-recherche\/\">soutenance d&rsquo;un m\u00e9moire<\/a> compos\u00e9 d&rsquo;une partie sur le stage et d&rsquo;une partie sur le projet personnel, pr\u00e9c\u00e9d\u00e9es d&rsquo;une analyse th\u00e9orique.<\/p>\n<h2>Ressources<\/h2>\n<p>Outre le r\u00e9seau des biblioth\u00e8ques universitaires, les \u00e9tudiants b\u00e9n\u00e9ficient du <a title=\"Centre de documentation\" href=\"https:\/\/blogs.univ-tlse2.fr\/cerises\/publications\/centre-de-documentation\/\">centre de documentation<\/a> et de l&rsquo;activit\u00e9 de Cerises, de <a title=\"Les expertises de Cerises\" href=\"https:\/\/blogs.univ-tlse2.fr\/cerises\/experimentations\/les-expertises-de-cerises\/\">production<\/a> et de <a title=\"Publications\" href=\"https:\/\/blogs.univ-tlse2.fr\/cerises\/publications\/\">diffusion<\/a> de la connaissance des initiatives solidaires et des entreprises sociales (un peu plus de 900 ouvrages).<\/p>\n<p>&nbsp;<\/p>\n<h1>Avec la participation de :<\/h1>\n<p>ATTI AGCE TOULOUSAINE TELESURV<\/p>\n<p>L\u2019UNION DES PEINTRES<\/p>\n<p>IN SITU CONSULTANTS<\/p>\n<p>SARL CISAME SCOP<\/p>\n<p>SCOP ORQUE<\/p>\n<p>ITER<\/p>\n<p>H2 COMMUNICATION SARL<\/p>\n<p>LA MAISON DE L\u2019INITIATIVE<\/p>\n<p>PROM\u2019INNOV<\/p>\n<p>FRANCE TELECOM<\/p>\n<p>PCO TECHNOLOGIE SA<\/p>\n<p>CYPRESS SARL<\/p>\n<p>ENVIE<\/p>\n<h2>Dans cette rubrique :<\/h2>\n\n<!-- Page-list plugin v.5.9 wordpress.org\/plugins\/page-list\/ -->\n<ul class=\"page-list \">\n<li class=\"page_item page-item-56\"><a href=\"https:\/\/blogs.univ-tlse2.fr\/cerises\/formation\/master-et-doctorat-deconomie-sociale\/contacts-pour-le-master\/\">Contacts pour le Master<\/a><\/li>\n<li class=\"page_item page-item-60\"><a href=\"https:\/\/blogs.univ-tlse2.fr\/cerises\/formation\/master-et-doctorat-deconomie-sociale\/recrutement\/\">Recrutement<\/a><\/li>\n<li class=\"page_item page-item-189\"><a href=\"https:\/\/blogs.univ-tlse2.fr\/cerises\/formation\/master-et-doctorat-deconomie-sociale\/debouches\/\">D\u00e9bouch\u00e9s<\/a><\/li>\n<li class=\"page_item page-item-193 page_item_has_children\"><a href=\"https:\/\/blogs.univ-tlse2.fr\/cerises\/formation\/master-et-doctorat-deconomie-sociale\/enseignements\/\">Enseignements<\/a><\/li>\n<li class=\"page_item page-item-195\"><a href=\"https:\/\/blogs.univ-tlse2.fr\/cerises\/formation\/master-et-doctorat-deconomie-sociale\/emploi-du-temps\/\">Emploi du temps<\/a><\/li>\n<li class=\"page_item page-item-197 page_item_has_children\"><a href=\"https:\/\/blogs.univ-tlse2.fr\/cerises\/formation\/master-et-doctorat-deconomie-sociale\/conferences-dacteurs\/\">Conf\u00e9rences d\u2019acteurs<\/a><\/li>\n<li class=\"page_item page-item-185\"><a href=\"https:\/\/blogs.univ-tlse2.fr\/cerises\/formation\/master-et-doctorat-deconomie-sociale\/stage\/\">Stage<\/a><\/li>\n<li class=\"page_item page-item-187\"><a href=\"https:\/\/blogs.univ-tlse2.fr\/cerises\/formation\/master-et-doctorat-deconomie-sociale\/projets-personnels-et-memoires-de-recherche\/\">Projets personnels et m\u00e9moires de recherche<\/a><\/li>\n\n<\/ul>\n","protected":false},"excerpt":{"rendered":"<p>\u00a0Promotion 2020 :\u00a020 \u00e8me promotion (voir liste\u00a0\u00e9tudiants\u00a0retenus \u00e0 Recrutement) T\u00e9l\u00e9charger directement sur la plate-forme en ligne sur le site du d\u00e9partement Sciences \u00e9conomiques et Gestion, Master Nouvelle Economie Sociale. &nbsp; Dossier M1 et M2 : se renseigner aupr\u00e8s d&rsquo;Aur\u00e9lie Douay (05 61 50 41 79) &nbsp; L&rsquo;UFR Sciences Espaces et Soci\u00e9t\u00e9s de Toulouse 2 Le [&hellip;]<\/p>\n","protected":false},"author":157,"featured_media":390,"parent":12,"menu_order":1,"comment_status":"closed","ping_status":"open","template":"","meta":{"footnotes":""},"class_list":["post-52","page","type-page","status-publish","has-post-thumbnail","hentry"],"_links":{"self":[{"href":"https:\/\/blogs.univ-tlse2.fr\/cerises\/wp-json\/wp\/v2\/pages\/52","targetHints":{"allow":["GET"]}}],"collection":[{"href":"https:\/\/blogs.univ-tlse2.fr\/cerises\/wp-json\/wp\/v2\/pages"}],"about":[{"href":"https:\/\/blogs.univ-tlse2.fr\/cerises\/wp-json\/wp\/v2\/types\/page"}],"author":[{"embeddable":true,"href":"https:\/\/blogs.univ-tlse2.fr\/cerises\/wp-json\/wp\/v2\/users\/157"}],"replies":[{"embeddable":true,"href":"https:\/\/blogs.univ-tlse2.fr\/cerises\/wp-json\/wp\/v2\/comments?post=52"}],"version-history":[{"count":40,"href":"https:\/\/blogs.univ-tlse2.fr\/cerises\/wp-json\/wp\/v2\/pages\/52\/revisions"}],"predecessor-version":[{"id":3843,"href":"https:\/\/blogs.univ-tlse2.fr\/cerises\/wp-json\/wp\/v2\/pages\/52\/revisions\/3843"}],"up":[{"embeddable":true,"href":"https:\/\/blogs.univ-tlse2.fr\/cerises\/wp-json\/wp\/v2\/pages\/12"}],"wp:featuredmedia":[{"embeddable":true,"href":"https:\/\/blogs.univ-tlse2.fr\/cerises\/wp-json\/wp\/v2\/media\/390"}],"wp:attachment":[{"href":"https:\/\/blogs.univ-tlse2.fr\/cerises\/wp-json\/wp\/v2\/media?parent=52"}],"curies":[{"name":"wp","href":"https:\/\/api.w.org\/{rel}","templated":true}]}}