 {"id":56,"date":"2013-01-10T14:48:33","date_gmt":"2013-01-10T13:48:33","guid":{"rendered":"https:\/\/blogs.univ-tlse2.fr\/cerises\/?page_id=56"},"modified":"2022-10-24T14:07:12","modified_gmt":"2022-10-24T12:07:12","slug":"contacts-pour-le-master","status":"publish","type":"page","link":"https:\/\/blogs.univ-tlse2.fr\/cerises\/formation\/master-et-doctorat-deconomie-sociale\/contacts-pour-le-master\/","title":{"rendered":"Contacts pour le Master"},"content":{"rendered":"<p><strong><a title=\"Jacques Prades\" href=\"https:\/\/blogs.univ-tlse2.fr\/cerises\/cerises\/lequipe\/jacques-prades\/\">Jacques PRADES<\/a>, Fondateur de la formation en 2000<br \/>\n<\/strong>B\u00e2timent Olympe de Gouges<br \/>\n2 \u00e8me \u00e9tage bureau n\u00b0 268<b>\u00a0<\/b>Sur rendez-vous :\u00a005.61.50.45.00<br \/>\nmail : p&#x72;&#x61;d&#101;&#x73;&#64;&#117;&#x6e;i&#118;&#x2d;tl&#x73;&#x65;2&#x2e;&#x66;r<\/p>\n<p><strong><a href=\"https:\/\/blogs.univ-tlse2.fr\/cerises\/files\/contacts-pour-le-master\/image001.png\"><img loading=\"lazy\" decoding=\"async\" class=\"wp-image-3628 alignleft\" src=\"https:\/\/blogs.univ-tlse2.fr\/cerises\/files\/contacts-pour-le-master\/image001.png\" alt=\"image001\" width=\"296\" height=\"197\" srcset=\"https:\/\/blogs.univ-tlse2.fr\/cerises\/files\/contacts-pour-le-master\/image001.png 1168w, https:\/\/blogs.univ-tlse2.fr\/cerises\/files\/contacts-pour-le-master\/image001-150x100.png 150w, https:\/\/blogs.univ-tlse2.fr\/cerises\/files\/contacts-pour-le-master\/image001-300x199.png 300w, https:\/\/blogs.univ-tlse2.fr\/cerises\/files\/contacts-pour-le-master\/image001-700x465.png 700w, https:\/\/blogs.univ-tlse2.fr\/cerises\/files\/contacts-pour-le-master\/image001-624x415.png 624w\" sizes=\"auto, (max-width: 296px) 100vw, 296px\" \/><\/a><\/strong><\/p>\n<p><strong><a href=\"https:\/\/blogs.univ-tlse2.fr\/cerises\/files\/contacts-pour-le-master\/image001.png\">Miireille BRUYERE, \u00a0<\/a>Responsable de la formation depuis 2019<\/strong><br \/>\nBureau\u00a0B\u00e2timent Olympe de Gouges<br \/>\n2 \u00e8me \u00e9tage bureau n\u00b0 26905.61.50.45.00<br \/>\nmim&#105;&#98;&#x72;&#x75;&#x79;&#x65;&#x72;e&#64;g&#109;&#97;&#x69;&#x6c;&#x2e;&#x63;&#x6f;m<\/p>\n<p><a href=\"https:\/\/blogs.univ-tlse2.fr\/cerises\/files\/contacts-pour-le-master\/images-1.jpeg\"><img loading=\"lazy\" decoding=\"async\" class=\"size-full wp-image-3817 alignleft\" src=\"https:\/\/blogs.univ-tlse2.fr\/cerises\/files\/contacts-pour-le-master\/images-1.jpeg\" alt=\"\" width=\"300\" height=\"168\" srcset=\"https:\/\/blogs.univ-tlse2.fr\/cerises\/files\/contacts-pour-le-master\/images-1.jpeg 300w, https:\/\/blogs.univ-tlse2.fr\/cerises\/files\/contacts-pour-le-master\/images-1-150x84.jpeg 150w\" sizes=\"auto, (max-width: 300px) 100vw, 300px\" \/><\/a><\/p>\n<p><strong><a title=\"St\u00e9phane H\u00e9nin\" href=\"https:\/\/blogs.univ-tlse2.fr\/cerises\/cerises\/lequipe\/stephane-henin\/\">St\u00e9phane HENIN<\/a>, Responsable p\u00e9dagogique depuis 2012<br \/>\n<\/strong>Bureau\u00a0B\u00e2timent Olympe de Gouges<br \/>\n2 \u00e8me \u00e9tage bureau n\u00b0 268<img loading=\"lazy\" decoding=\"async\" class=\"wp-image-2792 alignleft\" src=\"https:\/\/blogs.univ-tlse2.fr\/cerises\/files\/contacts-pour-le-master\/shenin1.gif\" alt=\"shenin\" width=\"217\" height=\"280\" \/><br \/>\nLundi et mardi<br \/>\n05.61.50.45.00<br \/>\n&#x73;t&#x65;&#x70;h&#x61;&#x6e;e&#x2e;&#x68;e&#x6e;&#x69;n&#x40;&#x75;n&#x69;&#118;-&#x74;&#108;s&#x65;&#50;&#46;&#x66;&#114;<\/p>\n<h5><strong>Aur\u00e9lie DOUAY, Gestionnaire de scolarit\u00e9<\/strong><br \/>\n<strong>Bureau Accueil du d\u00e9partement \u00c9conomie-Gestion<\/strong><br \/>\n<strong>Du lundi au vendredi<\/strong><br \/>\n<strong>05.61.50.41.79<\/strong><br \/>\n<strong>&#x64;&#x6f;&#x75;&#97;y&#64;u&#x6e;&#x69;&#x76;&#x2d;&#116;lse&#x32;&#x2e;&#x66;&#114;&#67;ons&#x75;&#x6c;&#x74;&#101;z aussi :<\/strong><\/h5>\n\n<!-- Page-list plugin v.5.9 wordpress.org\/plugins\/page-list\/ -->\n<ul class=\"page-list \">\n<li class=\"page_item page-item-60\"><a href=\"https:\/\/blogs.univ-tlse2.fr\/cerises\/formation\/master-et-doctorat-deconomie-sociale\/recrutement\/\">Recrutement<\/a><\/li>\n<li class=\"page_item page-item-189\"><a href=\"https:\/\/blogs.univ-tlse2.fr\/cerises\/formation\/master-et-doctorat-deconomie-sociale\/debouches\/\">D\u00e9bouch\u00e9s<\/a><\/li>\n<li class=\"page_item page-item-193 page_item_has_children\"><a href=\"https:\/\/blogs.univ-tlse2.fr\/cerises\/formation\/master-et-doctorat-deconomie-sociale\/enseignements\/\">Enseignements<\/a><\/li>\n<li class=\"page_item page-item-195\"><a href=\"https:\/\/blogs.univ-tlse2.fr\/cerises\/formation\/master-et-doctorat-deconomie-sociale\/emploi-du-temps\/\">Emploi du temps<\/a><\/li>\n<li class=\"page_item page-item-197 page_item_has_children\"><a href=\"https:\/\/blogs.univ-tlse2.fr\/cerises\/formation\/master-et-doctorat-deconomie-sociale\/conferences-dacteurs\/\">Conf\u00e9rences d\u2019acteurs<\/a><\/li>\n<li class=\"page_item page-item-185\"><a href=\"https:\/\/blogs.univ-tlse2.fr\/cerises\/formation\/master-et-doctorat-deconomie-sociale\/stage\/\">Stage<\/a><\/li>\n<li class=\"page_item page-item-187\"><a href=\"https:\/\/blogs.univ-tlse2.fr\/cerises\/formation\/master-et-doctorat-deconomie-sociale\/projets-personnels-et-memoires-de-recherche\/\">Projets personnels et m\u00e9moires de recherche<\/a><\/li>\n\n<\/ul>\n","protected":false},"excerpt":{"rendered":"<p>Jacques PRADES, Fondateur de la formation en 2000 B\u00e2timent Olympe de Gouges 2 \u00e8me \u00e9tage bureau n\u00b0 268\u00a0Sur rendez-vous :\u00a005.61.50.45.00 mail : &#x70;&#x72;&#x61;&#100;es&#64;&#x75;&#x6e;&#x69;&#x76;&#45;tls&#x65;&#x32;&#x2e;&#102;&#114; Miireille BRUYERE, \u00a0Responsable de la formation depuis 2019 Bureau\u00a0B\u00e2timent Olympe de Gouges 2 \u00e8me \u00e9tage bureau n\u00b0 26905.61.50.45.00 &#x6d;&#x69;&#x6d;&#x69;&#x62;&#x72;&#x75;&#x79;&#101;&#114;&#101;&#64;gmail&#46;c&#x6f;&#x6d; St\u00e9phane HENIN, Responsable p\u00e9dagogique depuis 2012 Bureau\u00a0B\u00e2timent Olympe de Gouges 2 \u00e8me \u00e9tage [&hellip;]<\/p>\n","protected":false},"author":157,"featured_media":0,"parent":52,"menu_order":1,"comment_status":"closed","ping_status":"open","template":"","meta":{"footnotes":""},"class_list":["post-56","page","type-page","status-publish","hentry"],"_links":{"self":[{"href":"https:\/\/blogs.univ-tlse2.fr\/cerises\/wp-json\/wp\/v2\/pages\/56","targetHints":{"allow":["GET"]}}],"collection":[{"href":"https:\/\/blogs.univ-tlse2.fr\/cerises\/wp-json\/wp\/v2\/pages"}],"about":[{"href":"https:\/\/blogs.univ-tlse2.fr\/cerises\/wp-json\/wp\/v2\/types\/page"}],"author":[{"embeddable":true,"href":"https:\/\/blogs.univ-tlse2.fr\/cerises\/wp-json\/wp\/v2\/users\/157"}],"replies":[{"embeddable":true,"href":"https:\/\/blogs.univ-tlse2.fr\/cerises\/wp-json\/wp\/v2\/comments?post=56"}],"version-history":[{"count":25,"href":"https:\/\/blogs.univ-tlse2.fr\/cerises\/wp-json\/wp\/v2\/pages\/56\/revisions"}],"predecessor-version":[{"id":3857,"href":"https:\/\/blogs.univ-tlse2.fr\/cerises\/wp-json\/wp\/v2\/pages\/56\/revisions\/3857"}],"up":[{"embeddable":true,"href":"https:\/\/blogs.univ-tlse2.fr\/cerises\/wp-json\/wp\/v2\/pages\/52"}],"wp:attachment":[{"href":"https:\/\/blogs.univ-tlse2.fr\/cerises\/wp-json\/wp\/v2\/media?parent=56"}],"curies":[{"name":"wp","href":"https:\/\/api.w.org\/{rel}","templated":true}]}}