 {"id":60,"date":"2013-01-10T14:50:54","date_gmt":"2013-01-10T13:50:54","guid":{"rendered":"https:\/\/blogs.univ-tlse2.fr\/cerises\/?page_id=60"},"modified":"2020-06-25T06:30:00","modified_gmt":"2020-06-25T04:30:00","slug":"recrutement","status":"publish","type":"page","link":"https:\/\/blogs.univ-tlse2.fr\/cerises\/formation\/master-et-doctorat-deconomie-sociale\/recrutement\/","title":{"rendered":"Recrutement"},"content":{"rendered":"<h2><i style=\"font-weight: bold\">R\u00e9sultats\u00a0<\/i><i>audition du lundi 22 juin 2020 \u00a0entr\u00e9e directe de M2 NES<\/i><\/h2>\n<h5><i style=\"font-weight: bold\">&#8211; V\u00e9ronique Chatelet<br \/>\n<\/i><i style=\"font-weight: bold\">&#8211; Eloise Carette<br \/>\n<\/i><i style=\"font-weight: bold\">&#8211; <\/i><i>Kubra<\/i><i style=\"font-weight: bold\">\u00a0Cinar<br \/>\n&#8211; Manuela Devliegher<br \/>\n<\/i><i style=\"font-weight: bold\">&#8211; Marianne Laval<br \/>\n&#8211;\u00a0<\/i>Tiphaine Thelot<\/h5>\n<p><strong>19 \u00e9tudiants \u00a0admis d\u00e9finitivement en M1 NES<\/strong><\/p>\n<p>Aubert Caroline<br \/>\nChassin Cl\u00e9ment<br \/>\nDarmo Eva<br \/>\nDollat Jeanne<br \/>\nGiessner Lucie<br \/>\nHamidou Sofiane<br \/>\nHager Lara<br \/>\nHugo Barthelemy<br \/>\nLafontaine Romain<br \/>\nLe Gal Clara<br \/>\nMaynard Mathilde<br \/>\nSylla Assa Badialo<br \/>\nRousseau S\u00e9bastien<br \/>\nSaint-Blancat Elodie<br \/>\nSeyler M\u00e9lissa<br \/>\nThomas Camille<br \/>\nTiero Olivia<br \/>\nVincent Laurine<br \/>\nVerdon Bertille<\/p>\n<p><strong>\u00a04 \u00e9tudiants Liste attente<\/strong><\/p>\n<p>1.Maretz Lorine<br \/>\n2.Magrou Titouan<br \/>\n3.Ichar Ludovic<br \/>\n4\u2022Thomas Margo<\/p>\n<h2><\/h2>\n<h2>\u2660 Rentr\u00e9e du M1 : Pas encore d\u00e9fini par l&rsquo;universit\u00e9,\u00a0<span style=\"color: #ff0000\">Petit d\u00e9jeuner \u00e0 9 heures le ?<\/span><\/h2>\n<h3>\u2666\u00a0 <strong>\u00a0<\/strong>Vous pouvez <a title=\"Contacts pour le Master\" href=\"https:\/\/blogs.univ-tlse2.fr\/cerises\/formation\/master-et-doctorat-deconomie-sociale\/contacts-pour-le-master\/\">contacter Jacques Prades<\/a>\u00a0ou St\u00e9phane H\u00e9nin tout au long de l&rsquo;ann\u00e9e pour pr\u00e9senter votre projet et en \u00e9tudier l&rsquo;ad\u00e9quation avec la formation.\u00a0Pour le parcours recherche, le directeur de recherche choisi doit \u00e9mettre un avis favorable au sujet retenu, ce qui n&rsquo;\u00e9quivaut pas \u00e0 une admission directe en th\u00e8se.<\/h3>\n<p align=\"JUSTIFY\">Pour le parcours professionnel, e recrutement est b\u00e2ti sur un <strong>portage de projet<\/strong> que l\u2019\u00e9tudiant pr\u00e9sente lors de son admission, affine tout au long de l\u2019ann\u00e9e au fur et \u00e0 mesure des enseignements re\u00e7us et met en place \u00e0 sa sortie, sous la forme d\u2019une activit\u00e9 salari\u00e9e dans une organisation ou bien \u00e0 son propre compte.<\/p>\n<p><strong>Une premi\u00e8re s\u00e9lection est op\u00e9r\u00e9e en juin.<\/strong> Le recrutement de la promotion est compl\u00e9t\u00e9 par une deuxi\u00e8me session d&rsquo;ajustement en septembre.<\/p>\n<p align=\"JUSTIFY\">La s\u00e9lection se fait \u00e0 partir d&rsquo;une proposition de montage d&rsquo;un projet d&rsquo;\u00e9conomie sociale et solidaire de 2 \u00e0 5 pages dactylographi\u00e9es maximum.<\/p>\n<p align=\"JUSTIFY\">Nous ne retenons pas les candidats porteurs de projets subventionn\u00e9s trop largement (l\u2019action sociale) comme les projets fond\u00e9s sur la seule lucrativit\u00e9, nous \u00e9vitons les projets individuels et les projets informels. Autrement dit, le projet peut \u00eatre une cr\u00e9ation d\u2019entreprise ou d\u2019activit\u00e9 dont la finalit\u00e9 est sociale mais qui doit pr\u00e9senter des garanties de viabilit\u00e9 \u00e9conomique.<\/p>\n<h2>Les crit\u00e8res de s\u00e9lection des projets sont les suivants :<\/h2>\n<ul>\n<li>\n<p align=\"JUSTIFY\">l\u2019originalit\u00e9 du projet.<\/p>\n<\/li>\n<li>\n<p align=\"JUSTIFY\">son architecture : nous privil\u00e9gions les initiatives locales qui se f\u00e9d\u00e8rent de bas en haut.<\/p>\n<\/li>\n<li>\n<p align=\"JUSTIFY\">Le projet doit \u00eatre de pr\u00e9f\u00e9rence une structure collective dont le statut juridique donne une indication.<\/p>\n<\/li>\n<li>\n<p align=\"JUSTIFY\">Le projet peut se situer en r\u00e9gion Midi-Pyr\u00e9n\u00e9es, en France ou dans un pays \u00e9tranger (avec un privil\u00e8ge pour l&rsquo;Europe) : nous veillons aux m\u00e9langes des cultures mais nous gardons au moins 50 % d\u2019implantation r\u00e9gionale.<\/p>\n<\/li>\n<li>\n<p align=\"JUSTIFY\">L\u2019\u00e2ge des candidats est une variable importante et nous privil\u00e9gions les vari\u00e9t\u00e9s d\u2019\u00e2ge.<\/p>\n<\/li>\n<\/ul>\n<p align=\"JUSTIFY\">Vous pouvez consulter <a title=\"Rapports des \u00e9tudiants du Master Pro NES\" href=\"https:\/\/blogs.univ-tlse2.fr\/cerises\/publications\/rapports-detudes\/rapports-des-etudiants-du-master-pro-nes\/\">la liste des projets d&rsquo;\u00e9tudiants des pr\u00e9c\u00e9dentes promotions<\/a> ainsi que des monographies dont certaines ont \u00e9t\u00e9 r\u00e9alis\u00e9es sur des activit\u00e9s port\u00e9es par d&rsquo;anciens \u00e9tudiants suite \u00e0 leur master, dans <a title=\"Production \u2013 Entreprises sociales\" href=\"https:\/\/blogs.univ-tlse2.fr\/cerises\/experimentations\/production-entreprises-sociales\/\">le champ de la production<\/a> et dans <a title=\"Consommation \u2013 R\u00e9partition des \u00e9changes \u2013 Initiatives solidaires\" href=\"https:\/\/blogs.univ-tlse2.fr\/cerises\/experimentations\/consommation-repartition-des-echanges-initiatives-solidaires\/\">le champ de la consommation<\/a>.<\/p>\n<h2>Consultez aussi :<\/h2>\n\n<!-- Page-list plugin v.5.9 wordpress.org\/plugins\/page-list\/ -->\n<ul class=\"page-list \">\n<li class=\"page_item page-item-56\"><a href=\"https:\/\/blogs.univ-tlse2.fr\/cerises\/formation\/master-et-doctorat-deconomie-sociale\/contacts-pour-le-master\/\">Contacts pour le Master<\/a><\/li>\n<li class=\"page_item page-item-189\"><a href=\"https:\/\/blogs.univ-tlse2.fr\/cerises\/formation\/master-et-doctorat-deconomie-sociale\/debouches\/\">D\u00e9bouch\u00e9s<\/a><\/li>\n<li class=\"page_item page-item-193 page_item_has_children\"><a href=\"https:\/\/blogs.univ-tlse2.fr\/cerises\/formation\/master-et-doctorat-deconomie-sociale\/enseignements\/\">Enseignements<\/a><\/li>\n<li class=\"page_item page-item-195\"><a href=\"https:\/\/blogs.univ-tlse2.fr\/cerises\/formation\/master-et-doctorat-deconomie-sociale\/emploi-du-temps\/\">Emploi du temps<\/a><\/li>\n<li class=\"page_item page-item-197 page_item_has_children\"><a href=\"https:\/\/blogs.univ-tlse2.fr\/cerises\/formation\/master-et-doctorat-deconomie-sociale\/conferences-dacteurs\/\">Conf\u00e9rences d\u2019acteurs<\/a><\/li>\n<li class=\"page_item page-item-185\"><a href=\"https:\/\/blogs.univ-tlse2.fr\/cerises\/formation\/master-et-doctorat-deconomie-sociale\/stage\/\">Stage<\/a><\/li>\n<li class=\"page_item page-item-187\"><a href=\"https:\/\/blogs.univ-tlse2.fr\/cerises\/formation\/master-et-doctorat-deconomie-sociale\/projets-personnels-et-memoires-de-recherche\/\">Projets personnels et m\u00e9moires de recherche<\/a><\/li>\n\n<\/ul>\n","protected":false},"excerpt":{"rendered":"<p>R\u00e9sultats\u00a0audition du lundi 22 juin 2020 \u00a0entr\u00e9e directe de M2 NES &#8211; V\u00e9ronique Chatelet &#8211; Eloise Carette &#8211; Kubra\u00a0Cinar &#8211; Manuela Devliegher &#8211; Marianne Laval &#8211;\u00a0Tiphaine Thelot 19 \u00e9tudiants \u00a0admis d\u00e9finitivement en M1 NES Aubert Caroline Chassin Cl\u00e9ment Darmo Eva Dollat Jeanne Giessner Lucie Hamidou Sofiane Hager Lara Hugo Barthelemy Lafontaine Romain Le Gal Clara [&hellip;]<\/p>\n","protected":false},"author":157,"featured_media":0,"parent":52,"menu_order":2,"comment_status":"closed","ping_status":"open","template":"","meta":{"footnotes":""},"class_list":["post-60","page","type-page","status-publish","hentry"],"_links":{"self":[{"href":"https:\/\/blogs.univ-tlse2.fr\/cerises\/wp-json\/wp\/v2\/pages\/60","targetHints":{"allow":["GET"]}}],"collection":[{"href":"https:\/\/blogs.univ-tlse2.fr\/cerises\/wp-json\/wp\/v2\/pages"}],"about":[{"href":"https:\/\/blogs.univ-tlse2.fr\/cerises\/wp-json\/wp\/v2\/types\/page"}],"author":[{"embeddable":true,"href":"https:\/\/blogs.univ-tlse2.fr\/cerises\/wp-json\/wp\/v2\/users\/157"}],"replies":[{"embeddable":true,"href":"https:\/\/blogs.univ-tlse2.fr\/cerises\/wp-json\/wp\/v2\/comments?post=60"}],"version-history":[{"count":86,"href":"https:\/\/blogs.univ-tlse2.fr\/cerises\/wp-json\/wp\/v2\/pages\/60\/revisions"}],"predecessor-version":[{"id":3873,"href":"https:\/\/blogs.univ-tlse2.fr\/cerises\/wp-json\/wp\/v2\/pages\/60\/revisions\/3873"}],"up":[{"embeddable":true,"href":"https:\/\/blogs.univ-tlse2.fr\/cerises\/wp-json\/wp\/v2\/pages\/52"}],"wp:attachment":[{"href":"https:\/\/blogs.univ-tlse2.fr\/cerises\/wp-json\/wp\/v2\/media?parent=60"}],"curies":[{"name":"wp","href":"https:\/\/api.w.org\/{rel}","templated":true}]}}