 {"id":609,"date":"2013-01-15T12:21:18","date_gmt":"2013-01-15T11:21:18","guid":{"rendered":"https:\/\/blogs.univ-tlse2.fr\/cerises\/?page_id=609"},"modified":"2014-02-06T10:31:41","modified_gmt":"2014-02-06T09:31:41","slug":"rapports-etudiants-2001","status":"publish","type":"page","link":"https:\/\/blogs.univ-tlse2.fr\/cerises\/publications\/rapports-detudes\/rapports-des-etudiants-du-master-pro-nes\/rapports-etudiants-2001\/","title":{"rendered":"Rapports \u00e9tudiants 2001"},"content":{"rendered":"<p><span>Rapports disponibles \u00e0 Cerises<\/span><\/p>\n<table border=\"1\" cellspacing=\"0\" cellpadding=\"0\">\n<tbody>\n<tr>\n<td><strong>Sujet<\/strong><\/td>\n<td><strong>Auteur<\/strong><\/td>\n<td><\/td>\n<td><strong>Dipl\u00f4me obtenu en<\/strong><\/td>\n<td><strong>Cote<\/strong><\/td>\n<\/tr>\n<tr>\n<td>Projet visant l&rsquo;int\u00e9gration socio-professionnelle des personnes d\u00e9ficientes auditives et la formation \u00e0 la langue des signes des acteurs du champ \u00e9conomique<\/td>\n<td>AUVITU<\/td>\n<td>Val\u00e9rie<\/td>\n<td>2001<\/td>\n<td>1<\/td>\n<\/tr>\n<tr>\n<td>Vers la cr\u00e9ation dans le Pays de Comminges d&rsquo;une action d&rsquo;insertion de personnes en situation d&rsquo;exclusion par une activit\u00e9 \u00e9conomique li\u00e9e au tourisme<\/td>\n<td>BAJODEK<\/td>\n<td>Jean-Fran\u00e7ois<\/td>\n<td>2001<\/td>\n<td>2<\/td>\n<\/tr>\n<tr>\n<td>Cr\u00e9ation d&rsquo;une entreprise d&rsquo;insertion dans le domaine des services aux personnes \u00e2g\u00e9es<\/td>\n<td>SABATIER<\/td>\n<td>J\u00e9r\u00f4me<\/td>\n<td>2001<\/td>\n<td>3<\/td>\n<\/tr>\n<tr>\n<td>Elaboration de l&rsquo;annuaire de l&rsquo;\u00e9conomie sociale et solidaire Midi Pyr\u00e9n\u00e9es &#8211; Recensement des DESS d&rsquo;\u00e9conomie sociale et solidaire en France<\/td>\n<td>MOUSSI<\/td>\n<td>Fatima<\/td>\n<td>2001<\/td>\n<td>4<\/td>\n<\/tr>\n<tr>\n<td>Cr\u00e9ation d&rsquo;une entreprise d&rsquo;insertion dans le domaine des services aux personnes \u00e2g\u00e9es<\/td>\n<td>GONDONNEAU<\/td>\n<td>David<\/td>\n<td>2001<\/td>\n<td>5<\/td>\n<\/tr>\n<tr>\n<td>Un exemple d&rsquo;organisation des entreprises pour l&rsquo;insertion par l&rsquo;activit\u00e9 \u00e9cnomique en Haute Garonne : le CREPI<\/td>\n<td>ARROUCAU<\/td>\n<td>Jean<\/td>\n<td>2001<\/td>\n<td>6<\/td>\n<\/tr>\n<tr>\n<td>Opportunit\u00e9 du projet ARPEGE (structure delutte contre l&rsquo;exclusion et l&rsquo;isolement)<\/td>\n<td>GINESTON<\/td>\n<td>Thomas<\/td>\n<td>2001<\/td>\n<td>7<\/td>\n<\/tr>\n<\/tbody>\n<\/table>\n","protected":false},"excerpt":{"rendered":"<p>Rapports disponibles \u00e0 Cerises Sujet Auteur Dipl\u00f4me obtenu en Cote Projet visant l&rsquo;int\u00e9gration socio-professionnelle des personnes d\u00e9ficientes auditives et la formation \u00e0 la langue des signes des acteurs du champ \u00e9conomique AUVITU Val\u00e9rie 2001 1 Vers la cr\u00e9ation dans le Pays de Comminges d&rsquo;une action d&rsquo;insertion de personnes en situation d&rsquo;exclusion par une activit\u00e9 \u00e9conomique [&hellip;]<\/p>\n","protected":false},"author":157,"featured_media":0,"parent":67,"menu_order":50,"comment_status":"closed","ping_status":"closed","template":"","meta":{"footnotes":""},"class_list":["post-609","page","type-page","status-publish","hentry"],"_links":{"self":[{"href":"https:\/\/blogs.univ-tlse2.fr\/cerises\/wp-json\/wp\/v2\/pages\/609","targetHints":{"allow":["GET"]}}],"collection":[{"href":"https:\/\/blogs.univ-tlse2.fr\/cerises\/wp-json\/wp\/v2\/pages"}],"about":[{"href":"https:\/\/blogs.univ-tlse2.fr\/cerises\/wp-json\/wp\/v2\/types\/page"}],"author":[{"embeddable":true,"href":"https:\/\/blogs.univ-tlse2.fr\/cerises\/wp-json\/wp\/v2\/users\/157"}],"replies":[{"embeddable":true,"href":"https:\/\/blogs.univ-tlse2.fr\/cerises\/wp-json\/wp\/v2\/comments?post=609"}],"version-history":[{"count":2,"href":"https:\/\/blogs.univ-tlse2.fr\/cerises\/wp-json\/wp\/v2\/pages\/609\/revisions"}],"predecessor-version":[{"id":2927,"href":"https:\/\/blogs.univ-tlse2.fr\/cerises\/wp-json\/wp\/v2\/pages\/609\/revisions\/2927"}],"up":[{"embeddable":true,"href":"https:\/\/blogs.univ-tlse2.fr\/cerises\/wp-json\/wp\/v2\/pages\/67"}],"wp:attachment":[{"href":"https:\/\/blogs.univ-tlse2.fr\/cerises\/wp-json\/wp\/v2\/media?parent=609"}],"curies":[{"name":"wp","href":"https:\/\/api.w.org\/{rel}","templated":true}]}}