 {"id":611,"date":"2013-01-15T12:23:32","date_gmt":"2013-01-15T11:23:32","guid":{"rendered":"https:\/\/blogs.univ-tlse2.fr\/cerises\/?page_id=611"},"modified":"2014-02-06T10:31:41","modified_gmt":"2014-02-06T09:31:41","slug":"rapports-etudiants-2002","status":"publish","type":"page","link":"https:\/\/blogs.univ-tlse2.fr\/cerises\/publications\/rapports-detudes\/rapports-des-etudiants-du-master-pro-nes\/rapports-etudiants-2002\/","title":{"rendered":"Rapports \u00e9tudiants 2002"},"content":{"rendered":"<p><span>Rapports disponibles \u00e0 Cerises<\/span><\/p>\n<table border=\"1\" cellspacing=\"0\" cellpadding=\"0\">\n<tbody>\n<tr>\n<td><strong>Sujet<\/strong><\/td>\n<td><strong>Auteur<\/strong><\/td>\n<td><\/td>\n<td><strong>Dipl\u00f4me obtenu en<\/strong><\/td>\n<td><strong>Cote<\/strong><\/td>\n<\/tr>\n<tr>\n<td>Handicap, Nouvelles Technologies et Insertion<\/td>\n<td>ANDRE<\/td>\n<td>Fabrice<\/td>\n<td>2002<\/td>\n<td>1<\/td>\n<\/tr>\n<tr>\n<td>Cr\u00e9ation d&rsquo;un p\u00f4le de comp\u00e9tences permettant la mise en r\u00e9seau, la coordination et l&rsquo;articulation de programmes de solidarit\u00e9 internationale, de formation et de promotion de l&rsquo;\u00e9conomie solidaire : VOLONTAIRE d&rsquo;AILLEURS<\/td>\n<td>PAILHES<\/td>\n<td>Jean-Paul<\/td>\n<td>2002<\/td>\n<td>2<\/td>\n<\/tr>\n<tr>\n<td>TRAFIC : Territoires r\u00e9unis pour l&rsquo;animation, la formation et l&rsquo;action collective<\/td>\n<td>CHAUVARD<\/td>\n<td>Anne<\/td>\n<td>2002<\/td>\n<td>3<\/td>\n<\/tr>\n<tr>\n<td>R\u00e9flexion et propositions r\u00e9pondant \u00e0 la probl\u00e9matique des jeunes \u00ab\u00a0exclus du d\u00e9veloppement\u00a0\u00bb<\/td>\n<td>CASSAN<\/td>\n<td>Genevi\u00e8ve<\/td>\n<td>2002<\/td>\n<td>4<\/td>\n<\/tr>\n<tr>\n<td>Projet d&rsquo;extension d&rsquo;activit\u00e9 pour l&rsquo;accueil des personnes atteintes de la maladie d&rsquo;Alzheimer<\/td>\n<td>ELBAZ<\/td>\n<td>C\u00e9line<\/td>\n<td>2002<\/td>\n<td>5<\/td>\n<\/tr>\n<tr>\n<td>Cr\u00e9ation d&rsquo;une mutuelle d&rsquo;\u00e9pargne et de cr\u00e9dit au Congo (Pointe Noire)<\/td>\n<td>KENGUE BOUMBA<\/td>\n<td>Roch Halliday<\/td>\n<td>2002<\/td>\n<td>6<\/td>\n<\/tr>\n<tr>\n<td>Principe Actif, un projet de d\u00e9veloppement d&rsquo;outils de communication de proximit\u00e9<\/td>\n<td>LEGUILLON<\/td>\n<td>Maxime<\/td>\n<td>2002<\/td>\n<td>7<\/td>\n<\/tr>\n<tr>\n<td>L&rsquo;insertion par l&rsquo;activit\u00e9 \u00e9conomique en milieu rural, un vecteur de solidarit\u00e9 et de d\u00e9veloppement<\/td>\n<td>MARTEL<\/td>\n<td>Sabine<\/td>\n<td>2002<\/td>\n<td>8<\/td>\n<\/tr>\n<tr>\n<td>L&rsquo;action culturelle et artistique actrice de co-d\u00e9veloppement solidaire<\/td>\n<td>AUCLAIR-CHABRY<\/td>\n<td>Pascale<\/td>\n<td>2002<\/td>\n<td>9<\/td>\n<\/tr>\n<tr>\n<td>Le P\u00f4le d&rsquo;Insertion par l&rsquo;Economique et le D\u00e9veloppement d&rsquo;Activit\u00e9s en Territoire Rural : Le PIED A TERRE<\/td>\n<td>SCHMIDT<\/td>\n<td>Clara<\/td>\n<td>2002<\/td>\n<td>10<\/td>\n<\/tr>\n<tr>\n<td>Pour une Economie \u00ab\u00a0Science Sociale\u00a0\u00bb<\/td>\n<td>POUJOL<\/td>\n<td>Chantal<\/td>\n<td>2002<\/td>\n<td>11<\/td>\n<\/tr>\n<\/tbody>\n<\/table>\n","protected":false},"excerpt":{"rendered":"<p>Rapports disponibles \u00e0 Cerises Sujet Auteur Dipl\u00f4me obtenu en Cote Handicap, Nouvelles Technologies et Insertion ANDRE Fabrice 2002 1 Cr\u00e9ation d&rsquo;un p\u00f4le de comp\u00e9tences permettant la mise en r\u00e9seau, la coordination et l&rsquo;articulation de programmes de solidarit\u00e9 internationale, de formation et de promotion de l&rsquo;\u00e9conomie solidaire : VOLONTAIRE d&rsquo;AILLEURS PAILHES Jean-Paul 2002 2 TRAFIC : [&hellip;]<\/p>\n","protected":false},"author":157,"featured_media":0,"parent":67,"menu_order":49,"comment_status":"closed","ping_status":"open","template":"","meta":{"footnotes":""},"class_list":["post-611","page","type-page","status-publish","hentry"],"_links":{"self":[{"href":"https:\/\/blogs.univ-tlse2.fr\/cerises\/wp-json\/wp\/v2\/pages\/611","targetHints":{"allow":["GET"]}}],"collection":[{"href":"https:\/\/blogs.univ-tlse2.fr\/cerises\/wp-json\/wp\/v2\/pages"}],"about":[{"href":"https:\/\/blogs.univ-tlse2.fr\/cerises\/wp-json\/wp\/v2\/types\/page"}],"author":[{"embeddable":true,"href":"https:\/\/blogs.univ-tlse2.fr\/cerises\/wp-json\/wp\/v2\/users\/157"}],"replies":[{"embeddable":true,"href":"https:\/\/blogs.univ-tlse2.fr\/cerises\/wp-json\/wp\/v2\/comments?post=611"}],"version-history":[{"count":2,"href":"https:\/\/blogs.univ-tlse2.fr\/cerises\/wp-json\/wp\/v2\/pages\/611\/revisions"}],"predecessor-version":[{"id":2926,"href":"https:\/\/blogs.univ-tlse2.fr\/cerises\/wp-json\/wp\/v2\/pages\/611\/revisions\/2926"}],"up":[{"embeddable":true,"href":"https:\/\/blogs.univ-tlse2.fr\/cerises\/wp-json\/wp\/v2\/pages\/67"}],"wp:attachment":[{"href":"https:\/\/blogs.univ-tlse2.fr\/cerises\/wp-json\/wp\/v2\/media?parent=611"}],"curies":[{"name":"wp","href":"https:\/\/api.w.org\/{rel}","templated":true}]}}