 {"id":613,"date":"2013-01-15T12:25:04","date_gmt":"2013-01-15T11:25:04","guid":{"rendered":"https:\/\/blogs.univ-tlse2.fr\/cerises\/?page_id=613"},"modified":"2014-02-06T10:31:41","modified_gmt":"2014-02-06T09:31:41","slug":"rapports-etudiants-2003","status":"publish","type":"page","link":"https:\/\/blogs.univ-tlse2.fr\/cerises\/publications\/rapports-detudes\/rapports-des-etudiants-du-master-pro-nes\/rapports-etudiants-2003\/","title":{"rendered":"Rapports \u00e9tudiants 2003"},"content":{"rendered":"<p><span>Rapports disponibles \u00e0 Cerises<\/span><\/p>\n<table border=\"1\" cellspacing=\"0\" cellpadding=\"0\">\n<tbody>\n<tr>\n<td><strong>Sujet<\/strong><\/td>\n<td><strong>Auteur<\/strong><\/td>\n<td><\/td>\n<td><strong>Dipl\u00f4me obtenu en<\/strong><\/td>\n<td><strong>Cote<\/strong><\/td>\n<\/tr>\n<tr>\n<td>Habitat \u00e9cologique et urbanisme durable<\/td>\n<td>THOUVENIN<\/td>\n<td>Bruno<\/td>\n<td>2003<\/td>\n<td>1<\/td>\n<\/tr>\n<tr>\n<td>Lien Social et Territoire: le projet du Domaine de Garabaud de l&rsquo;Association H\u00e9risson Bellor<\/td>\n<td>ZABRANIECKI<\/td>\n<td>Jean-Luc<\/td>\n<td>2003<\/td>\n<td>2<\/td>\n<\/tr>\n<tr>\n<td>L&rsquo;ACCOLADE, Journal d&rsquo;\u00e9ducation populaire (manquant)<\/td>\n<td>FERON<\/td>\n<td>B\u00e9n\u00e9dicte<\/td>\n<td>2003<\/td>\n<td>3<\/td>\n<\/tr>\n<tr>\n<td>Mise en place d&rsquo;un dispositif d&rsquo;accompagnement \u00e0 la scolarisation et \u00e0 l&rsquo;int\u00e9gration des Enfants Nouvellement Arriv\u00e9s en France (ENAF)<\/td>\n<td>VIVES<\/td>\n<td>J\u00e9r\u00f4me<\/td>\n<td>2003<\/td>\n<td>4<\/td>\n<\/tr>\n<tr>\n<td>environnement et projection de r\u00e9alisation d&rsquo;une initiative relevant de l&rsquo;\u00e9conomie solidaire \u00e0 H\u00f4 Chi Minh Ville, Viet Nam<\/td>\n<td>MANGIONE<\/td>\n<td>Nicolas<\/td>\n<td>2003<\/td>\n<td>5<\/td>\n<\/tr>\n<tr>\n<td>Les Chemins et les Prieur\u00e9s de l&rsquo;Abbaye de la Sauve-Majeure en Aquitaine<\/td>\n<td>REFFAY<\/td>\n<td>Dominique<\/td>\n<td>2003<\/td>\n<td>6<\/td>\n<\/tr>\n<tr>\n<td>Cr\u00e9ation d&rsquo;un centre de ressources audiovisuelles<\/td>\n<td>POTIN<\/td>\n<td>Nicolas<\/td>\n<td>2003<\/td>\n<td>7<\/td>\n<\/tr>\n<tr>\n<td>Une Maison de la Solidarit\u00e9 et de la Citoyennet\u00e9, ressource d&rsquo;activit\u00e9s collectives en milieu rural<\/td>\n<td>RIVIERE<\/td>\n<td>Nolwenn<\/td>\n<td>2003<\/td>\n<td>8<\/td>\n<\/tr>\n<tr>\n<td>Du travail salari\u00e9 \u00e0 l&rsquo;activit\u00e9 ind\u00e9pendante : Etats des lieux et perspectives<\/td>\n<td>RIO<\/td>\n<td>Carolle<\/td>\n<td>2003<\/td>\n<td>9<\/td>\n<\/tr>\n<tr>\n<td>Cr\u00e9ation d&rsquo;une structure de type maison des ch\u00f4meurs associ\u00e9e \u00e0 un r\u00e9seau d&rsquo;\u00e9changes de savoirs : ExpressionS<\/td>\n<td>ABDESSADKI<\/td>\n<td>Hafida<\/td>\n<td>2003<\/td>\n<td>10<\/td>\n<\/tr>\n<tr>\n<td>ISIS (Identit\u00e9 Sociale &amp; Initiatives Solidaires : \u00e9tablissement d&rsquo;accueil pour personnes d\u00e9ficientes mentales) &#8211; Sant\u00e9 et comportements alimentaires (centre d&rsquo;information et de formations \u00e0 la sant\u00e9)<\/td>\n<td>DA SILVA-GERVAIS<\/td>\n<td>Yolande<\/td>\n<td>2003<\/td>\n<td>11<\/td>\n<\/tr>\n<tr>\n<td>Pr\u00e9sentation du projet \u00ab\u00a0Stages Solidaires\u00a0\u00bb et du stage effectu\u00e9 au sein du Groupe EDF-GDF Services Pyr\u00e9n\u00e9es Gascogne<\/td>\n<td>DARBUS<\/td>\n<td>Fanny<\/td>\n<td>2003<\/td>\n<td>12<\/td>\n<\/tr>\n<tr>\n<td>Une strat\u00e9gie pour l&#8217;emploi<\/td>\n<td>BERNARD<\/td>\n<td>Hugues<\/td>\n<td>2003<\/td>\n<td>13<\/td>\n<\/tr>\n<tr>\n<td>Processus d&rsquo;information quant au ph\u00e9nom\u00e8ne de l&rsquo;illettrisme dans le Pays du Comminges<\/td>\n<td>CHAUVET<\/td>\n<td>Marjorie<\/td>\n<td>2003<\/td>\n<td>14<\/td>\n<\/tr>\n<\/tbody>\n<\/table>\n","protected":false},"excerpt":{"rendered":"<p>Rapports disponibles \u00e0 Cerises Sujet Auteur Dipl\u00f4me obtenu en Cote Habitat \u00e9cologique et urbanisme durable THOUVENIN Bruno 2003 1 Lien Social et Territoire: le projet du Domaine de Garabaud de l&rsquo;Association H\u00e9risson Bellor ZABRANIECKI Jean-Luc 2003 2 L&rsquo;ACCOLADE, Journal d&rsquo;\u00e9ducation populaire (manquant) FERON B\u00e9n\u00e9dicte 2003 3 Mise en place d&rsquo;un dispositif d&rsquo;accompagnement \u00e0 la scolarisation [&hellip;]<\/p>\n","protected":false},"author":157,"featured_media":0,"parent":67,"menu_order":48,"comment_status":"closed","ping_status":"open","template":"","meta":{"footnotes":""},"class_list":["post-613","page","type-page","status-publish","hentry"],"_links":{"self":[{"href":"https:\/\/blogs.univ-tlse2.fr\/cerises\/wp-json\/wp\/v2\/pages\/613","targetHints":{"allow":["GET"]}}],"collection":[{"href":"https:\/\/blogs.univ-tlse2.fr\/cerises\/wp-json\/wp\/v2\/pages"}],"about":[{"href":"https:\/\/blogs.univ-tlse2.fr\/cerises\/wp-json\/wp\/v2\/types\/page"}],"author":[{"embeddable":true,"href":"https:\/\/blogs.univ-tlse2.fr\/cerises\/wp-json\/wp\/v2\/users\/157"}],"replies":[{"embeddable":true,"href":"https:\/\/blogs.univ-tlse2.fr\/cerises\/wp-json\/wp\/v2\/comments?post=613"}],"version-history":[{"count":2,"href":"https:\/\/blogs.univ-tlse2.fr\/cerises\/wp-json\/wp\/v2\/pages\/613\/revisions"}],"predecessor-version":[{"id":2925,"href":"https:\/\/blogs.univ-tlse2.fr\/cerises\/wp-json\/wp\/v2\/pages\/613\/revisions\/2925"}],"up":[{"embeddable":true,"href":"https:\/\/blogs.univ-tlse2.fr\/cerises\/wp-json\/wp\/v2\/pages\/67"}],"wp:attachment":[{"href":"https:\/\/blogs.univ-tlse2.fr\/cerises\/wp-json\/wp\/v2\/media?parent=613"}],"curies":[{"name":"wp","href":"https:\/\/api.w.org\/{rel}","templated":true}]}}