 {"id":615,"date":"2013-01-15T12:26:26","date_gmt":"2013-01-15T11:26:26","guid":{"rendered":"https:\/\/blogs.univ-tlse2.fr\/cerises\/?page_id=615"},"modified":"2014-02-06T10:31:41","modified_gmt":"2014-02-06T09:31:41","slug":"rapports-etudiants-2004","status":"publish","type":"page","link":"https:\/\/blogs.univ-tlse2.fr\/cerises\/publications\/rapports-detudes\/rapports-des-etudiants-du-master-pro-nes\/rapports-etudiants-2004\/","title":{"rendered":"Rapports \u00e9tudiants 2004"},"content":{"rendered":"<p><span>Rapports disponibles \u00e0 Cerises<\/span><\/p>\n<table border=\"1\" cellspacing=\"0\" cellpadding=\"0\">\n<tbody>\n<tr>\n<td><strong>Sujet<\/strong><\/td>\n<td><strong>Auteur<\/strong><\/td>\n<td><\/td>\n<td><strong>Dipl\u00f4me obtenu en<\/strong><\/td>\n<td><strong>Cote<\/strong><\/td>\n<\/tr>\n<tr>\n<td>Les jeunes pousses de la responsabilit\u00e9 sociale des entreprises<\/td>\n<td>BOURRY<\/td>\n<td>Ana\u00efs<\/td>\n<td>2004<\/td>\n<td>1<\/td>\n<\/tr>\n<tr>\n<td>Des s\u00e9jours de vacances adapt\u00e9s pour jeunes en difficult\u00e9 : Association \u00ab\u00a0Niel KAYE\u00a0\u00bb<\/td>\n<td>FRANZ<\/td>\n<td>Juliette<\/td>\n<td>2004<\/td>\n<td>2<\/td>\n<\/tr>\n<tr>\n<td>L&rsquo;int\u00e9gration de la Pologne \u00e0 l&rsquo;Union Europ\u00e9enne : Une coop\u00e9ration franco-Polonaise au service d&rsquo;un d\u00e9veloppement \u00e9quilibr\u00e9 des territoires ruraux<\/td>\n<td>LANDAT<\/td>\n<td>Claire<\/td>\n<td>2004<\/td>\n<td>3<\/td>\n<\/tr>\n<tr>\n<td>Travail d&rsquo;\u00e9tude sur l&rsquo;insertion des jeunes et la mise en place d&rsquo;une structure d&rsquo;insertion sous forme de restaurant associatif<\/td>\n<td>FAURT<\/td>\n<td>Emmanuelle<\/td>\n<td>2004<\/td>\n<td>4<\/td>\n<\/tr>\n<tr>\n<td>L&rsquo;implantation d&rsquo;une entreprise de travail temporaire d&rsquo;insertion dans un quartier d\u00e9favoris\u00e9<\/td>\n<td>RAKOTOARISOLO<\/td>\n<td>Manana<\/td>\n<td>2004<\/td>\n<td>5<\/td>\n<\/tr>\n<tr>\n<td>L&rsquo;interculturalit\u00e9 vecteur d&rsquo;innovation artistique: \u00e9change culturel entre la France et la G\u00e9orgie<\/td>\n<td>PRUKOP<\/td>\n<td>Val\u00e9rie<\/td>\n<td>2004<\/td>\n<td>6<\/td>\n<\/tr>\n<tr>\n<td>M\u00eame Handicap\u00e9 je peux travailler<\/td>\n<td>PAULET<\/td>\n<td>S\u00e9bastien<\/td>\n<td>2004<\/td>\n<td>7<\/td>\n<\/tr>\n<tr>\n<td>Promouvoir l&rsquo;\u00e9ducation pour la sant\u00e9 en milieu scolaire<\/td>\n<td>JOCKIN<\/td>\n<td>Fabrice<\/td>\n<td>2004<\/td>\n<td>8<\/td>\n<\/tr>\n<tr>\n<td>Le V\u00e9lo au c\u0153ur de la cit\u00e9<\/td>\n<td>LAFARGUE<\/td>\n<td>Anne<\/td>\n<td>2004<\/td>\n<td>9<\/td>\n<\/tr>\n<\/tbody>\n<\/table>\n","protected":false},"excerpt":{"rendered":"<p>Rapports disponibles \u00e0 Cerises Sujet Auteur Dipl\u00f4me obtenu en Cote Les jeunes pousses de la responsabilit\u00e9 sociale des entreprises BOURRY Ana\u00efs 2004 1 Des s\u00e9jours de vacances adapt\u00e9s pour jeunes en difficult\u00e9 : Association \u00ab\u00a0Niel KAYE\u00a0\u00bb FRANZ Juliette 2004 2 L&rsquo;int\u00e9gration de la Pologne \u00e0 l&rsquo;Union Europ\u00e9enne : Une coop\u00e9ration franco-Polonaise au service d&rsquo;un d\u00e9veloppement [&hellip;]<\/p>\n","protected":false},"author":157,"featured_media":0,"parent":67,"menu_order":47,"comment_status":"closed","ping_status":"open","template":"","meta":{"footnotes":""},"class_list":["post-615","page","type-page","status-publish","hentry"],"_links":{"self":[{"href":"https:\/\/blogs.univ-tlse2.fr\/cerises\/wp-json\/wp\/v2\/pages\/615","targetHints":{"allow":["GET"]}}],"collection":[{"href":"https:\/\/blogs.univ-tlse2.fr\/cerises\/wp-json\/wp\/v2\/pages"}],"about":[{"href":"https:\/\/blogs.univ-tlse2.fr\/cerises\/wp-json\/wp\/v2\/types\/page"}],"author":[{"embeddable":true,"href":"https:\/\/blogs.univ-tlse2.fr\/cerises\/wp-json\/wp\/v2\/users\/157"}],"replies":[{"embeddable":true,"href":"https:\/\/blogs.univ-tlse2.fr\/cerises\/wp-json\/wp\/v2\/comments?post=615"}],"version-history":[{"count":3,"href":"https:\/\/blogs.univ-tlse2.fr\/cerises\/wp-json\/wp\/v2\/pages\/615\/revisions"}],"predecessor-version":[{"id":2924,"href":"https:\/\/blogs.univ-tlse2.fr\/cerises\/wp-json\/wp\/v2\/pages\/615\/revisions\/2924"}],"up":[{"embeddable":true,"href":"https:\/\/blogs.univ-tlse2.fr\/cerises\/wp-json\/wp\/v2\/pages\/67"}],"wp:attachment":[{"href":"https:\/\/blogs.univ-tlse2.fr\/cerises\/wp-json\/wp\/v2\/media?parent=615"}],"curies":[{"name":"wp","href":"https:\/\/api.w.org\/{rel}","templated":true}]}}