 {"id":618,"date":"2013-01-15T12:27:54","date_gmt":"2013-01-15T11:27:54","guid":{"rendered":"https:\/\/blogs.univ-tlse2.fr\/cerises\/?page_id=618"},"modified":"2014-02-06T10:31:41","modified_gmt":"2014-02-06T09:31:41","slug":"rapports-etudiants-2005","status":"publish","type":"page","link":"https:\/\/blogs.univ-tlse2.fr\/cerises\/publications\/rapports-detudes\/rapports-des-etudiants-du-master-pro-nes\/rapports-etudiants-2005\/","title":{"rendered":"Rapports \u00e9tudiants 2005"},"content":{"rendered":"<p><span>Rapports disponibles \u00e0 Cerises<\/span><\/p>\n<table border=\"1\" cellspacing=\"0\" cellpadding=\"0\">\n<tbody>\n<tr>\n<td><strong>Sujet<\/strong><\/td>\n<td><strong>Auteur<\/strong><\/td>\n<td><\/td>\n<td><strong>Dipl\u00f4me obtenu en<\/strong><\/td>\n<td><strong>Cote<\/strong><\/td>\n<\/tr>\n<tr>\n<td>Cr\u00e9ation d&rsquo;une association de quartier charg\u00e9e de la collecte et de la valorisation des ordures m\u00e9nag\u00e8res \u00e0 Yoff Layenne Dakar S\u00e9n\u00e9gal<\/td>\n<td>DIAGNE<\/td>\n<td>A\u00efda<\/td>\n<td>2005<\/td>\n<td>1<\/td>\n<\/tr>\n<tr>\n<td>Labelliser pour valoriser la participation collective des citoyens<\/td>\n<td>OULAHCENE MAMOU<\/td>\n<td>Yamina<\/td>\n<td>2005<\/td>\n<td>2<\/td>\n<\/tr>\n<tr>\n<td>Les d\u00e9chets informatiques : pour un d\u00e9veloppement durable<\/td>\n<td>SLAMNIA<\/td>\n<td>Ch\u00e9rif<\/td>\n<td>2005<\/td>\n<td>3<\/td>\n<\/tr>\n<tr>\n<td>Les initiatives f\u00e9minines d&rsquo;\u00e9conomie solidaire : un outil pour l&rsquo;\u00e9galit\u00e9 des chances entre les femmes et les hommes<\/td>\n<td>GOURY-LECLERC<\/td>\n<td>Elodie<\/td>\n<td>2005<\/td>\n<td>4<\/td>\n<\/tr>\n<tr>\n<td>Projet d&rsquo;installation agricole en bio et pluriactivit\u00e9<\/td>\n<td>BELORY<\/td>\n<td>Damien<\/td>\n<td>2005<\/td>\n<td>5<\/td>\n<\/tr>\n<tr>\n<td>Artisanat colombien \u00e9quitable<\/td>\n<td>BAQUERO<\/td>\n<td>Ruth<\/td>\n<td>2005<\/td>\n<td>6<\/td>\n<\/tr>\n<tr>\n<td>Un projet d&rsquo;\u00e9conomie solidaire dans le monde rural : le bus \u00e9picerie<\/td>\n<td>DENIS<\/td>\n<td>Alice<\/td>\n<td>2005<\/td>\n<td>7<\/td>\n<\/tr>\n<tr>\n<td>La Soci\u00e9t\u00e9 Coop\u00e9rative d&rsquo;Int\u00e9r\u00eat Collectif : un tremplin au service de la citoyennet\u00e9 des Sourds<\/td>\n<td>COURTIN<\/td>\n<td>Audrey<\/td>\n<td>2005<\/td>\n<td>8<\/td>\n<\/tr>\n<tr>\n<td>L&rsquo;auto-emploi, un outil de d\u00e9veloppement local pour le Mexique : mise en place d&rsquo;une m\u00e9thodologie de travail<\/td>\n<td>ALCALDE<\/td>\n<td>Berenice<\/td>\n<td>2005<\/td>\n<td>9<\/td>\n<\/tr>\n<tr>\n<td>Voyage circassien : un \u00e9change culturel pas comme les autres &#8230;<\/td>\n<td>TOURMENTE<\/td>\n<td>H\u00e9l\u00e8ne<\/td>\n<td>2005<\/td>\n<td>10<\/td>\n<\/tr>\n<tr>\n<td>La microfinance et la cr\u00e9ation d&rsquo;entreprise par les ch\u00f4meurs<\/td>\n<td>LEGRAS<\/td>\n<td>Emmanuel<\/td>\n<td>2005<\/td>\n<td>11<\/td>\n<\/tr>\n<\/tbody>\n<\/table>\n","protected":false},"excerpt":{"rendered":"<p>Rapports disponibles \u00e0 Cerises Sujet Auteur Dipl\u00f4me obtenu en Cote Cr\u00e9ation d&rsquo;une association de quartier charg\u00e9e de la collecte et de la valorisation des ordures m\u00e9nag\u00e8res \u00e0 Yoff Layenne Dakar S\u00e9n\u00e9gal DIAGNE A\u00efda 2005 1 Labelliser pour valoriser la participation collective des citoyens OULAHCENE MAMOU Yamina 2005 2 Les d\u00e9chets informatiques : pour un d\u00e9veloppement [&hellip;]<\/p>\n","protected":false},"author":157,"featured_media":0,"parent":67,"menu_order":46,"comment_status":"closed","ping_status":"open","template":"","meta":{"footnotes":""},"class_list":["post-618","page","type-page","status-publish","hentry"],"_links":{"self":[{"href":"https:\/\/blogs.univ-tlse2.fr\/cerises\/wp-json\/wp\/v2\/pages\/618","targetHints":{"allow":["GET"]}}],"collection":[{"href":"https:\/\/blogs.univ-tlse2.fr\/cerises\/wp-json\/wp\/v2\/pages"}],"about":[{"href":"https:\/\/blogs.univ-tlse2.fr\/cerises\/wp-json\/wp\/v2\/types\/page"}],"author":[{"embeddable":true,"href":"https:\/\/blogs.univ-tlse2.fr\/cerises\/wp-json\/wp\/v2\/users\/157"}],"replies":[{"embeddable":true,"href":"https:\/\/blogs.univ-tlse2.fr\/cerises\/wp-json\/wp\/v2\/comments?post=618"}],"version-history":[{"count":2,"href":"https:\/\/blogs.univ-tlse2.fr\/cerises\/wp-json\/wp\/v2\/pages\/618\/revisions"}],"predecessor-version":[{"id":2923,"href":"https:\/\/blogs.univ-tlse2.fr\/cerises\/wp-json\/wp\/v2\/pages\/618\/revisions\/2923"}],"up":[{"embeddable":true,"href":"https:\/\/blogs.univ-tlse2.fr\/cerises\/wp-json\/wp\/v2\/pages\/67"}],"wp:attachment":[{"href":"https:\/\/blogs.univ-tlse2.fr\/cerises\/wp-json\/wp\/v2\/media?parent=618"}],"curies":[{"name":"wp","href":"https:\/\/api.w.org\/{rel}","templated":true}]}}