 {"id":620,"date":"2013-01-15T12:29:29","date_gmt":"2013-01-15T11:29:29","guid":{"rendered":"https:\/\/blogs.univ-tlse2.fr\/cerises\/?page_id=620"},"modified":"2014-02-06T10:31:41","modified_gmt":"2014-02-06T09:31:41","slug":"rapports-etudiants-2006","status":"publish","type":"page","link":"https:\/\/blogs.univ-tlse2.fr\/cerises\/publications\/rapports-detudes\/rapports-des-etudiants-du-master-pro-nes\/rapports-etudiants-2006\/","title":{"rendered":"Rapports \u00e9tudiants 2006"},"content":{"rendered":"<p><span>Rapports disponibles \u00e0 Cerises<\/span><\/p>\n<table border=\"1\" cellspacing=\"0\" cellpadding=\"0\">\n<tbody>\n<tr>\n<td><strong>Sujet<\/strong><\/td>\n<td><strong>Auteur<\/strong><\/td>\n<td><\/td>\n<td><strong>Dipl\u00f4me obtenu en<\/strong><\/td>\n<td><strong>Cote<\/strong><\/td>\n<\/tr>\n<tr>\n<td>L&rsquo;\u00e9conomie solidaire en aide \u00e0 la d\u00e9croissance du trafic urbain: l&rsquo;autopartage<\/td>\n<td>PLATON<\/td>\n<td>Dominique<\/td>\n<td>2006<\/td>\n<td>1<\/td>\n<\/tr>\n<tr>\n<td>Vers un carburant vert<\/td>\n<td>BONNAL<\/td>\n<td>Mathieu<\/td>\n<td>2006<\/td>\n<td>2<\/td>\n<\/tr>\n<tr>\n<td>Les moissonneurs du vent, un projet d&rsquo;\u00e9quipement d&rsquo;agriculteurs en petit \u00e9olien<\/td>\n<td>PLATON<\/td>\n<td>Dominique<\/td>\n<td>2006<\/td>\n<td>3<\/td>\n<\/tr>\n<tr>\n<td>Le micro-cr\u00e9dit comme m\u00e9thode de lutte contre l&rsquo;exclusion au Nord et au Sud<\/td>\n<td>SINABA<\/td>\n<td>Djeneba<\/td>\n<td>2006<\/td>\n<td>4<\/td>\n<\/tr>\n<tr>\n<td>Plate-forme de coop\u00e9ration durable : France &#8211; Br\u00e9sil<\/td>\n<td>ASSUNCAO BLANCHE<\/td>\n<td>Ana<\/td>\n<td>2006<\/td>\n<td>5<\/td>\n<\/tr>\n<tr>\n<td>L&rsquo;insertion par l&rsquo;activit\u00e9 \u00e9conomique: l&rsquo;exemple de la r\u00e9gie de quartier \u00ab Habiter Bacalan \u00bb<\/td>\n<td>SERY<\/td>\n<td>Dougon\u00e9-Victorien<\/td>\n<td>2006<\/td>\n<td>6<\/td>\n<\/tr>\n<tr>\n<td>La Probl\u00e9matique d&rsquo;insertion socioprofessionnelle des femmes issues des quartiers<\/td>\n<td>TOUMI<\/td>\n<td>Abdelhalim<\/td>\n<td>2006<\/td>\n<td>7<\/td>\n<\/tr>\n<tr>\n<td>Association Indigual : soutien pour un d\u00e9veloppement autonome des communaut\u00e9s indig\u00e8nes au P\u00e9rou<\/td>\n<td>GERNER<\/td>\n<td>Vanessa<\/td>\n<td>2006<\/td>\n<td>8<\/td>\n<\/tr>\n<tr>\n<td>Genre et \u00e9conomie solidaire : potentiels d&rsquo;innovations \u00e9conomiques, sociales et politiques des services solidaires de restauration<\/td>\n<td>GARCIA<\/td>\n<td>Arielle<\/td>\n<td>2006<\/td>\n<td>9<\/td>\n<\/tr>\n<tr>\n<td>La coop\u00e9rative agricole de Timby-Madina<\/td>\n<td>DIALLO<\/td>\n<td>El-Hadj Mamadou Gobicko<\/td>\n<td>2006<\/td>\n<td>10<\/td>\n<\/tr>\n<tr>\n<td>Le financement de l&rsquo;\u00e9conomie sociale et solidaire au Burkina Faso : cas du projet Karit\u00e9<\/td>\n<td>NANA<\/td>\n<td>Paul<\/td>\n<td>2006<\/td>\n<td>11<\/td>\n<\/tr>\n<tr>\n<td>Commerces et services de proximit\u00e9 \u00e0 la campagne : La coop\u00e9ration et la solidarit\u00e9 comme moteur de d\u00e9veloppement ?<\/td>\n<td>HENIN<\/td>\n<td>St\u00e9phane<\/td>\n<td>2006<\/td>\n<td>12<\/td>\n<\/tr>\n<tr>\n<td>Cin\u00e9ma, territoire et diversit\u00e9<\/td>\n<td>BRENER<\/td>\n<td>Le\u00efla<\/td>\n<td>2006<\/td>\n<td>13<\/td>\n<\/tr>\n<tr>\n<td>Vente ambulante de produits biologiques et \u00e9quitables pour la promotion d&rsquo;une consommation responsable et des initiatives de l&rsquo;\u00e9conomie solidaire en Midi Pyr\u00e9n\u00e9es<\/td>\n<td>CABAU<\/td>\n<td>S\u00e9bastien<\/td>\n<td>2006<\/td>\n<td>14<\/td>\n<\/tr>\n<tr>\n<td>L&rsquo;auto-organisation des travailleurs: la coop\u00e9ration comme solution \u00e0 la pr\u00e9carit\u00e9 de l&#8217;emploi dans l&rsquo;industrie des services?<\/td>\n<td>MARY<\/td>\n<td>Jean-Fran\u00e7ois<\/td>\n<td>2006<\/td>\n<td>15<\/td>\n<\/tr>\n<tr>\n<td>Le travail est-il encore porteur de valeurs? Quatre exemples dans l&rsquo;informel<\/td>\n<td>MASSOT<\/td>\n<td>Philippe<\/td>\n<td>2006<\/td>\n<td>16<\/td>\n<\/tr>\n<tr>\n<td>Finance solidaire, \u00e9thique et environnement social<\/td>\n<td>KOUAKOU<\/td>\n<td>Omer<\/td>\n<td>2006<\/td>\n<td>17<\/td>\n<\/tr>\n<tr>\n<td>Le d\u00e9veloppement des services de proximit\u00e9: une approche renouvel\u00e9e des services relationnels<\/td>\n<td>HELIAS<\/td>\n<td>Mathieu<\/td>\n<td>2006<\/td>\n<td>18<\/td>\n<\/tr>\n<tr>\n<td>Gouvernance et logiques de repr\u00e9sentation en Amazonie br\u00e9silienne<\/td>\n<td>FERRO<\/td>\n<td>Herlem<\/td>\n<td>2006<\/td>\n<td>19<\/td>\n<\/tr>\n<tr>\n<td>De l&rsquo;ajustement structurel \u00e0 la lutte contre la pauvret\u00e9: une analyse critique des nouvelles formes d&rsquo;action solidaires initi\u00e9es par les institutions internationales<\/td>\n<td>MANGIONE<\/td>\n<td>Nicolas<\/td>\n<td>2006<\/td>\n<td>20<\/td>\n<\/tr>\n<tr>\n<td>Degr\u00e9 de libert\u00e9 des entreprises sociales: structure de leur espace \u00e9conomique<\/td>\n<td>CHEVALLIER<\/td>\n<td>Marius<\/td>\n<td>2006<\/td>\n<td>21<\/td>\n<\/tr>\n<tr>\n<td>La fili\u00e8re riz au S\u00e9n\u00e9gal: participation paysanne et am\u00e9lioration des d\u00e9terminants de la comp\u00e9titivit\u00e9 du riz local<\/td>\n<td>DIOUF<\/td>\n<td>Mamadou<\/td>\n<td>2006<\/td>\n<td>22<\/td>\n<\/tr>\n<tr>\n<td>Ecologie industrielle et d\u00e9veloppement soutenable des territoires, de la concertation \u00e0 l&rsquo;action collective<\/td>\n<td>SCHALCHLI<\/td>\n<td>Paul<\/td>\n<td>2006<\/td>\n<td>23<\/td>\n<\/tr>\n<\/tbody>\n<\/table>\n","protected":false},"excerpt":{"rendered":"<p>Rapports disponibles \u00e0 Cerises Sujet Auteur Dipl\u00f4me obtenu en Cote L&rsquo;\u00e9conomie solidaire en aide \u00e0 la d\u00e9croissance du trafic urbain: l&rsquo;autopartage PLATON Dominique 2006 1 Vers un carburant vert BONNAL Mathieu 2006 2 Les moissonneurs du vent, un projet d&rsquo;\u00e9quipement d&rsquo;agriculteurs en petit \u00e9olien PLATON Dominique 2006 3 Le micro-cr\u00e9dit comme m\u00e9thode de lutte contre [&hellip;]<\/p>\n","protected":false},"author":157,"featured_media":0,"parent":67,"menu_order":45,"comment_status":"closed","ping_status":"open","template":"","meta":{"footnotes":""},"class_list":["post-620","page","type-page","status-publish","hentry"],"_links":{"self":[{"href":"https:\/\/blogs.univ-tlse2.fr\/cerises\/wp-json\/wp\/v2\/pages\/620","targetHints":{"allow":["GET"]}}],"collection":[{"href":"https:\/\/blogs.univ-tlse2.fr\/cerises\/wp-json\/wp\/v2\/pages"}],"about":[{"href":"https:\/\/blogs.univ-tlse2.fr\/cerises\/wp-json\/wp\/v2\/types\/page"}],"author":[{"embeddable":true,"href":"https:\/\/blogs.univ-tlse2.fr\/cerises\/wp-json\/wp\/v2\/users\/157"}],"replies":[{"embeddable":true,"href":"https:\/\/blogs.univ-tlse2.fr\/cerises\/wp-json\/wp\/v2\/comments?post=620"}],"version-history":[{"count":2,"href":"https:\/\/blogs.univ-tlse2.fr\/cerises\/wp-json\/wp\/v2\/pages\/620\/revisions"}],"predecessor-version":[{"id":2922,"href":"https:\/\/blogs.univ-tlse2.fr\/cerises\/wp-json\/wp\/v2\/pages\/620\/revisions\/2922"}],"up":[{"embeddable":true,"href":"https:\/\/blogs.univ-tlse2.fr\/cerises\/wp-json\/wp\/v2\/pages\/67"}],"wp:attachment":[{"href":"https:\/\/blogs.univ-tlse2.fr\/cerises\/wp-json\/wp\/v2\/media?parent=620"}],"curies":[{"name":"wp","href":"https:\/\/api.w.org\/{rel}","templated":true}]}}