 {"id":622,"date":"2013-01-15T12:31:23","date_gmt":"2013-01-15T11:31:23","guid":{"rendered":"https:\/\/blogs.univ-tlse2.fr\/cerises\/?page_id=622"},"modified":"2014-02-06T10:31:41","modified_gmt":"2014-02-06T09:31:41","slug":"rapports-etudiants-2007","status":"publish","type":"page","link":"https:\/\/blogs.univ-tlse2.fr\/cerises\/publications\/rapports-detudes\/rapports-des-etudiants-du-master-pro-nes\/rapports-etudiants-2007\/","title":{"rendered":"Rapports \u00e9tudiants 2007"},"content":{"rendered":"<p><span>Rapports disponibles \u00e0 Cerises<\/span><\/p>\n<table border=\"1\" cellspacing=\"0\" cellpadding=\"0\">\n<tbody>\n<tr>\n<td><strong>Sujet<\/strong><\/td>\n<td><strong>Auteur<\/strong><\/td>\n<td><\/td>\n<td><strong>Dipl\u00f4me obtenu en<\/strong><\/td>\n<td><strong>Cote<\/strong><\/td>\n<\/tr>\n<tr>\n<td>La perspective de l&rsquo;\u00e9conomie solidaire sur les secteurs de l&rsquo;information et de la communication<\/td>\n<td>LAGRANGE<\/td>\n<td>Damien<\/td>\n<td>2007<\/td>\n<td>1<\/td>\n<\/tr>\n<tr>\n<td>Tout ce qui touche \u00e0 l&rsquo;Homme en tant qu&rsquo;il se nourrit. SCIC Resto Bio Midi Pyr\u00e9n\u00e9es<\/td>\n<td>DUCOMBS<\/td>\n<td>V\u00e9ronique<\/td>\n<td>2007<\/td>\n<td>2<\/td>\n<\/tr>\n<tr>\n<td>Les centres de formation professionnelle associatifs : un levier de d\u00e9veloppement d&rsquo;\u00e9conomie solidaire au S\u00e9n\u00e9gal<\/td>\n<td>NDACK<\/td>\n<td>Ndoye Ndiaye Ndeye<\/td>\n<td>2007<\/td>\n<td>3<\/td>\n<\/tr>\n<tr>\n<td>Quel espace pour d&rsquo;autres formes de tourisme ?<\/td>\n<td>VAIR PIOVA<\/td>\n<td>Florian<\/td>\n<td>2007<\/td>\n<td>4<\/td>\n<\/tr>\n<tr>\n<td>Du local au global, comment agir pour une consommation responsable et pour la pr\u00e9servation du lien social. Le caf\u00e9 citoyen de solidarit\u00e9<\/td>\n<td>CHEVALIER, LIGOT, LEMEE, DERRIEN<\/td>\n<td>Pierre, Olivier, Vincent, Guirec<\/td>\n<td>2007<\/td>\n<td>5<\/td>\n<\/tr>\n<tr>\n<td>L&rsquo;insertion par l&rsquo;activit\u00e9 \u00e9conomique: le point de vue des b\u00e9n\u00e9ficiaires<\/td>\n<td>MOUILLE<\/td>\n<td>Anne<\/td>\n<td>2007<\/td>\n<td>6<\/td>\n<\/tr>\n<tr>\n<td>Donner du sens \u00e0 l&rsquo;investissement dans les structures d&rsquo;insertion par l&rsquo;activit\u00e9 \u00e9conomique<\/td>\n<td>PAVAN<\/td>\n<td>Pascal<\/td>\n<td>2007<\/td>\n<td>7<\/td>\n<\/tr>\n<tr>\n<td>De l&rsquo;\u00e9change marchand \u00e0 l&rsquo;engagement politique: nouvelles formes de coop\u00e9ration dans la consommation<\/td>\n<td>LESAGE<\/td>\n<td>Sylvie<\/td>\n<td>2007<\/td>\n<td>8<\/td>\n<\/tr>\n<tr>\n<td>Sp\u00e9cificit\u00e9s des projets d&rsquo;habitations qui permettent une coop\u00e9ration entre leurs habitants, en Europe<\/td>\n<td>GIONIS-PEREIRE<\/td>\n<td>Eva<\/td>\n<td>2007<\/td>\n<td>9<\/td>\n<\/tr>\n<tr>\n<td>Femmes, microfinance et pratiques d&rsquo;\u00e9conomie solidaire au S\u00e9n\u00e9gal: cas de la r\u00e9gion de Saint-Louis<\/td>\n<td>TOURE<\/td>\n<td>Katim<\/td>\n<td>2007<\/td>\n<td>10<\/td>\n<\/tr>\n<tr>\n<td>Territoires orphelins et innovations sociales: comment un milieu \u00e9conomique entreprend sa revitalisation?<\/td>\n<td>BRENER<\/td>\n<td>Le\u00efla<\/td>\n<td>2007<\/td>\n<td>11<\/td>\n<\/tr>\n<\/tbody>\n<\/table>\n","protected":false},"excerpt":{"rendered":"<p>Rapports disponibles \u00e0 Cerises Sujet Auteur Dipl\u00f4me obtenu en Cote La perspective de l&rsquo;\u00e9conomie solidaire sur les secteurs de l&rsquo;information et de la communication LAGRANGE Damien 2007 1 Tout ce qui touche \u00e0 l&rsquo;Homme en tant qu&rsquo;il se nourrit. SCIC Resto Bio Midi Pyr\u00e9n\u00e9es DUCOMBS V\u00e9ronique 2007 2 Les centres de formation professionnelle associatifs : [&hellip;]<\/p>\n","protected":false},"author":157,"featured_media":0,"parent":67,"menu_order":44,"comment_status":"closed","ping_status":"open","template":"","meta":{"footnotes":""},"class_list":["post-622","page","type-page","status-publish","hentry"],"_links":{"self":[{"href":"https:\/\/blogs.univ-tlse2.fr\/cerises\/wp-json\/wp\/v2\/pages\/622","targetHints":{"allow":["GET"]}}],"collection":[{"href":"https:\/\/blogs.univ-tlse2.fr\/cerises\/wp-json\/wp\/v2\/pages"}],"about":[{"href":"https:\/\/blogs.univ-tlse2.fr\/cerises\/wp-json\/wp\/v2\/types\/page"}],"author":[{"embeddable":true,"href":"https:\/\/blogs.univ-tlse2.fr\/cerises\/wp-json\/wp\/v2\/users\/157"}],"replies":[{"embeddable":true,"href":"https:\/\/blogs.univ-tlse2.fr\/cerises\/wp-json\/wp\/v2\/comments?post=622"}],"version-history":[{"count":2,"href":"https:\/\/blogs.univ-tlse2.fr\/cerises\/wp-json\/wp\/v2\/pages\/622\/revisions"}],"predecessor-version":[{"id":2921,"href":"https:\/\/blogs.univ-tlse2.fr\/cerises\/wp-json\/wp\/v2\/pages\/622\/revisions\/2921"}],"up":[{"embeddable":true,"href":"https:\/\/blogs.univ-tlse2.fr\/cerises\/wp-json\/wp\/v2\/pages\/67"}],"wp:attachment":[{"href":"https:\/\/blogs.univ-tlse2.fr\/cerises\/wp-json\/wp\/v2\/media?parent=622"}],"curies":[{"name":"wp","href":"https:\/\/api.w.org\/{rel}","templated":true}]}}